{"id":270,"date":"2025-10-06T12:45:15","date_gmt":"2025-10-06T12:45:15","guid":{"rendered":"https:\/\/carole.jaimonsite.be\/?page_id=270"},"modified":"2025-10-06T12:49:01","modified_gmt":"2025-10-06T12:49:01","slug":"conditions-generales-de-vente","status":"publish","type":"page","link":"https:\/\/www.carole-equeter.com\/en\/conditions-generales-de-vente\/","title":{"rendered":"Terms and Conditions of Sale"},"content":{"rendered":"[et_pb_section fb_built=\u00a0\u00bb1&Prime; admin_label=\u00a0\u00bbsection\u00a0\u00bb _builder_version=\u00a0\u00bb4.16&Prime; custom_padding=\u00a0\u00bb||1px|||\u00a0\u00bb global_colors_info=\u00a0\u00bb{}\u00a0\u00bb][et_pb_row admin_label=\u00a0\u00bbrow\u00a0\u00bb _builder_version=\u00a0\u00bb4.16&Prime; background_size=\u00a0\u00bbinitial\u00a0\u00bb background_position=\u00a0\u00bbtop_left\u00a0\u00bb background_repeat=\u00a0\u00bbrepeat\u00a0\u00bb global_colors_info=\u00a0\u00bb{}\u00a0\u00bb][et_pb_column type=\u00a0\u00bb4_4&Prime; _builder_version=\u00a0\u00bb4.16&Prime; custom_padding=\u00a0\u00bb|||\u00a0\u00bb global_colors_info=\u00a0\u00bb{}\u00a0\u00bb custom_padding__hover=\u00a0\u00bb|||\u00a0\u00bb][et_pb_heading title=\u00a0\u00bb@ET-DC@eyJkeW5hbWljIjp0cnVlLCJjb250ZW50IjoicG9zdF90aXRsZSIsInNldHRpbmdzIjp7ImJlZm9yZSI6IiIsImFmdGVyIjoiIn19@\u00a0\u00bb _builder_version=\u00a0\u00bb4.27.4&Prime; _dynamic_attributes=\u00a0\u00bbtitle\u00a0\u00bb _module_preset=\u00a0\u00bbdefault\u00a0\u00bb title_font=\u00a0\u00bbCorinthia||||||||\u00a0\u00bb title_font_size=\u00a0\u00bb60px\u00a0\u00bb title_font_size_tablet=\u00a0\u00bb60px\u00a0\u00bb title_font_size_phone=\u00a0\u00bb60px\u00a0\u00bb title_font_size_last_edited=\u00a0\u00bbon|tablet\u00a0\u00bb locked=\u00a0\u00bboff\u00a0\u00bb global_colors_info=\u00a0\u00bb{}\u00a0\u00bb][\/et_pb_heading][\/et_pb_column][\/et_pb_row][\/et_pb_section][et_pb_section fb_built=\u00a0\u00bb1&Prime; _builder_version=\u00a0\u00bb4.27.4&Prime; _module_preset=\u00a0\u00bbdefault\u00a0\u00bb custom_padding=\u00a0\u00bb4px|||||\u00a0\u00bb global_colors_info=\u00a0\u00bb{}\u00a0\u00bb][et_pb_row _builder_version=\u00a0\u00bb4.27.4&Prime; _module_preset=\u00a0\u00bbdefault\u00a0\u00bb custom_padding=\u00a0\u00bb4px||5px|||\u00a0\u00bb global_colors_info=\u00a0\u00bb{}\u00a0\u00bb][et_pb_column type=\u00a0\u00bb4_4&Prime; _builder_version=\u00a0\u00bb4.27.4&Prime; _module_preset=\u00a0\u00bbdefault\u00a0\u00bb global_colors_info=\u00a0\u00bb{}\u00a0\u00bb][et_pb_text admin_label=\u00a0\u00bbText\u00a0\u00bb _builder_version=\u00a0\u00bb4.16&Prime; background_size=\u00a0\u00bbinitial\u00a0\u00bb background_position=\u00a0\u00bbtop_left\u00a0\u00bb background_repeat=\u00a0\u00bbrepeat\u00a0\u00bb global_colors_info=\u00a0\u00bb{}\u00a0\u00bb]<p><\/p>\n<p><strong>Conditions g\u00e9n\u00e9rales de vente<\/strong><\/p>\n<ol>\n<li><strong> Ateliers culinaires<\/strong><\/li>\n<\/ol>\n<ul>\n<li>Les places pour les ateliers ne sont <strong>pas nominatives<\/strong>. Il est donc possible pour un participant inscrit de c\u00e9der sa place \u00e0 un tiers en cas d\u2019emp\u00eachement, \u00e0 condition de le signaler au pr\u00e9alable par \u00e9crit.<\/li>\n<li><strong>L\u2019inscription n\u2019est consid\u00e9r\u00e9e comme valide qu\u2019apr\u00e8s r\u00e9ception du paiement int\u00e9gral<\/strong>. Un e-mail de confirmation est ensuite envoy\u00e9 au participant.<\/li>\n<li><strong>Aucune annulation ou modification de date n\u2019est possible apr\u00e8s validation de l\u2019inscription.<\/strong> En cas d\u2019emp\u00eachement, il appartient au participant de proposer un rempla\u00e7ant.<\/li>\n<li>En cas d&rsquo;annulation de l&rsquo;atelier par l\u2019organisateur, les participants seront int\u00e9gralement rembours\u00e9s ou auront la possibilit\u00e9 de reporter leur participation \u00e0 une autre date.<\/li>\n<\/ul>\n<ol start=\"2\">\n<li><strong> Livres <\/strong><\/li>\n<\/ol>\n<ul>\n<li>Les articles ne sont exp\u00e9di\u00e9s qu\u2019<strong>apr\u00e8s r\u00e9ception du paiement complet de la commande<\/strong>.<\/li>\n<li>Carole Equeter Society d\u00e9cline toute responsabilit\u00e9 en cas de <strong>dommages ou pertes<\/strong> survenus pendant le transport postal. En cas de souci, le client est invit\u00e9 \u00e0 contacter directement les services de livraison.<\/li>\n<li>Les r\u00e9clamations peuvent \u00eatre transmises via le <strong>formulaire de contact disponible sur le site web<\/strong>. Chaque demande sera trait\u00e9e dans les meilleurs d\u00e9lais.<\/li>\n<\/ul>\n<p>Carole Equeter Society<br \/>36a, rue Edgard Wademant<br \/>7812 Moulbaix (BELGIUM)<br \/>TVA: BE 0507.983.555<\/p>\n<p><\/p>\n<p><\/p>\n<p><\/p>\n<p>&nbsp;<\/p>\n<p><!-- \/wp:post-content --><\/p>[\/et_pb_text][\/et_pb_column][\/et_pb_row][\/et_pb_section]","protected":false},"excerpt":{"rendered":"<p>Conditions g\u00e9n\u00e9rales de vente Ateliers culinaires Les places pour les ateliers ne sont pas nominatives. Il est donc possible pour un participant inscrit de c\u00e9der sa place \u00e0 un tiers en cas d\u2019emp\u00eachement, \u00e0 condition de le signaler au pr\u00e9alable par \u00e9crit. L\u2019inscription n\u2019est consid\u00e9r\u00e9e comme valide qu\u2019apr\u00e8s r\u00e9ception du paiement int\u00e9gral. Un e-mail de [&hellip;]<\/p>\n","protected":false},"author":2,"featured_media":0,"parent":0,"menu_order":0,"comment_status":"closed","ping_status":"closed","template":"","meta":{"_et_pb_use_builder":"on","_et_pb_old_content":"<!-- wp:paragraph -->\n<p><b>This is a sample page.<\/b><\/p>\n<!-- \/wp:paragraph -->\n\n<!-- wp:heading -->\n<h2 class=\"wp-block-heading\">Overview<\/h2>\n<!-- \/wp:heading -->\n\n<!-- wp:paragraph -->\n<p>Our refund and returns policy lasts 30 days. If 30 days have passed since your purchase, we can\u2019t offer you a full refund or exchange.<\/p>\n<!-- \/wp:paragraph -->\n\n<!-- wp:paragraph -->\n<p>To be eligible for a return, your item must be unused and in the same condition that you received it. It must also be in the original packaging.<\/p>\n<!-- \/wp:paragraph -->\n\n<!-- wp:paragraph -->\n<p>Several types of goods are exempt from being returned. Perishable goods such as food, flowers, newspapers or magazines cannot be returned. We also do not accept products that are intimate or sanitary goods, hazardous materials, or flammable liquids or gases.<\/p>\n<!-- \/wp:paragraph -->\n\n<!-- wp:paragraph -->\n<p>Additional non-returnable items:<\/p>\n<!-- \/wp:paragraph -->\n\n<!-- wp:list -->\n<ul>\n<li>Gift cards<\/li>\n<li>Downloadable software products<\/li>\n<li>Some health and personal care items<\/li>\n<\/ul>\n<!-- \/wp:list -->\n\n<!-- wp:paragraph -->\n<p>To complete your return, we require a receipt or proof of purchase.<\/p>\n<!-- \/wp:paragraph -->\n\n<!-- wp:paragraph -->\n<p>Please do not send your purchase back to the manufacturer.<\/p>\n<!-- \/wp:paragraph -->\n\n<!-- wp:paragraph -->\n<p>There are certain situations where only partial refunds are granted:<\/p>\n<!-- \/wp:paragraph -->\n\n<!-- wp:list -->\n<ul>\n<li>Book with obvious signs of use<\/li>\n<li>CD, DVD, VHS tape, software, video game, cassette tape, or vinyl record that has been opened.<\/li>\n<li>Any item not in its original condition, is damaged or missing parts for reasons not due to our error.<\/li>\n<li>Any item that is returned more than 30 days after delivery<\/li>\n<\/ul>\n<!-- \/wp:list -->\n\n<!-- wp:heading -->\n<h2 class=\"wp-block-heading\">Refunds<\/h2>\n<!-- \/wp:heading -->\n\n<!-- wp:paragraph -->\n<p>Once your return is received and inspected, we will send you an email to notify you that we have received your returned item. We will also notify you of the approval or rejection of your refund.<\/p>\n<!-- \/wp:paragraph -->\n\n<!-- wp:paragraph -->\n<p>If you are approved, then your refund will be processed, and a credit will automatically be applied to your credit card or original method of payment, within a certain amount of days.<\/p>\n<!-- \/wp:paragraph -->\n\n<!-- wp:heading {\"level\":3} -->\n<h3 class=\"wp-block-heading\">Late or missing refunds<\/h3>\n<!-- \/wp:heading -->\n\n<!-- wp:paragraph -->\n<p>If you haven\u2019t received a refund yet, first check your bank account again.<\/p>\n<!-- \/wp:paragraph -->\n\n<!-- wp:paragraph -->\n<p>Then contact your credit card company, it may take some time before your refund is officially posted.<\/p>\n<!-- \/wp:paragraph -->\n\n<!-- wp:paragraph -->\n<p>Next contact your bank. There is often some processing time before a refund is posted.<\/p>\n<!-- \/wp:paragraph -->\n\n<!-- wp:paragraph -->\n<p>If you\u2019ve done all of this and you still have not received your refund yet, please contact us at {email address}.<\/p>\n<!-- \/wp:paragraph -->\n\n<!-- wp:heading {\"level\":3} -->\n<h3 class=\"wp-block-heading\">Sale items<\/h3>\n<!-- \/wp:heading -->\n\n<!-- wp:paragraph -->\n<p>Only regular priced items may be refunded. Sale items cannot be refunded.<\/p>\n<!-- \/wp:paragraph -->\n\n<!-- wp:heading -->\n<h2 class=\"wp-block-heading\">Exchanges<\/h2>\n<!-- \/wp:heading -->\n\n<!-- wp:paragraph -->\n<p>We only replace items if they are defective or damaged. If you need to exchange it for the same item, send us an email at {email address} and send your item to: {physical address}.<\/p>\n<!-- \/wp:paragraph -->\n\n<!-- wp:heading -->\n<h2 class=\"wp-block-heading\">Gifts<\/h2>\n<!-- \/wp:heading -->\n\n<!-- wp:paragraph -->\n<p>If the item was marked as a gift when purchased and shipped directly to you, you\u2019ll receive a gift credit for the value of your return. Once the returned item is received, a gift certificate will be mailed to you.<\/p>\n<!-- \/wp:paragraph -->\n\n<!-- wp:paragraph -->\n<p>If the item wasn\u2019t marked as a gift when purchased, or the gift giver had the order shipped to themselves to give to you later, we will send a refund to the gift giver and they will find out about your return.<\/p>\n<!-- \/wp:paragraph -->\n\n<!-- wp:heading -->\n<h2 class=\"wp-block-heading\">Shipping returns<\/h2>\n<!-- \/wp:heading -->\n\n<!-- wp:paragraph -->\n<p>To return your product, you should mail your product to: {physical address}.<\/p>\n<!-- \/wp:paragraph -->\n\n<!-- wp:paragraph -->\n<p>You will be responsible for paying for your own shipping costs for returning your item. Shipping costs are non-refundable. If you receive a refund, the cost of return shipping will be deducted from your refund.<\/p>\n<!-- \/wp:paragraph -->\n\n<!-- wp:paragraph -->\n<p>Depending on where you live, the time it may take for your exchanged product to reach you may vary.<\/p>\n<!-- \/wp:paragraph -->\n\n<!-- wp:paragraph -->\n<p>If you are returning more expensive items, you may consider using a trackable shipping service or purchasing shipping insurance. We don\u2019t guarantee that we will receive your returned item.<\/p>\n<!-- \/wp:paragraph -->\n\n<!-- wp:heading -->\n<h2 class=\"wp-block-heading\">Need help?<\/h2>\n<!-- \/wp:heading -->\n\n<!-- wp:paragraph -->\n<p>Contact us at {email} for questions related to refunds and returns.<\/p>\n<!-- \/wp:paragraph -->","_et_gb_content_width":"","footnotes":""},"class_list":["post-270","page","type-page","status-publish","hentry"],"yoast_head":"<!-- This site is optimized with the Yoast SEO plugin v27.2 - https:\/\/yoast.com\/product\/yoast-seo-wordpress\/ -->\n<title>Conditions g\u00e9n\u00e9rales de vente - Carole Equeter<\/title>\n<meta name=\"robots\" content=\"index, follow, max-snippet:-1, max-image-preview:large, max-video-preview:-1\" \/>\n<link rel=\"canonical\" href=\"https:\/\/www.carole-equeter.com\/en\/conditions-generales-de-vente\/\" \/>\n<meta property=\"og:locale\" content=\"en_GB\" \/>\n<meta property=\"og:type\" content=\"article\" \/>\n<meta property=\"og:title\" content=\"Conditions g\u00e9n\u00e9rales de vente - Carole Equeter\" \/>\n<meta property=\"og:description\" content=\"Conditions g\u00e9n\u00e9rales de vente Ateliers culinaires Les places pour les ateliers ne sont pas nominatives. Il est donc possible pour un participant inscrit de c\u00e9der sa place \u00e0 un tiers en cas d\u2019emp\u00eachement, \u00e0 condition de le signaler au pr\u00e9alable par \u00e9crit. L\u2019inscription n\u2019est consid\u00e9r\u00e9e comme valide qu\u2019apr\u00e8s r\u00e9ception du paiement int\u00e9gral. Un e-mail de [&hellip;]\" \/>\n<meta property=\"og:url\" content=\"https:\/\/www.carole-equeter.com\/en\/conditions-generales-de-vente\/\" \/>\n<meta property=\"og:site_name\" content=\"Carole Equeter\" \/>\n<meta property=\"article:modified_time\" content=\"2025-10-06T12:49:01+00:00\" \/>\n<meta property=\"og:image\" content=\"https:\/\/www.carole-equeter.com\/wp-content\/uploads\/2025\/09\/qui_est_carole_equeter.jpg\" \/>\n\t<meta property=\"og:image:width\" content=\"1600\" \/>\n\t<meta property=\"og:image:height\" content=\"900\" \/>\n\t<meta property=\"og:image:type\" content=\"image\/jpeg\" \/>\n<meta name=\"twitter:card\" content=\"summary_large_image\" \/>\n<meta name=\"twitter:label1\" content=\"Estimated reading time\" \/>\n\t<meta name=\"twitter:data1\" content=\"2 minutes\" \/>\n<script type=\"application\/ld+json\" class=\"yoast-schema-graph\">{\"@context\":\"https:\/\/schema.org\",\"@graph\":[{\"@type\":\"WebPage\",\"@id\":\"https:\/\/www.carole-equeter.com\/conditions-generales-de-vente\/\",\"url\":\"https:\/\/www.carole-equeter.com\/conditions-generales-de-vente\/\",\"name\":\"Conditions g\u00e9n\u00e9rales de vente - Carole Equeter\",\"isPartOf\":{\"@id\":\"https:\/\/www.carole-equeter.com\/#website\"},\"datePublished\":\"2025-10-06T12:45:15+00:00\",\"dateModified\":\"2025-10-06T12:49:01+00:00\",\"breadcrumb\":{\"@id\":\"https:\/\/www.carole-equeter.com\/conditions-generales-de-vente\/#breadcrumb\"},\"inLanguage\":\"en-GB\",\"potentialAction\":[{\"@type\":\"ReadAction\",\"target\":[\"https:\/\/www.carole-equeter.com\/conditions-generales-de-vente\/\"]}]},{\"@type\":\"BreadcrumbList\",\"@id\":\"https:\/\/www.carole-equeter.com\/conditions-generales-de-vente\/#breadcrumb\",\"itemListElement\":[{\"@type\":\"ListItem\",\"position\":1,\"name\":\"Accueil\",\"item\":\"https:\/\/www.carole-equeter.com\/\"},{\"@type\":\"ListItem\",\"position\":2,\"name\":\"Conditions g\u00e9n\u00e9rales de vente\"}]},{\"@type\":\"WebSite\",\"@id\":\"https:\/\/www.carole-equeter.com\/#website\",\"url\":\"https:\/\/www.carole-equeter.com\/\",\"name\":\"Carole Equeter\",\"description\":\"En cuisine avec Carole Equeter, \u2026 et une pinc\u00e9e de science\",\"publisher\":{\"@id\":\"https:\/\/www.carole-equeter.com\/#organization\"},\"potentialAction\":[{\"@type\":\"SearchAction\",\"target\":{\"@type\":\"EntryPoint\",\"urlTemplate\":\"https:\/\/www.carole-equeter.com\/?s={search_term_string}\"},\"query-input\":{\"@type\":\"PropertyValueSpecification\",\"valueRequired\":true,\"valueName\":\"search_term_string\"}}],\"inLanguage\":\"en-GB\"},{\"@type\":\"Organization\",\"@id\":\"https:\/\/www.carole-equeter.com\/#organization\",\"name\":\"Carole Equeter\",\"url\":\"https:\/\/www.carole-equeter.com\/\",\"logo\":{\"@type\":\"ImageObject\",\"inLanguage\":\"en-GB\",\"@id\":\"https:\/\/www.carole-equeter.com\/#\/schema\/logo\/image\/\",\"url\":\"https:\/\/www.carole-equeter.com\/wp-content\/uploads\/2025\/10\/favicon.png\",\"contentUrl\":\"https:\/\/www.carole-equeter.com\/wp-content\/uploads\/2025\/10\/favicon.png\",\"width\":512,\"height\":512,\"caption\":\"Carole Equeter\"},\"image\":{\"@id\":\"https:\/\/www.carole-equeter.com\/#\/schema\/logo\/image\/\"}}]}<\/script>\n<!-- \/ Yoast SEO plugin. -->","yoast_head_json":{"title":"Conditions g\u00e9n\u00e9rales de vente - Carole Equeter","robots":{"index":"index","follow":"follow","max-snippet":"max-snippet:-1","max-image-preview":"max-image-preview:large","max-video-preview":"max-video-preview:-1"},"canonical":"https:\/\/www.carole-equeter.com\/en\/conditions-generales-de-vente\/","og_locale":"en_GB","og_type":"article","og_title":"Conditions g\u00e9n\u00e9rales de vente - Carole Equeter","og_description":"Conditions g\u00e9n\u00e9rales de vente Ateliers culinaires Les places pour les ateliers ne sont pas nominatives. Il est donc possible pour un participant inscrit de c\u00e9der sa place \u00e0 un tiers en cas d\u2019emp\u00eachement, \u00e0 condition de le signaler au pr\u00e9alable par \u00e9crit. L\u2019inscription n\u2019est consid\u00e9r\u00e9e comme valide qu\u2019apr\u00e8s r\u00e9ception du paiement int\u00e9gral. Un e-mail de [&hellip;]","og_url":"https:\/\/www.carole-equeter.com\/en\/conditions-generales-de-vente\/","og_site_name":"Carole Equeter","article_modified_time":"2025-10-06T12:49:01+00:00","og_image":[{"width":1600,"height":900,"url":"https:\/\/www.carole-equeter.com\/wp-content\/uploads\/2025\/09\/qui_est_carole_equeter.jpg","type":"image\/jpeg"}],"twitter_card":"summary_large_image","twitter_misc":{"Estimated reading time":"2 minutes"},"schema":{"@context":"https:\/\/schema.org","@graph":[{"@type":"WebPage","@id":"https:\/\/www.carole-equeter.com\/conditions-generales-de-vente\/","url":"https:\/\/www.carole-equeter.com\/conditions-generales-de-vente\/","name":"Conditions g\u00e9n\u00e9rales de vente - Carole Equeter","isPartOf":{"@id":"https:\/\/www.carole-equeter.com\/#website"},"datePublished":"2025-10-06T12:45:15+00:00","dateModified":"2025-10-06T12:49:01+00:00","breadcrumb":{"@id":"https:\/\/www.carole-equeter.com\/conditions-generales-de-vente\/#breadcrumb"},"inLanguage":"en-GB","potentialAction":[{"@type":"ReadAction","target":["https:\/\/www.carole-equeter.com\/conditions-generales-de-vente\/"]}]},{"@type":"BreadcrumbList","@id":"https:\/\/www.carole-equeter.com\/conditions-generales-de-vente\/#breadcrumb","itemListElement":[{"@type":"ListItem","position":1,"name":"Accueil","item":"https:\/\/www.carole-equeter.com\/"},{"@type":"ListItem","position":2,"name":"Conditions g\u00e9n\u00e9rales de vente"}]},{"@type":"WebSite","@id":"https:\/\/www.carole-equeter.com\/#website","url":"https:\/\/www.carole-equeter.com\/","name":"Carole Equeter","description":"En cuisine avec Carole Equeter, \u2026 et une pinc\u00e9e de science","publisher":{"@id":"https:\/\/www.carole-equeter.com\/#organization"},"potentialAction":[{"@type":"SearchAction","target":{"@type":"EntryPoint","urlTemplate":"https:\/\/www.carole-equeter.com\/?s={search_term_string}"},"query-input":{"@type":"PropertyValueSpecification","valueRequired":true,"valueName":"search_term_string"}}],"inLanguage":"en-GB"},{"@type":"Organization","@id":"https:\/\/www.carole-equeter.com\/#organization","name":"Carole Equeter","url":"https:\/\/www.carole-equeter.com\/","logo":{"@type":"ImageObject","inLanguage":"en-GB","@id":"https:\/\/www.carole-equeter.com\/#\/schema\/logo\/image\/","url":"https:\/\/www.carole-equeter.com\/wp-content\/uploads\/2025\/10\/favicon.png","contentUrl":"https:\/\/www.carole-equeter.com\/wp-content\/uploads\/2025\/10\/favicon.png","width":512,"height":512,"caption":"Carole Equeter"},"image":{"@id":"https:\/\/www.carole-equeter.com\/#\/schema\/logo\/image\/"}}]}},"_links":{"self":[{"href":"https:\/\/www.carole-equeter.com\/en\/wp-json\/wp\/v2\/pages\/270","targetHints":{"allow":["GET"]}}],"collection":[{"href":"https:\/\/www.carole-equeter.com\/en\/wp-json\/wp\/v2\/pages"}],"about":[{"href":"https:\/\/www.carole-equeter.com\/en\/wp-json\/wp\/v2\/types\/page"}],"author":[{"embeddable":true,"href":"https:\/\/www.carole-equeter.com\/en\/wp-json\/wp\/v2\/users\/2"}],"replies":[{"embeddable":true,"href":"https:\/\/www.carole-equeter.com\/en\/wp-json\/wp\/v2\/comments?post=270"}],"version-history":[{"count":5,"href":"https:\/\/www.carole-equeter.com\/en\/wp-json\/wp\/v2\/pages\/270\/revisions"}],"predecessor-version":[{"id":878,"href":"https:\/\/www.carole-equeter.com\/en\/wp-json\/wp\/v2\/pages\/270\/revisions\/878"}],"wp:attachment":[{"href":"https:\/\/www.carole-equeter.com\/en\/wp-json\/wp\/v2\/media?parent=270"}],"curies":[{"name":"wp","href":"https:\/\/api.w.org\/{rel}","templated":true}]}}