{"id":340,"date":"2025-08-28T07:17:12","date_gmt":"2025-08-28T07:17:12","guid":{"rendered":"https:\/\/carole.jaimonsite.be\/?page_id=340"},"modified":"2025-10-06T07:37:13","modified_gmt":"2025-10-06T07:37:13","slug":"services-aux-professionnels","status":"publish","type":"page","link":"https:\/\/www.carole-equeter.com\/en\/services-aux-professionnels\/","title":{"rendered":"Corporate Services"},"content":{"rendered":"<p>[et_pb_section fb_built=\u00a0\u00bb1&Prime; _builder_version=\u00a0\u00bb4.27.4&Prime; _module_preset=\u00a0\u00bbdefault\u00a0\u00bb custom_padding=\u00a0\u00bb40px||2px|||\u00a0\u00bb global_colors_info=\u00a0\u00bb{}\u00a0\u00bb][et_pb_row _builder_version=\u00a0\u00bb4.27.4&Prime; _module_preset=\u00a0\u00bbdefault\u00a0\u00bb custom_padding=\u00a0\u00bb||5px|||\u00a0\u00bb global_colors_info=\u00a0\u00bb{}\u00a0\u00bb][et_pb_column type=\u00a0\u00bb4_4&Prime; _builder_version=\u00a0\u00bb4.27.4&Prime; _module_preset=\u00a0\u00bbdefault\u00a0\u00bb global_colors_info=\u00a0\u00bb{}\u00a0\u00bb][et_pb_heading title=\u00a0\u00bb@ET-DC@eyJkeW5hbWljIjp0cnVlLCJjb250ZW50IjoicG9zdF90aXRsZSIsInNldHRpbmdzIjp7ImJlZm9yZSI6IiIsImFmdGVyIjoiIn19@\u00a0\u00bb _builder_version=\u00a0\u00bb4.27.4&Prime; _dynamic_attributes=\u00a0\u00bbtitle\u00a0\u00bb _module_preset=\u00a0\u00bbdefault\u00a0\u00bb title_font=\u00a0\u00bbCorinthia||||||||\u00a0\u00bb title_font_size=\u00a0\u00bb60px\u00a0\u00bb title_font_size_tablet=\u00a0\u00bb60px\u00a0\u00bb title_font_size_phone=\u00a0\u00bb60px\u00a0\u00bb title_font_size_last_edited=\u00a0\u00bbon|tablet\u00a0\u00bb global_colors_info=\u00a0\u00bb{}\u00a0\u00bb][\/et_pb_heading][\/et_pb_column][\/et_pb_row][\/et_pb_section][et_pb_section fb_built=\u00a0\u00bb1&Prime; _builder_version=\u00a0\u00bb4.27.4&Prime; _module_preset=\u00a0\u00bbdefault\u00a0\u00bb custom_padding=\u00a0\u00bb0px|||||\u00a0\u00bb global_colors_info=\u00a0\u00bb{}\u00a0\u00bb][et_pb_row _builder_version=\u00a0\u00bb4.27.4&Prime; _module_preset=\u00a0\u00bbdefault\u00a0\u00bb global_colors_info=\u00a0\u00bb{}\u00a0\u00bb custom_padding=\u00a0\u00bb||4px|||\u00a0\u00bb][et_pb_column type=\u00a0\u00bb4_4&Prime; _builder_version=\u00a0\u00bb4.27.4&Prime; _module_preset=\u00a0\u00bbdefault\u00a0\u00bb global_colors_info=\u00a0\u00bb{}\u00a0\u00bb][et_pb_text _builder_version=\u00a0\u00bb4.27.4&Prime; _module_preset=\u00a0\u00bbdefault\u00a0\u00bb text_font=\u00a0\u00bbAssistant||||||||\u00a0\u00bb hover_enabled=\u00a0\u00bb0&Prime; global_colors_info=\u00a0\u00bb{}\u00a0\u00bb custom_padding=\u00a0\u00bb||0px|||\u00a0\u00bb sticky_enabled=\u00a0\u00bb0&Prime;]<\/p>\n<div align=\"justify\"><span style=\"font-size: 14px; text-align: left;\"><span><\/span><\/span><\/div>\n<div align=\"justify\">\n<h2 align=\"center\" style=\"text-align: left;\"><span>Des exp\u00e9riences uniques pour vos \u00e9quipes et vos \u00e9v\u00e9nements<\/span><\/h2>\n<\/div>\n<div align=\"justify\"><span><\/span><\/div>\n<div align=\"justify\"><span><\/span><\/div>\n<div align=\"justify\"><span><\/span><\/div>\n<div align=\"justify\"><span><\/span><\/div>\n<div align=\"justify\"><\/div>\n<p>[\/et_pb_text][\/et_pb_column][\/et_pb_row][et_pb_row column_structure=\u00a0\u00bb2_5,3_5&Prime; _builder_version=\u00a0\u00bb4.27.4&Prime; _module_preset=\u00a0\u00bbdefault\u00a0\u00bb global_colors_info=\u00a0\u00bb{}\u00a0\u00bb][et_pb_column type=\u00a0\u00bb2_5&Prime; _builder_version=\u00a0\u00bb4.27.4&Prime; _module_preset=\u00a0\u00bbdefault\u00a0\u00bb global_colors_info=\u00a0\u00bb{}\u00a0\u00bb][et_pb_text _builder_version=\u00a0\u00bb4.27.4&Prime; _module_preset=\u00a0\u00bbdefault\u00a0\u00bb hover_enabled=\u00a0\u00bb0&Prime; sticky_enabled=\u00a0\u00bb0&Prime;]<\/p>\n<p style=\"text-align: justify;\"><span style=\"font-size: 14px; text-align: left;\"><span>Docteure en sciences, passionn\u00e9e de cuisine artisanale et de transmission, je mets mon expertise au service des entreprises, des institutions et des associations qui souhaitent proposer des moments \u00e0 la fois gourmands, conviviaux et instructifs.<\/span>.<\/span><\/p>\n<p>[\/et_pb_text][et_pb_image src=\u00a0\u00bbhttps:\/\/www.carole-equeter.com\/wp-content\/uploads\/2025\/10\/carole-equeter-services-aux-professionnels-6.jpg\u00a0\u00bb title_text=\u00a0\u00bbcarole-equeter-services-aux-professionnels-6&Prime; align=\u00a0\u00bbcenter\u00a0\u00bb force_fullwidth=\u00a0\u00bbon\u00a0\u00bb _builder_version=\u00a0\u00bb4.27.4&Prime; _module_preset=\u00a0\u00bbdefault\u00a0\u00bb global_colors_info=\u00a0\u00bb{}\u00a0\u00bb][\/et_pb_image][\/et_pb_column][et_pb_column type=\u00a0\u00bb3_5&Prime; _builder_version=\u00a0\u00bb4.27.4&Prime; _module_preset=\u00a0\u00bbdefault\u00a0\u00bb global_colors_info=\u00a0\u00bb{}\u00a0\u00bb][et_pb_gallery gallery_ids=\u00a0\u00bb815,818,814,816&Prime; show_title_and_caption=\u00a0\u00bboff\u00a0\u00bb _builder_version=\u00a0\u00bb4.27.4&Prime; _module_preset=\u00a0\u00bbdefault\u00a0\u00bb hover_enabled=\u00a0\u00bb0&Prime; global_colors_info=\u00a0\u00bb{}\u00a0\u00bb width=\u00a0\u00bb75%\u00a0\u00bb sticky_enabled=\u00a0\u00bb0&Prime;][\/et_pb_gallery][\/et_pb_column][\/et_pb_row][et_pb_row _builder_version=\u00a0\u00bb4.27.4&Prime; _module_preset=\u00a0\u00bbdefault\u00a0\u00bb global_colors_info=\u00a0\u00bb{}\u00a0\u00bb][et_pb_column type=\u00a0\u00bb4_4&Prime; _builder_version=\u00a0\u00bb4.27.4&Prime; _module_preset=\u00a0\u00bbdefault\u00a0\u00bb global_colors_info=\u00a0\u00bb{}\u00a0\u00bb][et_pb_text _builder_version=\u00a0\u00bb4.27.4&Prime; _module_preset=\u00a0\u00bbdefault\u00a0\u00bb text_font=\u00a0\u00bbAssistant||||||||\u00a0\u00bb global_colors_info=\u00a0\u00bb{}\u00a0\u00bb]<\/p>\n<h2 style=\"text-align: justify;\">Team buildings culinaires sur mesure<\/h2>\n<p>Offrez \u00e0 vos collaborateurs un moment de coh\u00e9sion et de plaisir autour d\u2019un atelier culinaire participatif !<\/p>\n<p>Ces ateliers peuvent \u00eatre organis\u00e9s :<\/p>\n<ul>\n<li>dans les cuisines professionnelles que j\u2019occupe r\u00e9guli\u00e8rement (La Marcotte \u00e0 Huissignies ou le Centre d\u2019Excellence des M\u00e9tiers de l\u2019H\u00f4tellerie \u00e0 Saint-Ghislain),<br \/>dans vos locaux (je me d\u00e9place dans toute la Belgique).<\/li>\n<li>Chaque session peut se conclure par une d\u00e9gustation festive, adapt\u00e9e \u00e0 vos envies.<br \/>Les ateliers sont disponibles\u00a0en fran\u00e7ais et en anglais,\u00a0pour une accessibilit\u00e9 maximale.<\/li>\n<\/ul>\n<p>&nbsp;<\/p>\n<h2>Formations et conf\u00e9rences de vulgarisation scientifique<\/h2>\n<p>Je propose \u00e9galement des formations originales m\u00ealant sciences et plaisirs de la table, autour de trois th\u00e9matiques phares :<br \/>&#8211;\u00a0\u00a0 La viande,<br \/>&#8211;\u00a0\u00a0 Le fromage,<br \/>&#8211;\u00a0\u00a0 Le pain.<br \/>Ces modules peuvent \u00eatre suivis d\u2019une d\u00e9gustation conviviale autour des produits abord\u00e9s.<\/p>\n<p>J\u2019interviens aussi pour des conf\u00e9rences de vulgarisation scientifique, aussi bien en entreprise qu\u2019au sein de clubs service, d\u2019associations ou de structures \u00e9ducatives.<\/p>\n<p>&nbsp;<\/p>\n<h2>Packs cadeaux &amp; \u00e9v\u00e9nements<\/h2>\n<p>Pour vos f\u00eates du personnel, vos c\u00e9l\u00e9brations internes ou vos \u00e9v\u00e9nements clients, pensez \u00e0 nos packs cadeaux gourmands, \u00e9labor\u00e9s \u00e0 partir des produits de notre e-shop.<br \/>Sur demande, l\u2019\u00e9v\u00e9nement peut \u00eatre enrichi d\u2019une s\u00e9ance de d\u00e9dicace personnalis\u00e9e de mes livres, pour un moment encore plus m\u00e9morable.<\/p>\n<p>&nbsp;<\/p>\n<h4>Envie d\u2019organiser une activit\u00e9 sur mesure ?<br \/>Contactez-moi\u00a0par mail\u00a0pour discuter de vos besoins et recevoir une offre personnalis\u00e9e.<\/h4>\n<p>[\/et_pb_text][et_pb_button button_url=\u00a0\u00bb@ET-DC@eyJkeW5hbWljIjp0cnVlLCJjb250ZW50IjoicG9zdF9saW5rX3VybF9wYWdlIiwic2V0dGluZ3MiOnsicG9zdF9pZCI6IjQ3NSJ9fQ==@\u00a0\u00bb button_text=\u00a0\u00bbContactez-moi\u00a0\u00bb _builder_version=\u00a0\u00bb4.27.4&Prime; _dynamic_attributes=\u00a0\u00bbbutton_url\u00a0\u00bb _module_preset=\u00a0\u00bbdefault\u00a0\u00bb custom_button=\u00a0\u00bbon\u00a0\u00bb button_text_color=\u00a0\u00bb#FFFFFF\u00a0\u00bb button_bg_color=\u00a0\u00bb#000000&Prime; button_border_width=\u00a0\u00bb0px\u00a0\u00bb global_colors_info=\u00a0\u00bb{}\u00a0\u00bb][\/et_pb_button][\/et_pb_column][\/et_pb_row][\/et_pb_section]<\/p>\n","protected":false},"excerpt":{"rendered":"<p>Des exp\u00e9riences uniques pour vos \u00e9quipes et vos \u00e9v\u00e9nements Docteure en sciences, passionn\u00e9e de cuisine artisanale et de transmission, je mets mon expertise au service des entreprises, des institutions et des associations qui souhaitent proposer des moments \u00e0 la fois gourmands, conviviaux et instructifs..Team buildings culinaires sur mesure Offrez \u00e0 vos collaborateurs un moment de [&hellip;]<\/p>\n","protected":false},"author":1,"featured_media":0,"parent":0,"menu_order":0,"comment_status":"closed","ping_status":"closed","template":"","meta":{"_et_pb_use_builder":"on","_et_pb_old_content":"","_et_gb_content_width":"","footnotes":""},"class_list":["post-340","page","type-page","status-publish","hentry"],"yoast_head":"<!-- This site is optimized with the Yoast SEO plugin v27.2 - https:\/\/yoast.com\/product\/yoast-seo-wordpress\/ -->\n<title>Services aux professionnels - Carole Equeter<\/title>\n<meta name=\"robots\" content=\"index, follow, max-snippet:-1, max-image-preview:large, max-video-preview:-1\" \/>\n<link rel=\"canonical\" href=\"https:\/\/www.carole-equeter.com\/en\/services-aux-professionnels\/\" \/>\n<meta property=\"og:locale\" content=\"en_GB\" \/>\n<meta property=\"og:type\" content=\"article\" \/>\n<meta property=\"og:title\" content=\"Services aux professionnels - Carole Equeter\" \/>\n<meta property=\"og:description\" content=\"Des exp\u00e9riences uniques pour vos \u00e9quipes et vos \u00e9v\u00e9nements Docteure en sciences, passionn\u00e9e de cuisine artisanale et de transmission, je mets mon expertise au service des entreprises, des institutions et des associations qui souhaitent proposer des moments \u00e0 la fois gourmands, conviviaux et instructifs..Team buildings culinaires sur mesure Offrez \u00e0 vos collaborateurs un moment de [&hellip;]\" \/>\n<meta property=\"og:url\" content=\"https:\/\/www.carole-equeter.com\/en\/services-aux-professionnels\/\" \/>\n<meta property=\"og:site_name\" content=\"Carole Equeter\" \/>\n<meta property=\"article:modified_time\" content=\"2025-10-06T07:37:13+00:00\" \/>\n<meta property=\"og:image\" content=\"https:\/\/www.carole-equeter.com\/wp-content\/uploads\/2025\/09\/qui_est_carole_equeter.jpg\" \/>\n\t<meta property=\"og:image:width\" content=\"1600\" \/>\n\t<meta property=\"og:image:height\" content=\"900\" \/>\n\t<meta property=\"og:image:type\" content=\"image\/jpeg\" \/>\n<meta name=\"twitter:card\" content=\"summary_large_image\" \/>\n<meta name=\"twitter:label1\" content=\"Estimated reading time\" \/>\n\t<meta name=\"twitter:data1\" content=\"4 minutes\" \/>\n<script type=\"application\/ld+json\" class=\"yoast-schema-graph\">{\"@context\":\"https:\/\/schema.org\",\"@graph\":[{\"@type\":\"WebPage\",\"@id\":\"https:\/\/www.carole-equeter.com\/services-aux-professionnels\/\",\"url\":\"https:\/\/www.carole-equeter.com\/services-aux-professionnels\/\",\"name\":\"Services aux professionnels - Carole Equeter\",\"isPartOf\":{\"@id\":\"https:\/\/www.carole-equeter.com\/#website\"},\"datePublished\":\"2025-08-28T07:17:12+00:00\",\"dateModified\":\"2025-10-06T07:37:13+00:00\",\"breadcrumb\":{\"@id\":\"https:\/\/www.carole-equeter.com\/services-aux-professionnels\/#breadcrumb\"},\"inLanguage\":\"en-GB\",\"potentialAction\":[{\"@type\":\"ReadAction\",\"target\":[\"https:\/\/www.carole-equeter.com\/services-aux-professionnels\/\"]}]},{\"@type\":\"BreadcrumbList\",\"@id\":\"https:\/\/www.carole-equeter.com\/services-aux-professionnels\/#breadcrumb\",\"itemListElement\":[{\"@type\":\"ListItem\",\"position\":1,\"name\":\"Accueil\",\"item\":\"https:\/\/www.carole-equeter.com\/\"},{\"@type\":\"ListItem\",\"position\":2,\"name\":\"Services aux professionnels\"}]},{\"@type\":\"WebSite\",\"@id\":\"https:\/\/www.carole-equeter.com\/#website\",\"url\":\"https:\/\/www.carole-equeter.com\/\",\"name\":\"Carole Equeter\",\"description\":\"En cuisine avec Carole Equeter, \u2026 et une pinc\u00e9e de science\",\"publisher\":{\"@id\":\"https:\/\/www.carole-equeter.com\/#organization\"},\"potentialAction\":[{\"@type\":\"SearchAction\",\"target\":{\"@type\":\"EntryPoint\",\"urlTemplate\":\"https:\/\/www.carole-equeter.com\/?s={search_term_string}\"},\"query-input\":{\"@type\":\"PropertyValueSpecification\",\"valueRequired\":true,\"valueName\":\"search_term_string\"}}],\"inLanguage\":\"en-GB\"},{\"@type\":\"Organization\",\"@id\":\"https:\/\/www.carole-equeter.com\/#organization\",\"name\":\"Carole Equeter\",\"url\":\"https:\/\/www.carole-equeter.com\/\",\"logo\":{\"@type\":\"ImageObject\",\"inLanguage\":\"en-GB\",\"@id\":\"https:\/\/www.carole-equeter.com\/#\/schema\/logo\/image\/\",\"url\":\"https:\/\/www.carole-equeter.com\/wp-content\/uploads\/2025\/10\/favicon.png\",\"contentUrl\":\"https:\/\/www.carole-equeter.com\/wp-content\/uploads\/2025\/10\/favicon.png\",\"width\":512,\"height\":512,\"caption\":\"Carole Equeter\"},\"image\":{\"@id\":\"https:\/\/www.carole-equeter.com\/#\/schema\/logo\/image\/\"}}]}<\/script>\n<!-- \/ Yoast SEO plugin. -->","yoast_head_json":{"title":"Services aux professionnels - Carole Equeter","robots":{"index":"index","follow":"follow","max-snippet":"max-snippet:-1","max-image-preview":"max-image-preview:large","max-video-preview":"max-video-preview:-1"},"canonical":"https:\/\/www.carole-equeter.com\/en\/services-aux-professionnels\/","og_locale":"en_GB","og_type":"article","og_title":"Services aux professionnels - Carole Equeter","og_description":"Des exp\u00e9riences uniques pour vos \u00e9quipes et vos \u00e9v\u00e9nements Docteure en sciences, passionn\u00e9e de cuisine artisanale et de transmission, je mets mon expertise au service des entreprises, des institutions et des associations qui souhaitent proposer des moments \u00e0 la fois gourmands, conviviaux et instructifs..Team buildings culinaires sur mesure Offrez \u00e0 vos collaborateurs un moment de [&hellip;]","og_url":"https:\/\/www.carole-equeter.com\/en\/services-aux-professionnels\/","og_site_name":"Carole Equeter","article_modified_time":"2025-10-06T07:37:13+00:00","og_image":[{"width":1600,"height":900,"url":"https:\/\/www.carole-equeter.com\/wp-content\/uploads\/2025\/09\/qui_est_carole_equeter.jpg","type":"image\/jpeg"}],"twitter_card":"summary_large_image","twitter_misc":{"Estimated reading time":"4 minutes"},"schema":{"@context":"https:\/\/schema.org","@graph":[{"@type":"WebPage","@id":"https:\/\/www.carole-equeter.com\/services-aux-professionnels\/","url":"https:\/\/www.carole-equeter.com\/services-aux-professionnels\/","name":"Services aux professionnels - Carole Equeter","isPartOf":{"@id":"https:\/\/www.carole-equeter.com\/#website"},"datePublished":"2025-08-28T07:17:12+00:00","dateModified":"2025-10-06T07:37:13+00:00","breadcrumb":{"@id":"https:\/\/www.carole-equeter.com\/services-aux-professionnels\/#breadcrumb"},"inLanguage":"en-GB","potentialAction":[{"@type":"ReadAction","target":["https:\/\/www.carole-equeter.com\/services-aux-professionnels\/"]}]},{"@type":"BreadcrumbList","@id":"https:\/\/www.carole-equeter.com\/services-aux-professionnels\/#breadcrumb","itemListElement":[{"@type":"ListItem","position":1,"name":"Accueil","item":"https:\/\/www.carole-equeter.com\/"},{"@type":"ListItem","position":2,"name":"Services aux professionnels"}]},{"@type":"WebSite","@id":"https:\/\/www.carole-equeter.com\/#website","url":"https:\/\/www.carole-equeter.com\/","name":"Carole Equeter","description":"En cuisine avec Carole Equeter, \u2026 et une pinc\u00e9e de science","publisher":{"@id":"https:\/\/www.carole-equeter.com\/#organization"},"potentialAction":[{"@type":"SearchAction","target":{"@type":"EntryPoint","urlTemplate":"https:\/\/www.carole-equeter.com\/?s={search_term_string}"},"query-input":{"@type":"PropertyValueSpecification","valueRequired":true,"valueName":"search_term_string"}}],"inLanguage":"en-GB"},{"@type":"Organization","@id":"https:\/\/www.carole-equeter.com\/#organization","name":"Carole Equeter","url":"https:\/\/www.carole-equeter.com\/","logo":{"@type":"ImageObject","inLanguage":"en-GB","@id":"https:\/\/www.carole-equeter.com\/#\/schema\/logo\/image\/","url":"https:\/\/www.carole-equeter.com\/wp-content\/uploads\/2025\/10\/favicon.png","contentUrl":"https:\/\/www.carole-equeter.com\/wp-content\/uploads\/2025\/10\/favicon.png","width":512,"height":512,"caption":"Carole Equeter"},"image":{"@id":"https:\/\/www.carole-equeter.com\/#\/schema\/logo\/image\/"}}]}},"_links":{"self":[{"href":"https:\/\/www.carole-equeter.com\/en\/wp-json\/wp\/v2\/pages\/340","targetHints":{"allow":["GET"]}}],"collection":[{"href":"https:\/\/www.carole-equeter.com\/en\/wp-json\/wp\/v2\/pages"}],"about":[{"href":"https:\/\/www.carole-equeter.com\/en\/wp-json\/wp\/v2\/types\/page"}],"author":[{"embeddable":true,"href":"https:\/\/www.carole-equeter.com\/en\/wp-json\/wp\/v2\/users\/1"}],"replies":[{"embeddable":true,"href":"https:\/\/www.carole-equeter.com\/en\/wp-json\/wp\/v2\/comments?post=340"}],"version-history":[{"count":7,"href":"https:\/\/www.carole-equeter.com\/en\/wp-json\/wp\/v2\/pages\/340\/revisions"}],"predecessor-version":[{"id":839,"href":"https:\/\/www.carole-equeter.com\/en\/wp-json\/wp\/v2\/pages\/340\/revisions\/839"}],"wp:attachment":[{"href":"https:\/\/www.carole-equeter.com\/en\/wp-json\/wp\/v2\/media?parent=340"}],"curies":[{"name":"wp","href":"https:\/\/api.w.org\/{rel}","templated":true}]}}