{"id":1003,"date":"2025-10-15T10:30:58","date_gmt":"2025-10-15T10:30:58","guid":{"rendered":"https:\/\/www.carole-equeter.com\/?post_type=product&#038;p=1003"},"modified":"2026-03-16T14:19:29","modified_gmt":"2026-03-16T14:19:29","slug":"atelier-les-classiques-du-boulanger-en-soiree","status":"publish","type":"product","link":"https:\/\/www.carole-equeter.com\/en\/product\/atelier-les-classiques-du-boulanger-en-soiree\/","title":{"rendered":"Atelier \u00ab\u00a0Classiques du Boulanger\u00a0\u00bb en soir\u00e9e"},"content":{"rendered":"<div align=\"left\">\n<p><strong>\u00c9veillez le petit boulanger qui est en vous<\/strong><\/p>\n<p>Que vous soyez d\u00e9butant curieux ou d\u00e9j\u00e0 passionn\u00e9 de pain, cet atelier est fait pour vous.<br \/>\nAvec Carole, reprenez les <strong>bases essentielles de la panification<\/strong> pour apprendre, progresser et surtout prendre plaisir \u00e0 cr\u00e9er\u2026 le tout saupoudr\u00e9 de sa <em>pinc\u00e9e de science<\/em> !<\/p>\n<p><strong>Au programme<\/strong> :<\/p>\n<ul>\n<li>Comprendre le r\u00f4le des ingr\u00e9dients et apprendre \u00e0 les choisir.<\/li>\n<li>Acqu\u00e9rir ou perfectionner les gestes cl\u00e9s pour un p\u00e9trissage efficace et une belle lev\u00e9e.<\/li>\n<li>Explorer diff\u00e9rentes m\u00e9thodes de cuisson : platine, plaque, cocotte\u2026 et la technique du pain \u00e0 la catoire.<\/li>\n<li>D\u00e9couvrir la magie des sciences qui explique le <em>pourquoi du comment.<\/em><\/li>\n<li>Recevoir des conseils personnalis\u00e9s, adapt\u00e9s au niveau de chacun, dans une ambiance conviviale et bienveillante.<\/li>\n<\/ul>\n<p><strong>Au menu de l\u2019atelier<\/strong> :<\/p>\n<ul>\n<li>Pain blanc<\/li>\n<li>Pain aux c\u00e9r\u00e9ales<\/li>\n<li>Pistolets<\/li>\n<li>Sandwiches mous<\/li>\n<\/ul>\n<p>\ud83d\udc69\u200d\ud83d\udd2c Anim\u00e9 par <strong>Carole Equeter<\/strong>, Docteur en sciences, Boulanger-P\u00e2tissier et auteure de plusieurs livres dont <em>Pains, mie &amp; Cie<\/em>.<br \/>\nUn atelier unique qui allie <strong>pratique, convivialit\u00e9 et science appliqu\u00e9e \u00e0 l\u2019art du pain<\/strong>.<\/p>\n<p>\u2139\ufe0f <strong>L\u2019inscription comprend<\/strong> :<br \/>\n\u2714\ufe0f Les mati\u00e8res premi\u00e8res<br \/>\n\u2714\ufe0f Les fichiers recettes d\u00e9taill\u00e9s<br \/>\n\u2714\ufe0f Les conseils personnalis\u00e9s de Carole<br \/>\n\u2714\ufe0f Un assortiment des pains r\u00e9alis\u00e9s durant l\u2019atelier<\/p>\n<\/div>\n<div id=\"ConnectiveDocSignExtentionInstalled\" data-extension-version=\"1.0.4\"><\/div>","protected":false},"excerpt":{"rendered":"<p><strong>\u00c9veillez le petit boulanger qui est en vous<\/strong><\/p>\n<p>Que vous soyez d\u00e9butant curieux ou d\u00e9j\u00e0 passionn\u00e9 de pain, cet atelier est fait pour vous.<br \/>\nAvec Carole, reprenez les <strong>bases essentielles de la panification<\/strong> pour apprendre, progresser et surtout prendre plaisir \u00e0 cr\u00e9er\u2026 le tout saupoudr\u00e9 de sa <em>pinc\u00e9e de science<\/em> !<\/p>\n<div id=\"ConnectiveDocSignExtentionInstalled\" data-extension-version=\"1.0.4\"><\/div>","protected":false},"featured_media":558,"template":"","meta":{"_et_pb_use_builder":"","_et_pb_old_content":"","_et_gb_content_width":""},"product_brand":[],"product_cat":[26,21],"product_tag":[],"mwb_booking_people":[],"mwb_booking_cost":[],"mwb_booking_service":[],"class_list":{"0":"post-1003","1":"product","2":"type-product","3":"status-publish","4":"has-post-thumbnail","6":"product_cat-booking","7":"product_cat-formations","9":"first","10":"instock","11":"virtual","12":"taxable","13":"purchasable","14":"product-type-mwb_booking"},"yoast_head":"<!-- This site is optimized with the Yoast SEO plugin v27.2 - https:\/\/yoast.com\/product\/yoast-seo-wordpress\/ -->\n<title>Atelier &quot;Classiques du Boulanger&quot; en soir\u00e9e - Carole Equeter<\/title>\n<meta name=\"description\" content=\"Que vous soyez d\u00e9butant ou d\u00e9j\u00e0 passionn\u00e9 de pain, cet atelier est fait pour vous. Avec Carole, reprenez les bases essentielles de la panification pour apprendre,\" \/>\n<meta name=\"robots\" content=\"index, follow, max-snippet:-1, max-image-preview:large, max-video-preview:-1\" \/>\n<link rel=\"canonical\" href=\"https:\/\/www.carole-equeter.com\/en\/product\/atelier-les-classiques-du-boulanger-en-soiree\/\" \/>\n<meta property=\"og:locale\" content=\"en_GB\" \/>\n<meta property=\"og:type\" content=\"article\" \/>\n<meta property=\"og:title\" content=\"Atelier &quot;Classiques du Boulanger&quot; en soir\u00e9e - Carole Equeter\" \/>\n<meta property=\"og:description\" content=\"Que vous soyez d\u00e9butant ou d\u00e9j\u00e0 passionn\u00e9 de pain, cet atelier est fait pour vous. Avec Carole, reprenez les bases essentielles de la panification pour apprendre,\" \/>\n<meta property=\"og:url\" content=\"https:\/\/www.carole-equeter.com\/en\/product\/atelier-les-classiques-du-boulanger-en-soiree\/\" \/>\n<meta property=\"og:site_name\" content=\"Carole Equeter\" \/>\n<meta property=\"article:modified_time\" content=\"2026-03-16T14:19:29+00:00\" \/>\n<meta property=\"og:image\" content=\"https:\/\/www.carole-equeter.com\/wp-content\/uploads\/2025\/09\/Atelier-Classique-du-Boulanger-Pain-blanc-en-cocotte-scaled.jpg\" \/>\n\t<meta property=\"og:image:width\" content=\"2560\" \/>\n\t<meta property=\"og:image:height\" content=\"2560\" \/>\n\t<meta property=\"og:image:type\" content=\"image\/jpeg\" \/>\n<meta name=\"twitter:card\" content=\"summary_large_image\" \/>\n<meta name=\"twitter:label1\" content=\"Estimated reading time\" \/>\n\t<meta name=\"twitter:data1\" content=\"2 minutes\" \/>\n<script type=\"application\/ld+json\" class=\"yoast-schema-graph\">{\"@context\":\"https:\/\/schema.org\",\"@graph\":[{\"@type\":\"WebPage\",\"@id\":\"https:\/\/www.carole-equeter.com\/en\/product\/atelier-les-classiques-du-boulanger-en-soiree\/\",\"url\":\"https:\/\/www.carole-equeter.com\/en\/product\/atelier-les-classiques-du-boulanger-en-soiree\/\",\"name\":\"Atelier \\\"Classiques du Boulanger\\\" en soir\u00e9e - Carole Equeter\",\"isPartOf\":{\"@id\":\"https:\/\/www.carole-equeter.com\/#website\"},\"primaryImageOfPage\":{\"@id\":\"https:\/\/www.carole-equeter.com\/en\/product\/atelier-les-classiques-du-boulanger-en-soiree\/#primaryimage\"},\"image\":{\"@id\":\"https:\/\/www.carole-equeter.com\/en\/product\/atelier-les-classiques-du-boulanger-en-soiree\/#primaryimage\"},\"thumbnailUrl\":\"https:\/\/www.carole-equeter.com\/wp-content\/uploads\/2025\/09\/Atelier-Classique-du-Boulanger-Pain-blanc-en-cocotte-scaled.jpg\",\"datePublished\":\"2025-10-15T10:30:58+00:00\",\"dateModified\":\"2026-03-16T14:19:29+00:00\",\"description\":\"Que vous soyez d\u00e9butant ou d\u00e9j\u00e0 passionn\u00e9 de pain, cet atelier est fait pour vous. Avec Carole, reprenez les bases essentielles de la panification pour apprendre,\",\"breadcrumb\":{\"@id\":\"https:\/\/www.carole-equeter.com\/en\/product\/atelier-les-classiques-du-boulanger-en-soiree\/#breadcrumb\"},\"inLanguage\":\"en-GB\",\"potentialAction\":[{\"@type\":\"ReadAction\",\"target\":[\"https:\/\/www.carole-equeter.com\/en\/product\/atelier-les-classiques-du-boulanger-en-soiree\/\"]}]},{\"@type\":\"ImageObject\",\"inLanguage\":\"en-GB\",\"@id\":\"https:\/\/www.carole-equeter.com\/en\/product\/atelier-les-classiques-du-boulanger-en-soiree\/#primaryimage\",\"url\":\"https:\/\/www.carole-equeter.com\/wp-content\/uploads\/2025\/09\/Atelier-Classique-du-Boulanger-Pain-blanc-en-cocotte-scaled.jpg\",\"contentUrl\":\"https:\/\/www.carole-equeter.com\/wp-content\/uploads\/2025\/09\/Atelier-Classique-du-Boulanger-Pain-blanc-en-cocotte-scaled.jpg\",\"width\":2560,\"height\":2560},{\"@type\":\"BreadcrumbList\",\"@id\":\"https:\/\/www.carole-equeter.com\/en\/product\/atelier-les-classiques-du-boulanger-en-soiree\/#breadcrumb\",\"itemListElement\":[{\"@type\":\"ListItem\",\"position\":1,\"name\":\"Accueil\",\"item\":\"https:\/\/www.carole-equeter.com\/\"},{\"@type\":\"ListItem\",\"position\":2,\"name\":\"Boutique\",\"item\":\"https:\/\/www.carole-equeter.com\/boutique\/\"},{\"@type\":\"ListItem\",\"position\":3,\"name\":\"Atelier \u00ab\u00a0Classiques du Boulanger\u00a0\u00bb en soir\u00e9e\"}]},{\"@type\":\"WebSite\",\"@id\":\"https:\/\/www.carole-equeter.com\/#website\",\"url\":\"https:\/\/www.carole-equeter.com\/\",\"name\":\"Carole Equeter\",\"description\":\"En cuisine avec Carole Equeter, \u2026 et une pinc\u00e9e de science\",\"publisher\":{\"@id\":\"https:\/\/www.carole-equeter.com\/#organization\"},\"potentialAction\":[{\"@type\":\"SearchAction\",\"target\":{\"@type\":\"EntryPoint\",\"urlTemplate\":\"https:\/\/www.carole-equeter.com\/?s={search_term_string}\"},\"query-input\":{\"@type\":\"PropertyValueSpecification\",\"valueRequired\":true,\"valueName\":\"search_term_string\"}}],\"inLanguage\":\"en-GB\"},{\"@type\":\"Organization\",\"@id\":\"https:\/\/www.carole-equeter.com\/#organization\",\"name\":\"Carole Equeter\",\"url\":\"https:\/\/www.carole-equeter.com\/\",\"logo\":{\"@type\":\"ImageObject\",\"inLanguage\":\"en-GB\",\"@id\":\"https:\/\/www.carole-equeter.com\/#\/schema\/logo\/image\/\",\"url\":\"https:\/\/www.carole-equeter.com\/wp-content\/uploads\/2025\/10\/favicon.png\",\"contentUrl\":\"https:\/\/www.carole-equeter.com\/wp-content\/uploads\/2025\/10\/favicon.png\",\"width\":512,\"height\":512,\"caption\":\"Carole Equeter\"},\"image\":{\"@id\":\"https:\/\/www.carole-equeter.com\/#\/schema\/logo\/image\/\"}}]}<\/script>\n<!-- \/ Yoast SEO plugin. -->","yoast_head_json":{"title":"Atelier \"Classiques du Boulanger\" en soir\u00e9e - Carole Equeter","description":"Que vous soyez d\u00e9butant ou d\u00e9j\u00e0 passionn\u00e9 de pain, cet atelier est fait pour vous. Avec Carole, reprenez les bases essentielles de la panification pour apprendre,","robots":{"index":"index","follow":"follow","max-snippet":"max-snippet:-1","max-image-preview":"max-image-preview:large","max-video-preview":"max-video-preview:-1"},"canonical":"https:\/\/www.carole-equeter.com\/en\/product\/atelier-les-classiques-du-boulanger-en-soiree\/","og_locale":"en_GB","og_type":"article","og_title":"Atelier \"Classiques du Boulanger\" en soir\u00e9e - Carole Equeter","og_description":"Que vous soyez d\u00e9butant ou d\u00e9j\u00e0 passionn\u00e9 de pain, cet atelier est fait pour vous. Avec Carole, reprenez les bases essentielles de la panification pour apprendre,","og_url":"https:\/\/www.carole-equeter.com\/en\/product\/atelier-les-classiques-du-boulanger-en-soiree\/","og_site_name":"Carole Equeter","article_modified_time":"2026-03-16T14:19:29+00:00","og_image":[{"width":2560,"height":2560,"url":"https:\/\/www.carole-equeter.com\/wp-content\/uploads\/2025\/09\/Atelier-Classique-du-Boulanger-Pain-blanc-en-cocotte-scaled.jpg","type":"image\/jpeg"}],"twitter_card":"summary_large_image","twitter_misc":{"Estimated reading time":"2 minutes"},"schema":{"@context":"https:\/\/schema.org","@graph":[{"@type":"WebPage","@id":"https:\/\/www.carole-equeter.com\/en\/product\/atelier-les-classiques-du-boulanger-en-soiree\/","url":"https:\/\/www.carole-equeter.com\/en\/product\/atelier-les-classiques-du-boulanger-en-soiree\/","name":"Atelier \"Classiques du Boulanger\" en soir\u00e9e - Carole Equeter","isPartOf":{"@id":"https:\/\/www.carole-equeter.com\/#website"},"primaryImageOfPage":{"@id":"https:\/\/www.carole-equeter.com\/en\/product\/atelier-les-classiques-du-boulanger-en-soiree\/#primaryimage"},"image":{"@id":"https:\/\/www.carole-equeter.com\/en\/product\/atelier-les-classiques-du-boulanger-en-soiree\/#primaryimage"},"thumbnailUrl":"https:\/\/www.carole-equeter.com\/wp-content\/uploads\/2025\/09\/Atelier-Classique-du-Boulanger-Pain-blanc-en-cocotte-scaled.jpg","datePublished":"2025-10-15T10:30:58+00:00","dateModified":"2026-03-16T14:19:29+00:00","description":"Que vous soyez d\u00e9butant ou d\u00e9j\u00e0 passionn\u00e9 de pain, cet atelier est fait pour vous. Avec Carole, reprenez les bases essentielles de la panification pour apprendre,","breadcrumb":{"@id":"https:\/\/www.carole-equeter.com\/en\/product\/atelier-les-classiques-du-boulanger-en-soiree\/#breadcrumb"},"inLanguage":"en-GB","potentialAction":[{"@type":"ReadAction","target":["https:\/\/www.carole-equeter.com\/en\/product\/atelier-les-classiques-du-boulanger-en-soiree\/"]}]},{"@type":"ImageObject","inLanguage":"en-GB","@id":"https:\/\/www.carole-equeter.com\/en\/product\/atelier-les-classiques-du-boulanger-en-soiree\/#primaryimage","url":"https:\/\/www.carole-equeter.com\/wp-content\/uploads\/2025\/09\/Atelier-Classique-du-Boulanger-Pain-blanc-en-cocotte-scaled.jpg","contentUrl":"https:\/\/www.carole-equeter.com\/wp-content\/uploads\/2025\/09\/Atelier-Classique-du-Boulanger-Pain-blanc-en-cocotte-scaled.jpg","width":2560,"height":2560},{"@type":"BreadcrumbList","@id":"https:\/\/www.carole-equeter.com\/en\/product\/atelier-les-classiques-du-boulanger-en-soiree\/#breadcrumb","itemListElement":[{"@type":"ListItem","position":1,"name":"Accueil","item":"https:\/\/www.carole-equeter.com\/"},{"@type":"ListItem","position":2,"name":"Boutique","item":"https:\/\/www.carole-equeter.com\/boutique\/"},{"@type":"ListItem","position":3,"name":"Atelier \u00ab\u00a0Classiques du Boulanger\u00a0\u00bb en soir\u00e9e"}]},{"@type":"WebSite","@id":"https:\/\/www.carole-equeter.com\/#website","url":"https:\/\/www.carole-equeter.com\/","name":"Carole Equeter","description":"En cuisine avec Carole Equeter, \u2026 et une pinc\u00e9e de science","publisher":{"@id":"https:\/\/www.carole-equeter.com\/#organization"},"potentialAction":[{"@type":"SearchAction","target":{"@type":"EntryPoint","urlTemplate":"https:\/\/www.carole-equeter.com\/?s={search_term_string}"},"query-input":{"@type":"PropertyValueSpecification","valueRequired":true,"valueName":"search_term_string"}}],"inLanguage":"en-GB"},{"@type":"Organization","@id":"https:\/\/www.carole-equeter.com\/#organization","name":"Carole Equeter","url":"https:\/\/www.carole-equeter.com\/","logo":{"@type":"ImageObject","inLanguage":"en-GB","@id":"https:\/\/www.carole-equeter.com\/#\/schema\/logo\/image\/","url":"https:\/\/www.carole-equeter.com\/wp-content\/uploads\/2025\/10\/favicon.png","contentUrl":"https:\/\/www.carole-equeter.com\/wp-content\/uploads\/2025\/10\/favicon.png","width":512,"height":512,"caption":"Carole Equeter"},"image":{"@id":"https:\/\/www.carole-equeter.com\/#\/schema\/logo\/image\/"}}]}},"_links":{"self":[{"href":"https:\/\/www.carole-equeter.com\/en\/wp-json\/wp\/v2\/product\/1003","targetHints":{"allow":["GET"]}}],"collection":[{"href":"https:\/\/www.carole-equeter.com\/en\/wp-json\/wp\/v2\/product"}],"about":[{"href":"https:\/\/www.carole-equeter.com\/en\/wp-json\/wp\/v2\/types\/product"}],"wp:featuredmedia":[{"embeddable":true,"href":"https:\/\/www.carole-equeter.com\/en\/wp-json\/wp\/v2\/media\/558"}],"wp:attachment":[{"href":"https:\/\/www.carole-equeter.com\/en\/wp-json\/wp\/v2\/media?parent=1003"}],"wp:term":[{"taxonomy":"product_brand","embeddable":true,"href":"https:\/\/www.carole-equeter.com\/en\/wp-json\/wp\/v2\/product_brand?post=1003"},{"taxonomy":"product_cat","embeddable":true,"href":"https:\/\/www.carole-equeter.com\/en\/wp-json\/wp\/v2\/product_cat?post=1003"},{"taxonomy":"product_tag","embeddable":true,"href":"https:\/\/www.carole-equeter.com\/en\/wp-json\/wp\/v2\/product_tag?post=1003"},{"taxonomy":"mwb_booking_people","embeddable":true,"href":"https:\/\/www.carole-equeter.com\/en\/wp-json\/wp\/v2\/mwb_booking_people?post=1003"},{"taxonomy":"mwb_booking_cost","embeddable":true,"href":"https:\/\/www.carole-equeter.com\/en\/wp-json\/wp\/v2\/mwb_booking_cost?post=1003"},{"taxonomy":"mwb_booking_service","embeddable":true,"href":"https:\/\/www.carole-equeter.com\/en\/wp-json\/wp\/v2\/mwb_booking_service?post=1003"}],"curies":[{"name":"wp","href":"https:\/\/api.w.org\/{rel}","templated":true}]}}