{"id":1006,"date":"2025-10-15T11:07:56","date_gmt":"2025-10-15T11:07:56","guid":{"rendered":"https:\/\/www.carole-equeter.com\/?post_type=product&#038;p=1006"},"modified":"2026-03-04T15:19:01","modified_gmt":"2026-03-04T15:19:01","slug":"atelier-pasta-fresca-en-soiree","status":"publish","type":"product","link":"https:\/\/www.carole-equeter.com\/en\/product\/atelier-pasta-fresca-en-soiree\/","title":{"rendered":"Atelier \u00ab\u00a0Pasta fresca\u00a0\u00bb en soir\u00e9e"},"content":{"rendered":"<div align=\"left\">\n<p><strong>Atelier \u00ab Pasta Fresca \u00bb<\/strong><\/p>\n<p><strong>Le luxe des p\u00e2tes fra\u00eeches en un tour de main<\/strong><\/p>\n<p>Envie d\u2019inviter chez vous le go\u00fbt authentique des p\u00e2tes fra\u00eeches ? Venez d\u00e9mystifier l\u2019art de fabriquer vos propres p\u00e2tes et gnocchis de pommes de terre. Avec Carole, apprenez les gestes de base pour r\u00e9aliser ais\u00e9ment ces d\u00e9lices italiens, et repartez avec l\u2019envie d\u2019en refaire chez vous\u2026 le tout saupoudr\u00e9 de sa pinc\u00e9e de science !<\/p>\n<p><strong>Au programme :<\/strong><\/p>\n<ul>\n<li>Fabriquer vos p\u00e2tes fra\u00eeches maison pas \u00e0 pas<br \/>\n\u2022 Utiliser laminoirs et appareils pour fa\u00e7onner diff\u00e9rents types de p\u00e2tes<br \/>\n\u2022 R\u00e9aliser de savoureux raviolis fourr\u00e9s<br \/>\n\u2022 Confectionner des gnocchis de pommes de terre l\u00e9gers et fondants<br \/>\n\u2022 Assister \u00e0 la d\u00e9monstration de Carole pour deux classiques incontournables :<br \/>\n\u2013 la v\u00e9ritable carbonara (sans cr\u00e8me fra\u00eeche)<br \/>\n\u2013 les p\u00e2tes cacio e pepe<\/li>\n<\/ul>\n<p><strong>Au menu de l\u2019atelier :<\/strong><\/p>\n<ul>\n<li>P\u00e2tes fra\u00eeches nature<br \/>\n\u2022 Raviolis farcis<br \/>\n\u2022 Gnocchis de pommes de terre<br \/>\n\u2022 D\u00e9gustation de carbonara et cacio e pepe<\/li>\n<\/ul>\n<p><strong>Anim\u00e9 par Carole Equeter<\/strong>, Docteur en sciences, Boulanger-P\u00e2tissier et Femme Passionn\u00e9e.<br \/>\nUn atelier unique qui allie pratique, convivialit\u00e9 et science appliqu\u00e9e \u00e0 l\u2019art de la pasta.<\/p>\n<p>\u2139\ufe0f <strong>L\u2019inscription comprend :<\/strong><br \/>\n\u2714\ufe0f Les mati\u00e8res premi\u00e8res<br \/>\n\u2714\ufe0f Les fiches recettes d\u00e9taill\u00e9es de l\u2019atelier<br \/>\n\u2714\ufe0f Les conseils personnalis\u00e9s de Carole<br \/>\n\u2714\ufe0f Un assortiment des pr\u00e9parations r\u00e9alis\u00e9es durant l\u2019atelier<br \/>\n\u2714\ufe0f La d\u00e9gustation conviviale des recettes sur place<\/p>\n<\/div>\n<div id=\"ConnectiveDocSignExtentionInstalled\" data-extension-version=\"1.0.4\"><\/div>","protected":false},"excerpt":{"rendered":"<p>Un atelier unique qui allie pratique, convivialit\u00e9 et science appliqu\u00e9e \u00e0 l\u2019art de la pasta.<\/p>\n<div id=\"ConnectiveDocSignExtentionInstalled\" data-extension-version=\"1.0.4\"><\/div>","protected":false},"featured_media":954,"template":"","meta":{"_et_pb_use_builder":"","_et_pb_old_content":"","_et_gb_content_width":""},"product_brand":[],"product_cat":[26,21],"product_tag":[],"mwb_booking_people":[],"mwb_booking_cost":[],"mwb_booking_service":[],"class_list":{"0":"post-1006","1":"product","2":"type-product","3":"status-publish","4":"has-post-thumbnail","6":"product_cat-booking","7":"product_cat-formations","9":"first","10":"instock","11":"virtual","12":"taxable","13":"purchasable","14":"product-type-mwb_booking"},"yoast_head":"<!-- This site is optimized with the Yoast SEO plugin v27.2 - https:\/\/yoast.com\/product\/yoast-seo-wordpress\/ -->\n<title>Atelier &quot;Pasta fresca&quot; en soir\u00e9e - Carole Equeter<\/title>\n<meta name=\"description\" content=\"Envie d\u2019inviter chez vous le go\u00fbt authentique des p\u00e2tes fra\u00eeches ? Venez d\u00e9mystifier l\u2019art de fabriquer vos propres p\u00e2tes et gnocchis de pommes de terre.\" \/>\n<meta name=\"robots\" content=\"index, follow, max-snippet:-1, max-image-preview:large, max-video-preview:-1\" \/>\n<link rel=\"canonical\" href=\"https:\/\/www.carole-equeter.com\/en\/product\/atelier-pasta-fresca-en-soiree\/\" \/>\n<meta property=\"og:locale\" content=\"en_GB\" \/>\n<meta property=\"og:type\" content=\"article\" \/>\n<meta property=\"og:title\" content=\"Atelier &quot;Pasta fresca&quot; en soir\u00e9e - Carole Equeter\" \/>\n<meta property=\"og:description\" content=\"Envie d\u2019inviter chez vous le go\u00fbt authentique des p\u00e2tes fra\u00eeches ? Venez d\u00e9mystifier l\u2019art de fabriquer vos propres p\u00e2tes et gnocchis de pommes de terre.\" \/>\n<meta property=\"og:url\" content=\"https:\/\/www.carole-equeter.com\/en\/product\/atelier-pasta-fresca-en-soiree\/\" \/>\n<meta property=\"og:site_name\" content=\"Carole Equeter\" \/>\n<meta property=\"article:modified_time\" content=\"2026-03-04T15:19:01+00:00\" \/>\n<meta property=\"og:image\" content=\"https:\/\/www.carole-equeter.com\/wp-content\/uploads\/2025\/10\/carole-equeter-atelier-pasta-fresca-ravioli-01.jpg\" \/>\n\t<meta property=\"og:image:width\" content=\"2048\" \/>\n\t<meta property=\"og:image:height\" content=\"1985\" \/>\n\t<meta property=\"og:image:type\" content=\"image\/jpeg\" \/>\n<meta name=\"twitter:card\" content=\"summary_large_image\" \/>\n<meta name=\"twitter:label1\" content=\"Estimated reading time\" \/>\n\t<meta name=\"twitter:data1\" content=\"2 minutes\" \/>\n<script type=\"application\/ld+json\" class=\"yoast-schema-graph\">{\"@context\":\"https:\/\/schema.org\",\"@graph\":[{\"@type\":\"WebPage\",\"@id\":\"https:\/\/www.carole-equeter.com\/en\/product\/atelier-pasta-fresca-en-soiree\/\",\"url\":\"https:\/\/www.carole-equeter.com\/en\/product\/atelier-pasta-fresca-en-soiree\/\",\"name\":\"Atelier \\\"Pasta fresca\\\" en soir\u00e9e - Carole Equeter\",\"isPartOf\":{\"@id\":\"https:\/\/www.carole-equeter.com\/#website\"},\"primaryImageOfPage\":{\"@id\":\"https:\/\/www.carole-equeter.com\/en\/product\/atelier-pasta-fresca-en-soiree\/#primaryimage\"},\"image\":{\"@id\":\"https:\/\/www.carole-equeter.com\/en\/product\/atelier-pasta-fresca-en-soiree\/#primaryimage\"},\"thumbnailUrl\":\"https:\/\/www.carole-equeter.com\/wp-content\/uploads\/2025\/10\/carole-equeter-atelier-pasta-fresca-ravioli-01.jpg\",\"datePublished\":\"2025-10-15T11:07:56+00:00\",\"dateModified\":\"2026-03-04T15:19:01+00:00\",\"description\":\"Envie d\u2019inviter chez vous le go\u00fbt authentique des p\u00e2tes fra\u00eeches ? Venez d\u00e9mystifier l\u2019art de fabriquer vos propres p\u00e2tes et gnocchis de pommes de terre.\",\"breadcrumb\":{\"@id\":\"https:\/\/www.carole-equeter.com\/en\/product\/atelier-pasta-fresca-en-soiree\/#breadcrumb\"},\"inLanguage\":\"en-GB\",\"potentialAction\":[{\"@type\":\"ReadAction\",\"target\":[\"https:\/\/www.carole-equeter.com\/en\/product\/atelier-pasta-fresca-en-soiree\/\"]}]},{\"@type\":\"ImageObject\",\"inLanguage\":\"en-GB\",\"@id\":\"https:\/\/www.carole-equeter.com\/en\/product\/atelier-pasta-fresca-en-soiree\/#primaryimage\",\"url\":\"https:\/\/www.carole-equeter.com\/wp-content\/uploads\/2025\/10\/carole-equeter-atelier-pasta-fresca-ravioli-01.jpg\",\"contentUrl\":\"https:\/\/www.carole-equeter.com\/wp-content\/uploads\/2025\/10\/carole-equeter-atelier-pasta-fresca-ravioli-01.jpg\",\"width\":2048,\"height\":1985,\"caption\":\"plaque \u00e0 ravioli\"},{\"@type\":\"BreadcrumbList\",\"@id\":\"https:\/\/www.carole-equeter.com\/en\/product\/atelier-pasta-fresca-en-soiree\/#breadcrumb\",\"itemListElement\":[{\"@type\":\"ListItem\",\"position\":1,\"name\":\"Accueil\",\"item\":\"https:\/\/www.carole-equeter.com\/\"},{\"@type\":\"ListItem\",\"position\":2,\"name\":\"Boutique\",\"item\":\"https:\/\/www.carole-equeter.com\/boutique\/\"},{\"@type\":\"ListItem\",\"position\":3,\"name\":\"Atelier \u00ab\u00a0Pasta fresca\u00a0\u00bb en soir\u00e9e\"}]},{\"@type\":\"WebSite\",\"@id\":\"https:\/\/www.carole-equeter.com\/#website\",\"url\":\"https:\/\/www.carole-equeter.com\/\",\"name\":\"Carole Equeter\",\"description\":\"En cuisine avec Carole Equeter, \u2026 et une pinc\u00e9e de science\",\"publisher\":{\"@id\":\"https:\/\/www.carole-equeter.com\/#organization\"},\"potentialAction\":[{\"@type\":\"SearchAction\",\"target\":{\"@type\":\"EntryPoint\",\"urlTemplate\":\"https:\/\/www.carole-equeter.com\/?s={search_term_string}\"},\"query-input\":{\"@type\":\"PropertyValueSpecification\",\"valueRequired\":true,\"valueName\":\"search_term_string\"}}],\"inLanguage\":\"en-GB\"},{\"@type\":\"Organization\",\"@id\":\"https:\/\/www.carole-equeter.com\/#organization\",\"name\":\"Carole Equeter\",\"url\":\"https:\/\/www.carole-equeter.com\/\",\"logo\":{\"@type\":\"ImageObject\",\"inLanguage\":\"en-GB\",\"@id\":\"https:\/\/www.carole-equeter.com\/#\/schema\/logo\/image\/\",\"url\":\"https:\/\/www.carole-equeter.com\/wp-content\/uploads\/2025\/10\/favicon.png\",\"contentUrl\":\"https:\/\/www.carole-equeter.com\/wp-content\/uploads\/2025\/10\/favicon.png\",\"width\":512,\"height\":512,\"caption\":\"Carole Equeter\"},\"image\":{\"@id\":\"https:\/\/www.carole-equeter.com\/#\/schema\/logo\/image\/\"}}]}<\/script>\n<!-- \/ Yoast SEO plugin. -->","yoast_head_json":{"title":"Atelier \"Pasta fresca\" en soir\u00e9e - Carole Equeter","description":"Envie d\u2019inviter chez vous le go\u00fbt authentique des p\u00e2tes fra\u00eeches ? Venez d\u00e9mystifier l\u2019art de fabriquer vos propres p\u00e2tes et gnocchis de pommes de terre.","robots":{"index":"index","follow":"follow","max-snippet":"max-snippet:-1","max-image-preview":"max-image-preview:large","max-video-preview":"max-video-preview:-1"},"canonical":"https:\/\/www.carole-equeter.com\/en\/product\/atelier-pasta-fresca-en-soiree\/","og_locale":"en_GB","og_type":"article","og_title":"Atelier \"Pasta fresca\" en soir\u00e9e - Carole Equeter","og_description":"Envie d\u2019inviter chez vous le go\u00fbt authentique des p\u00e2tes fra\u00eeches ? Venez d\u00e9mystifier l\u2019art de fabriquer vos propres p\u00e2tes et gnocchis de pommes de terre.","og_url":"https:\/\/www.carole-equeter.com\/en\/product\/atelier-pasta-fresca-en-soiree\/","og_site_name":"Carole Equeter","article_modified_time":"2026-03-04T15:19:01+00:00","og_image":[{"width":2048,"height":1985,"url":"https:\/\/www.carole-equeter.com\/wp-content\/uploads\/2025\/10\/carole-equeter-atelier-pasta-fresca-ravioli-01.jpg","type":"image\/jpeg"}],"twitter_card":"summary_large_image","twitter_misc":{"Estimated reading time":"2 minutes"},"schema":{"@context":"https:\/\/schema.org","@graph":[{"@type":"WebPage","@id":"https:\/\/www.carole-equeter.com\/en\/product\/atelier-pasta-fresca-en-soiree\/","url":"https:\/\/www.carole-equeter.com\/en\/product\/atelier-pasta-fresca-en-soiree\/","name":"Atelier \"Pasta fresca\" en soir\u00e9e - Carole Equeter","isPartOf":{"@id":"https:\/\/www.carole-equeter.com\/#website"},"primaryImageOfPage":{"@id":"https:\/\/www.carole-equeter.com\/en\/product\/atelier-pasta-fresca-en-soiree\/#primaryimage"},"image":{"@id":"https:\/\/www.carole-equeter.com\/en\/product\/atelier-pasta-fresca-en-soiree\/#primaryimage"},"thumbnailUrl":"https:\/\/www.carole-equeter.com\/wp-content\/uploads\/2025\/10\/carole-equeter-atelier-pasta-fresca-ravioli-01.jpg","datePublished":"2025-10-15T11:07:56+00:00","dateModified":"2026-03-04T15:19:01+00:00","description":"Envie d\u2019inviter chez vous le go\u00fbt authentique des p\u00e2tes fra\u00eeches ? Venez d\u00e9mystifier l\u2019art de fabriquer vos propres p\u00e2tes et gnocchis de pommes de terre.","breadcrumb":{"@id":"https:\/\/www.carole-equeter.com\/en\/product\/atelier-pasta-fresca-en-soiree\/#breadcrumb"},"inLanguage":"en-GB","potentialAction":[{"@type":"ReadAction","target":["https:\/\/www.carole-equeter.com\/en\/product\/atelier-pasta-fresca-en-soiree\/"]}]},{"@type":"ImageObject","inLanguage":"en-GB","@id":"https:\/\/www.carole-equeter.com\/en\/product\/atelier-pasta-fresca-en-soiree\/#primaryimage","url":"https:\/\/www.carole-equeter.com\/wp-content\/uploads\/2025\/10\/carole-equeter-atelier-pasta-fresca-ravioli-01.jpg","contentUrl":"https:\/\/www.carole-equeter.com\/wp-content\/uploads\/2025\/10\/carole-equeter-atelier-pasta-fresca-ravioli-01.jpg","width":2048,"height":1985,"caption":"plaque \u00e0 ravioli"},{"@type":"BreadcrumbList","@id":"https:\/\/www.carole-equeter.com\/en\/product\/atelier-pasta-fresca-en-soiree\/#breadcrumb","itemListElement":[{"@type":"ListItem","position":1,"name":"Accueil","item":"https:\/\/www.carole-equeter.com\/"},{"@type":"ListItem","position":2,"name":"Boutique","item":"https:\/\/www.carole-equeter.com\/boutique\/"},{"@type":"ListItem","position":3,"name":"Atelier \u00ab\u00a0Pasta fresca\u00a0\u00bb en soir\u00e9e"}]},{"@type":"WebSite","@id":"https:\/\/www.carole-equeter.com\/#website","url":"https:\/\/www.carole-equeter.com\/","name":"Carole Equeter","description":"En cuisine avec Carole Equeter, \u2026 et une pinc\u00e9e de science","publisher":{"@id":"https:\/\/www.carole-equeter.com\/#organization"},"potentialAction":[{"@type":"SearchAction","target":{"@type":"EntryPoint","urlTemplate":"https:\/\/www.carole-equeter.com\/?s={search_term_string}"},"query-input":{"@type":"PropertyValueSpecification","valueRequired":true,"valueName":"search_term_string"}}],"inLanguage":"en-GB"},{"@type":"Organization","@id":"https:\/\/www.carole-equeter.com\/#organization","name":"Carole Equeter","url":"https:\/\/www.carole-equeter.com\/","logo":{"@type":"ImageObject","inLanguage":"en-GB","@id":"https:\/\/www.carole-equeter.com\/#\/schema\/logo\/image\/","url":"https:\/\/www.carole-equeter.com\/wp-content\/uploads\/2025\/10\/favicon.png","contentUrl":"https:\/\/www.carole-equeter.com\/wp-content\/uploads\/2025\/10\/favicon.png","width":512,"height":512,"caption":"Carole Equeter"},"image":{"@id":"https:\/\/www.carole-equeter.com\/#\/schema\/logo\/image\/"}}]}},"_links":{"self":[{"href":"https:\/\/www.carole-equeter.com\/en\/wp-json\/wp\/v2\/product\/1006","targetHints":{"allow":["GET"]}}],"collection":[{"href":"https:\/\/www.carole-equeter.com\/en\/wp-json\/wp\/v2\/product"}],"about":[{"href":"https:\/\/www.carole-equeter.com\/en\/wp-json\/wp\/v2\/types\/product"}],"wp:featuredmedia":[{"embeddable":true,"href":"https:\/\/www.carole-equeter.com\/en\/wp-json\/wp\/v2\/media\/954"}],"wp:attachment":[{"href":"https:\/\/www.carole-equeter.com\/en\/wp-json\/wp\/v2\/media?parent=1006"}],"wp:term":[{"taxonomy":"product_brand","embeddable":true,"href":"https:\/\/www.carole-equeter.com\/en\/wp-json\/wp\/v2\/product_brand?post=1006"},{"taxonomy":"product_cat","embeddable":true,"href":"https:\/\/www.carole-equeter.com\/en\/wp-json\/wp\/v2\/product_cat?post=1006"},{"taxonomy":"product_tag","embeddable":true,"href":"https:\/\/www.carole-equeter.com\/en\/wp-json\/wp\/v2\/product_tag?post=1006"},{"taxonomy":"mwb_booking_people","embeddable":true,"href":"https:\/\/www.carole-equeter.com\/en\/wp-json\/wp\/v2\/mwb_booking_people?post=1006"},{"taxonomy":"mwb_booking_cost","embeddable":true,"href":"https:\/\/www.carole-equeter.com\/en\/wp-json\/wp\/v2\/mwb_booking_cost?post=1006"},{"taxonomy":"mwb_booking_service","embeddable":true,"href":"https:\/\/www.carole-equeter.com\/en\/wp-json\/wp\/v2\/mwb_booking_service?post=1006"}],"curies":[{"name":"wp","href":"https:\/\/api.w.org\/{rel}","templated":true}]}}