{"id":1102,"date":"2025-10-20T14:46:27","date_gmt":"2025-10-20T14:46:27","guid":{"rendered":"https:\/\/www.carole-equeter.com\/?post_type=product&#038;p=1102"},"modified":"2025-10-24T14:49:59","modified_gmt":"2025-10-24T14:49:59","slug":"cours-a-domicile","status":"publish","type":"product","link":"https:\/\/www.carole-equeter.com\/en\/product\/cours-a-domicile\/","title":{"rendered":"Private In Home Cooking Classes"},"content":{"rendered":"<h2 data-start=\"316\" data-end=\"396\"><strong data-start=\"319\" data-end=\"396\">What if you invited Carole into your own kitchen?<\/strong><\/h2>\n<p data-start=\"398\" data-end=\"685\" class=\"translation-block\">Treat yourself to the luxury of a personalised cooking class, in the comfort of your own home.<br>\nCarole offers an exclusive and friendly experience, designed for small groups (up to 6 people) \u2014 among friends, family, close colleagues, or others \u2014 all sprinkled with her signature pinch of science.<\/p>\n<p data-start=\"687\" data-end=\"1104\" class=\"translation-block\">Each session is fully tailored to your wishes and needs.<br>\nRecipe selection is made from a catalogue of original creations, while remaining open to your suggestions.<br>\nWhether you dream of a workshop focused on bread, sweet baked goods, pizzas or fresh pasta\u2026 we\u2019ll design this special moment together.<\/p>\n<p data-start=\"687\" data-end=\"1104\" class=\"translation-block\">The offer for 2, 4 or 6 people includes:<br>\n\u2714\ufe0f High-quality ingredients <br>\n\u2714\ufe0f Detailed recipe sheets<br>\n\u2714\ufe0f Personalised guidance from Carole<br>\n\u2714\ufe0f Equipment (partially) provided for the session<\/p>\n<p>\u27a1\ufe0f Classes can be conducted in French or in English.<br \/>\n\u27a1\ufe0f Travel costs are added based on your location.<\/p>\n<h3 data-start=\"2050\" data-end=\"2080\"><strong data-start=\"2054\" data-end=\"2080\">Booking and contact<\/strong><\/h3>\n<p data-start=\"2082\" data-end=\"2179\" class=\"translation-block\">For a personalised quote, please contact Carole by email: <br>\ud83d\udce9 <strong><a class=\"decorated-link cursor-pointer\" target=\"_self\">carole.e@carole-equeter.com<\/a><\/strong><\/p>\n<div id=\"ConnectiveDocSignExtentionInstalled\" data-extension-version=\"1.0.4\"><\/div>","protected":false},"excerpt":{"rendered":"<p>&nbsp;<\/p>\n<div id=\"ConnectiveDocSignExtentionInstalled\" data-extension-version=\"1.0.4\"><\/div>","protected":false},"featured_media":1103,"template":"","meta":{"_et_pb_use_builder":"","_et_pb_old_content":"","_et_gb_content_width":""},"product_brand":[],"product_cat":[49],"product_tag":[],"mwb_booking_people":[],"mwb_booking_cost":[],"mwb_booking_service":[],"class_list":{"0":"post-1102","1":"product","2":"type-product","3":"status-publish","4":"has-post-thumbnail","6":"product_cat-services","8":"first","9":"instock","10":"taxable","11":"shipping-taxable","12":"product-type-simple"},"yoast_head":"<!-- This site is optimized with the Yoast SEO plugin v27.2 - https:\/\/yoast.com\/product\/yoast-seo-wordpress\/ -->\n<title>Cours \u00e0 domicile - Carole Equeter<\/title>\n<meta name=\"description\" content=\"Offrez-vous le luxe d\u2019un cours de cuisine personnalis\u00e9, dans le confort de votre maison... le tout saupoudr\u00e9 de pinc\u00e9es de science!\" \/>\n<meta name=\"robots\" content=\"index, follow, max-snippet:-1, max-image-preview:large, max-video-preview:-1\" \/>\n<link rel=\"canonical\" href=\"https:\/\/www.carole-equeter.com\/en\/product\/cours-a-domicile\/\" \/>\n<meta property=\"og:locale\" content=\"en_GB\" \/>\n<meta property=\"og:type\" content=\"article\" \/>\n<meta property=\"og:title\" content=\"Cours \u00e0 domicile - Carole Equeter\" \/>\n<meta property=\"og:description\" content=\"Offrez-vous le luxe d\u2019un cours de cuisine personnalis\u00e9, dans le confort de votre maison... le tout saupoudr\u00e9 de pinc\u00e9es de science!\" \/>\n<meta property=\"og:url\" content=\"https:\/\/www.carole-equeter.com\/en\/product\/cours-a-domicile\/\" \/>\n<meta property=\"og:site_name\" content=\"Carole Equeter\" \/>\n<meta property=\"article:modified_time\" content=\"2025-10-24T14:49:59+00:00\" \/>\n<meta property=\"og:image\" content=\"https:\/\/www.carole-equeter.com\/wp-content\/uploads\/2025\/10\/carole-equeter-cours-domicile.jpg\" \/>\n\t<meta property=\"og:image:width\" content=\"1530\" \/>\n\t<meta property=\"og:image:height\" content=\"1704\" \/>\n\t<meta property=\"og:image:type\" content=\"image\/jpeg\" \/>\n<meta name=\"twitter:card\" content=\"summary_large_image\" \/>\n<meta name=\"twitter:label1\" content=\"Estimated reading time\" \/>\n\t<meta name=\"twitter:data1\" content=\"2 minutes\" \/>\n<script type=\"application\/ld+json\" class=\"yoast-schema-graph\">{\"@context\":\"https:\/\/schema.org\",\"@graph\":[{\"@type\":\"WebPage\",\"@id\":\"https:\/\/www.carole-equeter.com\/produit\/cours-a-domicile\/\",\"url\":\"https:\/\/www.carole-equeter.com\/produit\/cours-a-domicile\/\",\"name\":\"Cours \u00e0 domicile - Carole Equeter\",\"isPartOf\":{\"@id\":\"https:\/\/www.carole-equeter.com\/#website\"},\"primaryImageOfPage\":{\"@id\":\"https:\/\/www.carole-equeter.com\/produit\/cours-a-domicile\/#primaryimage\"},\"image\":{\"@id\":\"https:\/\/www.carole-equeter.com\/produit\/cours-a-domicile\/#primaryimage\"},\"thumbnailUrl\":\"https:\/\/www.carole-equeter.com\/wp-content\/uploads\/2025\/10\/carole-equeter-cours-domicile.jpg\",\"datePublished\":\"2025-10-20T14:46:27+00:00\",\"dateModified\":\"2025-10-24T14:49:59+00:00\",\"description\":\"Offrez-vous le luxe d\u2019un cours de cuisine personnalis\u00e9, dans le confort de votre maison... le tout saupoudr\u00e9 de pinc\u00e9es de science!\",\"breadcrumb\":{\"@id\":\"https:\/\/www.carole-equeter.com\/produit\/cours-a-domicile\/#breadcrumb\"},\"inLanguage\":\"en-GB\",\"potentialAction\":[{\"@type\":\"ReadAction\",\"target\":[\"https:\/\/www.carole-equeter.com\/produit\/cours-a-domicile\/\"]}]},{\"@type\":\"ImageObject\",\"inLanguage\":\"en-GB\",\"@id\":\"https:\/\/www.carole-equeter.com\/produit\/cours-a-domicile\/#primaryimage\",\"url\":\"https:\/\/www.carole-equeter.com\/wp-content\/uploads\/2025\/10\/carole-equeter-cours-domicile.jpg\",\"contentUrl\":\"https:\/\/www.carole-equeter.com\/wp-content\/uploads\/2025\/10\/carole-equeter-cours-domicile.jpg\",\"width\":1530,\"height\":1704,\"caption\":\"Cours \u00e0 domicile\"},{\"@type\":\"BreadcrumbList\",\"@id\":\"https:\/\/www.carole-equeter.com\/produit\/cours-a-domicile\/#breadcrumb\",\"itemListElement\":[{\"@type\":\"ListItem\",\"position\":1,\"name\":\"Accueil\",\"item\":\"https:\/\/www.carole-equeter.com\/\"},{\"@type\":\"ListItem\",\"position\":2,\"name\":\"Boutique\",\"item\":\"https:\/\/www.carole-equeter.com\/boutique\/\"},{\"@type\":\"ListItem\",\"position\":3,\"name\":\"Cours \u00e0 domicile\"}]},{\"@type\":\"WebSite\",\"@id\":\"https:\/\/www.carole-equeter.com\/#website\",\"url\":\"https:\/\/www.carole-equeter.com\/\",\"name\":\"Carole Equeter\",\"description\":\"En cuisine avec Carole Equeter, \u2026 et une pinc\u00e9e de science\",\"publisher\":{\"@id\":\"https:\/\/www.carole-equeter.com\/#organization\"},\"potentialAction\":[{\"@type\":\"SearchAction\",\"target\":{\"@type\":\"EntryPoint\",\"urlTemplate\":\"https:\/\/www.carole-equeter.com\/?s={search_term_string}\"},\"query-input\":{\"@type\":\"PropertyValueSpecification\",\"valueRequired\":true,\"valueName\":\"search_term_string\"}}],\"inLanguage\":\"en-GB\"},{\"@type\":\"Organization\",\"@id\":\"https:\/\/www.carole-equeter.com\/#organization\",\"name\":\"Carole Equeter\",\"url\":\"https:\/\/www.carole-equeter.com\/\",\"logo\":{\"@type\":\"ImageObject\",\"inLanguage\":\"en-GB\",\"@id\":\"https:\/\/www.carole-equeter.com\/#\/schema\/logo\/image\/\",\"url\":\"https:\/\/www.carole-equeter.com\/wp-content\/uploads\/2025\/10\/favicon.png\",\"contentUrl\":\"https:\/\/www.carole-equeter.com\/wp-content\/uploads\/2025\/10\/favicon.png\",\"width\":512,\"height\":512,\"caption\":\"Carole Equeter\"},\"image\":{\"@id\":\"https:\/\/www.carole-equeter.com\/#\/schema\/logo\/image\/\"}}]}<\/script>\n<!-- \/ Yoast SEO plugin. -->","yoast_head_json":{"title":"Cours \u00e0 domicile - Carole Equeter","description":"Offrez-vous le luxe d\u2019un cours de cuisine personnalis\u00e9, dans le confort de votre maison... le tout saupoudr\u00e9 de pinc\u00e9es de science!","robots":{"index":"index","follow":"follow","max-snippet":"max-snippet:-1","max-image-preview":"max-image-preview:large","max-video-preview":"max-video-preview:-1"},"canonical":"https:\/\/www.carole-equeter.com\/en\/product\/cours-a-domicile\/","og_locale":"en_GB","og_type":"article","og_title":"Cours \u00e0 domicile - Carole Equeter","og_description":"Offrez-vous le luxe d\u2019un cours de cuisine personnalis\u00e9, dans le confort de votre maison... le tout saupoudr\u00e9 de pinc\u00e9es de science!","og_url":"https:\/\/www.carole-equeter.com\/en\/product\/cours-a-domicile\/","og_site_name":"Carole Equeter","article_modified_time":"2025-10-24T14:49:59+00:00","og_image":[{"width":1530,"height":1704,"url":"https:\/\/www.carole-equeter.com\/wp-content\/uploads\/2025\/10\/carole-equeter-cours-domicile.jpg","type":"image\/jpeg"}],"twitter_card":"summary_large_image","twitter_misc":{"Estimated reading time":"2 minutes"},"schema":{"@context":"https:\/\/schema.org","@graph":[{"@type":"WebPage","@id":"https:\/\/www.carole-equeter.com\/produit\/cours-a-domicile\/","url":"https:\/\/www.carole-equeter.com\/produit\/cours-a-domicile\/","name":"Cours \u00e0 domicile - Carole Equeter","isPartOf":{"@id":"https:\/\/www.carole-equeter.com\/#website"},"primaryImageOfPage":{"@id":"https:\/\/www.carole-equeter.com\/produit\/cours-a-domicile\/#primaryimage"},"image":{"@id":"https:\/\/www.carole-equeter.com\/produit\/cours-a-domicile\/#primaryimage"},"thumbnailUrl":"https:\/\/www.carole-equeter.com\/wp-content\/uploads\/2025\/10\/carole-equeter-cours-domicile.jpg","datePublished":"2025-10-20T14:46:27+00:00","dateModified":"2025-10-24T14:49:59+00:00","description":"Offrez-vous le luxe d\u2019un cours de cuisine personnalis\u00e9, dans le confort de votre maison... le tout saupoudr\u00e9 de pinc\u00e9es de science!","breadcrumb":{"@id":"https:\/\/www.carole-equeter.com\/produit\/cours-a-domicile\/#breadcrumb"},"inLanguage":"en-GB","potentialAction":[{"@type":"ReadAction","target":["https:\/\/www.carole-equeter.com\/produit\/cours-a-domicile\/"]}]},{"@type":"ImageObject","inLanguage":"en-GB","@id":"https:\/\/www.carole-equeter.com\/produit\/cours-a-domicile\/#primaryimage","url":"https:\/\/www.carole-equeter.com\/wp-content\/uploads\/2025\/10\/carole-equeter-cours-domicile.jpg","contentUrl":"https:\/\/www.carole-equeter.com\/wp-content\/uploads\/2025\/10\/carole-equeter-cours-domicile.jpg","width":1530,"height":1704,"caption":"Cours \u00e0 domicile"},{"@type":"BreadcrumbList","@id":"https:\/\/www.carole-equeter.com\/produit\/cours-a-domicile\/#breadcrumb","itemListElement":[{"@type":"ListItem","position":1,"name":"Accueil","item":"https:\/\/www.carole-equeter.com\/"},{"@type":"ListItem","position":2,"name":"Boutique","item":"https:\/\/www.carole-equeter.com\/boutique\/"},{"@type":"ListItem","position":3,"name":"Cours \u00e0 domicile"}]},{"@type":"WebSite","@id":"https:\/\/www.carole-equeter.com\/#website","url":"https:\/\/www.carole-equeter.com\/","name":"Carole Equeter","description":"En cuisine avec Carole Equeter, \u2026 et une pinc\u00e9e de science","publisher":{"@id":"https:\/\/www.carole-equeter.com\/#organization"},"potentialAction":[{"@type":"SearchAction","target":{"@type":"EntryPoint","urlTemplate":"https:\/\/www.carole-equeter.com\/?s={search_term_string}"},"query-input":{"@type":"PropertyValueSpecification","valueRequired":true,"valueName":"search_term_string"}}],"inLanguage":"en-GB"},{"@type":"Organization","@id":"https:\/\/www.carole-equeter.com\/#organization","name":"Carole Equeter","url":"https:\/\/www.carole-equeter.com\/","logo":{"@type":"ImageObject","inLanguage":"en-GB","@id":"https:\/\/www.carole-equeter.com\/#\/schema\/logo\/image\/","url":"https:\/\/www.carole-equeter.com\/wp-content\/uploads\/2025\/10\/favicon.png","contentUrl":"https:\/\/www.carole-equeter.com\/wp-content\/uploads\/2025\/10\/favicon.png","width":512,"height":512,"caption":"Carole Equeter"},"image":{"@id":"https:\/\/www.carole-equeter.com\/#\/schema\/logo\/image\/"}}]}},"_links":{"self":[{"href":"https:\/\/www.carole-equeter.com\/en\/wp-json\/wp\/v2\/product\/1102","targetHints":{"allow":["GET"]}}],"collection":[{"href":"https:\/\/www.carole-equeter.com\/en\/wp-json\/wp\/v2\/product"}],"about":[{"href":"https:\/\/www.carole-equeter.com\/en\/wp-json\/wp\/v2\/types\/product"}],"wp:featuredmedia":[{"embeddable":true,"href":"https:\/\/www.carole-equeter.com\/en\/wp-json\/wp\/v2\/media\/1103"}],"wp:attachment":[{"href":"https:\/\/www.carole-equeter.com\/en\/wp-json\/wp\/v2\/media?parent=1102"}],"wp:term":[{"taxonomy":"product_brand","embeddable":true,"href":"https:\/\/www.carole-equeter.com\/en\/wp-json\/wp\/v2\/product_brand?post=1102"},{"taxonomy":"product_cat","embeddable":true,"href":"https:\/\/www.carole-equeter.com\/en\/wp-json\/wp\/v2\/product_cat?post=1102"},{"taxonomy":"product_tag","embeddable":true,"href":"https:\/\/www.carole-equeter.com\/en\/wp-json\/wp\/v2\/product_tag?post=1102"},{"taxonomy":"mwb_booking_people","embeddable":true,"href":"https:\/\/www.carole-equeter.com\/en\/wp-json\/wp\/v2\/mwb_booking_people?post=1102"},{"taxonomy":"mwb_booking_cost","embeddable":true,"href":"https:\/\/www.carole-equeter.com\/en\/wp-json\/wp\/v2\/mwb_booking_cost?post=1102"},{"taxonomy":"mwb_booking_service","embeddable":true,"href":"https:\/\/www.carole-equeter.com\/en\/wp-json\/wp\/v2\/mwb_booking_service?post=1102"}],"curies":[{"name":"wp","href":"https:\/\/api.w.org\/{rel}","templated":true}]}}