{"id":1105,"date":"2025-10-20T15:06:18","date_gmt":"2025-10-20T15:06:18","guid":{"rendered":"https:\/\/www.carole-equeter.com\/?post_type=product&#038;p=1105"},"modified":"2026-03-17T16:17:45","modified_gmt":"2026-03-17T16:17:45","slug":"atelier-les-douceurs-du-boulanger","status":"publish","type":"product","link":"https:\/\/www.carole-equeter.com\/en\/product\/atelier-les-douceurs-du-boulanger\/","title":{"rendered":"Atelier \u00ab\u00a0Douceurs du Boulanger\u00a0\u00bb"},"content":{"rendered":"<div align=\"left\">\n<h3 data-start=\"267\" data-end=\"315\">R\u00e9veillez votre \u00e2me de p\u00e2tissier d\u2019antan<\/h3>\n<p data-start=\"317\" data-end=\"568\">Lors de cet atelier, red\u00e9couvrez les plaisirs simples et gourmands de notre enfance\u2026 Ces douceurs qui nous attendaient \u00e0 la sortie de l\u2019\u00e9cole ou illuminaient les dimanches en famille \ud83e\udd70<br data-start=\"502\" data-end=\"505\" \/>Des grands classiques ind\u00e9modables \u00e0 savourer sans mod\u00e9ration !<\/p>\n<p data-start=\"570\" data-end=\"842\">Avec <strong data-start=\"575\" data-end=\"585\">Carole<\/strong>, explorez l\u2019art de la brioche et des viennoiseries en m\u00ealant tradition, technique et une touche de science sucr\u00e9e. Vous apprendrez \u00e0 comprendre les secrets de la p\u00e2te lev\u00e9e, \u00e0 ma\u00eetriser la cuisson parfaite et \u00e0 personnaliser vos cr\u00e9ations selon vos envies.<\/p>\n<h3 data-start=\"844\" data-end=\"862\">Au programme :<\/h3>\n<ul data-start=\"863\" data-end=\"1229\">\n<li data-start=\"863\" data-end=\"941\">\n<p data-start=\"865\" data-end=\"941\">Comprendre le r\u00f4le du sucre, du miel et du beurre dans les p\u00e2tes brioch\u00e9es<\/p>\n<\/li>\n<li data-start=\"942\" data-end=\"1010\">\n<p data-start=\"944\" data-end=\"1010\">D\u00e9couvrir comment obtenir une mie moelleuse \u00e0 souhait<\/p>\n<\/li>\n<li data-start=\"1011\" data-end=\"1083\">\n<p data-start=\"1013\" data-end=\"1083\">Explorer les fermentations et la gestion du gluten en version sucr\u00e9e<\/p>\n<\/li>\n<li data-start=\"1084\" data-end=\"1143\">\n<p data-start=\"1086\" data-end=\"1143\">Apprendre \u00e0 fa\u00e7onner et dorer vos douceurs comme un pro<\/p>\n<\/li>\n<li data-start=\"1144\" data-end=\"1229\">\n<p data-start=\"1146\" data-end=\"1229\">B\u00e9n\u00e9ficier de conseils personnalis\u00e9s, dans une ambiance conviviale et chaleureuse<\/p>\n<\/li>\n<\/ul>\n<h3 data-start=\"1231\" data-end=\"1257\">Au menu de l\u2019atelier :<\/h3>\n<p data-start=\"1258\" data-end=\"1360\">Pagnons au sucre<br data-start=\"1277\" data-end=\"1280\" \/>Boules de Berlin<br data-start=\"1299\" data-end=\"1302\" \/>Pains au miel<br data-start=\"1325\" data-end=\"1328\" \/>Brioches aux pralines roses<\/p>\n<p data-start=\"1362\" data-end=\"1458\"><strong data-start=\"1368\" data-end=\"1396\">Anim\u00e9 par Carole Equeter<\/strong>, Docteur en sciences, Boulanger-P\u00e2tissier et auteure des livres <em>\u00e9P\u00e2tissez-moi! <\/em>ainsi que <em data-start=\"1439\" data-end=\"1458\">Pains, mie &amp; Cie.<\/em><\/p>\n<p data-start=\"1460\" data-end=\"1538\">Un atelier tout en douceur o\u00f9 la science se met au service de la gourmandise !<\/p>\n<hr data-start=\"1540\" data-end=\"1543\" \/>\n<p data-start=\"1545\" data-end=\"1745\"><strong data-start=\"1548\" data-end=\"1576\">L\u2019inscription comprend :<\/strong><br data-start=\"1576\" data-end=\"1579\" \/>\u2714\ufe0f Les mati\u00e8res premi\u00e8res<br data-start=\"1604\" data-end=\"1607\" \/>\u2714\ufe0f Les fichiers recettes d\u00e9taill\u00e9s<br data-start=\"1641\" data-end=\"1644\" \/>\u2714\ufe0f Les conseils personnalis\u00e9s de Carole<br data-start=\"1683\" data-end=\"1686\" \/>\u2714\ufe0f Un assortiment des douceurs r\u00e9alis\u00e9es durant l\u2019atelier<\/p>\n<p>&nbsp;<\/p>\n<\/div>\n<div id=\"ConnectiveDocSignExtentionInstalled\" data-extension-version=\"1.0.4\"><\/div>","protected":false},"excerpt":{"rendered":"<p data-start=\"252\" data-end=\"300\"><strong>R\u00e9veillez votre \u00e2me de p\u00e2tissier d\u2019antan<\/strong><\/p>\n<p data-start=\"252\" data-end=\"300\">Lors de cet atelier, red\u00e9couvrez les plaisirs simples et gourmands de notre enfance\u2026 Ces douceurs qui nous attendaient \u00e0 la sortie de l\u2019\u00e9cole ou illuminaient les dimanches en famille<br data-start=\"487\" data-end=\"490\" \/>Des grands classiques ind\u00e9modables \u00e0 savourer sans mod\u00e9ration !<\/p>\n<p>&nbsp;<\/p>\n<div id=\"ConnectiveDocSignExtentionInstalled\" data-extension-version=\"1.0.4\"><\/div>","protected":false},"featured_media":1109,"template":"","meta":{"_et_pb_use_builder":"","_et_pb_old_content":"","_et_gb_content_width":""},"product_brand":[],"product_cat":[26,21],"product_tag":[],"mwb_booking_people":[],"mwb_booking_cost":[],"mwb_booking_service":[],"class_list":{"0":"post-1105","1":"product","2":"type-product","3":"status-publish","4":"has-post-thumbnail","6":"product_cat-booking","7":"product_cat-formations","9":"first","10":"instock","11":"virtual","12":"taxable","13":"purchasable","14":"product-type-mwb_booking"},"yoast_head":"<!-- This site is optimized with the Yoast SEO plugin v27.2 - https:\/\/yoast.com\/product\/yoast-seo-wordpress\/ -->\n<title>Atelier &quot;Douceurs du Boulanger&quot; - Carole Equeter<\/title>\n<meta name=\"robots\" content=\"index, follow, max-snippet:-1, max-image-preview:large, max-video-preview:-1\" \/>\n<link rel=\"canonical\" href=\"https:\/\/www.carole-equeter.com\/en\/product\/atelier-les-douceurs-du-boulanger\/\" \/>\n<meta property=\"og:locale\" content=\"en_GB\" \/>\n<meta property=\"og:type\" content=\"article\" \/>\n<meta property=\"og:title\" content=\"Atelier &quot;Douceurs du Boulanger&quot; - Carole Equeter\" \/>\n<meta property=\"og:description\" content=\"R\u00e9veillez votre \u00e2me de p\u00e2tissier d\u2019antan Lors de cet atelier, red\u00e9couvrez les plaisirs simples et gourmands de notre enfance\u2026 Ces douceurs qui nous attendaient \u00e0 la sortie de l\u2019\u00e9cole ou illuminaient les dimanches en familleDes grands classiques ind\u00e9modables \u00e0 savourer sans mod\u00e9ration ! &nbsp;\" \/>\n<meta property=\"og:url\" content=\"https:\/\/www.carole-equeter.com\/en\/product\/atelier-les-douceurs-du-boulanger\/\" \/>\n<meta property=\"og:site_name\" content=\"Carole Equeter\" \/>\n<meta property=\"article:modified_time\" content=\"2026-03-17T16:17:45+00:00\" \/>\n<meta property=\"og:image\" content=\"https:\/\/www.carole-equeter.com\/wp-content\/uploads\/2025\/10\/carole-equeter-boule-de-berlin-01.jpg\" \/>\n\t<meta property=\"og:image:width\" content=\"1592\" \/>\n\t<meta property=\"og:image:height\" content=\"1577\" \/>\n\t<meta property=\"og:image:type\" content=\"image\/jpeg\" \/>\n<meta name=\"twitter:card\" content=\"summary_large_image\" \/>\n<meta name=\"twitter:label1\" content=\"Estimated reading time\" \/>\n\t<meta name=\"twitter:data1\" content=\"2 minutes\" \/>\n<script type=\"application\/ld+json\" class=\"yoast-schema-graph\">{\"@context\":\"https:\/\/schema.org\",\"@graph\":[{\"@type\":\"WebPage\",\"@id\":\"https:\/\/www.carole-equeter.com\/produit\/atelier-les-douceurs-du-boulanger\/\",\"url\":\"https:\/\/www.carole-equeter.com\/produit\/atelier-les-douceurs-du-boulanger\/\",\"name\":\"Atelier \\\"Douceurs du Boulanger\\\" - Carole Equeter\",\"isPartOf\":{\"@id\":\"https:\/\/www.carole-equeter.com\/#website\"},\"primaryImageOfPage\":{\"@id\":\"https:\/\/www.carole-equeter.com\/produit\/atelier-les-douceurs-du-boulanger\/#primaryimage\"},\"image\":{\"@id\":\"https:\/\/www.carole-equeter.com\/produit\/atelier-les-douceurs-du-boulanger\/#primaryimage\"},\"thumbnailUrl\":\"https:\/\/www.carole-equeter.com\/wp-content\/uploads\/2025\/10\/carole-equeter-boule-de-berlin-01.jpg\",\"datePublished\":\"2025-10-20T15:06:18+00:00\",\"dateModified\":\"2026-03-17T16:17:45+00:00\",\"breadcrumb\":{\"@id\":\"https:\/\/www.carole-equeter.com\/produit\/atelier-les-douceurs-du-boulanger\/#breadcrumb\"},\"inLanguage\":\"en-GB\",\"potentialAction\":[{\"@type\":\"ReadAction\",\"target\":[\"https:\/\/www.carole-equeter.com\/produit\/atelier-les-douceurs-du-boulanger\/\"]}]},{\"@type\":\"ImageObject\",\"inLanguage\":\"en-GB\",\"@id\":\"https:\/\/www.carole-equeter.com\/produit\/atelier-les-douceurs-du-boulanger\/#primaryimage\",\"url\":\"https:\/\/www.carole-equeter.com\/wp-content\/uploads\/2025\/10\/carole-equeter-boule-de-berlin-01.jpg\",\"contentUrl\":\"https:\/\/www.carole-equeter.com\/wp-content\/uploads\/2025\/10\/carole-equeter-boule-de-berlin-01.jpg\",\"width\":1592,\"height\":1577},{\"@type\":\"BreadcrumbList\",\"@id\":\"https:\/\/www.carole-equeter.com\/produit\/atelier-les-douceurs-du-boulanger\/#breadcrumb\",\"itemListElement\":[{\"@type\":\"ListItem\",\"position\":1,\"name\":\"Accueil\",\"item\":\"https:\/\/www.carole-equeter.com\/\"},{\"@type\":\"ListItem\",\"position\":2,\"name\":\"Boutique\",\"item\":\"https:\/\/www.carole-equeter.com\/boutique\/\"},{\"@type\":\"ListItem\",\"position\":3,\"name\":\"Atelier \u00ab\u00a0Douceurs du Boulanger\u00a0\u00bb\"}]},{\"@type\":\"WebSite\",\"@id\":\"https:\/\/www.carole-equeter.com\/#website\",\"url\":\"https:\/\/www.carole-equeter.com\/\",\"name\":\"Carole Equeter\",\"description\":\"En cuisine avec Carole Equeter, \u2026 et une pinc\u00e9e de science\",\"publisher\":{\"@id\":\"https:\/\/www.carole-equeter.com\/#organization\"},\"potentialAction\":[{\"@type\":\"SearchAction\",\"target\":{\"@type\":\"EntryPoint\",\"urlTemplate\":\"https:\/\/www.carole-equeter.com\/?s={search_term_string}\"},\"query-input\":{\"@type\":\"PropertyValueSpecification\",\"valueRequired\":true,\"valueName\":\"search_term_string\"}}],\"inLanguage\":\"en-GB\"},{\"@type\":\"Organization\",\"@id\":\"https:\/\/www.carole-equeter.com\/#organization\",\"name\":\"Carole Equeter\",\"url\":\"https:\/\/www.carole-equeter.com\/\",\"logo\":{\"@type\":\"ImageObject\",\"inLanguage\":\"en-GB\",\"@id\":\"https:\/\/www.carole-equeter.com\/#\/schema\/logo\/image\/\",\"url\":\"https:\/\/www.carole-equeter.com\/wp-content\/uploads\/2025\/10\/favicon.png\",\"contentUrl\":\"https:\/\/www.carole-equeter.com\/wp-content\/uploads\/2025\/10\/favicon.png\",\"width\":512,\"height\":512,\"caption\":\"Carole Equeter\"},\"image\":{\"@id\":\"https:\/\/www.carole-equeter.com\/#\/schema\/logo\/image\/\"}}]}<\/script>\n<!-- \/ Yoast SEO plugin. -->","yoast_head_json":{"title":"Atelier \"Douceurs du Boulanger\" - Carole Equeter","robots":{"index":"index","follow":"follow","max-snippet":"max-snippet:-1","max-image-preview":"max-image-preview:large","max-video-preview":"max-video-preview:-1"},"canonical":"https:\/\/www.carole-equeter.com\/en\/product\/atelier-les-douceurs-du-boulanger\/","og_locale":"en_GB","og_type":"article","og_title":"Atelier \"Douceurs du Boulanger\" - Carole Equeter","og_description":"R\u00e9veillez votre \u00e2me de p\u00e2tissier d\u2019antan Lors de cet atelier, red\u00e9couvrez les plaisirs simples et gourmands de notre enfance\u2026 Ces douceurs qui nous attendaient \u00e0 la sortie de l\u2019\u00e9cole ou illuminaient les dimanches en familleDes grands classiques ind\u00e9modables \u00e0 savourer sans mod\u00e9ration ! &nbsp;","og_url":"https:\/\/www.carole-equeter.com\/en\/product\/atelier-les-douceurs-du-boulanger\/","og_site_name":"Carole Equeter","article_modified_time":"2026-03-17T16:17:45+00:00","og_image":[{"width":1592,"height":1577,"url":"https:\/\/www.carole-equeter.com\/wp-content\/uploads\/2025\/10\/carole-equeter-boule-de-berlin-01.jpg","type":"image\/jpeg"}],"twitter_card":"summary_large_image","twitter_misc":{"Estimated reading time":"2 minutes"},"schema":{"@context":"https:\/\/schema.org","@graph":[{"@type":"WebPage","@id":"https:\/\/www.carole-equeter.com\/produit\/atelier-les-douceurs-du-boulanger\/","url":"https:\/\/www.carole-equeter.com\/produit\/atelier-les-douceurs-du-boulanger\/","name":"Atelier \"Douceurs du Boulanger\" - Carole Equeter","isPartOf":{"@id":"https:\/\/www.carole-equeter.com\/#website"},"primaryImageOfPage":{"@id":"https:\/\/www.carole-equeter.com\/produit\/atelier-les-douceurs-du-boulanger\/#primaryimage"},"image":{"@id":"https:\/\/www.carole-equeter.com\/produit\/atelier-les-douceurs-du-boulanger\/#primaryimage"},"thumbnailUrl":"https:\/\/www.carole-equeter.com\/wp-content\/uploads\/2025\/10\/carole-equeter-boule-de-berlin-01.jpg","datePublished":"2025-10-20T15:06:18+00:00","dateModified":"2026-03-17T16:17:45+00:00","breadcrumb":{"@id":"https:\/\/www.carole-equeter.com\/produit\/atelier-les-douceurs-du-boulanger\/#breadcrumb"},"inLanguage":"en-GB","potentialAction":[{"@type":"ReadAction","target":["https:\/\/www.carole-equeter.com\/produit\/atelier-les-douceurs-du-boulanger\/"]}]},{"@type":"ImageObject","inLanguage":"en-GB","@id":"https:\/\/www.carole-equeter.com\/produit\/atelier-les-douceurs-du-boulanger\/#primaryimage","url":"https:\/\/www.carole-equeter.com\/wp-content\/uploads\/2025\/10\/carole-equeter-boule-de-berlin-01.jpg","contentUrl":"https:\/\/www.carole-equeter.com\/wp-content\/uploads\/2025\/10\/carole-equeter-boule-de-berlin-01.jpg","width":1592,"height":1577},{"@type":"BreadcrumbList","@id":"https:\/\/www.carole-equeter.com\/produit\/atelier-les-douceurs-du-boulanger\/#breadcrumb","itemListElement":[{"@type":"ListItem","position":1,"name":"Accueil","item":"https:\/\/www.carole-equeter.com\/"},{"@type":"ListItem","position":2,"name":"Boutique","item":"https:\/\/www.carole-equeter.com\/boutique\/"},{"@type":"ListItem","position":3,"name":"Atelier \u00ab\u00a0Douceurs du Boulanger\u00a0\u00bb"}]},{"@type":"WebSite","@id":"https:\/\/www.carole-equeter.com\/#website","url":"https:\/\/www.carole-equeter.com\/","name":"Carole Equeter","description":"En cuisine avec Carole Equeter, \u2026 et une pinc\u00e9e de science","publisher":{"@id":"https:\/\/www.carole-equeter.com\/#organization"},"potentialAction":[{"@type":"SearchAction","target":{"@type":"EntryPoint","urlTemplate":"https:\/\/www.carole-equeter.com\/?s={search_term_string}"},"query-input":{"@type":"PropertyValueSpecification","valueRequired":true,"valueName":"search_term_string"}}],"inLanguage":"en-GB"},{"@type":"Organization","@id":"https:\/\/www.carole-equeter.com\/#organization","name":"Carole Equeter","url":"https:\/\/www.carole-equeter.com\/","logo":{"@type":"ImageObject","inLanguage":"en-GB","@id":"https:\/\/www.carole-equeter.com\/#\/schema\/logo\/image\/","url":"https:\/\/www.carole-equeter.com\/wp-content\/uploads\/2025\/10\/favicon.png","contentUrl":"https:\/\/www.carole-equeter.com\/wp-content\/uploads\/2025\/10\/favicon.png","width":512,"height":512,"caption":"Carole Equeter"},"image":{"@id":"https:\/\/www.carole-equeter.com\/#\/schema\/logo\/image\/"}}]}},"_links":{"self":[{"href":"https:\/\/www.carole-equeter.com\/en\/wp-json\/wp\/v2\/product\/1105","targetHints":{"allow":["GET"]}}],"collection":[{"href":"https:\/\/www.carole-equeter.com\/en\/wp-json\/wp\/v2\/product"}],"about":[{"href":"https:\/\/www.carole-equeter.com\/en\/wp-json\/wp\/v2\/types\/product"}],"wp:featuredmedia":[{"embeddable":true,"href":"https:\/\/www.carole-equeter.com\/en\/wp-json\/wp\/v2\/media\/1109"}],"wp:attachment":[{"href":"https:\/\/www.carole-equeter.com\/en\/wp-json\/wp\/v2\/media?parent=1105"}],"wp:term":[{"taxonomy":"product_brand","embeddable":true,"href":"https:\/\/www.carole-equeter.com\/en\/wp-json\/wp\/v2\/product_brand?post=1105"},{"taxonomy":"product_cat","embeddable":true,"href":"https:\/\/www.carole-equeter.com\/en\/wp-json\/wp\/v2\/product_cat?post=1105"},{"taxonomy":"product_tag","embeddable":true,"href":"https:\/\/www.carole-equeter.com\/en\/wp-json\/wp\/v2\/product_tag?post=1105"},{"taxonomy":"mwb_booking_people","embeddable":true,"href":"https:\/\/www.carole-equeter.com\/en\/wp-json\/wp\/v2\/mwb_booking_people?post=1105"},{"taxonomy":"mwb_booking_cost","embeddable":true,"href":"https:\/\/www.carole-equeter.com\/en\/wp-json\/wp\/v2\/mwb_booking_cost?post=1105"},{"taxonomy":"mwb_booking_service","embeddable":true,"href":"https:\/\/www.carole-equeter.com\/en\/wp-json\/wp\/v2\/mwb_booking_service?post=1105"}],"curies":[{"name":"wp","href":"https:\/\/api.w.org\/{rel}","templated":true}]}}