{"id":1830,"date":"2026-01-20T16:33:30","date_gmt":"2026-01-20T16:33:30","guid":{"rendered":"https:\/\/www.carole-equeter.com\/?post_type=product&#038;p=1830"},"modified":"2026-04-14T13:39:58","modified_gmt":"2026-04-14T13:39:58","slug":"atelier-petits-biscuits-grands-effets","status":"publish","type":"product","link":"https:\/\/www.carole-equeter.com\/en\/product\/atelier-petits-biscuits-grands-effets\/","title":{"rendered":"Atelier \u00ab\u00a0Petits biscuits, grands effets\u00a0\u00bb"},"content":{"rendered":"<p><strong>Biscuits d\u2019enfance, plaisirs d\u2019aujourd\u2019hui<\/strong><\/p>\n<p data-start=\"218\" data-end=\"493\">L\u2019odeur d\u2019un biscuit qui sort du four, le croustillant sous la dent, le fondant qui suit\u2026 Le biscuit, c\u2019est la gourmandise dans sa forme la plus simple et la plus r\u00e9confortante. Des saveurs franches, des textures justes, et ce petit quelque chose qui donne envie d\u2019y revenir.<br \/>\nDans cet atelier, je vous propose de red\u00e9couvrir le biscuit \u00e0 travers des recettes accessibles et ma\u00eetris\u00e9es, o\u00f9 le choix des ingr\u00e9dients, les \u00e9quilibres et les gestes font toute la diff\u00e9rence.<\/p>\n<p><strong>Au programme :<\/strong><\/p>\n<ul>\n<li data-start=\"1339\" data-end=\"1416\">\n<p data-start=\"1341\" data-end=\"1416\">Comprendre le r\u00f4le des ingr\u00e9dients et l\u2019alchimie des recettes de biscuits<\/p>\n<\/li>\n<li data-start=\"1496\" data-end=\"1563\">\n<p data-start=\"1498\" data-end=\"1563\">R\u00e9aliser des inserts, ganaches et gla\u00e7ages adapt\u00e9s aux biscuits<\/p>\n<\/li>\n<li data-start=\"1496\" data-end=\"1563\">Ma\u00eetriser le dressage \u00e0 la poche \u00e0 douille<\/li>\n<li data-start=\"1631\" data-end=\"1700\">\n<p data-start=\"1633\" data-end=\"1700\">B\u00e9n\u00e9ficier de conseils personnalis\u00e9s, adapt\u00e9s au niveau de chacun<\/p>\n<\/li>\n<li data-start=\"1701\" data-end=\"1756\">\n<p data-start=\"1703\" data-end=\"1756\">Partager un moment gourmand, convivial et inspirant<\/p>\n<\/li>\n<\/ul>\n<p><strong>Au menu de l\u2019atelier :<\/strong><\/p>\n<ul>\n<li data-start=\"1791\" data-end=\"1852\">\n<p data-start=\"1793\" data-end=\"1852\">Couronne aux amandes, insert de frangipane<\/p>\n<\/li>\n<li data-start=\"1898\" data-end=\"1945\">\n<p data-start=\"1900\" data-end=\"1945\">Langues de chat accompagn\u00e9es de ganache<\/p>\n<\/li>\n<li data-start=\"1946\" data-end=\"1970\">\n<p data-start=\"1948\" data-end=\"1970\">Moques en damier<\/p>\n<\/li>\n<li data-start=\"1971\" data-end=\"1993\">\n<p data-start=\"1973\" data-end=\"1993\">Diamants au caf\u00e9<\/p>\n<\/li>\n<\/ul>\n<p>\ud83d\udc69\u200d\ud83d\udd2c <strong>Anim\u00e9 par Carole Equeter<\/strong>, Docteur en sciences, Boulanger-P\u00e2tissier et auteure de <em>\u00e9P\u00e2tissez-moi!<\/em>.<br \/>\nUn atelier unique qui allie rigueur scientifique, gestes techniques et convivialit\u00e9.<\/p>\n<p>\u2139\ufe0f <strong>L\u2019inscription comprend :<\/strong><br \/>\n\u2714\ufe0f Les mati\u00e8res premi\u00e8res<br \/>\n\u2714\ufe0f Les fichiers recettes d\u00e9taill\u00e9s<br \/>\n\u2714\ufe0f Les conseils personnalis\u00e9s de Carole<br \/>\n\u2714\ufe0f Un assortiment des biscuits r\u00e9alis\u00e9s durant l\u2019atelier<\/p>\n<div id=\"ConnectiveDocSignExtentionInstalled\" data-extension-version=\"1.0.4\"><\/div>","protected":false},"excerpt":{"rendered":"<p>Un atelier qui met \u00e0 l\u2019honneur le biscuit sous toutes ses formes. Des recettes accessibles, une technique ma\u00eetris\u00e9e et des explications claires pour comprendre les \u00e9quilibres et r\u00e9ussir des biscuits aussi beaux que bons.<\/p>\n<div id=\"ConnectiveDocSignExtentionInstalled\" data-extension-version=\"1.0.4\"><\/div>","protected":false},"featured_media":2320,"template":"","meta":{"_et_pb_use_builder":"","_et_pb_old_content":"","_et_gb_content_width":""},"product_brand":[],"product_cat":[26,21],"product_tag":[],"mwb_booking_people":[],"mwb_booking_cost":[],"mwb_booking_service":[],"class_list":{"0":"post-1830","1":"product","2":"type-product","3":"status-publish","4":"has-post-thumbnail","6":"product_cat-booking","7":"product_cat-formations","9":"first","10":"instock","11":"virtual","12":"taxable","13":"purchasable","14":"product-type-mwb_booking"},"yoast_head":"<!-- This site is optimized with the Yoast SEO plugin v27.2 - https:\/\/yoast.com\/product\/yoast-seo-wordpress\/ -->\n<title>Atelier &quot;Petits biscuits, grands effets&quot; - Carole Equeter<\/title>\n<meta name=\"description\" content=\"Un atelier qui met \u00e0 l\u2019honneur le biscuit sous toutes ses formes. Des recettes accessibles, une technique ma\u00eetris\u00e9e et des explications claires pour comprendre les \u00e9quilibres et r\u00e9ussir des biscuits aussi beaux que bons.\" \/>\n<meta name=\"robots\" content=\"index, follow, max-snippet:-1, max-image-preview:large, max-video-preview:-1\" \/>\n<link rel=\"canonical\" href=\"https:\/\/www.carole-equeter.com\/en\/product\/atelier-petits-biscuits-grands-effets\/\" \/>\n<meta property=\"og:locale\" content=\"en_GB\" \/>\n<meta property=\"og:type\" content=\"article\" \/>\n<meta property=\"og:title\" content=\"Atelier &quot;Petits biscuits, grands effets&quot; - Carole Equeter\" \/>\n<meta property=\"og:description\" content=\"Un atelier qui met \u00e0 l\u2019honneur le biscuit sous toutes ses formes. Des recettes accessibles, une technique ma\u00eetris\u00e9e et des explications claires pour comprendre les \u00e9quilibres et r\u00e9ussir des biscuits aussi beaux que bons.\" \/>\n<meta property=\"og:url\" content=\"https:\/\/www.carole-equeter.com\/en\/product\/atelier-petits-biscuits-grands-effets\/\" \/>\n<meta property=\"og:site_name\" content=\"Carole Equeter\" \/>\n<meta property=\"article:modified_time\" content=\"2026-04-14T13:39:58+00:00\" \/>\n<meta property=\"og:image\" content=\"https:\/\/www.carole-equeter.com\/wp-content\/uploads\/2026\/01\/Carole-Equeter-Langues-de-chat.jpeg\" \/>\n\t<meta property=\"og:image:width\" content=\"1528\" \/>\n\t<meta property=\"og:image:height\" content=\"1528\" \/>\n\t<meta property=\"og:image:type\" content=\"image\/jpeg\" \/>\n<meta name=\"twitter:card\" content=\"summary_large_image\" \/>\n<meta name=\"twitter:label1\" content=\"Estimated reading time\" \/>\n\t<meta name=\"twitter:data1\" content=\"2 minutes\" \/>\n<script type=\"application\/ld+json\" class=\"yoast-schema-graph\">{\"@context\":\"https:\/\/schema.org\",\"@graph\":[{\"@type\":\"WebPage\",\"@id\":\"https:\/\/www.carole-equeter.com\/produit\/atelier-petits-biscuits-grands-effets\/\",\"url\":\"https:\/\/www.carole-equeter.com\/produit\/atelier-petits-biscuits-grands-effets\/\",\"name\":\"Atelier \\\"Petits biscuits, grands effets\\\" - Carole Equeter\",\"isPartOf\":{\"@id\":\"https:\/\/www.carole-equeter.com\/#website\"},\"primaryImageOfPage\":{\"@id\":\"https:\/\/www.carole-equeter.com\/produit\/atelier-petits-biscuits-grands-effets\/#primaryimage\"},\"image\":{\"@id\":\"https:\/\/www.carole-equeter.com\/produit\/atelier-petits-biscuits-grands-effets\/#primaryimage\"},\"thumbnailUrl\":\"https:\/\/www.carole-equeter.com\/wp-content\/uploads\/2026\/01\/Carole-Equeter-Langues-de-chat.jpeg\",\"datePublished\":\"2026-01-20T16:33:30+00:00\",\"dateModified\":\"2026-04-14T13:39:58+00:00\",\"description\":\"Un atelier qui met \u00e0 l\u2019honneur le biscuit sous toutes ses formes. Des recettes accessibles, une technique ma\u00eetris\u00e9e et des explications claires pour comprendre les \u00e9quilibres et r\u00e9ussir des biscuits aussi beaux que bons.\",\"breadcrumb\":{\"@id\":\"https:\/\/www.carole-equeter.com\/produit\/atelier-petits-biscuits-grands-effets\/#breadcrumb\"},\"inLanguage\":\"en-GB\",\"potentialAction\":[{\"@type\":\"ReadAction\",\"target\":[\"https:\/\/www.carole-equeter.com\/produit\/atelier-petits-biscuits-grands-effets\/\"]}]},{\"@type\":\"ImageObject\",\"inLanguage\":\"en-GB\",\"@id\":\"https:\/\/www.carole-equeter.com\/produit\/atelier-petits-biscuits-grands-effets\/#primaryimage\",\"url\":\"https:\/\/www.carole-equeter.com\/wp-content\/uploads\/2026\/01\/Carole-Equeter-Langues-de-chat.jpeg\",\"contentUrl\":\"https:\/\/www.carole-equeter.com\/wp-content\/uploads\/2026\/01\/Carole-Equeter-Langues-de-chat.jpeg\",\"width\":1528,\"height\":1528},{\"@type\":\"BreadcrumbList\",\"@id\":\"https:\/\/www.carole-equeter.com\/produit\/atelier-petits-biscuits-grands-effets\/#breadcrumb\",\"itemListElement\":[{\"@type\":\"ListItem\",\"position\":1,\"name\":\"Accueil\",\"item\":\"https:\/\/www.carole-equeter.com\/\"},{\"@type\":\"ListItem\",\"position\":2,\"name\":\"Boutique\",\"item\":\"https:\/\/www.carole-equeter.com\/boutique\/\"},{\"@type\":\"ListItem\",\"position\":3,\"name\":\"Atelier \u00ab\u00a0Petits biscuits, grands effets\u00a0\u00bb\"}]},{\"@type\":\"WebSite\",\"@id\":\"https:\/\/www.carole-equeter.com\/#website\",\"url\":\"https:\/\/www.carole-equeter.com\/\",\"name\":\"Carole Equeter\",\"description\":\"En cuisine avec Carole Equeter, \u2026 et une pinc\u00e9e de science\",\"publisher\":{\"@id\":\"https:\/\/www.carole-equeter.com\/#organization\"},\"potentialAction\":[{\"@type\":\"SearchAction\",\"target\":{\"@type\":\"EntryPoint\",\"urlTemplate\":\"https:\/\/www.carole-equeter.com\/?s={search_term_string}\"},\"query-input\":{\"@type\":\"PropertyValueSpecification\",\"valueRequired\":true,\"valueName\":\"search_term_string\"}}],\"inLanguage\":\"en-GB\"},{\"@type\":\"Organization\",\"@id\":\"https:\/\/www.carole-equeter.com\/#organization\",\"name\":\"Carole Equeter\",\"url\":\"https:\/\/www.carole-equeter.com\/\",\"logo\":{\"@type\":\"ImageObject\",\"inLanguage\":\"en-GB\",\"@id\":\"https:\/\/www.carole-equeter.com\/#\/schema\/logo\/image\/\",\"url\":\"https:\/\/www.carole-equeter.com\/wp-content\/uploads\/2025\/10\/favicon.png\",\"contentUrl\":\"https:\/\/www.carole-equeter.com\/wp-content\/uploads\/2025\/10\/favicon.png\",\"width\":512,\"height\":512,\"caption\":\"Carole Equeter\"},\"image\":{\"@id\":\"https:\/\/www.carole-equeter.com\/#\/schema\/logo\/image\/\"}}]}<\/script>\n<!-- \/ Yoast SEO plugin. -->","yoast_head_json":{"title":"Atelier \"Petits biscuits, grands effets\" - Carole Equeter","description":"Un atelier qui met \u00e0 l\u2019honneur le biscuit sous toutes ses formes. Des recettes accessibles, une technique ma\u00eetris\u00e9e et des explications claires pour comprendre les \u00e9quilibres et r\u00e9ussir des biscuits aussi beaux que bons.","robots":{"index":"index","follow":"follow","max-snippet":"max-snippet:-1","max-image-preview":"max-image-preview:large","max-video-preview":"max-video-preview:-1"},"canonical":"https:\/\/www.carole-equeter.com\/en\/product\/atelier-petits-biscuits-grands-effets\/","og_locale":"en_GB","og_type":"article","og_title":"Atelier \"Petits biscuits, grands effets\" - Carole Equeter","og_description":"Un atelier qui met \u00e0 l\u2019honneur le biscuit sous toutes ses formes. Des recettes accessibles, une technique ma\u00eetris\u00e9e et des explications claires pour comprendre les \u00e9quilibres et r\u00e9ussir des biscuits aussi beaux que bons.","og_url":"https:\/\/www.carole-equeter.com\/en\/product\/atelier-petits-biscuits-grands-effets\/","og_site_name":"Carole Equeter","article_modified_time":"2026-04-14T13:39:58+00:00","og_image":[{"width":1528,"height":1528,"url":"https:\/\/www.carole-equeter.com\/wp-content\/uploads\/2026\/01\/Carole-Equeter-Langues-de-chat.jpeg","type":"image\/jpeg"}],"twitter_card":"summary_large_image","twitter_misc":{"Estimated reading time":"2 minutes"},"schema":{"@context":"https:\/\/schema.org","@graph":[{"@type":"WebPage","@id":"https:\/\/www.carole-equeter.com\/produit\/atelier-petits-biscuits-grands-effets\/","url":"https:\/\/www.carole-equeter.com\/produit\/atelier-petits-biscuits-grands-effets\/","name":"Atelier \"Petits biscuits, grands effets\" - Carole Equeter","isPartOf":{"@id":"https:\/\/www.carole-equeter.com\/#website"},"primaryImageOfPage":{"@id":"https:\/\/www.carole-equeter.com\/produit\/atelier-petits-biscuits-grands-effets\/#primaryimage"},"image":{"@id":"https:\/\/www.carole-equeter.com\/produit\/atelier-petits-biscuits-grands-effets\/#primaryimage"},"thumbnailUrl":"https:\/\/www.carole-equeter.com\/wp-content\/uploads\/2026\/01\/Carole-Equeter-Langues-de-chat.jpeg","datePublished":"2026-01-20T16:33:30+00:00","dateModified":"2026-04-14T13:39:58+00:00","description":"Un atelier qui met \u00e0 l\u2019honneur le biscuit sous toutes ses formes. Des recettes accessibles, une technique ma\u00eetris\u00e9e et des explications claires pour comprendre les \u00e9quilibres et r\u00e9ussir des biscuits aussi beaux que bons.","breadcrumb":{"@id":"https:\/\/www.carole-equeter.com\/produit\/atelier-petits-biscuits-grands-effets\/#breadcrumb"},"inLanguage":"en-GB","potentialAction":[{"@type":"ReadAction","target":["https:\/\/www.carole-equeter.com\/produit\/atelier-petits-biscuits-grands-effets\/"]}]},{"@type":"ImageObject","inLanguage":"en-GB","@id":"https:\/\/www.carole-equeter.com\/produit\/atelier-petits-biscuits-grands-effets\/#primaryimage","url":"https:\/\/www.carole-equeter.com\/wp-content\/uploads\/2026\/01\/Carole-Equeter-Langues-de-chat.jpeg","contentUrl":"https:\/\/www.carole-equeter.com\/wp-content\/uploads\/2026\/01\/Carole-Equeter-Langues-de-chat.jpeg","width":1528,"height":1528},{"@type":"BreadcrumbList","@id":"https:\/\/www.carole-equeter.com\/produit\/atelier-petits-biscuits-grands-effets\/#breadcrumb","itemListElement":[{"@type":"ListItem","position":1,"name":"Accueil","item":"https:\/\/www.carole-equeter.com\/"},{"@type":"ListItem","position":2,"name":"Boutique","item":"https:\/\/www.carole-equeter.com\/boutique\/"},{"@type":"ListItem","position":3,"name":"Atelier \u00ab\u00a0Petits biscuits, grands effets\u00a0\u00bb"}]},{"@type":"WebSite","@id":"https:\/\/www.carole-equeter.com\/#website","url":"https:\/\/www.carole-equeter.com\/","name":"Carole Equeter","description":"En cuisine avec Carole Equeter, \u2026 et une pinc\u00e9e de science","publisher":{"@id":"https:\/\/www.carole-equeter.com\/#organization"},"potentialAction":[{"@type":"SearchAction","target":{"@type":"EntryPoint","urlTemplate":"https:\/\/www.carole-equeter.com\/?s={search_term_string}"},"query-input":{"@type":"PropertyValueSpecification","valueRequired":true,"valueName":"search_term_string"}}],"inLanguage":"en-GB"},{"@type":"Organization","@id":"https:\/\/www.carole-equeter.com\/#organization","name":"Carole Equeter","url":"https:\/\/www.carole-equeter.com\/","logo":{"@type":"ImageObject","inLanguage":"en-GB","@id":"https:\/\/www.carole-equeter.com\/#\/schema\/logo\/image\/","url":"https:\/\/www.carole-equeter.com\/wp-content\/uploads\/2025\/10\/favicon.png","contentUrl":"https:\/\/www.carole-equeter.com\/wp-content\/uploads\/2025\/10\/favicon.png","width":512,"height":512,"caption":"Carole Equeter"},"image":{"@id":"https:\/\/www.carole-equeter.com\/#\/schema\/logo\/image\/"}}]}},"_links":{"self":[{"href":"https:\/\/www.carole-equeter.com\/en\/wp-json\/wp\/v2\/product\/1830","targetHints":{"allow":["GET"]}}],"collection":[{"href":"https:\/\/www.carole-equeter.com\/en\/wp-json\/wp\/v2\/product"}],"about":[{"href":"https:\/\/www.carole-equeter.com\/en\/wp-json\/wp\/v2\/types\/product"}],"wp:featuredmedia":[{"embeddable":true,"href":"https:\/\/www.carole-equeter.com\/en\/wp-json\/wp\/v2\/media\/2320"}],"wp:attachment":[{"href":"https:\/\/www.carole-equeter.com\/en\/wp-json\/wp\/v2\/media?parent=1830"}],"wp:term":[{"taxonomy":"product_brand","embeddable":true,"href":"https:\/\/www.carole-equeter.com\/en\/wp-json\/wp\/v2\/product_brand?post=1830"},{"taxonomy":"product_cat","embeddable":true,"href":"https:\/\/www.carole-equeter.com\/en\/wp-json\/wp\/v2\/product_cat?post=1830"},{"taxonomy":"product_tag","embeddable":true,"href":"https:\/\/www.carole-equeter.com\/en\/wp-json\/wp\/v2\/product_tag?post=1830"},{"taxonomy":"mwb_booking_people","embeddable":true,"href":"https:\/\/www.carole-equeter.com\/en\/wp-json\/wp\/v2\/mwb_booking_people?post=1830"},{"taxonomy":"mwb_booking_cost","embeddable":true,"href":"https:\/\/www.carole-equeter.com\/en\/wp-json\/wp\/v2\/mwb_booking_cost?post=1830"},{"taxonomy":"mwb_booking_service","embeddable":true,"href":"https:\/\/www.carole-equeter.com\/en\/wp-json\/wp\/v2\/mwb_booking_service?post=1830"}],"curies":[{"name":"wp","href":"https:\/\/api.w.org\/{rel}","templated":true}]}}