{"id":2003,"date":"2026-02-15T09:54:29","date_gmt":"2026-02-15T09:54:29","guid":{"rendered":"https:\/\/www.carole-equeter.com\/?post_type=product&#038;p=2003"},"modified":"2026-04-09T09:00:09","modified_gmt":"2026-04-09T09:00:09","slug":"masterclass-macarons","status":"publish","type":"product","link":"https:\/\/www.carole-equeter.com\/en\/product\/masterclass-macarons\/","title":{"rendered":"Masterclass \u00ab\u00a0Macarons\u00a0\u00bb"},"content":{"rendered":"<p><strong>Savourez l&rsquo;\u00e9l\u00e9gance des macarons<\/strong><\/p>\n<p data-start=\"189\" data-end=\"460\">Imaginez la fine coque lisse et brillante qui se fissure d\u00e9licatement sous la dent\u2026 r\u00e9v\u00e9lant un c\u0153ur fondant, intens\u00e9ment parfum\u00e9, parfaitement \u00e9quilibr\u00e9.<br data-start=\"343\" data-end=\"346\" \/>Un macaron r\u00e9ussi, c\u2019est une alchimie subtile entre pr\u00e9cision, technique et compr\u00e9hension des r\u00e9actions chimiques.C\u2019est pr\u00e9cis\u00e9ment ce que je vous propose dans cette masterclass d\u00e9di\u00e9e \u00e0 l\u2019un des joyaux de la p\u00e2tisserie fran\u00e7aise.<br \/>\nVous aimez travailler avec pr\u00e9cision et les pr\u00e9parations tout en finesse ? Cet atelier est fait pour vous!<\/p>\n<p><strong>Au programme :<\/strong><\/p>\n<ul>\n<li>Ma\u00eetrise de la r\u00e9alisation des coques de macarons et des fourrages<\/li>\n<li>Apprendre \u00e0 dompter la poche \u00e0 douille pour un pochage \u00e9l\u00e9gant et r\u00e9gulier.<\/li>\n<li>Recevoir des conseils personnalis\u00e9s adapt\u00e9s au niveau de chacun, dans une ambiance conviviale et chaleureuse.<\/li>\n<\/ul>\n<p><strong>Au menu de l\u2019atelier :<\/strong><\/p>\n<ul>\n<li>Macarons chocolat-citron<\/li>\n<li>Macarons \u00e0 la noix de coco<\/li>\n<li>Macarons cappuccino<\/li>\n<li>Macarons \u00e0 la framboise<\/li>\n<\/ul>\n<p>\ud83d\udc69\u200d\ud83d\udd2c <strong>Anim\u00e9 par Carole Equeter<\/strong>, Docteur en sciences, Boulanger-P\u00e2tissier et auteure de <em>\u00e9P\u00e2tissez-moi!<\/em>.<br \/>\nUn atelier unique qui allie rigueur scientifique, gestes techniques et convivialit\u00e9 pour r\u00e9ussir vos macarons.<\/p>\n<p>\u2139\ufe0f <strong>L\u2019inscription comprend :<\/strong><br \/>\n\u2714\ufe0f Les mati\u00e8res premi\u00e8res de premi\u00e8re qualit\u00e9<br \/>\n\u2714\ufe0f Les fichiers recettes d\u00e9taill\u00e9s<br \/>\n\u2714\ufe0f Les conseils personnalis\u00e9s de Carole<br \/>\n\u2714\ufe0f Un assortiment d&rsquo;environ 30 lacarons<\/p>\n<div id=\"ConnectiveDocSignExtentionInstalled\" data-extension-version=\"1.0.4\"><\/div>","protected":false},"excerpt":{"rendered":"<p>Imaginez la fine coque lisse et brillante qui se fissure d\u00e9licatement sous la dent\u2026 r\u00e9v\u00e9lant un c\u0153ur fondant, intens\u00e9ment parfum\u00e9, parfaitement \u00e9quilibr\u00e9.<br data-start=\"343\" data-end=\"346\" \/>Un macaron r\u00e9ussi, c\u2019est une alchimie subtile entre pr\u00e9cision, technique et compr\u00e9hension des r\u00e9actions chimiques.<\/p>\n<div id=\"ConnectiveDocSignExtentionInstalled\" data-extension-version=\"1.0.4\"><\/div>","protected":false},"featured_media":2005,"template":"","meta":{"_et_pb_use_builder":"","_et_pb_old_content":"","_et_gb_content_width":""},"product_brand":[],"product_cat":[26,21],"product_tag":[],"mwb_booking_people":[],"mwb_booking_cost":[],"mwb_booking_service":[],"class_list":{"0":"post-2003","1":"product","2":"type-product","3":"status-publish","4":"has-post-thumbnail","6":"product_cat-booking","7":"product_cat-formations","9":"first","10":"instock","11":"virtual","12":"taxable","13":"purchasable","14":"product-type-mwb_booking"},"yoast_head":"<!-- This site is optimized with the Yoast SEO plugin v27.2 - https:\/\/yoast.com\/product\/yoast-seo-wordpress\/ -->\n<title>Masterclass &quot;Macarons&quot; - Carole Equeter<\/title>\n<meta name=\"description\" content=\"Imaginez la fine coque lisse et brillante qui se fissure d\u00e9licatement sous la dent\u2026 r\u00e9v\u00e9lant un c\u0153ur fondant, intens\u00e9ment parfum\u00e9, parfaitement \u00e9quilibr\u00e9.Un macaron r\u00e9ussi, c\u2019est une alchimie subtile entre pr\u00e9cision, technique et compr\u00e9hension des r\u00e9actions chimiques.\" \/>\n<meta name=\"robots\" content=\"index, follow, max-snippet:-1, max-image-preview:large, max-video-preview:-1\" \/>\n<link rel=\"canonical\" href=\"https:\/\/www.carole-equeter.com\/en\/product\/masterclass-macarons\/\" \/>\n<meta property=\"og:locale\" content=\"en_GB\" \/>\n<meta property=\"og:type\" content=\"article\" \/>\n<meta property=\"og:title\" content=\"Masterclass &quot;Macarons&quot; - Carole Equeter\" \/>\n<meta property=\"og:description\" content=\"Imaginez la fine coque lisse et brillante qui se fissure d\u00e9licatement sous la dent\u2026 r\u00e9v\u00e9lant un c\u0153ur fondant, intens\u00e9ment parfum\u00e9, parfaitement \u00e9quilibr\u00e9.Un macaron r\u00e9ussi, c\u2019est une alchimie subtile entre pr\u00e9cision, technique et compr\u00e9hension des r\u00e9actions chimiques.\" \/>\n<meta property=\"og:url\" content=\"https:\/\/www.carole-equeter.com\/en\/product\/masterclass-macarons\/\" \/>\n<meta property=\"og:site_name\" content=\"Carole Equeter\" \/>\n<meta property=\"article:modified_time\" content=\"2026-04-09T09:00:09+00:00\" \/>\n<meta property=\"og:image\" content=\"https:\/\/www.carole-equeter.com\/wp-content\/uploads\/2026\/02\/Macarons-Final.jpeg\" \/>\n\t<meta property=\"og:image:width\" content=\"1573\" \/>\n\t<meta property=\"og:image:height\" content=\"1600\" \/>\n\t<meta property=\"og:image:type\" content=\"image\/jpeg\" \/>\n<meta name=\"twitter:card\" content=\"summary_large_image\" \/>\n<meta name=\"twitter:label1\" content=\"Estimated reading time\" \/>\n\t<meta name=\"twitter:data1\" content=\"2 minutes\" \/>\n<script type=\"application\/ld+json\" class=\"yoast-schema-graph\">{\"@context\":\"https:\/\/schema.org\",\"@graph\":[{\"@type\":\"WebPage\",\"@id\":\"https:\/\/www.carole-equeter.com\/produit\/masterclass-macarons\/\",\"url\":\"https:\/\/www.carole-equeter.com\/produit\/masterclass-macarons\/\",\"name\":\"Masterclass \\\"Macarons\\\" - Carole Equeter\",\"isPartOf\":{\"@id\":\"https:\/\/www.carole-equeter.com\/#website\"},\"primaryImageOfPage\":{\"@id\":\"https:\/\/www.carole-equeter.com\/produit\/masterclass-macarons\/#primaryimage\"},\"image\":{\"@id\":\"https:\/\/www.carole-equeter.com\/produit\/masterclass-macarons\/#primaryimage\"},\"thumbnailUrl\":\"https:\/\/www.carole-equeter.com\/wp-content\/uploads\/2026\/02\/Macarons-Final.jpeg\",\"datePublished\":\"2026-02-15T09:54:29+00:00\",\"dateModified\":\"2026-04-09T09:00:09+00:00\",\"description\":\"Imaginez la fine coque lisse et brillante qui se fissure d\u00e9licatement sous la dent\u2026 r\u00e9v\u00e9lant un c\u0153ur fondant, intens\u00e9ment parfum\u00e9, parfaitement \u00e9quilibr\u00e9.Un macaron r\u00e9ussi, c\u2019est une alchimie subtile entre pr\u00e9cision, technique et compr\u00e9hension des r\u00e9actions chimiques.\",\"breadcrumb\":{\"@id\":\"https:\/\/www.carole-equeter.com\/produit\/masterclass-macarons\/#breadcrumb\"},\"inLanguage\":\"en-GB\",\"potentialAction\":[{\"@type\":\"ReadAction\",\"target\":[\"https:\/\/www.carole-equeter.com\/produit\/masterclass-macarons\/\"]}]},{\"@type\":\"ImageObject\",\"inLanguage\":\"en-GB\",\"@id\":\"https:\/\/www.carole-equeter.com\/produit\/masterclass-macarons\/#primaryimage\",\"url\":\"https:\/\/www.carole-equeter.com\/wp-content\/uploads\/2026\/02\/Macarons-Final.jpeg\",\"contentUrl\":\"https:\/\/www.carole-equeter.com\/wp-content\/uploads\/2026\/02\/Macarons-Final.jpeg\",\"width\":1573,\"height\":1600},{\"@type\":\"BreadcrumbList\",\"@id\":\"https:\/\/www.carole-equeter.com\/produit\/masterclass-macarons\/#breadcrumb\",\"itemListElement\":[{\"@type\":\"ListItem\",\"position\":1,\"name\":\"Accueil\",\"item\":\"https:\/\/www.carole-equeter.com\/\"},{\"@type\":\"ListItem\",\"position\":2,\"name\":\"Boutique\",\"item\":\"https:\/\/www.carole-equeter.com\/boutique\/\"},{\"@type\":\"ListItem\",\"position\":3,\"name\":\"Masterclass \u00ab\u00a0Macarons\u00a0\u00bb\"}]},{\"@type\":\"WebSite\",\"@id\":\"https:\/\/www.carole-equeter.com\/#website\",\"url\":\"https:\/\/www.carole-equeter.com\/\",\"name\":\"Carole Equeter\",\"description\":\"En cuisine avec Carole Equeter, \u2026 et une pinc\u00e9e de science\",\"publisher\":{\"@id\":\"https:\/\/www.carole-equeter.com\/#organization\"},\"potentialAction\":[{\"@type\":\"SearchAction\",\"target\":{\"@type\":\"EntryPoint\",\"urlTemplate\":\"https:\/\/www.carole-equeter.com\/?s={search_term_string}\"},\"query-input\":{\"@type\":\"PropertyValueSpecification\",\"valueRequired\":true,\"valueName\":\"search_term_string\"}}],\"inLanguage\":\"en-GB\"},{\"@type\":\"Organization\",\"@id\":\"https:\/\/www.carole-equeter.com\/#organization\",\"name\":\"Carole Equeter\",\"url\":\"https:\/\/www.carole-equeter.com\/\",\"logo\":{\"@type\":\"ImageObject\",\"inLanguage\":\"en-GB\",\"@id\":\"https:\/\/www.carole-equeter.com\/#\/schema\/logo\/image\/\",\"url\":\"https:\/\/www.carole-equeter.com\/wp-content\/uploads\/2025\/10\/favicon.png\",\"contentUrl\":\"https:\/\/www.carole-equeter.com\/wp-content\/uploads\/2025\/10\/favicon.png\",\"width\":512,\"height\":512,\"caption\":\"Carole Equeter\"},\"image\":{\"@id\":\"https:\/\/www.carole-equeter.com\/#\/schema\/logo\/image\/\"}}]}<\/script>\n<!-- \/ Yoast SEO plugin. -->","yoast_head_json":{"title":"Masterclass \"Macarons\" - Carole Equeter","description":"Imaginez la fine coque lisse et brillante qui se fissure d\u00e9licatement sous la dent\u2026 r\u00e9v\u00e9lant un c\u0153ur fondant, intens\u00e9ment parfum\u00e9, parfaitement \u00e9quilibr\u00e9.Un macaron r\u00e9ussi, c\u2019est une alchimie subtile entre pr\u00e9cision, technique et compr\u00e9hension des r\u00e9actions chimiques.","robots":{"index":"index","follow":"follow","max-snippet":"max-snippet:-1","max-image-preview":"max-image-preview:large","max-video-preview":"max-video-preview:-1"},"canonical":"https:\/\/www.carole-equeter.com\/en\/product\/masterclass-macarons\/","og_locale":"en_GB","og_type":"article","og_title":"Masterclass \"Macarons\" - Carole Equeter","og_description":"Imaginez la fine coque lisse et brillante qui se fissure d\u00e9licatement sous la dent\u2026 r\u00e9v\u00e9lant un c\u0153ur fondant, intens\u00e9ment parfum\u00e9, parfaitement \u00e9quilibr\u00e9.Un macaron r\u00e9ussi, c\u2019est une alchimie subtile entre pr\u00e9cision, technique et compr\u00e9hension des r\u00e9actions chimiques.","og_url":"https:\/\/www.carole-equeter.com\/en\/product\/masterclass-macarons\/","og_site_name":"Carole Equeter","article_modified_time":"2026-04-09T09:00:09+00:00","og_image":[{"width":1573,"height":1600,"url":"https:\/\/www.carole-equeter.com\/wp-content\/uploads\/2026\/02\/Macarons-Final.jpeg","type":"image\/jpeg"}],"twitter_card":"summary_large_image","twitter_misc":{"Estimated reading time":"2 minutes"},"schema":{"@context":"https:\/\/schema.org","@graph":[{"@type":"WebPage","@id":"https:\/\/www.carole-equeter.com\/produit\/masterclass-macarons\/","url":"https:\/\/www.carole-equeter.com\/produit\/masterclass-macarons\/","name":"Masterclass \"Macarons\" - Carole Equeter","isPartOf":{"@id":"https:\/\/www.carole-equeter.com\/#website"},"primaryImageOfPage":{"@id":"https:\/\/www.carole-equeter.com\/produit\/masterclass-macarons\/#primaryimage"},"image":{"@id":"https:\/\/www.carole-equeter.com\/produit\/masterclass-macarons\/#primaryimage"},"thumbnailUrl":"https:\/\/www.carole-equeter.com\/wp-content\/uploads\/2026\/02\/Macarons-Final.jpeg","datePublished":"2026-02-15T09:54:29+00:00","dateModified":"2026-04-09T09:00:09+00:00","description":"Imaginez la fine coque lisse et brillante qui se fissure d\u00e9licatement sous la dent\u2026 r\u00e9v\u00e9lant un c\u0153ur fondant, intens\u00e9ment parfum\u00e9, parfaitement \u00e9quilibr\u00e9.Un macaron r\u00e9ussi, c\u2019est une alchimie subtile entre pr\u00e9cision, technique et compr\u00e9hension des r\u00e9actions chimiques.","breadcrumb":{"@id":"https:\/\/www.carole-equeter.com\/produit\/masterclass-macarons\/#breadcrumb"},"inLanguage":"en-GB","potentialAction":[{"@type":"ReadAction","target":["https:\/\/www.carole-equeter.com\/produit\/masterclass-macarons\/"]}]},{"@type":"ImageObject","inLanguage":"en-GB","@id":"https:\/\/www.carole-equeter.com\/produit\/masterclass-macarons\/#primaryimage","url":"https:\/\/www.carole-equeter.com\/wp-content\/uploads\/2026\/02\/Macarons-Final.jpeg","contentUrl":"https:\/\/www.carole-equeter.com\/wp-content\/uploads\/2026\/02\/Macarons-Final.jpeg","width":1573,"height":1600},{"@type":"BreadcrumbList","@id":"https:\/\/www.carole-equeter.com\/produit\/masterclass-macarons\/#breadcrumb","itemListElement":[{"@type":"ListItem","position":1,"name":"Accueil","item":"https:\/\/www.carole-equeter.com\/"},{"@type":"ListItem","position":2,"name":"Boutique","item":"https:\/\/www.carole-equeter.com\/boutique\/"},{"@type":"ListItem","position":3,"name":"Masterclass \u00ab\u00a0Macarons\u00a0\u00bb"}]},{"@type":"WebSite","@id":"https:\/\/www.carole-equeter.com\/#website","url":"https:\/\/www.carole-equeter.com\/","name":"Carole Equeter","description":"En cuisine avec Carole Equeter, \u2026 et une pinc\u00e9e de science","publisher":{"@id":"https:\/\/www.carole-equeter.com\/#organization"},"potentialAction":[{"@type":"SearchAction","target":{"@type":"EntryPoint","urlTemplate":"https:\/\/www.carole-equeter.com\/?s={search_term_string}"},"query-input":{"@type":"PropertyValueSpecification","valueRequired":true,"valueName":"search_term_string"}}],"inLanguage":"en-GB"},{"@type":"Organization","@id":"https:\/\/www.carole-equeter.com\/#organization","name":"Carole Equeter","url":"https:\/\/www.carole-equeter.com\/","logo":{"@type":"ImageObject","inLanguage":"en-GB","@id":"https:\/\/www.carole-equeter.com\/#\/schema\/logo\/image\/","url":"https:\/\/www.carole-equeter.com\/wp-content\/uploads\/2025\/10\/favicon.png","contentUrl":"https:\/\/www.carole-equeter.com\/wp-content\/uploads\/2025\/10\/favicon.png","width":512,"height":512,"caption":"Carole Equeter"},"image":{"@id":"https:\/\/www.carole-equeter.com\/#\/schema\/logo\/image\/"}}]}},"_links":{"self":[{"href":"https:\/\/www.carole-equeter.com\/en\/wp-json\/wp\/v2\/product\/2003","targetHints":{"allow":["GET"]}}],"collection":[{"href":"https:\/\/www.carole-equeter.com\/en\/wp-json\/wp\/v2\/product"}],"about":[{"href":"https:\/\/www.carole-equeter.com\/en\/wp-json\/wp\/v2\/types\/product"}],"wp:featuredmedia":[{"embeddable":true,"href":"https:\/\/www.carole-equeter.com\/en\/wp-json\/wp\/v2\/media\/2005"}],"wp:attachment":[{"href":"https:\/\/www.carole-equeter.com\/en\/wp-json\/wp\/v2\/media?parent=2003"}],"wp:term":[{"taxonomy":"product_brand","embeddable":true,"href":"https:\/\/www.carole-equeter.com\/en\/wp-json\/wp\/v2\/product_brand?post=2003"},{"taxonomy":"product_cat","embeddable":true,"href":"https:\/\/www.carole-equeter.com\/en\/wp-json\/wp\/v2\/product_cat?post=2003"},{"taxonomy":"product_tag","embeddable":true,"href":"https:\/\/www.carole-equeter.com\/en\/wp-json\/wp\/v2\/product_tag?post=2003"},{"taxonomy":"mwb_booking_people","embeddable":true,"href":"https:\/\/www.carole-equeter.com\/en\/wp-json\/wp\/v2\/mwb_booking_people?post=2003"},{"taxonomy":"mwb_booking_cost","embeddable":true,"href":"https:\/\/www.carole-equeter.com\/en\/wp-json\/wp\/v2\/mwb_booking_cost?post=2003"},{"taxonomy":"mwb_booking_service","embeddable":true,"href":"https:\/\/www.carole-equeter.com\/en\/wp-json\/wp\/v2\/mwb_booking_service?post=2003"}],"curies":[{"name":"wp","href":"https:\/\/api.w.org\/{rel}","templated":true}]}}