{"id":2164,"date":"2026-03-04T15:36:14","date_gmt":"2026-03-04T15:36:14","guid":{"rendered":"https:\/\/www.carole-equeter.com\/?post_type=product&#038;p=2164"},"modified":"2026-04-05T08:02:15","modified_gmt":"2026-04-05T08:02:15","slug":"masterclass-saisonniere-edition-printaniere","status":"publish","type":"product","link":"https:\/\/www.carole-equeter.com\/en\/product\/masterclass-saisonniere-edition-printaniere\/","title":{"rendered":"Masterclass saisonni\u00e8re &#8211; \u00c9dition printani\u00e8re"},"content":{"rendered":"<div align=\"left\">\n<h3 data-start=\"209\" data-end=\"261\"><strong data-start=\"213\" data-end=\"261\">Mettez un galon \u00e0 votre toque de boulanger !<\/strong><\/h3>\n<p data-start=\"263\" data-end=\"703\">Cet atelier est d\u00e9di\u00e9 aux passionn\u00e9s qui souhaitent aller plus loin, d\u00e9couvrir de nouvelles recettes, des ingr\u00e9dients originaux et des techniques plus pointues.<br data-start=\"423\" data-end=\"426\" \/>Que vous ayez d\u00e9j\u00e0 particip\u00e9 \u00e0 un atelier ou que vous soyez simplement curieux de perfectionner votre savoir-faire, cette masterclass est faite pour vous.<br data-start=\"580\" data-end=\"583\" \/>Avec Carole, explorez l\u2019univers du pain sous un angle plus cr\u00e9atif, toujours saupoudr\u00e9 de sa fameuse pinc\u00e9e de science !<\/p>\n<h3 data-start=\"705\" data-end=\"727\"><strong data-start=\"709\" data-end=\"727\">Au programme :<\/strong><\/h3>\n<ul data-start=\"729\" data-end=\"1141\">\n<li data-start=\"729\" data-end=\"819\">\n<p data-start=\"731\" data-end=\"819\">Approfondir les techniques de panification et de fa\u00e7onnage pour des pains d\u2019exception.<\/p>\n<\/li>\n<li data-start=\"820\" data-end=\"894\">\n<p data-start=\"822\" data-end=\"894\">D\u00e9couvrir de nouvelles associations de saveurs et textures originales.<\/p>\n<\/li>\n<li data-start=\"895\" data-end=\"985\">\n<p data-start=\"897\" data-end=\"985\">Comprendre le r\u00f4le des ingr\u00e9dients \u00ab signature \u00bb qui transforment un pain en cr\u00e9ation.<\/p>\n<\/li>\n<li data-start=\"986\" data-end=\"1072\">\n<p data-start=\"988\" data-end=\"1072\">Profiter de conseils personnalis\u00e9s pour repousser vos limites de boulanger maison.<\/p>\n<\/li>\n<li data-start=\"1073\" data-end=\"1141\">\n<p data-start=\"1075\" data-end=\"1141\">Et, bien s\u00fbr, partager un moment convivial, gourmand et inspirant.<\/p>\n<\/li>\n<\/ul>\n<h3 data-start=\"1143\" data-end=\"1173\"><strong data-start=\"1147\" data-end=\"1173\">Au menu de l\u2019atelier :<\/strong><\/h3>\n<p data-start=\"1175\" data-end=\"1321\">Pain tradition aux graines<br data-start=\"1192\" data-end=\"1195\" \/>Baguette et \u00c9pis tradition<br \/>\nDonuts<br \/>\nBabka chocolat-pralin<\/p>\n<p data-start=\"1323\" data-end=\"1523\">\ud83d\udc69\u200d\ud83d\udd2c <strong data-start=\"1329\" data-end=\"1357\">Anim\u00e9 par Carole Equeter<\/strong>, Docteur en sciences, Boulanger-P\u00e2tissier et auteure de plusieurs livres dont <em data-start=\"1416\" data-end=\"1434\">Pains, mie &amp; Cie.<\/em><br data-start=\"1434\" data-end=\"1437\" \/>Une masterclass unique m\u00ealant passion, pr\u00e9cision et d\u00e9couverte de saveurs audacieuses.<\/p>\n<p data-start=\"1525\" data-end=\"1726\">\u2139\ufe0f <strong data-start=\"1528\" data-end=\"1556\">L\u2019inscription comprend :<\/strong><br data-start=\"1556\" data-end=\"1559\" \/>\u2714\ufe0f Les mati\u00e8res premi\u00e8res<br data-start=\"1584\" data-end=\"1587\" \/>\u2714\ufe0f Les fichiers recettes d\u00e9taill\u00e9s<br data-start=\"1621\" data-end=\"1624\" \/>\u2714\ufe0f Les conseils personnalis\u00e9s de Carole<br data-start=\"1663\" data-end=\"1666\" \/>\u2714\ufe0f Un assortiment des cr\u00e9ations r\u00e9alis\u00e9es durant l\u2019atelier<\/p>\n<\/div>\n<div id=\"ConnectiveDocSignExtentionInstalled\" data-extension-version=\"1.0.4\"><\/div>","protected":false},"excerpt":{"rendered":"<h3 data-start=\"209\" data-end=\"261\"><strong data-start=\"213\" data-end=\"261\">Mettez un galon \u00e0 votre toque de boulanger !<\/strong><\/h3>\n<p data-start=\"263\" data-end=\"703\">Cet atelier est d\u00e9di\u00e9 aux passionn\u00e9s qui souhaitent aller plus loin, d\u00e9couvrir de nouvelles recettes, des ingr\u00e9dients originaux et des techniques plus pointues.<br \/>\nQue vous ayez d\u00e9j\u00e0 particip\u00e9 \u00e0 un atelier ou que vous soyez simplement curieux de perfectionner votre savoir-faire, cette masterclass est faite pour vous.<br data-start=\"580\" data-end=\"583\" \/>Avec Carole, explorez chaque saison de nouvelles recettes saupoudr\u00e9es de sa fameuse pinc\u00e9e de science !<\/p>\n<p>&nbsp;<\/p>\n<div id=\"ConnectiveDocSignExtentionInstalled\" data-extension-version=\"1.0.4\"><\/div>","protected":false},"featured_media":2222,"template":"","meta":{"_et_pb_use_builder":"","_et_pb_old_content":"","_et_gb_content_width":""},"product_brand":[],"product_cat":[26,21],"product_tag":[],"mwb_booking_people":[],"mwb_booking_cost":[],"mwb_booking_service":[],"class_list":{"0":"post-2164","1":"product","2":"type-product","3":"status-publish","4":"has-post-thumbnail","6":"product_cat-booking","7":"product_cat-formations","9":"first","10":"instock","11":"virtual","12":"taxable","13":"purchasable","14":"product-type-mwb_booking"},"yoast_head":"<!-- This site is optimized with the Yoast SEO plugin v27.2 - https:\/\/yoast.com\/product\/yoast-seo-wordpress\/ -->\n<title>Masterclass saisonni\u00e8re - \u00c9dition printani\u00e8re - Carole Equeter<\/title>\n<meta name=\"description\" content=\"Mettez un galon \u00e0 votre toque de boulanger !Cet atelier est d\u00e9di\u00e9 aux passionn\u00e9s qui souhaitent aller plus loin, d\u00e9couvrir de nouvelles recettes, des ingr\u00e9dients originaux et des techniques plus pointues.\" \/>\n<meta name=\"robots\" content=\"index, follow, max-snippet:-1, max-image-preview:large, max-video-preview:-1\" \/>\n<link rel=\"canonical\" href=\"https:\/\/www.carole-equeter.com\/en\/product\/masterclass-saisonniere-edition-printaniere\/\" \/>\n<meta property=\"og:locale\" content=\"en_GB\" \/>\n<meta property=\"og:type\" content=\"article\" \/>\n<meta property=\"og:title\" content=\"Masterclass saisonni\u00e8re - \u00c9dition printani\u00e8re - Carole Equeter\" \/>\n<meta property=\"og:description\" content=\"Mettez un galon \u00e0 votre toque de boulanger !Cet atelier est d\u00e9di\u00e9 aux passionn\u00e9s qui souhaitent aller plus loin, d\u00e9couvrir de nouvelles recettes, des ingr\u00e9dients originaux et des techniques plus pointues.\" \/>\n<meta property=\"og:url\" content=\"https:\/\/www.carole-equeter.com\/en\/product\/masterclass-saisonniere-edition-printaniere\/\" \/>\n<meta property=\"og:site_name\" content=\"Carole Equeter\" \/>\n<meta property=\"article:modified_time\" content=\"2026-04-05T08:02:15+00:00\" \/>\n<meta property=\"og:image\" content=\"https:\/\/www.carole-equeter.com\/wp-content\/uploads\/2026\/03\/Baguette-tradition.jpeg\" \/>\n\t<meta property=\"og:image:width\" content=\"1673\" \/>\n\t<meta property=\"og:image:height\" content=\"2048\" \/>\n\t<meta property=\"og:image:type\" content=\"image\/jpeg\" \/>\n<meta name=\"twitter:card\" content=\"summary_large_image\" \/>\n<meta name=\"twitter:label1\" content=\"Estimated reading time\" \/>\n\t<meta name=\"twitter:data1\" content=\"2 minutes\" \/>\n<script type=\"application\/ld+json\" class=\"yoast-schema-graph\">{\"@context\":\"https:\/\/schema.org\",\"@graph\":[{\"@type\":\"WebPage\",\"@id\":\"https:\/\/www.carole-equeter.com\/produit\/masterclass-saisonniere-edition-printaniere\/\",\"url\":\"https:\/\/www.carole-equeter.com\/produit\/masterclass-saisonniere-edition-printaniere\/\",\"name\":\"Masterclass saisonni\u00e8re - \u00c9dition printani\u00e8re - Carole Equeter\",\"isPartOf\":{\"@id\":\"https:\/\/www.carole-equeter.com\/#website\"},\"primaryImageOfPage\":{\"@id\":\"https:\/\/www.carole-equeter.com\/produit\/masterclass-saisonniere-edition-printaniere\/#primaryimage\"},\"image\":{\"@id\":\"https:\/\/www.carole-equeter.com\/produit\/masterclass-saisonniere-edition-printaniere\/#primaryimage\"},\"thumbnailUrl\":\"https:\/\/www.carole-equeter.com\/wp-content\/uploads\/2026\/03\/Baguette-tradition.jpeg\",\"datePublished\":\"2026-03-04T15:36:14+00:00\",\"dateModified\":\"2026-04-05T08:02:15+00:00\",\"description\":\"Mettez un galon \u00e0 votre toque de boulanger !Cet atelier est d\u00e9di\u00e9 aux passionn\u00e9s qui souhaitent aller plus loin, d\u00e9couvrir de nouvelles recettes, des ingr\u00e9dients originaux et des techniques plus pointues.\",\"breadcrumb\":{\"@id\":\"https:\/\/www.carole-equeter.com\/produit\/masterclass-saisonniere-edition-printaniere\/#breadcrumb\"},\"inLanguage\":\"en-GB\",\"potentialAction\":[{\"@type\":\"ReadAction\",\"target\":[\"https:\/\/www.carole-equeter.com\/produit\/masterclass-saisonniere-edition-printaniere\/\"]}]},{\"@type\":\"ImageObject\",\"inLanguage\":\"en-GB\",\"@id\":\"https:\/\/www.carole-equeter.com\/produit\/masterclass-saisonniere-edition-printaniere\/#primaryimage\",\"url\":\"https:\/\/www.carole-equeter.com\/wp-content\/uploads\/2026\/03\/Baguette-tradition.jpeg\",\"contentUrl\":\"https:\/\/www.carole-equeter.com\/wp-content\/uploads\/2026\/03\/Baguette-tradition.jpeg\",\"width\":1673,\"height\":2048},{\"@type\":\"BreadcrumbList\",\"@id\":\"https:\/\/www.carole-equeter.com\/produit\/masterclass-saisonniere-edition-printaniere\/#breadcrumb\",\"itemListElement\":[{\"@type\":\"ListItem\",\"position\":1,\"name\":\"Accueil\",\"item\":\"https:\/\/www.carole-equeter.com\/\"},{\"@type\":\"ListItem\",\"position\":2,\"name\":\"Boutique\",\"item\":\"https:\/\/www.carole-equeter.com\/boutique\/\"},{\"@type\":\"ListItem\",\"position\":3,\"name\":\"Masterclass saisonni\u00e8re &#8211; \u00c9dition printani\u00e8re\"}]},{\"@type\":\"WebSite\",\"@id\":\"https:\/\/www.carole-equeter.com\/#website\",\"url\":\"https:\/\/www.carole-equeter.com\/\",\"name\":\"Carole Equeter\",\"description\":\"En cuisine avec Carole Equeter, \u2026 et une pinc\u00e9e de science\",\"publisher\":{\"@id\":\"https:\/\/www.carole-equeter.com\/#organization\"},\"potentialAction\":[{\"@type\":\"SearchAction\",\"target\":{\"@type\":\"EntryPoint\",\"urlTemplate\":\"https:\/\/www.carole-equeter.com\/?s={search_term_string}\"},\"query-input\":{\"@type\":\"PropertyValueSpecification\",\"valueRequired\":true,\"valueName\":\"search_term_string\"}}],\"inLanguage\":\"en-GB\"},{\"@type\":\"Organization\",\"@id\":\"https:\/\/www.carole-equeter.com\/#organization\",\"name\":\"Carole Equeter\",\"url\":\"https:\/\/www.carole-equeter.com\/\",\"logo\":{\"@type\":\"ImageObject\",\"inLanguage\":\"en-GB\",\"@id\":\"https:\/\/www.carole-equeter.com\/#\/schema\/logo\/image\/\",\"url\":\"https:\/\/www.carole-equeter.com\/wp-content\/uploads\/2025\/10\/favicon.png\",\"contentUrl\":\"https:\/\/www.carole-equeter.com\/wp-content\/uploads\/2025\/10\/favicon.png\",\"width\":512,\"height\":512,\"caption\":\"Carole Equeter\"},\"image\":{\"@id\":\"https:\/\/www.carole-equeter.com\/#\/schema\/logo\/image\/\"}}]}<\/script>\n<!-- \/ Yoast SEO plugin. -->","yoast_head_json":{"title":"Masterclass saisonni\u00e8re - \u00c9dition printani\u00e8re - Carole Equeter","description":"Mettez un galon \u00e0 votre toque de boulanger !Cet atelier est d\u00e9di\u00e9 aux passionn\u00e9s qui souhaitent aller plus loin, d\u00e9couvrir de nouvelles recettes, des ingr\u00e9dients originaux et des techniques plus pointues.","robots":{"index":"index","follow":"follow","max-snippet":"max-snippet:-1","max-image-preview":"max-image-preview:large","max-video-preview":"max-video-preview:-1"},"canonical":"https:\/\/www.carole-equeter.com\/en\/product\/masterclass-saisonniere-edition-printaniere\/","og_locale":"en_GB","og_type":"article","og_title":"Masterclass saisonni\u00e8re - \u00c9dition printani\u00e8re - Carole Equeter","og_description":"Mettez un galon \u00e0 votre toque de boulanger !Cet atelier est d\u00e9di\u00e9 aux passionn\u00e9s qui souhaitent aller plus loin, d\u00e9couvrir de nouvelles recettes, des ingr\u00e9dients originaux et des techniques plus pointues.","og_url":"https:\/\/www.carole-equeter.com\/en\/product\/masterclass-saisonniere-edition-printaniere\/","og_site_name":"Carole Equeter","article_modified_time":"2026-04-05T08:02:15+00:00","og_image":[{"width":1673,"height":2048,"url":"https:\/\/www.carole-equeter.com\/wp-content\/uploads\/2026\/03\/Baguette-tradition.jpeg","type":"image\/jpeg"}],"twitter_card":"summary_large_image","twitter_misc":{"Estimated reading time":"2 minutes"},"schema":{"@context":"https:\/\/schema.org","@graph":[{"@type":"WebPage","@id":"https:\/\/www.carole-equeter.com\/produit\/masterclass-saisonniere-edition-printaniere\/","url":"https:\/\/www.carole-equeter.com\/produit\/masterclass-saisonniere-edition-printaniere\/","name":"Masterclass saisonni\u00e8re - \u00c9dition printani\u00e8re - Carole Equeter","isPartOf":{"@id":"https:\/\/www.carole-equeter.com\/#website"},"primaryImageOfPage":{"@id":"https:\/\/www.carole-equeter.com\/produit\/masterclass-saisonniere-edition-printaniere\/#primaryimage"},"image":{"@id":"https:\/\/www.carole-equeter.com\/produit\/masterclass-saisonniere-edition-printaniere\/#primaryimage"},"thumbnailUrl":"https:\/\/www.carole-equeter.com\/wp-content\/uploads\/2026\/03\/Baguette-tradition.jpeg","datePublished":"2026-03-04T15:36:14+00:00","dateModified":"2026-04-05T08:02:15+00:00","description":"Mettez un galon \u00e0 votre toque de boulanger !Cet atelier est d\u00e9di\u00e9 aux passionn\u00e9s qui souhaitent aller plus loin, d\u00e9couvrir de nouvelles recettes, des ingr\u00e9dients originaux et des techniques plus pointues.","breadcrumb":{"@id":"https:\/\/www.carole-equeter.com\/produit\/masterclass-saisonniere-edition-printaniere\/#breadcrumb"},"inLanguage":"en-GB","potentialAction":[{"@type":"ReadAction","target":["https:\/\/www.carole-equeter.com\/produit\/masterclass-saisonniere-edition-printaniere\/"]}]},{"@type":"ImageObject","inLanguage":"en-GB","@id":"https:\/\/www.carole-equeter.com\/produit\/masterclass-saisonniere-edition-printaniere\/#primaryimage","url":"https:\/\/www.carole-equeter.com\/wp-content\/uploads\/2026\/03\/Baguette-tradition.jpeg","contentUrl":"https:\/\/www.carole-equeter.com\/wp-content\/uploads\/2026\/03\/Baguette-tradition.jpeg","width":1673,"height":2048},{"@type":"BreadcrumbList","@id":"https:\/\/www.carole-equeter.com\/produit\/masterclass-saisonniere-edition-printaniere\/#breadcrumb","itemListElement":[{"@type":"ListItem","position":1,"name":"Accueil","item":"https:\/\/www.carole-equeter.com\/"},{"@type":"ListItem","position":2,"name":"Boutique","item":"https:\/\/www.carole-equeter.com\/boutique\/"},{"@type":"ListItem","position":3,"name":"Masterclass saisonni\u00e8re &#8211; \u00c9dition printani\u00e8re"}]},{"@type":"WebSite","@id":"https:\/\/www.carole-equeter.com\/#website","url":"https:\/\/www.carole-equeter.com\/","name":"Carole Equeter","description":"En cuisine avec Carole Equeter, \u2026 et une pinc\u00e9e de science","publisher":{"@id":"https:\/\/www.carole-equeter.com\/#organization"},"potentialAction":[{"@type":"SearchAction","target":{"@type":"EntryPoint","urlTemplate":"https:\/\/www.carole-equeter.com\/?s={search_term_string}"},"query-input":{"@type":"PropertyValueSpecification","valueRequired":true,"valueName":"search_term_string"}}],"inLanguage":"en-GB"},{"@type":"Organization","@id":"https:\/\/www.carole-equeter.com\/#organization","name":"Carole Equeter","url":"https:\/\/www.carole-equeter.com\/","logo":{"@type":"ImageObject","inLanguage":"en-GB","@id":"https:\/\/www.carole-equeter.com\/#\/schema\/logo\/image\/","url":"https:\/\/www.carole-equeter.com\/wp-content\/uploads\/2025\/10\/favicon.png","contentUrl":"https:\/\/www.carole-equeter.com\/wp-content\/uploads\/2025\/10\/favicon.png","width":512,"height":512,"caption":"Carole Equeter"},"image":{"@id":"https:\/\/www.carole-equeter.com\/#\/schema\/logo\/image\/"}}]}},"_links":{"self":[{"href":"https:\/\/www.carole-equeter.com\/en\/wp-json\/wp\/v2\/product\/2164","targetHints":{"allow":["GET"]}}],"collection":[{"href":"https:\/\/www.carole-equeter.com\/en\/wp-json\/wp\/v2\/product"}],"about":[{"href":"https:\/\/www.carole-equeter.com\/en\/wp-json\/wp\/v2\/types\/product"}],"wp:featuredmedia":[{"embeddable":true,"href":"https:\/\/www.carole-equeter.com\/en\/wp-json\/wp\/v2\/media\/2222"}],"wp:attachment":[{"href":"https:\/\/www.carole-equeter.com\/en\/wp-json\/wp\/v2\/media?parent=2164"}],"wp:term":[{"taxonomy":"product_brand","embeddable":true,"href":"https:\/\/www.carole-equeter.com\/en\/wp-json\/wp\/v2\/product_brand?post=2164"},{"taxonomy":"product_cat","embeddable":true,"href":"https:\/\/www.carole-equeter.com\/en\/wp-json\/wp\/v2\/product_cat?post=2164"},{"taxonomy":"product_tag","embeddable":true,"href":"https:\/\/www.carole-equeter.com\/en\/wp-json\/wp\/v2\/product_tag?post=2164"},{"taxonomy":"mwb_booking_people","embeddable":true,"href":"https:\/\/www.carole-equeter.com\/en\/wp-json\/wp\/v2\/mwb_booking_people?post=2164"},{"taxonomy":"mwb_booking_cost","embeddable":true,"href":"https:\/\/www.carole-equeter.com\/en\/wp-json\/wp\/v2\/mwb_booking_cost?post=2164"},{"taxonomy":"mwb_booking_service","embeddable":true,"href":"https:\/\/www.carole-equeter.com\/en\/wp-json\/wp\/v2\/mwb_booking_service?post=2164"}],"curies":[{"name":"wp","href":"https:\/\/api.w.org\/{rel}","templated":true}]}}