{"id":2276,"date":"2026-03-30T18:54:44","date_gmt":"2026-03-30T18:54:44","guid":{"rendered":"https:\/\/www.carole-equeter.com\/?post_type=product&#038;p=2276"},"modified":"2026-03-30T19:00:35","modified_gmt":"2026-03-30T19:00:35","slug":"masterclass-couques-suisses-et-escargots-a-la-creme-en-soiree","status":"publish","type":"product","link":"https:\/\/www.carole-equeter.com\/en\/product\/masterclass-couques-suisses-et-escargots-a-la-creme-en-soiree\/","title":{"rendered":"Masterclass \u00ab\u00a0Couques suisses et escargots \u00e0 la cr\u00e8me\u00a0\u00bb en soir\u00e9e"},"content":{"rendered":"<div align=\"left\">\n<p data-start=\"386\" data-end=\"703\"><strong data-start=\"1030\" data-end=\"1048\">Les grands classiques de la boulangerie-p\u00e2tisserie, entre souvenirs d&rsquo;enfance et gestes d&rsquo;artisan<\/strong><\/p>\n<p data-start=\"386\" data-end=\"703\">Qui n\u2019a jamais craqu\u00e9 pour une couque suisse bien garnie ou un escargot \u00e0 la cr\u00e8me fondant et g\u00e9n\u00e9reux ?<br data-start=\"490\" data-end=\"493\" \/>Cet atelier est une v\u00e9ritable madeleine de Proust, un retour aux vitrines des boulangeries de notre enfance\u2026 ex\u00e9cut\u00e9 avec des ingr\u00e9dients de qualit\u00e9, des techniques ma\u00eetris\u00e9es et une pinc\u00e9e de science.<\/p>\n<p data-start=\"705\" data-end=\"925\">Que vous soyez amateur \u00e9clair\u00e9 ou simple gourmand curieux, cet atelier vous plonge dans l\u2019univers des grands classiques de la viennoiserie-p\u00e2tisserie, pour comprendre, r\u00e9aliser et surtout r\u00e9ussir ces incontournables.<\/p>\n<p data-start=\"927\" data-end=\"1019\">Avec Carole, vous apprendrez non seulement <em data-start=\"970\" data-end=\"985\">comment faire<\/em>, mais aussi <em data-start=\"998\" data-end=\"1018\">pourquoi \u00e7a marche<\/em>.<\/p>\n<p><strong data-start=\"1030\" data-end=\"1048\">Au programme :<\/strong><\/p>\n<ul data-start=\"1050\" data-end=\"1601\">\n<li data-start=\"1050\" data-end=\"1124\">\n<p data-start=\"1052\" data-end=\"1124\">R\u00e9alisation d\u2019une <strong data-start=\"1070\" data-end=\"1098\">brioche lev\u00e9e<\/strong>\u00a0moelleuse et savoureuse<\/p>\n<\/li>\n<li data-start=\"1125\" data-end=\"1197\">\n<p data-start=\"1127\" data-end=\"1197\">Pr\u00e9paration d\u2019une <strong data-start=\"1145\" data-end=\"1175\">cr\u00e8me p\u00e2tissi\u00e8re onctueuse<\/strong><\/p>\n<\/li>\n<li data-start=\"1198\" data-end=\"1274\">\n<p data-start=\"1200\" data-end=\"1274\">D\u00e9couverte et ma\u00eetrise du <strong data-start=\"1226\" data-end=\"1247\">fondant p\u00e2tissier<\/strong><\/p>\n<\/li>\n<li data-start=\"1275\" data-end=\"1347\">\n<p data-start=\"1277\" data-end=\"1347\">Techniques de fa\u00e7onnage sp\u00e9cifiques aux couques suisses et escargots<\/p>\n<\/li>\n<li data-start=\"1348\" data-end=\"1447\">\n<p data-start=\"1350\" data-end=\"1447\">Comprendre le r\u00f4le des ingr\u00e9dients (\u0153ufs, sucres, mati\u00e8res grasses\u2026) et apprendre \u00e0 les choisir<\/p>\n<\/li>\n<li data-start=\"1448\" data-end=\"1525\">\n<p data-start=\"1450\" data-end=\"1525\">D\u00e9cryptage scientifique des textures, de la fermentation et de la cuisson<\/p>\n<\/li>\n<li data-start=\"1526\" data-end=\"1601\">\n<p data-start=\"1528\" data-end=\"1601\">Astuces de pro pour un r\u00e9sultat r\u00e9gulier, gourmand et naturellement bon<\/p>\n<\/li>\n<\/ul>\n<p data-start=\"1603\" data-end=\"1676\">Le tout dans une ambiance conviviale, bienveillante et ultra-gourmande \ud83c\udf70<\/p>\n<p data-start=\"1603\" data-end=\"1676\"><strong data-start=\"1030\" data-end=\"1048\">Au menu de l&rsquo;atelier :<\/strong><\/p>\n<ul data-start=\"1715\" data-end=\"1848\">\n<li data-start=\"1715\" data-end=\"1750\">\n<p data-start=\"1717\" data-end=\"1750\">Couques suisses traditionnelles (avec p\u00e9pites de chocolat)<\/p>\n<\/li>\n<li data-start=\"1751\" data-end=\"1786\">\n<p data-start=\"1753\" data-end=\"1786\">Escargots \u00e0 la cr\u00e8me p\u00e2tissi\u00e8re (aux raisins)<\/p>\n<\/li>\n<\/ul>\n<p data-start=\"1855\" data-end=\"2134\">\ud83d\udc69\u200d\ud83d\udd2c <strong data-start=\"1861\" data-end=\"1889\">Anim\u00e9 par Carole Equeter<\/strong>, docteure en sciences, passionn\u00e9e de boulangerie-p\u00e2tisserie et auteure de plusieurs ouvrages de r\u00e9f\u00e9rence.<br data-start=\"1996\" data-end=\"1999\" \/>Un atelier o\u00f9 <strong data-start=\"2013\" data-end=\"2065\">la rigueur scientifique rencontre la gourmandise<\/strong>, pour redonner toute leur noblesse aux classiques de la boulangerie.<\/p>\n<p data-start=\"1545\" data-end=\"1745\"><strong data-start=\"1548\" data-end=\"1576\">L\u2019inscription comprend :<\/strong><br data-start=\"1576\" data-end=\"1579\" \/>\u2714\ufe0f Les mati\u00e8res premi\u00e8res<br data-start=\"1604\" data-end=\"1607\" \/>\u2714\ufe0f Les fichiers recettes d\u00e9taill\u00e9s<br data-start=\"1641\" data-end=\"1644\" \/>\u2714\ufe0f Les conseils personnalis\u00e9s de Carole<br data-start=\"1683\" data-end=\"1686\" \/>\u2714\ufe0f Un assortiment des douceurs r\u00e9alis\u00e9es durant l\u2019atelier<\/p>\n<p>&nbsp;<\/p>\n<\/div>\n<div id=\"ConnectiveDocSignExtentionInstalled\" data-extension-version=\"1.0.4\"><\/div>","protected":false},"excerpt":{"rendered":"<p data-start=\"252\" data-end=\"300\"><strong>A vous les couques suisses et escargots \u00e0 la cr\u00e8me!<\/strong><\/p>\n<p data-start=\"252\" data-end=\"300\">Avec Carole, plongez dans l\u2019univers des douceurs de la boulangerie\u2014 le tout saupoudr\u00e9 de sa fameuse pinc\u00e9e de science !<\/p>\n<p>&nbsp;<\/p>\n<div id=\"ConnectiveDocSignExtentionInstalled\" data-extension-version=\"1.0.4\"><\/div>","protected":false},"featured_media":2071,"template":"","meta":{"_et_pb_use_builder":"","_et_pb_old_content":"","_et_gb_content_width":""},"product_brand":[],"product_cat":[26,21],"product_tag":[],"mwb_booking_people":[],"mwb_booking_cost":[],"mwb_booking_service":[],"class_list":{"0":"post-2276","1":"product","2":"type-product","3":"status-publish","4":"has-post-thumbnail","6":"product_cat-booking","7":"product_cat-formations","9":"first","10":"instock","11":"virtual","12":"taxable","13":"purchasable","14":"product-type-mwb_booking"},"yoast_head":"<!-- This site is optimized with the Yoast SEO plugin v27.2 - https:\/\/yoast.com\/product\/yoast-seo-wordpress\/ -->\n<title>Masterclass &quot;Couques suisses et escargots \u00e0 la cr\u00e8me&quot; en soir\u00e9e - Carole Equeter<\/title>\n<meta name=\"description\" content=\"Avec Carole, apprenez \u00e0 ma\u00eetriser l&#039;art de la p\u00e2te feuillet\u00e9e lev\u00e9e. Au atelier o\u00f9 pr\u00e9cision et patience se m\u00ealent \u00e0 la gourmandise.\" \/>\n<meta name=\"robots\" content=\"index, follow, max-snippet:-1, max-image-preview:large, max-video-preview:-1\" \/>\n<link rel=\"canonical\" href=\"https:\/\/www.carole-equeter.com\/en\/product\/masterclass-couques-suisses-et-escargots-a-la-creme-en-soiree\/\" \/>\n<meta property=\"og:locale\" content=\"en_GB\" \/>\n<meta property=\"og:type\" content=\"article\" \/>\n<meta property=\"og:title\" content=\"Masterclass &quot;Couques suisses et escargots \u00e0 la cr\u00e8me&quot; en soir\u00e9e - Carole Equeter\" \/>\n<meta property=\"og:description\" content=\"Avec Carole, apprenez \u00e0 ma\u00eetriser l&#039;art de la p\u00e2te feuillet\u00e9e lev\u00e9e. Au atelier o\u00f9 pr\u00e9cision et patience se m\u00ealent \u00e0 la gourmandise.\" \/>\n<meta property=\"og:url\" content=\"https:\/\/www.carole-equeter.com\/en\/product\/masterclass-couques-suisses-et-escargots-a-la-creme-en-soiree\/\" \/>\n<meta property=\"og:site_name\" content=\"Carole Equeter\" \/>\n<meta property=\"article:modified_time\" content=\"2026-03-30T19:00:35+00:00\" \/>\n<meta property=\"og:image\" content=\"https:\/\/www.carole-equeter.com\/wp-content\/uploads\/2025\/12\/carole-equeter-couque-suisse-rondeallongee.jpeg\" \/>\n\t<meta property=\"og:image:width\" content=\"2048\" \/>\n\t<meta property=\"og:image:height\" content=\"2048\" \/>\n\t<meta property=\"og:image:type\" content=\"image\/jpeg\" \/>\n<meta name=\"twitter:card\" content=\"summary_large_image\" \/>\n<meta name=\"twitter:label1\" content=\"Estimated reading time\" \/>\n\t<meta name=\"twitter:data1\" content=\"2 minutes\" \/>\n<script type=\"application\/ld+json\" class=\"yoast-schema-graph\">{\"@context\":\"https:\/\/schema.org\",\"@graph\":[{\"@type\":\"WebPage\",\"@id\":\"https:\/\/www.carole-equeter.com\/en\/product\/masterclass-couques-suisses-et-escargots-a-la-creme-en-soiree\/\",\"url\":\"https:\/\/www.carole-equeter.com\/en\/product\/masterclass-couques-suisses-et-escargots-a-la-creme-en-soiree\/\",\"name\":\"Masterclass \\\"Couques suisses et escargots \u00e0 la cr\u00e8me\\\" en soir\u00e9e - Carole Equeter\",\"isPartOf\":{\"@id\":\"https:\/\/www.carole-equeter.com\/#website\"},\"primaryImageOfPage\":{\"@id\":\"https:\/\/www.carole-equeter.com\/en\/product\/masterclass-couques-suisses-et-escargots-a-la-creme-en-soiree\/#primaryimage\"},\"image\":{\"@id\":\"https:\/\/www.carole-equeter.com\/en\/product\/masterclass-couques-suisses-et-escargots-a-la-creme-en-soiree\/#primaryimage\"},\"thumbnailUrl\":\"https:\/\/www.carole-equeter.com\/wp-content\/uploads\/2025\/12\/carole-equeter-couque-suisse-rondeallongee.jpeg\",\"datePublished\":\"2026-03-30T18:54:44+00:00\",\"dateModified\":\"2026-03-30T19:00:35+00:00\",\"description\":\"Avec Carole, apprenez \u00e0 ma\u00eetriser l'art de la p\u00e2te feuillet\u00e9e lev\u00e9e. Au atelier o\u00f9 pr\u00e9cision et patience se m\u00ealent \u00e0 la gourmandise.\",\"breadcrumb\":{\"@id\":\"https:\/\/www.carole-equeter.com\/en\/product\/masterclass-couques-suisses-et-escargots-a-la-creme-en-soiree\/#breadcrumb\"},\"inLanguage\":\"en-GB\",\"potentialAction\":[{\"@type\":\"ReadAction\",\"target\":[\"https:\/\/www.carole-equeter.com\/en\/product\/masterclass-couques-suisses-et-escargots-a-la-creme-en-soiree\/\"]}]},{\"@type\":\"ImageObject\",\"inLanguage\":\"en-GB\",\"@id\":\"https:\/\/www.carole-equeter.com\/en\/product\/masterclass-couques-suisses-et-escargots-a-la-creme-en-soiree\/#primaryimage\",\"url\":\"https:\/\/www.carole-equeter.com\/wp-content\/uploads\/2025\/12\/carole-equeter-couque-suisse-rondeallongee.jpeg\",\"contentUrl\":\"https:\/\/www.carole-equeter.com\/wp-content\/uploads\/2025\/12\/carole-equeter-couque-suisse-rondeallongee.jpeg\",\"width\":2048,\"height\":2048},{\"@type\":\"BreadcrumbList\",\"@id\":\"https:\/\/www.carole-equeter.com\/en\/product\/masterclass-couques-suisses-et-escargots-a-la-creme-en-soiree\/#breadcrumb\",\"itemListElement\":[{\"@type\":\"ListItem\",\"position\":1,\"name\":\"Accueil\",\"item\":\"https:\/\/www.carole-equeter.com\/\"},{\"@type\":\"ListItem\",\"position\":2,\"name\":\"Boutique\",\"item\":\"https:\/\/www.carole-equeter.com\/boutique\/\"},{\"@type\":\"ListItem\",\"position\":3,\"name\":\"Masterclass \u00ab\u00a0Couques suisses et escargots \u00e0 la cr\u00e8me\u00a0\u00bb en soir\u00e9e\"}]},{\"@type\":\"WebSite\",\"@id\":\"https:\/\/www.carole-equeter.com\/#website\",\"url\":\"https:\/\/www.carole-equeter.com\/\",\"name\":\"Carole Equeter\",\"description\":\"En cuisine avec Carole Equeter, \u2026 et une pinc\u00e9e de science\",\"publisher\":{\"@id\":\"https:\/\/www.carole-equeter.com\/#organization\"},\"potentialAction\":[{\"@type\":\"SearchAction\",\"target\":{\"@type\":\"EntryPoint\",\"urlTemplate\":\"https:\/\/www.carole-equeter.com\/?s={search_term_string}\"},\"query-input\":{\"@type\":\"PropertyValueSpecification\",\"valueRequired\":true,\"valueName\":\"search_term_string\"}}],\"inLanguage\":\"en-GB\"},{\"@type\":\"Organization\",\"@id\":\"https:\/\/www.carole-equeter.com\/#organization\",\"name\":\"Carole Equeter\",\"url\":\"https:\/\/www.carole-equeter.com\/\",\"logo\":{\"@type\":\"ImageObject\",\"inLanguage\":\"en-GB\",\"@id\":\"https:\/\/www.carole-equeter.com\/#\/schema\/logo\/image\/\",\"url\":\"https:\/\/www.carole-equeter.com\/wp-content\/uploads\/2025\/10\/favicon.png\",\"contentUrl\":\"https:\/\/www.carole-equeter.com\/wp-content\/uploads\/2025\/10\/favicon.png\",\"width\":512,\"height\":512,\"caption\":\"Carole Equeter\"},\"image\":{\"@id\":\"https:\/\/www.carole-equeter.com\/#\/schema\/logo\/image\/\"}}]}<\/script>\n<!-- \/ Yoast SEO plugin. -->","yoast_head_json":{"title":"Masterclass \"Couques suisses et escargots \u00e0 la cr\u00e8me\" en soir\u00e9e - Carole Equeter","description":"Avec Carole, apprenez \u00e0 ma\u00eetriser l'art de la p\u00e2te feuillet\u00e9e lev\u00e9e. Au atelier o\u00f9 pr\u00e9cision et patience se m\u00ealent \u00e0 la gourmandise.","robots":{"index":"index","follow":"follow","max-snippet":"max-snippet:-1","max-image-preview":"max-image-preview:large","max-video-preview":"max-video-preview:-1"},"canonical":"https:\/\/www.carole-equeter.com\/en\/product\/masterclass-couques-suisses-et-escargots-a-la-creme-en-soiree\/","og_locale":"en_GB","og_type":"article","og_title":"Masterclass \"Couques suisses et escargots \u00e0 la cr\u00e8me\" en soir\u00e9e - Carole Equeter","og_description":"Avec Carole, apprenez \u00e0 ma\u00eetriser l'art de la p\u00e2te feuillet\u00e9e lev\u00e9e. Au atelier o\u00f9 pr\u00e9cision et patience se m\u00ealent \u00e0 la gourmandise.","og_url":"https:\/\/www.carole-equeter.com\/en\/product\/masterclass-couques-suisses-et-escargots-a-la-creme-en-soiree\/","og_site_name":"Carole Equeter","article_modified_time":"2026-03-30T19:00:35+00:00","og_image":[{"width":2048,"height":2048,"url":"https:\/\/www.carole-equeter.com\/wp-content\/uploads\/2025\/12\/carole-equeter-couque-suisse-rondeallongee.jpeg","type":"image\/jpeg"}],"twitter_card":"summary_large_image","twitter_misc":{"Estimated reading time":"2 minutes"},"schema":{"@context":"https:\/\/schema.org","@graph":[{"@type":"WebPage","@id":"https:\/\/www.carole-equeter.com\/en\/product\/masterclass-couques-suisses-et-escargots-a-la-creme-en-soiree\/","url":"https:\/\/www.carole-equeter.com\/en\/product\/masterclass-couques-suisses-et-escargots-a-la-creme-en-soiree\/","name":"Masterclass \"Couques suisses et escargots \u00e0 la cr\u00e8me\" en soir\u00e9e - Carole Equeter","isPartOf":{"@id":"https:\/\/www.carole-equeter.com\/#website"},"primaryImageOfPage":{"@id":"https:\/\/www.carole-equeter.com\/en\/product\/masterclass-couques-suisses-et-escargots-a-la-creme-en-soiree\/#primaryimage"},"image":{"@id":"https:\/\/www.carole-equeter.com\/en\/product\/masterclass-couques-suisses-et-escargots-a-la-creme-en-soiree\/#primaryimage"},"thumbnailUrl":"https:\/\/www.carole-equeter.com\/wp-content\/uploads\/2025\/12\/carole-equeter-couque-suisse-rondeallongee.jpeg","datePublished":"2026-03-30T18:54:44+00:00","dateModified":"2026-03-30T19:00:35+00:00","description":"Avec Carole, apprenez \u00e0 ma\u00eetriser l'art de la p\u00e2te feuillet\u00e9e lev\u00e9e. Au atelier o\u00f9 pr\u00e9cision et patience se m\u00ealent \u00e0 la gourmandise.","breadcrumb":{"@id":"https:\/\/www.carole-equeter.com\/en\/product\/masterclass-couques-suisses-et-escargots-a-la-creme-en-soiree\/#breadcrumb"},"inLanguage":"en-GB","potentialAction":[{"@type":"ReadAction","target":["https:\/\/www.carole-equeter.com\/en\/product\/masterclass-couques-suisses-et-escargots-a-la-creme-en-soiree\/"]}]},{"@type":"ImageObject","inLanguage":"en-GB","@id":"https:\/\/www.carole-equeter.com\/en\/product\/masterclass-couques-suisses-et-escargots-a-la-creme-en-soiree\/#primaryimage","url":"https:\/\/www.carole-equeter.com\/wp-content\/uploads\/2025\/12\/carole-equeter-couque-suisse-rondeallongee.jpeg","contentUrl":"https:\/\/www.carole-equeter.com\/wp-content\/uploads\/2025\/12\/carole-equeter-couque-suisse-rondeallongee.jpeg","width":2048,"height":2048},{"@type":"BreadcrumbList","@id":"https:\/\/www.carole-equeter.com\/en\/product\/masterclass-couques-suisses-et-escargots-a-la-creme-en-soiree\/#breadcrumb","itemListElement":[{"@type":"ListItem","position":1,"name":"Accueil","item":"https:\/\/www.carole-equeter.com\/"},{"@type":"ListItem","position":2,"name":"Boutique","item":"https:\/\/www.carole-equeter.com\/boutique\/"},{"@type":"ListItem","position":3,"name":"Masterclass \u00ab\u00a0Couques suisses et escargots \u00e0 la cr\u00e8me\u00a0\u00bb en soir\u00e9e"}]},{"@type":"WebSite","@id":"https:\/\/www.carole-equeter.com\/#website","url":"https:\/\/www.carole-equeter.com\/","name":"Carole Equeter","description":"En cuisine avec Carole Equeter, \u2026 et une pinc\u00e9e de science","publisher":{"@id":"https:\/\/www.carole-equeter.com\/#organization"},"potentialAction":[{"@type":"SearchAction","target":{"@type":"EntryPoint","urlTemplate":"https:\/\/www.carole-equeter.com\/?s={search_term_string}"},"query-input":{"@type":"PropertyValueSpecification","valueRequired":true,"valueName":"search_term_string"}}],"inLanguage":"en-GB"},{"@type":"Organization","@id":"https:\/\/www.carole-equeter.com\/#organization","name":"Carole Equeter","url":"https:\/\/www.carole-equeter.com\/","logo":{"@type":"ImageObject","inLanguage":"en-GB","@id":"https:\/\/www.carole-equeter.com\/#\/schema\/logo\/image\/","url":"https:\/\/www.carole-equeter.com\/wp-content\/uploads\/2025\/10\/favicon.png","contentUrl":"https:\/\/www.carole-equeter.com\/wp-content\/uploads\/2025\/10\/favicon.png","width":512,"height":512,"caption":"Carole Equeter"},"image":{"@id":"https:\/\/www.carole-equeter.com\/#\/schema\/logo\/image\/"}}]}},"_links":{"self":[{"href":"https:\/\/www.carole-equeter.com\/en\/wp-json\/wp\/v2\/product\/2276","targetHints":{"allow":["GET"]}}],"collection":[{"href":"https:\/\/www.carole-equeter.com\/en\/wp-json\/wp\/v2\/product"}],"about":[{"href":"https:\/\/www.carole-equeter.com\/en\/wp-json\/wp\/v2\/types\/product"}],"wp:featuredmedia":[{"embeddable":true,"href":"https:\/\/www.carole-equeter.com\/en\/wp-json\/wp\/v2\/media\/2071"}],"wp:attachment":[{"href":"https:\/\/www.carole-equeter.com\/en\/wp-json\/wp\/v2\/media?parent=2276"}],"wp:term":[{"taxonomy":"product_brand","embeddable":true,"href":"https:\/\/www.carole-equeter.com\/en\/wp-json\/wp\/v2\/product_brand?post=2276"},{"taxonomy":"product_cat","embeddable":true,"href":"https:\/\/www.carole-equeter.com\/en\/wp-json\/wp\/v2\/product_cat?post=2276"},{"taxonomy":"product_tag","embeddable":true,"href":"https:\/\/www.carole-equeter.com\/en\/wp-json\/wp\/v2\/product_tag?post=2276"},{"taxonomy":"mwb_booking_people","embeddable":true,"href":"https:\/\/www.carole-equeter.com\/en\/wp-json\/wp\/v2\/mwb_booking_people?post=2276"},{"taxonomy":"mwb_booking_cost","embeddable":true,"href":"https:\/\/www.carole-equeter.com\/en\/wp-json\/wp\/v2\/mwb_booking_cost?post=2276"},{"taxonomy":"mwb_booking_service","embeddable":true,"href":"https:\/\/www.carole-equeter.com\/en\/wp-json\/wp\/v2\/mwb_booking_service?post=2276"}],"curies":[{"name":"wp","href":"https:\/\/api.w.org\/{rel}","templated":true}]}}