{"id":2299,"date":"2026-04-09T09:02:14","date_gmt":"2026-04-09T09:02:14","guid":{"rendered":"https:\/\/www.carole-equeter.com\/?post_type=product&#038;p=2299"},"modified":"2026-04-09T09:17:37","modified_gmt":"2026-04-09T09:17:37","slug":"pack-fetes-des-meres-bon-cadeau-livre-dedicace","status":"publish","type":"product","link":"https:\/\/www.carole-equeter.com\/en\/product\/pack-fetes-des-meres-bon-cadeau-livre-dedicace\/","title":{"rendered":"Pack F\u00eates des M\u00e8res &#8211; Bon cadeau + livre d\u00e9dicac\u00e9"},"content":{"rendered":"<p data-start=\"0\" data-end=\"73\"><strong data-start=\"0\" data-end=\"73\">Pack F\u00eate des M\u00e8res \u2013 Offrez bien plus qu\u2019un cadeau, offrez un moment<\/strong><\/p>\n<p data-start=\"75\" data-end=\"183\">Et si cette ann\u00e9e, vous offriez \u00e0 votre maman bien plus qu\u2019un objet\u2026 mais une v\u00e9ritable exp\u00e9rience \u00e0 vivre ?<br \/>\nAvec ce pack sp\u00e9cial F\u00eate des M\u00e8res, invitez-la \u00e0 s\u2019offrir une parenth\u00e8se gourmande et inspirante lors d\u2019un atelier culinaire, o\u00f9 plaisir, transmission et convivialit\u00e9 sont au rendez-vous.<\/p>\n<p data-start=\"375\" data-end=\"407\">\ud83c\udf81 <strong data-start=\"378\" data-end=\"407\">Include in this pack<\/strong><\/p>\n<ul data-start=\"408\" data-end=\"633\">\n<li data-section-id=\"1xh7977\" data-start=\"408\" data-end=\"474\">Un <strong data-start=\"413\" data-end=\"447\">bon cadeau d\u2019une valeur de 65\u20ac<\/strong> pour un atelier au choix<\/li>\n<li data-section-id=\"1mhhhub\" data-start=\"475\" data-end=\"554\">Un <strong data-start=\"480\" data-end=\"511\">livre d\u00e9dicac\u00e9 \u00e0 son pr\u00e9nom<\/strong>, pour prolonger l\u2019exp\u00e9rience \u00e0 la maison<\/li>\n<\/ul>\n<p data-start=\"635\" data-end=\"803\">Parce que les plus beaux cadeaux sont ceux qui se vivent et se partagent, ce pack est une invitation \u00e0 prendre du temps pour soi, \u00e0 apprendre, \u00e0 cr\u00e9er\u2026 et \u00e0 se r\u00e9galer.Une attention d\u00e9licate, personnalis\u00e9e et pleine de sens, qui accompagnera votre maman bien au-del\u00e0 du jour de sa f\u00eate.<\/p>\n<p>* Ch\u00e8que valable pour un atelier au choix durant un an apr\u00e8s la date d&rsquo;\u00e9mission. Possibilit\u00e9 de compl\u00e9t\u00e9 le montant si choix d&rsquo;un atelier dont le prix est sup\u00e9rieur \u00e0 la valeur du ch\u00e8que.<\/p>\n<div class=\"et_pb_column et_pb_column_4_4 et_pb_column_4_tb_body  et_pb_css_mix_blend_mode_passthrough et-last-child\">\n<div class=\"et_pb_module et_pb_wc_description et_pb_wc_description_0_tb_body et_pb_bg_layout_light  et_pb_text_align_left\">\n<div class=\"et_pb_module_inner\">\n<div align=\"left\">\n<div align=\"left\">\n<p>&nbsp;<\/p>\n<\/div>\n<\/div>\n<\/div>\n<\/div>\n<\/div>","protected":false},"excerpt":{"rendered":"<p data-start=\"0\" data-end=\"73\"><strong data-start=\"0\" data-end=\"73\">Pack F\u00eate des M\u00e8res \u2013 Offrez bien plus qu\u2019un cadeau, offrez un moment<\/strong><\/p>\n<p data-start=\"375\" data-end=\"407\">\ud83c\udf81 <strong data-start=\"378\" data-end=\"407\">Include in this pack<\/strong><\/p>\n<ul data-start=\"408\" data-end=\"633\">\n<li data-section-id=\"1xh7977\" data-start=\"408\" data-end=\"474\">Un <strong data-start=\"413\" data-end=\"447\">bon cadeau d\u2019une valeur de 65\u20ac<\/strong> pour un atelier au choix (validit\u00e9: 1an)<\/li>\n<li data-section-id=\"1mhhhub\" data-start=\"475\" data-end=\"554\">Un <strong data-start=\"480\" data-end=\"511\">livre d\u00e9dicac\u00e9 \u00e0 son pr\u00e9nom<\/strong>, pour prolonger l\u2019exp\u00e9rience \u00e0 la maison<\/li>\n<\/ul>","protected":false},"featured_media":2300,"template":"","meta":{"_et_pb_use_builder":"","_et_pb_old_content":"","_et_gb_content_width":""},"product_brand":[],"product_cat":[20],"product_tag":[],"mwb_booking_people":[],"mwb_booking_cost":[],"mwb_booking_service":[],"class_list":{"0":"post-2299","1":"product","2":"type-product","3":"status-publish","4":"has-post-thumbnail","6":"product_cat-livres","7":"product_shipping_class-livres","9":"first","10":"instock","11":"sale","12":"taxable","13":"shipping-taxable","14":"purchasable","15":"product-type-woosb"},"yoast_head":"<!-- This site is optimized with the Yoast SEO plugin v27.2 - https:\/\/yoast.com\/product\/yoast-seo-wordpress\/ -->\n<title>Pack F\u00eates des M\u00e8res - Bon cadeau + livre d\u00e9dicac\u00e9 - Carole Equeter<\/title>\n<meta name=\"description\" content=\"Pack F\u00eate des M\u00e8res \u2013 Offrez bien plus qu\u2019un cadeau, offrez un moment. Avec ce pack sp\u00e9cial F\u00eate des M\u00e8res, invitez-la \u00e0 s\u2019offrir une parenth\u00e8se gourmande et inspirante lors d\u2019un atelier culinaire, o\u00f9 plaisir, transmission et convivialit\u00e9 sont au rendez-vous.\" \/>\n<meta name=\"robots\" content=\"index, follow, max-snippet:-1, max-image-preview:large, max-video-preview:-1\" \/>\n<link rel=\"canonical\" href=\"https:\/\/www.carole-equeter.com\/en\/product\/pack-fetes-des-meres-bon-cadeau-livre-dedicace\/\" \/>\n<meta property=\"og:locale\" content=\"en_GB\" \/>\n<meta property=\"og:type\" content=\"article\" \/>\n<meta property=\"og:title\" content=\"Pack F\u00eates des M\u00e8res - Bon cadeau + livre d\u00e9dicac\u00e9 - Carole Equeter\" \/>\n<meta property=\"og:description\" content=\"Pack F\u00eate des M\u00e8res \u2013 Offrez bien plus qu\u2019un cadeau, offrez un moment. Avec ce pack sp\u00e9cial F\u00eate des M\u00e8res, invitez-la \u00e0 s\u2019offrir une parenth\u00e8se gourmande et inspirante lors d\u2019un atelier culinaire, o\u00f9 plaisir, transmission et convivialit\u00e9 sont au rendez-vous.\" \/>\n<meta property=\"og:url\" content=\"https:\/\/www.carole-equeter.com\/en\/product\/pack-fetes-des-meres-bon-cadeau-livre-dedicace\/\" \/>\n<meta property=\"og:site_name\" content=\"Carole Equeter\" \/>\n<meta property=\"article:modified_time\" content=\"2026-04-09T09:17:37+00:00\" \/>\n<meta property=\"og:image\" content=\"https:\/\/www.carole-equeter.com\/wp-content\/uploads\/2026\/04\/Carole-Equeter-Pack-cheque-cadeau-livre.jpeg\" \/>\n\t<meta property=\"og:image:width\" content=\"2048\" \/>\n\t<meta property=\"og:image:height\" content=\"2048\" \/>\n\t<meta property=\"og:image:type\" content=\"image\/jpeg\" \/>\n<meta name=\"twitter:card\" content=\"summary_large_image\" \/>\n<meta name=\"twitter:label1\" content=\"Estimated reading time\" \/>\n\t<meta name=\"twitter:data1\" content=\"2 minutes\" \/>\n<script type=\"application\/ld+json\" class=\"yoast-schema-graph\">{\"@context\":\"https:\/\/schema.org\",\"@graph\":[{\"@type\":\"WebPage\",\"@id\":\"https:\/\/www.carole-equeter.com\/produit\/pack-fetes-des-meres-bon-cadeau-livre-dedicace\/\",\"url\":\"https:\/\/www.carole-equeter.com\/produit\/pack-fetes-des-meres-bon-cadeau-livre-dedicace\/\",\"name\":\"Pack F\u00eates des M\u00e8res - Bon cadeau + livre d\u00e9dicac\u00e9 - Carole Equeter\",\"isPartOf\":{\"@id\":\"https:\/\/www.carole-equeter.com\/#website\"},\"primaryImageOfPage\":{\"@id\":\"https:\/\/www.carole-equeter.com\/produit\/pack-fetes-des-meres-bon-cadeau-livre-dedicace\/#primaryimage\"},\"image\":{\"@id\":\"https:\/\/www.carole-equeter.com\/produit\/pack-fetes-des-meres-bon-cadeau-livre-dedicace\/#primaryimage\"},\"thumbnailUrl\":\"https:\/\/www.carole-equeter.com\/wp-content\/uploads\/2026\/04\/Carole-Equeter-Pack-cheque-cadeau-livre.jpeg\",\"datePublished\":\"2026-04-09T09:02:14+00:00\",\"dateModified\":\"2026-04-09T09:17:37+00:00\",\"description\":\"Pack F\u00eate des M\u00e8res \u2013 Offrez bien plus qu\u2019un cadeau, offrez un moment. Avec ce pack sp\u00e9cial F\u00eate des M\u00e8res, invitez-la \u00e0 s\u2019offrir une parenth\u00e8se gourmande et inspirante lors d\u2019un atelier culinaire, o\u00f9 plaisir, transmission et convivialit\u00e9 sont au rendez-vous.\",\"breadcrumb\":{\"@id\":\"https:\/\/www.carole-equeter.com\/produit\/pack-fetes-des-meres-bon-cadeau-livre-dedicace\/#breadcrumb\"},\"inLanguage\":\"en-GB\",\"potentialAction\":[{\"@type\":\"ReadAction\",\"target\":[\"https:\/\/www.carole-equeter.com\/produit\/pack-fetes-des-meres-bon-cadeau-livre-dedicace\/\"]}]},{\"@type\":\"ImageObject\",\"inLanguage\":\"en-GB\",\"@id\":\"https:\/\/www.carole-equeter.com\/produit\/pack-fetes-des-meres-bon-cadeau-livre-dedicace\/#primaryimage\",\"url\":\"https:\/\/www.carole-equeter.com\/wp-content\/uploads\/2026\/04\/Carole-Equeter-Pack-cheque-cadeau-livre.jpeg\",\"contentUrl\":\"https:\/\/www.carole-equeter.com\/wp-content\/uploads\/2026\/04\/Carole-Equeter-Pack-cheque-cadeau-livre.jpeg\",\"width\":2048,\"height\":2048},{\"@type\":\"BreadcrumbList\",\"@id\":\"https:\/\/www.carole-equeter.com\/produit\/pack-fetes-des-meres-bon-cadeau-livre-dedicace\/#breadcrumb\",\"itemListElement\":[{\"@type\":\"ListItem\",\"position\":1,\"name\":\"Accueil\",\"item\":\"https:\/\/www.carole-equeter.com\/\"},{\"@type\":\"ListItem\",\"position\":2,\"name\":\"Boutique\",\"item\":\"https:\/\/www.carole-equeter.com\/boutique\/\"},{\"@type\":\"ListItem\",\"position\":3,\"name\":\"Pack F\u00eates des M\u00e8res &#8211; Bon cadeau + livre d\u00e9dicac\u00e9\"}]},{\"@type\":\"WebSite\",\"@id\":\"https:\/\/www.carole-equeter.com\/#website\",\"url\":\"https:\/\/www.carole-equeter.com\/\",\"name\":\"Carole Equeter\",\"description\":\"En cuisine avec Carole Equeter, \u2026 et une pinc\u00e9e de science\",\"publisher\":{\"@id\":\"https:\/\/www.carole-equeter.com\/#organization\"},\"potentialAction\":[{\"@type\":\"SearchAction\",\"target\":{\"@type\":\"EntryPoint\",\"urlTemplate\":\"https:\/\/www.carole-equeter.com\/?s={search_term_string}\"},\"query-input\":{\"@type\":\"PropertyValueSpecification\",\"valueRequired\":true,\"valueName\":\"search_term_string\"}}],\"inLanguage\":\"en-GB\"},{\"@type\":\"Organization\",\"@id\":\"https:\/\/www.carole-equeter.com\/#organization\",\"name\":\"Carole Equeter\",\"url\":\"https:\/\/www.carole-equeter.com\/\",\"logo\":{\"@type\":\"ImageObject\",\"inLanguage\":\"en-GB\",\"@id\":\"https:\/\/www.carole-equeter.com\/#\/schema\/logo\/image\/\",\"url\":\"https:\/\/www.carole-equeter.com\/wp-content\/uploads\/2025\/10\/favicon.png\",\"contentUrl\":\"https:\/\/www.carole-equeter.com\/wp-content\/uploads\/2025\/10\/favicon.png\",\"width\":512,\"height\":512,\"caption\":\"Carole Equeter\"},\"image\":{\"@id\":\"https:\/\/www.carole-equeter.com\/#\/schema\/logo\/image\/\"}}]}<\/script>\n<!-- \/ Yoast SEO plugin. -->","yoast_head_json":{"title":"Pack F\u00eates des M\u00e8res - Bon cadeau + livre d\u00e9dicac\u00e9 - Carole Equeter","description":"Pack F\u00eate des M\u00e8res \u2013 Offrez bien plus qu\u2019un cadeau, offrez un moment. Avec ce pack sp\u00e9cial F\u00eate des M\u00e8res, invitez-la \u00e0 s\u2019offrir une parenth\u00e8se gourmande et inspirante lors d\u2019un atelier culinaire, o\u00f9 plaisir, transmission et convivialit\u00e9 sont au rendez-vous.","robots":{"index":"index","follow":"follow","max-snippet":"max-snippet:-1","max-image-preview":"max-image-preview:large","max-video-preview":"max-video-preview:-1"},"canonical":"https:\/\/www.carole-equeter.com\/en\/product\/pack-fetes-des-meres-bon-cadeau-livre-dedicace\/","og_locale":"en_GB","og_type":"article","og_title":"Pack F\u00eates des M\u00e8res - Bon cadeau + livre d\u00e9dicac\u00e9 - Carole Equeter","og_description":"Pack F\u00eate des M\u00e8res \u2013 Offrez bien plus qu\u2019un cadeau, offrez un moment. Avec ce pack sp\u00e9cial F\u00eate des M\u00e8res, invitez-la \u00e0 s\u2019offrir une parenth\u00e8se gourmande et inspirante lors d\u2019un atelier culinaire, o\u00f9 plaisir, transmission et convivialit\u00e9 sont au rendez-vous.","og_url":"https:\/\/www.carole-equeter.com\/en\/product\/pack-fetes-des-meres-bon-cadeau-livre-dedicace\/","og_site_name":"Carole Equeter","article_modified_time":"2026-04-09T09:17:37+00:00","og_image":[{"width":2048,"height":2048,"url":"https:\/\/www.carole-equeter.com\/wp-content\/uploads\/2026\/04\/Carole-Equeter-Pack-cheque-cadeau-livre.jpeg","type":"image\/jpeg"}],"twitter_card":"summary_large_image","twitter_misc":{"Estimated reading time":"2 minutes"},"schema":{"@context":"https:\/\/schema.org","@graph":[{"@type":"WebPage","@id":"https:\/\/www.carole-equeter.com\/produit\/pack-fetes-des-meres-bon-cadeau-livre-dedicace\/","url":"https:\/\/www.carole-equeter.com\/produit\/pack-fetes-des-meres-bon-cadeau-livre-dedicace\/","name":"Pack F\u00eates des M\u00e8res - Bon cadeau + livre d\u00e9dicac\u00e9 - Carole Equeter","isPartOf":{"@id":"https:\/\/www.carole-equeter.com\/#website"},"primaryImageOfPage":{"@id":"https:\/\/www.carole-equeter.com\/produit\/pack-fetes-des-meres-bon-cadeau-livre-dedicace\/#primaryimage"},"image":{"@id":"https:\/\/www.carole-equeter.com\/produit\/pack-fetes-des-meres-bon-cadeau-livre-dedicace\/#primaryimage"},"thumbnailUrl":"https:\/\/www.carole-equeter.com\/wp-content\/uploads\/2026\/04\/Carole-Equeter-Pack-cheque-cadeau-livre.jpeg","datePublished":"2026-04-09T09:02:14+00:00","dateModified":"2026-04-09T09:17:37+00:00","description":"Pack F\u00eate des M\u00e8res \u2013 Offrez bien plus qu\u2019un cadeau, offrez un moment. Avec ce pack sp\u00e9cial F\u00eate des M\u00e8res, invitez-la \u00e0 s\u2019offrir une parenth\u00e8se gourmande et inspirante lors d\u2019un atelier culinaire, o\u00f9 plaisir, transmission et convivialit\u00e9 sont au rendez-vous.","breadcrumb":{"@id":"https:\/\/www.carole-equeter.com\/produit\/pack-fetes-des-meres-bon-cadeau-livre-dedicace\/#breadcrumb"},"inLanguage":"en-GB","potentialAction":[{"@type":"ReadAction","target":["https:\/\/www.carole-equeter.com\/produit\/pack-fetes-des-meres-bon-cadeau-livre-dedicace\/"]}]},{"@type":"ImageObject","inLanguage":"en-GB","@id":"https:\/\/www.carole-equeter.com\/produit\/pack-fetes-des-meres-bon-cadeau-livre-dedicace\/#primaryimage","url":"https:\/\/www.carole-equeter.com\/wp-content\/uploads\/2026\/04\/Carole-Equeter-Pack-cheque-cadeau-livre.jpeg","contentUrl":"https:\/\/www.carole-equeter.com\/wp-content\/uploads\/2026\/04\/Carole-Equeter-Pack-cheque-cadeau-livre.jpeg","width":2048,"height":2048},{"@type":"BreadcrumbList","@id":"https:\/\/www.carole-equeter.com\/produit\/pack-fetes-des-meres-bon-cadeau-livre-dedicace\/#breadcrumb","itemListElement":[{"@type":"ListItem","position":1,"name":"Accueil","item":"https:\/\/www.carole-equeter.com\/"},{"@type":"ListItem","position":2,"name":"Boutique","item":"https:\/\/www.carole-equeter.com\/boutique\/"},{"@type":"ListItem","position":3,"name":"Pack F\u00eates des M\u00e8res &#8211; Bon cadeau + livre d\u00e9dicac\u00e9"}]},{"@type":"WebSite","@id":"https:\/\/www.carole-equeter.com\/#website","url":"https:\/\/www.carole-equeter.com\/","name":"Carole Equeter","description":"En cuisine avec Carole Equeter, \u2026 et une pinc\u00e9e de science","publisher":{"@id":"https:\/\/www.carole-equeter.com\/#organization"},"potentialAction":[{"@type":"SearchAction","target":{"@type":"EntryPoint","urlTemplate":"https:\/\/www.carole-equeter.com\/?s={search_term_string}"},"query-input":{"@type":"PropertyValueSpecification","valueRequired":true,"valueName":"search_term_string"}}],"inLanguage":"en-GB"},{"@type":"Organization","@id":"https:\/\/www.carole-equeter.com\/#organization","name":"Carole Equeter","url":"https:\/\/www.carole-equeter.com\/","logo":{"@type":"ImageObject","inLanguage":"en-GB","@id":"https:\/\/www.carole-equeter.com\/#\/schema\/logo\/image\/","url":"https:\/\/www.carole-equeter.com\/wp-content\/uploads\/2025\/10\/favicon.png","contentUrl":"https:\/\/www.carole-equeter.com\/wp-content\/uploads\/2025\/10\/favicon.png","width":512,"height":512,"caption":"Carole Equeter"},"image":{"@id":"https:\/\/www.carole-equeter.com\/#\/schema\/logo\/image\/"}}]}},"_links":{"self":[{"href":"https:\/\/www.carole-equeter.com\/en\/wp-json\/wp\/v2\/product\/2299","targetHints":{"allow":["GET"]}}],"collection":[{"href":"https:\/\/www.carole-equeter.com\/en\/wp-json\/wp\/v2\/product"}],"about":[{"href":"https:\/\/www.carole-equeter.com\/en\/wp-json\/wp\/v2\/types\/product"}],"wp:featuredmedia":[{"embeddable":true,"href":"https:\/\/www.carole-equeter.com\/en\/wp-json\/wp\/v2\/media\/2300"}],"wp:attachment":[{"href":"https:\/\/www.carole-equeter.com\/en\/wp-json\/wp\/v2\/media?parent=2299"}],"wp:term":[{"taxonomy":"product_brand","embeddable":true,"href":"https:\/\/www.carole-equeter.com\/en\/wp-json\/wp\/v2\/product_brand?post=2299"},{"taxonomy":"product_cat","embeddable":true,"href":"https:\/\/www.carole-equeter.com\/en\/wp-json\/wp\/v2\/product_cat?post=2299"},{"taxonomy":"product_tag","embeddable":true,"href":"https:\/\/www.carole-equeter.com\/en\/wp-json\/wp\/v2\/product_tag?post=2299"},{"taxonomy":"mwb_booking_people","embeddable":true,"href":"https:\/\/www.carole-equeter.com\/en\/wp-json\/wp\/v2\/mwb_booking_people?post=2299"},{"taxonomy":"mwb_booking_cost","embeddable":true,"href":"https:\/\/www.carole-equeter.com\/en\/wp-json\/wp\/v2\/mwb_booking_cost?post=2299"},{"taxonomy":"mwb_booking_service","embeddable":true,"href":"https:\/\/www.carole-equeter.com\/en\/wp-json\/wp\/v2\/mwb_booking_service?post=2299"}],"curies":[{"name":"wp","href":"https:\/\/api.w.org\/{rel}","templated":true}]}}