{"id":2346,"date":"2026-04-17T07:35:50","date_gmt":"2026-04-17T07:35:50","guid":{"rendered":"https:\/\/www.carole-equeter.com\/?post_type=product&#038;p=2346"},"modified":"2026-04-24T12:19:15","modified_gmt":"2026-04-24T12:19:15","slug":"masterclass-magie-du-levain","status":"publish","type":"product","link":"https:\/\/www.carole-equeter.com\/en\/product\/masterclass-magie-du-levain\/","title":{"rendered":"Masterclass \u00ab\u00a0Magie du levain\u00a0\u00bb"},"content":{"rendered":"<div align=\"left\">\n<h3 data-start=\"209\" data-end=\"261\"><strong data-start=\"213\" data-end=\"261\">D\u00e9couvrez la magie offerte par le Vivant!<\/strong><\/h3>\n<p data-start=\"35\" data-end=\"120\">Plongez dans l\u2019univers fascinant du levain\u2026 l\u00e0 o\u00f9 la boulangerie rencontre le vivant.<br \/>\nLe levain, c\u2019est bien plus qu\u2019un simple ingr\u00e9dient : c\u2019est l\u2019art de travailler avec des micro-organismes naturellement pr\u00e9sents dans notre environnement, de les comprendre, de les nourrir\u2026 et de leur confier la transformation de la p\u00e2te.<br data-start=\"359\" data-end=\"362\" \/>Une v\u00e9ritable magie du vivant, au c\u0153ur du pain!<\/p>\n<p data-start=\"411\" data-end=\"664\">Cette masterclass, plus technique et exigeante, s\u2019adresse aux personnes ayant d\u00e9j\u00e0 des bases en boulangerie. La panification au levain demande pr\u00e9cision, observation et sensibilit\u00e9, mais ouvre la porte \u00e0 des pains d\u2019une richesse aromatique incomparable.<\/p>\n<p data-start=\"666\" data-end=\"849\">En tant que Docteur en sciences en biologie mol\u00e9culaire, je vous propose d\u2019explorer cette mati\u00e8re passionnante en profondeur, avec une approche \u00e0 la fois rigoureuse et accessible.<\/p>\n<h3 data-start=\"705\" data-end=\"727\"><strong data-start=\"709\" data-end=\"727\">Au programme :<\/strong><\/h3>\n<ul data-start=\"729\" data-end=\"1141\">\n<li data-start=\"895\" data-end=\"985\">Comprendre ce qu\u2019est le levain et comment il fonctionne<\/li>\n<li data-start=\"895\" data-end=\"985\">Identifier les diff\u00e9rences fondamentales entre levain et levure.<\/li>\n<li data-start=\"895\" data-end=\"985\">Explorer la notion de fermentation mixte.<\/li>\n<li data-start=\"895\" data-end=\"985\">D\u00e9couvrir l\u2019autolyse et son r\u00f4le dans la structure de la p\u00e2te.<\/li>\n<li data-start=\"895\" data-end=\"985\">Apprendre \u00e0 choisir ses farines, avec un zoom sur le r\u00f4le cl\u00e9 de la farine de seigle.<\/li>\n<li data-start=\"895\" data-end=\"985\">Comprendre les b\u00e9n\u00e9fices nutritionnels des pains au levain.<\/li>\n<li data-start=\"895\" data-end=\"985\">Comprendre l\u2019impact du levain sur la conservation du pain.<\/li>\n<li data-start=\"895\" data-end=\"985\">Recevoir des conseils concrets pour r\u00e9ussir vos pains au levain \u00e0 la maison.<\/li>\n<li data-start=\"895\" data-end=\"985\">Ma\u00eetrisez la conservation et le nourrissage de votre levain<\/li>\n<\/ul>\n<h3 data-start=\"1143\" data-end=\"1173\"><strong data-start=\"1147\" data-end=\"1173\">Au menu de l\u2019atelier :<\/strong><\/h3>\n<p data-start=\"1175\" data-end=\"1321\">Cr\u00e9ation d&rsquo;un levain<br \/>\nR\u00e9alisation d&rsquo;un pain au levain traditionnel<\/p>\n<p data-start=\"1323\" data-end=\"1523\">\ud83d\udc69\u200d\ud83d\udd2c <strong data-start=\"1329\" data-end=\"1357\">Anim\u00e9 par Carole Equeter<\/strong>, Docteur en sciences, Boulanger-P\u00e2tissier et auteure de plusieurs livres dont <em data-start=\"1416\" data-end=\"1434\">Pains, mie &amp; Cie.<\/em><br data-start=\"1434\" data-end=\"1437\" \/>Une masterclass unique m\u00ealant la magie de l&rsquo;infiniment petit et le go\u00fbt des saveurs v\u00e9ritables.<\/p>\n<p data-start=\"1525\" data-end=\"1726\">\u2139\ufe0f <strong data-start=\"1528\" data-end=\"1556\">L\u2019inscription comprend :<\/strong><br data-start=\"1556\" data-end=\"1559\" \/>\u2714\ufe0f Les mati\u00e8res premi\u00e8res<br \/>\n\u2714\ufe0f Les fiches recettes et conseils<br data-start=\"1621\" data-end=\"1624\" \/>\u2714\ufe0f Les conseils personnalis\u00e9s de Carole<br data-start=\"1663\" data-end=\"1666\" \/>\u2714\ufe0f Votre pain r\u00e9alis\u00e9 durant l\u2019atelier et un p\u00e2ton \u00e0 travailler chez vous<br \/>\n\u2714\ufe0f Votre propre levain<\/p>\n<\/div>\n<div id=\"ConnectiveDocSignExtentionInstalled\" data-extension-version=\"1.0.4\"><\/div>","protected":false},"excerpt":{"rendered":"<h3 data-start=\"209\" data-end=\"261\"><strong data-start=\"213\" data-end=\"261\">D\u00e9couvrez le monde fascinant du levain !<\/strong><\/h3>\n<p data-start=\"263\" data-end=\"703\">Le levain, c\u2019est bien plus qu\u2019un simple ingr\u00e9dient : c\u2019est l\u2019art de travailler avec des micro-organismes naturellement pr\u00e9sents dans notre environnement, de les comprendre, de les nourrir\u2026 et de leur confier la transformation de la p\u00e2te.<br data-start=\"359\" data-end=\"362\" \/>Une v\u00e9ritable magie du vivant, au c\u0153ur du pain.<br \/>\nEn tant que Docteur en sciences en biologie mol\u00e9culaire, Carole vous propose d\u2019explorer cette mati\u00e8re passionnante en profondeur, avec une approche \u00e0 la fois rigoureuse et accessible.<\/p>\n<p>&nbsp;<\/p>\n<div id=\"ConnectiveDocSignExtentionInstalled\" data-extension-version=\"1.0.4\"><\/div>","protected":false},"featured_media":2349,"template":"","meta":{"_et_pb_use_builder":"","_et_pb_old_content":"","_et_gb_content_width":""},"product_brand":[],"product_cat":[26,21],"product_tag":[],"mwb_booking_people":[],"mwb_booking_cost":[],"mwb_booking_service":[],"class_list":{"0":"post-2346","1":"product","2":"type-product","3":"status-publish","4":"has-post-thumbnail","6":"product_cat-booking","7":"product_cat-formations","9":"first","10":"instock","11":"virtual","12":"taxable","13":"purchasable","14":"product-type-mwb_booking"},"yoast_head":"<!-- This site is optimized with the Yoast SEO plugin v27.2 - https:\/\/yoast.com\/product\/yoast-seo-wordpress\/ -->\n<title>Masterclass &quot;Magie du levain&quot; - Carole Equeter<\/title>\n<meta name=\"description\" content=\"Le levain, c\u2019est bien plus qu\u2019un simple ingr\u00e9dient : c\u2019est l\u2019art de travailler avec des micro-organismes naturellement pr\u00e9sents dans notre environnement, de les comprendre, de les nourrir\u2026 et de leur confier la transformation de la p\u00e2te.Une v\u00e9ritable magie du vivant, au c\u0153ur du pain \u00e0 d\u00e9couvrir avec Carole Equeter, Docteur en biologie mol\u00e9culaire et Boulanger-P\u00e2tissier\" \/>\n<meta name=\"robots\" content=\"index, follow, max-snippet:-1, max-image-preview:large, max-video-preview:-1\" \/>\n<link rel=\"canonical\" href=\"https:\/\/www.carole-equeter.com\/en\/product\/masterclass-magie-du-levain\/\" \/>\n<meta property=\"og:locale\" content=\"en_GB\" \/>\n<meta property=\"og:type\" content=\"article\" \/>\n<meta property=\"og:title\" content=\"Masterclass &quot;Magie du levain&quot; - Carole Equeter\" \/>\n<meta property=\"og:description\" content=\"Le levain, c\u2019est bien plus qu\u2019un simple ingr\u00e9dient : c\u2019est l\u2019art de travailler avec des micro-organismes naturellement pr\u00e9sents dans notre environnement, de les comprendre, de les nourrir\u2026 et de leur confier la transformation de la p\u00e2te.Une v\u00e9ritable magie du vivant, au c\u0153ur du pain \u00e0 d\u00e9couvrir avec Carole Equeter, Docteur en biologie mol\u00e9culaire et Boulanger-P\u00e2tissier\" \/>\n<meta property=\"og:url\" content=\"https:\/\/www.carole-equeter.com\/en\/product\/masterclass-magie-du-levain\/\" \/>\n<meta property=\"og:site_name\" content=\"Carole Equeter\" \/>\n<meta property=\"article:modified_time\" content=\"2026-04-24T12:19:15+00:00\" \/>\n<meta property=\"og:image\" content=\"https:\/\/www.carole-equeter.com\/wp-content\/uploads\/2026\/04\/Carole-Equeter-Pain_Levain.jpeg\" \/>\n\t<meta property=\"og:image:width\" content=\"1080\" \/>\n\t<meta property=\"og:image:height\" content=\"1080\" \/>\n\t<meta property=\"og:image:type\" content=\"image\/jpeg\" \/>\n<meta name=\"twitter:card\" content=\"summary_large_image\" \/>\n<meta name=\"twitter:label1\" content=\"Estimated reading time\" \/>\n\t<meta name=\"twitter:data1\" content=\"2 minutes\" \/>\n<script type=\"application\/ld+json\" class=\"yoast-schema-graph\">{\"@context\":\"https:\/\/schema.org\",\"@graph\":[{\"@type\":\"WebPage\",\"@id\":\"https:\/\/www.carole-equeter.com\/produit\/masterclass-magie-du-levain\/\",\"url\":\"https:\/\/www.carole-equeter.com\/produit\/masterclass-magie-du-levain\/\",\"name\":\"Masterclass \\\"Magie du levain\\\" - Carole Equeter\",\"isPartOf\":{\"@id\":\"https:\/\/www.carole-equeter.com\/en\/#website\"},\"primaryImageOfPage\":{\"@id\":\"https:\/\/www.carole-equeter.com\/produit\/masterclass-magie-du-levain\/#primaryimage\"},\"image\":{\"@id\":\"https:\/\/www.carole-equeter.com\/produit\/masterclass-magie-du-levain\/#primaryimage\"},\"thumbnailUrl\":\"https:\/\/www.carole-equeter.com\/wp-content\/uploads\/2026\/04\/Carole-Equeter-Pain_Levain.jpeg\",\"datePublished\":\"2026-04-17T07:35:50+00:00\",\"dateModified\":\"2026-04-24T12:19:15+00:00\",\"description\":\"Le levain, c\u2019est bien plus qu\u2019un simple ingr\u00e9dient : c\u2019est l\u2019art de travailler avec des micro-organismes naturellement pr\u00e9sents dans notre environnement, de les comprendre, de les nourrir\u2026 et de leur confier la transformation de la p\u00e2te.Une v\u00e9ritable magie du vivant, au c\u0153ur du pain \u00e0 d\u00e9couvrir avec Carole Equeter, Docteur en biologie mol\u00e9culaire et Boulanger-P\u00e2tissier\",\"breadcrumb\":{\"@id\":\"https:\/\/www.carole-equeter.com\/produit\/masterclass-magie-du-levain\/#breadcrumb\"},\"inLanguage\":\"en-GB\",\"potentialAction\":[{\"@type\":\"ReadAction\",\"target\":[\"https:\/\/www.carole-equeter.com\/produit\/masterclass-magie-du-levain\/\"]}]},{\"@type\":\"ImageObject\",\"inLanguage\":\"en-GB\",\"@id\":\"https:\/\/www.carole-equeter.com\/produit\/masterclass-magie-du-levain\/#primaryimage\",\"url\":\"https:\/\/www.carole-equeter.com\/wp-content\/uploads\/2026\/04\/Carole-Equeter-Pain_Levain.jpeg\",\"contentUrl\":\"https:\/\/www.carole-equeter.com\/wp-content\/uploads\/2026\/04\/Carole-Equeter-Pain_Levain.jpeg\",\"width\":1080,\"height\":1080},{\"@type\":\"BreadcrumbList\",\"@id\":\"https:\/\/www.carole-equeter.com\/produit\/masterclass-magie-du-levain\/#breadcrumb\",\"itemListElement\":[{\"@type\":\"ListItem\",\"position\":1,\"name\":\"Accueil\",\"item\":\"https:\/\/www.carole-equeter.com\/en\/\"},{\"@type\":\"ListItem\",\"position\":2,\"name\":\"Boutique\",\"item\":\"https:\/\/www.carole-equeter.com\/en\/boutique\/\"},{\"@type\":\"ListItem\",\"position\":3,\"name\":\"Masterclass \u00ab\u00a0Magie du levain\u00a0\u00bb\"}]},{\"@type\":\"WebSite\",\"@id\":\"https:\/\/www.carole-equeter.com\/en\/#website\",\"url\":\"https:\/\/www.carole-equeter.com\/en\/\",\"name\":\"Carole Equeter\",\"description\":\"En cuisine avec Carole Equeter, \u2026 et une pinc\u00e9e de science\",\"publisher\":{\"@id\":\"https:\/\/www.carole-equeter.com\/en\/#organization\"},\"potentialAction\":[{\"@type\":\"SearchAction\",\"target\":{\"@type\":\"EntryPoint\",\"urlTemplate\":\"https:\/\/www.carole-equeter.com\/en\/?s={search_term_string}\"},\"query-input\":{\"@type\":\"PropertyValueSpecification\",\"valueRequired\":true,\"valueName\":\"search_term_string\"}}],\"inLanguage\":\"en-GB\"},{\"@type\":\"Organization\",\"@id\":\"https:\/\/www.carole-equeter.com\/en\/#organization\",\"name\":\"Carole Equeter\",\"url\":\"https:\/\/www.carole-equeter.com\/en\/\",\"logo\":{\"@type\":\"ImageObject\",\"inLanguage\":\"en-GB\",\"@id\":\"https:\/\/www.carole-equeter.com\/en\/#\/schema\/logo\/image\/\",\"url\":\"https:\/\/www.carole-equeter.com\/wp-content\/uploads\/2025\/10\/favicon.png\",\"contentUrl\":\"https:\/\/www.carole-equeter.com\/wp-content\/uploads\/2025\/10\/favicon.png\",\"width\":512,\"height\":512,\"caption\":\"Carole Equeter\"},\"image\":{\"@id\":\"https:\/\/www.carole-equeter.com\/en\/#\/schema\/logo\/image\/\"}}]}<\/script>\n<!-- \/ Yoast SEO plugin. -->","yoast_head_json":{"title":"Masterclass \"Magie du levain\" - Carole Equeter","description":"Le levain, c\u2019est bien plus qu\u2019un simple ingr\u00e9dient : c\u2019est l\u2019art de travailler avec des micro-organismes naturellement pr\u00e9sents dans notre environnement, de les comprendre, de les nourrir\u2026 et de leur confier la transformation de la p\u00e2te.Une v\u00e9ritable magie du vivant, au c\u0153ur du pain \u00e0 d\u00e9couvrir avec Carole Equeter, Docteur en biologie mol\u00e9culaire et Boulanger-P\u00e2tissier","robots":{"index":"index","follow":"follow","max-snippet":"max-snippet:-1","max-image-preview":"max-image-preview:large","max-video-preview":"max-video-preview:-1"},"canonical":"https:\/\/www.carole-equeter.com\/en\/product\/masterclass-magie-du-levain\/","og_locale":"en_GB","og_type":"article","og_title":"Masterclass \"Magie du levain\" - Carole Equeter","og_description":"Le levain, c\u2019est bien plus qu\u2019un simple ingr\u00e9dient : c\u2019est l\u2019art de travailler avec des micro-organismes naturellement pr\u00e9sents dans notre environnement, de les comprendre, de les nourrir\u2026 et de leur confier la transformation de la p\u00e2te.Une v\u00e9ritable magie du vivant, au c\u0153ur du pain \u00e0 d\u00e9couvrir avec Carole Equeter, Docteur en biologie mol\u00e9culaire et Boulanger-P\u00e2tissier","og_url":"https:\/\/www.carole-equeter.com\/en\/product\/masterclass-magie-du-levain\/","og_site_name":"Carole Equeter","article_modified_time":"2026-04-24T12:19:15+00:00","og_image":[{"width":1080,"height":1080,"url":"https:\/\/www.carole-equeter.com\/wp-content\/uploads\/2026\/04\/Carole-Equeter-Pain_Levain.jpeg","type":"image\/jpeg"}],"twitter_card":"summary_large_image","twitter_misc":{"Estimated reading time":"2 minutes"},"schema":{"@context":"https:\/\/schema.org","@graph":[{"@type":"WebPage","@id":"https:\/\/www.carole-equeter.com\/produit\/masterclass-magie-du-levain\/","url":"https:\/\/www.carole-equeter.com\/produit\/masterclass-magie-du-levain\/","name":"Masterclass \"Magie du levain\" - Carole Equeter","isPartOf":{"@id":"https:\/\/www.carole-equeter.com\/en\/#website"},"primaryImageOfPage":{"@id":"https:\/\/www.carole-equeter.com\/produit\/masterclass-magie-du-levain\/#primaryimage"},"image":{"@id":"https:\/\/www.carole-equeter.com\/produit\/masterclass-magie-du-levain\/#primaryimage"},"thumbnailUrl":"https:\/\/www.carole-equeter.com\/wp-content\/uploads\/2026\/04\/Carole-Equeter-Pain_Levain.jpeg","datePublished":"2026-04-17T07:35:50+00:00","dateModified":"2026-04-24T12:19:15+00:00","description":"Le levain, c\u2019est bien plus qu\u2019un simple ingr\u00e9dient : c\u2019est l\u2019art de travailler avec des micro-organismes naturellement pr\u00e9sents dans notre environnement, de les comprendre, de les nourrir\u2026 et de leur confier la transformation de la p\u00e2te.Une v\u00e9ritable magie du vivant, au c\u0153ur du pain \u00e0 d\u00e9couvrir avec Carole Equeter, Docteur en biologie mol\u00e9culaire et Boulanger-P\u00e2tissier","breadcrumb":{"@id":"https:\/\/www.carole-equeter.com\/produit\/masterclass-magie-du-levain\/#breadcrumb"},"inLanguage":"en-GB","potentialAction":[{"@type":"ReadAction","target":["https:\/\/www.carole-equeter.com\/produit\/masterclass-magie-du-levain\/"]}]},{"@type":"ImageObject","inLanguage":"en-GB","@id":"https:\/\/www.carole-equeter.com\/produit\/masterclass-magie-du-levain\/#primaryimage","url":"https:\/\/www.carole-equeter.com\/wp-content\/uploads\/2026\/04\/Carole-Equeter-Pain_Levain.jpeg","contentUrl":"https:\/\/www.carole-equeter.com\/wp-content\/uploads\/2026\/04\/Carole-Equeter-Pain_Levain.jpeg","width":1080,"height":1080},{"@type":"BreadcrumbList","@id":"https:\/\/www.carole-equeter.com\/produit\/masterclass-magie-du-levain\/#breadcrumb","itemListElement":[{"@type":"ListItem","position":1,"name":"Accueil","item":"https:\/\/www.carole-equeter.com\/en\/"},{"@type":"ListItem","position":2,"name":"Boutique","item":"https:\/\/www.carole-equeter.com\/en\/boutique\/"},{"@type":"ListItem","position":3,"name":"Masterclass \u00ab\u00a0Magie du levain\u00a0\u00bb"}]},{"@type":"WebSite","@id":"https:\/\/www.carole-equeter.com\/en\/#website","url":"https:\/\/www.carole-equeter.com\/en\/","name":"Carole Equeter","description":"En cuisine avec Carole Equeter, \u2026 et une pinc\u00e9e de science","publisher":{"@id":"https:\/\/www.carole-equeter.com\/en\/#organization"},"potentialAction":[{"@type":"SearchAction","target":{"@type":"EntryPoint","urlTemplate":"https:\/\/www.carole-equeter.com\/en\/?s={search_term_string}"},"query-input":{"@type":"PropertyValueSpecification","valueRequired":true,"valueName":"search_term_string"}}],"inLanguage":"en-GB"},{"@type":"Organization","@id":"https:\/\/www.carole-equeter.com\/en\/#organization","name":"Carole Equeter","url":"https:\/\/www.carole-equeter.com\/en\/","logo":{"@type":"ImageObject","inLanguage":"en-GB","@id":"https:\/\/www.carole-equeter.com\/en\/#\/schema\/logo\/image\/","url":"https:\/\/www.carole-equeter.com\/wp-content\/uploads\/2025\/10\/favicon.png","contentUrl":"https:\/\/www.carole-equeter.com\/wp-content\/uploads\/2025\/10\/favicon.png","width":512,"height":512,"caption":"Carole Equeter"},"image":{"@id":"https:\/\/www.carole-equeter.com\/en\/#\/schema\/logo\/image\/"}}]}},"_links":{"self":[{"href":"https:\/\/www.carole-equeter.com\/en\/wp-json\/wp\/v2\/product\/2346","targetHints":{"allow":["GET"]}}],"collection":[{"href":"https:\/\/www.carole-equeter.com\/en\/wp-json\/wp\/v2\/product"}],"about":[{"href":"https:\/\/www.carole-equeter.com\/en\/wp-json\/wp\/v2\/types\/product"}],"wp:featuredmedia":[{"embeddable":true,"href":"https:\/\/www.carole-equeter.com\/en\/wp-json\/wp\/v2\/media\/2349"}],"wp:attachment":[{"href":"https:\/\/www.carole-equeter.com\/en\/wp-json\/wp\/v2\/media?parent=2346"}],"wp:term":[{"taxonomy":"product_brand","embeddable":true,"href":"https:\/\/www.carole-equeter.com\/en\/wp-json\/wp\/v2\/product_brand?post=2346"},{"taxonomy":"product_cat","embeddable":true,"href":"https:\/\/www.carole-equeter.com\/en\/wp-json\/wp\/v2\/product_cat?post=2346"},{"taxonomy":"product_tag","embeddable":true,"href":"https:\/\/www.carole-equeter.com\/en\/wp-json\/wp\/v2\/product_tag?post=2346"},{"taxonomy":"mwb_booking_people","embeddable":true,"href":"https:\/\/www.carole-equeter.com\/en\/wp-json\/wp\/v2\/mwb_booking_people?post=2346"},{"taxonomy":"mwb_booking_cost","embeddable":true,"href":"https:\/\/www.carole-equeter.com\/en\/wp-json\/wp\/v2\/mwb_booking_cost?post=2346"},{"taxonomy":"mwb_booking_service","embeddable":true,"href":"https:\/\/www.carole-equeter.com\/en\/wp-json\/wp\/v2\/mwb_booking_service?post=2346"}],"curies":[{"name":"wp","href":"https:\/\/api.w.org\/{rel}","templated":true}]}}