{"id":2435,"date":"2026-05-05T05:45:16","date_gmt":"2026-05-05T05:45:16","guid":{"rendered":"https:\/\/www.carole-equeter.com\/?post_type=product&#038;p=2435"},"modified":"2026-05-05T05:54:27","modified_gmt":"2026-05-05T05:54:27","slug":"pelle-athtarte","status":"publish","type":"product","link":"https:\/\/www.carole-equeter.com\/en\/product\/pelle-athtarte\/","title":{"rendered":"Pelle Ath&rsquo;tarte"},"content":{"rendered":"<div align=\"left\">\n<div align=\"left\">\n<p data-start=\"143\" data-end=\"200\"><strong data-start=\"143\" data-end=\"200\">La Pelle Ath\u2019tarte \u2013 L\u2019\u00e9l\u00e9gance au service du partage<\/strong><\/p>\n<p data-start=\"202\" data-end=\"302\">Offrez bien plus qu\u2019un simple accessoire : offrez un objet qui sublime chaque moment de d\u00e9gustation.<br \/>\nLa Pelle Ath\u2019tarte s\u00e9duit par ses lignes \u00e9pur\u00e9es et son design intemporel. Pens\u00e9e comme un v\u00e9ritable objet de table, elle allie finesse, \u00e9quilibre et raffinement pour servir tartes, g\u00e2teaux et desserts avec \u00e9l\u00e9gance.<\/p>\n<p data-start=\"522\" data-end=\"796\">Fabriqu\u00e9e en Belgique par <strong data-start=\"548\" data-end=\"570\">Eternum \u00e0 Gembloux<\/strong>, dernier acteur de la coutellerie belge, elle incarne un savoir-faire d\u2019exception et une qualit\u00e9 irr\u00e9prochable. Chaque pi\u00e8ce est con\u00e7ue avec exigence, pour durer dans le temps et accompagner vos plus beaux instants gourmands.<\/p>\n<p data-start=\"798\" data-end=\"935\">Son d\u00e9tail signature, d\u00e9licatement grav\u00e9, lui conf\u00e8re une identit\u00e9 unique et en fait un cadeau id\u00e9al, \u00e0 la fois utile et porteur de sens.<br \/>\nQue ce soit pour notre Ducasse d&rsquo;Ath, un anniversaire, une f\u00eate ou simplement pour se faire plaisir, la Pelle Ath\u2019tarte est l\u2019alli\u00e9e parfaite des amateurs de belles tables et de moments partag\u00e9s.<\/p>\n<p>Possibilit\u00e9 d&rsquo;enl\u00e8vement gratuit \u00e0 Moulbaix. Envoyez un mail \u00e0 carole.e@carole-equeter.com<\/p>\n<\/div>\n<\/div>\n<div id=\"ConnectiveDocSignExtentionInstalled\" data-extension-version=\"1.0.4\"><\/div>","protected":false},"excerpt":{"rendered":"<p class=\"translation-block\">Avec ce calot, vous misez sur la praticit\u00e9, l\u2019\u00e9l\u00e9gance et l\u2019hygi\u00e8ne : la combinaison parfaite pour cuisiner comme un vrai pro !<\/p>\n<div id=\"ConnectiveDocSignExtentionInstalled\" data-extension-version=\"1.0.4\"><\/div>","protected":false},"featured_media":2436,"template":"","meta":{"_et_pb_use_builder":"","_et_pb_old_content":"","_et_gb_content_width":""},"product_brand":[],"product_cat":[22],"product_tag":[23,24],"mwb_booking_people":[],"mwb_booking_cost":[],"mwb_booking_service":[],"class_list":{"0":"post-2435","1":"product","2":"type-product","3":"status-publish","4":"has-post-thumbnail","6":"product_cat-goodies","7":"product_tag-livre","8":"product_tag-recette","9":"product_shipping_class-tablier","11":"first","12":"instock","13":"taxable","14":"shipping-taxable","15":"purchasable","16":"product-type-simple"},"yoast_head":"<!-- This site is optimized with the Yoast SEO plugin v27.2 - https:\/\/yoast.com\/product\/yoast-seo-wordpress\/ -->\n<title>Pelle Ath&#039;tarte - Carole Equeter<\/title>\n<meta name=\"description\" content=\"La Pelle Ath\u2019tarte s\u00e9duit par ses lignes \u00e9pur\u00e9es et son design intemporel. Pens\u00e9e comme un v\u00e9ritable objet de table, elle allie finesse, \u00e9quilibre et raffinement pour servir tartes, g\u00e2teaux et desserts avec \u00e9l\u00e9gance.\" \/>\n<meta name=\"robots\" content=\"index, follow, max-snippet:-1, max-image-preview:large, max-video-preview:-1\" \/>\n<link rel=\"canonical\" href=\"https:\/\/www.carole-equeter.com\/en\/product\/pelle-athtarte\/\" \/>\n<meta property=\"og:locale\" content=\"en_GB\" \/>\n<meta property=\"og:type\" content=\"article\" \/>\n<meta property=\"og:title\" content=\"Pelle Ath&#039;tarte - Carole Equeter\" \/>\n<meta property=\"og:description\" content=\"La Pelle Ath\u2019tarte s\u00e9duit par ses lignes \u00e9pur\u00e9es et son design intemporel. Pens\u00e9e comme un v\u00e9ritable objet de table, elle allie finesse, \u00e9quilibre et raffinement pour servir tartes, g\u00e2teaux et desserts avec \u00e9l\u00e9gance.\" \/>\n<meta property=\"og:url\" content=\"https:\/\/www.carole-equeter.com\/en\/product\/pelle-athtarte\/\" \/>\n<meta property=\"og:site_name\" content=\"Carole Equeter\" \/>\n<meta property=\"article:modified_time\" content=\"2026-05-05T05:54:27+00:00\" \/>\n<meta property=\"og:image\" content=\"https:\/\/www.carole-equeter.com\/wp-content\/uploads\/2026\/05\/Pelle-Ath-Tarte-2025.jpg\" \/>\n\t<meta property=\"og:image:width\" content=\"2028\" \/>\n\t<meta property=\"og:image:height\" content=\"2048\" \/>\n\t<meta property=\"og:image:type\" content=\"image\/jpeg\" \/>\n<meta name=\"twitter:card\" content=\"summary_large_image\" \/>\n<meta name=\"twitter:label1\" content=\"Estimated reading time\" \/>\n\t<meta name=\"twitter:data1\" content=\"2 minutes\" \/>\n<script type=\"application\/ld+json\" class=\"yoast-schema-graph\">{\"@context\":\"https:\/\/schema.org\",\"@graph\":[{\"@type\":\"WebPage\",\"@id\":\"https:\/\/www.carole-equeter.com\/produit\/pelle-athtarte\/\",\"url\":\"https:\/\/www.carole-equeter.com\/produit\/pelle-athtarte\/\",\"name\":\"Pelle Ath'tarte - Carole Equeter\",\"isPartOf\":{\"@id\":\"https:\/\/www.carole-equeter.com\/#website\"},\"primaryImageOfPage\":{\"@id\":\"https:\/\/www.carole-equeter.com\/produit\/pelle-athtarte\/#primaryimage\"},\"image\":{\"@id\":\"https:\/\/www.carole-equeter.com\/produit\/pelle-athtarte\/#primaryimage\"},\"thumbnailUrl\":\"https:\/\/www.carole-equeter.com\/wp-content\/uploads\/2026\/05\/Pelle-Ath-Tarte-2025.jpg\",\"datePublished\":\"2026-05-05T05:45:16+00:00\",\"dateModified\":\"2026-05-05T05:54:27+00:00\",\"description\":\"La Pelle Ath\u2019tarte s\u00e9duit par ses lignes \u00e9pur\u00e9es et son design intemporel. Pens\u00e9e comme un v\u00e9ritable objet de table, elle allie finesse, \u00e9quilibre et raffinement pour servir tartes, g\u00e2teaux et desserts avec \u00e9l\u00e9gance.\",\"breadcrumb\":{\"@id\":\"https:\/\/www.carole-equeter.com\/produit\/pelle-athtarte\/#breadcrumb\"},\"inLanguage\":\"en-GB\",\"potentialAction\":[{\"@type\":\"ReadAction\",\"target\":[\"https:\/\/www.carole-equeter.com\/produit\/pelle-athtarte\/\"]}]},{\"@type\":\"ImageObject\",\"inLanguage\":\"en-GB\",\"@id\":\"https:\/\/www.carole-equeter.com\/produit\/pelle-athtarte\/#primaryimage\",\"url\":\"https:\/\/www.carole-equeter.com\/wp-content\/uploads\/2026\/05\/Pelle-Ath-Tarte-2025.jpg\",\"contentUrl\":\"https:\/\/www.carole-equeter.com\/wp-content\/uploads\/2026\/05\/Pelle-Ath-Tarte-2025.jpg\",\"width\":2028,\"height\":2048},{\"@type\":\"BreadcrumbList\",\"@id\":\"https:\/\/www.carole-equeter.com\/produit\/pelle-athtarte\/#breadcrumb\",\"itemListElement\":[{\"@type\":\"ListItem\",\"position\":1,\"name\":\"Accueil\",\"item\":\"https:\/\/www.carole-equeter.com\/\"},{\"@type\":\"ListItem\",\"position\":2,\"name\":\"Boutique\",\"item\":\"https:\/\/www.carole-equeter.com\/boutique\/\"},{\"@type\":\"ListItem\",\"position\":3,\"name\":\"Pelle Ath&rsquo;tarte\"}]},{\"@type\":\"WebSite\",\"@id\":\"https:\/\/www.carole-equeter.com\/#website\",\"url\":\"https:\/\/www.carole-equeter.com\/\",\"name\":\"Carole Equeter\",\"description\":\"En cuisine avec Carole Equeter, \u2026 et une pinc\u00e9e de science\",\"publisher\":{\"@id\":\"https:\/\/www.carole-equeter.com\/#organization\"},\"potentialAction\":[{\"@type\":\"SearchAction\",\"target\":{\"@type\":\"EntryPoint\",\"urlTemplate\":\"https:\/\/www.carole-equeter.com\/?s={search_term_string}\"},\"query-input\":{\"@type\":\"PropertyValueSpecification\",\"valueRequired\":true,\"valueName\":\"search_term_string\"}}],\"inLanguage\":\"en-GB\"},{\"@type\":\"Organization\",\"@id\":\"https:\/\/www.carole-equeter.com\/#organization\",\"name\":\"Carole Equeter\",\"url\":\"https:\/\/www.carole-equeter.com\/\",\"logo\":{\"@type\":\"ImageObject\",\"inLanguage\":\"en-GB\",\"@id\":\"https:\/\/www.carole-equeter.com\/#\/schema\/logo\/image\/\",\"url\":\"https:\/\/www.carole-equeter.com\/wp-content\/uploads\/2025\/10\/favicon.png\",\"contentUrl\":\"https:\/\/www.carole-equeter.com\/wp-content\/uploads\/2025\/10\/favicon.png\",\"width\":512,\"height\":512,\"caption\":\"Carole Equeter\"},\"image\":{\"@id\":\"https:\/\/www.carole-equeter.com\/#\/schema\/logo\/image\/\"}}]}<\/script>\n<!-- \/ Yoast SEO plugin. -->","yoast_head_json":{"title":"Pelle Ath'tarte - Carole Equeter","description":"La Pelle Ath\u2019tarte s\u00e9duit par ses lignes \u00e9pur\u00e9es et son design intemporel. Pens\u00e9e comme un v\u00e9ritable objet de table, elle allie finesse, \u00e9quilibre et raffinement pour servir tartes, g\u00e2teaux et desserts avec \u00e9l\u00e9gance.","robots":{"index":"index","follow":"follow","max-snippet":"max-snippet:-1","max-image-preview":"max-image-preview:large","max-video-preview":"max-video-preview:-1"},"canonical":"https:\/\/www.carole-equeter.com\/en\/product\/pelle-athtarte\/","og_locale":"en_GB","og_type":"article","og_title":"Pelle Ath'tarte - Carole Equeter","og_description":"La Pelle Ath\u2019tarte s\u00e9duit par ses lignes \u00e9pur\u00e9es et son design intemporel. Pens\u00e9e comme un v\u00e9ritable objet de table, elle allie finesse, \u00e9quilibre et raffinement pour servir tartes, g\u00e2teaux et desserts avec \u00e9l\u00e9gance.","og_url":"https:\/\/www.carole-equeter.com\/en\/product\/pelle-athtarte\/","og_site_name":"Carole Equeter","article_modified_time":"2026-05-05T05:54:27+00:00","og_image":[{"width":2028,"height":2048,"url":"https:\/\/www.carole-equeter.com\/wp-content\/uploads\/2026\/05\/Pelle-Ath-Tarte-2025.jpg","type":"image\/jpeg"}],"twitter_card":"summary_large_image","twitter_misc":{"Estimated reading time":"2 minutes"},"schema":{"@context":"https:\/\/schema.org","@graph":[{"@type":"WebPage","@id":"https:\/\/www.carole-equeter.com\/produit\/pelle-athtarte\/","url":"https:\/\/www.carole-equeter.com\/produit\/pelle-athtarte\/","name":"Pelle Ath'tarte - Carole Equeter","isPartOf":{"@id":"https:\/\/www.carole-equeter.com\/#website"},"primaryImageOfPage":{"@id":"https:\/\/www.carole-equeter.com\/produit\/pelle-athtarte\/#primaryimage"},"image":{"@id":"https:\/\/www.carole-equeter.com\/produit\/pelle-athtarte\/#primaryimage"},"thumbnailUrl":"https:\/\/www.carole-equeter.com\/wp-content\/uploads\/2026\/05\/Pelle-Ath-Tarte-2025.jpg","datePublished":"2026-05-05T05:45:16+00:00","dateModified":"2026-05-05T05:54:27+00:00","description":"La Pelle Ath\u2019tarte s\u00e9duit par ses lignes \u00e9pur\u00e9es et son design intemporel. Pens\u00e9e comme un v\u00e9ritable objet de table, elle allie finesse, \u00e9quilibre et raffinement pour servir tartes, g\u00e2teaux et desserts avec \u00e9l\u00e9gance.","breadcrumb":{"@id":"https:\/\/www.carole-equeter.com\/produit\/pelle-athtarte\/#breadcrumb"},"inLanguage":"en-GB","potentialAction":[{"@type":"ReadAction","target":["https:\/\/www.carole-equeter.com\/produit\/pelle-athtarte\/"]}]},{"@type":"ImageObject","inLanguage":"en-GB","@id":"https:\/\/www.carole-equeter.com\/produit\/pelle-athtarte\/#primaryimage","url":"https:\/\/www.carole-equeter.com\/wp-content\/uploads\/2026\/05\/Pelle-Ath-Tarte-2025.jpg","contentUrl":"https:\/\/www.carole-equeter.com\/wp-content\/uploads\/2026\/05\/Pelle-Ath-Tarte-2025.jpg","width":2028,"height":2048},{"@type":"BreadcrumbList","@id":"https:\/\/www.carole-equeter.com\/produit\/pelle-athtarte\/#breadcrumb","itemListElement":[{"@type":"ListItem","position":1,"name":"Accueil","item":"https:\/\/www.carole-equeter.com\/"},{"@type":"ListItem","position":2,"name":"Boutique","item":"https:\/\/www.carole-equeter.com\/boutique\/"},{"@type":"ListItem","position":3,"name":"Pelle Ath&rsquo;tarte"}]},{"@type":"WebSite","@id":"https:\/\/www.carole-equeter.com\/#website","url":"https:\/\/www.carole-equeter.com\/","name":"Carole Equeter","description":"En cuisine avec Carole Equeter, \u2026 et une pinc\u00e9e de science","publisher":{"@id":"https:\/\/www.carole-equeter.com\/#organization"},"potentialAction":[{"@type":"SearchAction","target":{"@type":"EntryPoint","urlTemplate":"https:\/\/www.carole-equeter.com\/?s={search_term_string}"},"query-input":{"@type":"PropertyValueSpecification","valueRequired":true,"valueName":"search_term_string"}}],"inLanguage":"en-GB"},{"@type":"Organization","@id":"https:\/\/www.carole-equeter.com\/#organization","name":"Carole Equeter","url":"https:\/\/www.carole-equeter.com\/","logo":{"@type":"ImageObject","inLanguage":"en-GB","@id":"https:\/\/www.carole-equeter.com\/#\/schema\/logo\/image\/","url":"https:\/\/www.carole-equeter.com\/wp-content\/uploads\/2025\/10\/favicon.png","contentUrl":"https:\/\/www.carole-equeter.com\/wp-content\/uploads\/2025\/10\/favicon.png","width":512,"height":512,"caption":"Carole Equeter"},"image":{"@id":"https:\/\/www.carole-equeter.com\/#\/schema\/logo\/image\/"}}]}},"_links":{"self":[{"href":"https:\/\/www.carole-equeter.com\/en\/wp-json\/wp\/v2\/product\/2435","targetHints":{"allow":["GET"]}}],"collection":[{"href":"https:\/\/www.carole-equeter.com\/en\/wp-json\/wp\/v2\/product"}],"about":[{"href":"https:\/\/www.carole-equeter.com\/en\/wp-json\/wp\/v2\/types\/product"}],"wp:featuredmedia":[{"embeddable":true,"href":"https:\/\/www.carole-equeter.com\/en\/wp-json\/wp\/v2\/media\/2436"}],"wp:attachment":[{"href":"https:\/\/www.carole-equeter.com\/en\/wp-json\/wp\/v2\/media?parent=2435"}],"wp:term":[{"taxonomy":"product_brand","embeddable":true,"href":"https:\/\/www.carole-equeter.com\/en\/wp-json\/wp\/v2\/product_brand?post=2435"},{"taxonomy":"product_cat","embeddable":true,"href":"https:\/\/www.carole-equeter.com\/en\/wp-json\/wp\/v2\/product_cat?post=2435"},{"taxonomy":"product_tag","embeddable":true,"href":"https:\/\/www.carole-equeter.com\/en\/wp-json\/wp\/v2\/product_tag?post=2435"},{"taxonomy":"mwb_booking_people","embeddable":true,"href":"https:\/\/www.carole-equeter.com\/en\/wp-json\/wp\/v2\/mwb_booking_people?post=2435"},{"taxonomy":"mwb_booking_cost","embeddable":true,"href":"https:\/\/www.carole-equeter.com\/en\/wp-json\/wp\/v2\/mwb_booking_cost?post=2435"},{"taxonomy":"mwb_booking_service","embeddable":true,"href":"https:\/\/www.carole-equeter.com\/en\/wp-json\/wp\/v2\/mwb_booking_service?post=2435"}],"curies":[{"name":"wp","href":"https:\/\/api.w.org\/{rel}","templated":true}]}}