{"id":345,"date":"2025-08-28T07:29:38","date_gmt":"2025-08-28T07:29:38","guid":{"rendered":"https:\/\/carole.jaimonsite.be\/?post_type=product&#038;p=345"},"modified":"2026-03-30T18:52:36","modified_gmt":"2026-03-30T18:52:36","slug":"livre-recettes-meli-melo-en-cuisine","status":"publish","type":"product","link":"https:\/\/www.carole-equeter.com\/en\/product\/livre-recettes-meli-melo-en-cuisine\/","title":{"rendered":"Livre M\u00e9li-M\u00e9lo en cuisine &#8211; SOLD OUT"},"content":{"rendered":"<p>Associer la gourmandise \u00e0 la magie des sciences, voici ce que vous propose ce livre.<br \/>\nSimples sans \u00eatre simplistes, ses 40 recettes sont une invitation du fait-maison \u00e0 votre table au quotidien. Ses cinq chapitres y propose un m\u00e9li-m\u00e9lo de saveurs : petites saveurs sal\u00e9es, fast-food maison, plats, desserts et produits de boulangerie.<br \/>\nVotre soif de connaissances sera combl\u00e9e gr\u00e2ce \u00e0 dix carnets de science th\u00e9matiques et aux pinc\u00e9es de science qui, \u00e0 chaque recette, vous feront d\u00e9couvrir un de ses ingr\u00e9dients ou mettra en lumi\u00e8re son alchimie\u2026 le tout, en toute simplicit\u00e9 et accessible \u00e0 tous pour \u00e9pater les copains!<\/p>\n<p>Docteur en Science, Carole Equeter saupoudre vos gestes quotidiens de ses pinc\u00e9es de science en toute simplicit\u00e9 pour un quotidien malin.<\/p>\n<p><strong>Caract\u00e9ristiques techniques:<\/strong><br \/>\n40 recettes<br \/>\n40 pinc\u00e9es de sciences<br \/>\n10 carnets de sciences<br \/>\n5 chapitres: les petites saveurs sal\u00e9es, fast-food home-made, \u00e0 table!, d\u00e9lices sucr\u00e9s, comme chez le boulanger<br \/>\n160 pages<br \/>\nFormat 20cm x 20 cm<\/p>","protected":false},"excerpt":{"rendered":"<p>Simples sans \u00eatre simplistes, ses 40 recettes sont une invitation du fait-maison \u00e0 votre table au quotidien. Ses cinq chapitres y propose un m\u00e9li-m\u00e9lo de saveurs : petites saveurs sal\u00e9es, fast-food maison, plats, desserts et produits de boulangerie.<\/p>","protected":false},"featured_media":653,"template":"","meta":{"_et_pb_use_builder":"","_et_pb_old_content":"","_et_gb_content_width":""},"product_brand":[],"product_cat":[20],"product_tag":[23,24],"mwb_booking_people":[],"mwb_booking_cost":[],"mwb_booking_service":[],"class_list":{"0":"post-345","1":"product","2":"type-product","3":"status-publish","4":"has-post-thumbnail","6":"product_cat-livres","7":"product_tag-livre","8":"product_tag-recette","9":"product_shipping_class-livre","11":"first","12":"outofstock","13":"taxable","14":"shipping-taxable","15":"purchasable","16":"product-type-simple"},"yoast_head":"<!-- This site is optimized with the Yoast SEO plugin v27.2 - https:\/\/yoast.com\/product\/yoast-seo-wordpress\/ -->\n<title>Livre M\u00e9li-M\u00e9lo en cuisine - SOLD OUT - Carole Equeter<\/title>\n<meta name=\"robots\" content=\"index, follow, max-snippet:-1, max-image-preview:large, max-video-preview:-1\" \/>\n<link rel=\"canonical\" href=\"https:\/\/www.carole-equeter.com\/en\/product\/livre-recettes-meli-melo-en-cuisine\/\" \/>\n<meta property=\"og:locale\" content=\"en_GB\" \/>\n<meta property=\"og:type\" content=\"article\" \/>\n<meta property=\"og:title\" content=\"Livre M\u00e9li-M\u00e9lo en cuisine - SOLD OUT - Carole Equeter\" \/>\n<meta property=\"og:description\" content=\"Simples sans \u00eatre simplistes, ses 40 recettes sont une invitation du fait-maison \u00e0 votre table au quotidien. Ses cinq chapitres y propose un m\u00e9li-m\u00e9lo de saveurs : petites saveurs sal\u00e9es, fast-food maison, plats, desserts et produits de boulangerie.\" \/>\n<meta property=\"og:url\" content=\"https:\/\/www.carole-equeter.com\/en\/product\/livre-recettes-meli-melo-en-cuisine\/\" \/>\n<meta property=\"og:site_name\" content=\"Carole Equeter\" \/>\n<meta property=\"article:modified_time\" content=\"2026-03-30T18:52:36+00:00\" \/>\n<meta property=\"og:image\" content=\"https:\/\/www.carole-equeter.com\/wp-content\/uploads\/2025\/09\/carole-equeter-livre-meli-melo-en-cuisine-1024x1024.png\" \/>\n\t<meta property=\"og:image:width\" content=\"1024\" \/>\n\t<meta property=\"og:image:height\" content=\"1024\" \/>\n\t<meta property=\"og:image:type\" content=\"image\/png\" \/>\n<meta name=\"twitter:card\" content=\"summary_large_image\" \/>\n<meta name=\"twitter:label1\" content=\"Estimated reading time\" \/>\n\t<meta name=\"twitter:data1\" content=\"1 minute\" \/>\n<script type=\"application\/ld+json\" class=\"yoast-schema-graph\">{\"@context\":\"https:\/\/schema.org\",\"@graph\":[{\"@type\":\"WebPage\",\"@id\":\"https:\/\/www.carole-equeter.com\/produit\/livre-recettes-meli-melo-en-cuisine\/\",\"url\":\"https:\/\/www.carole-equeter.com\/produit\/livre-recettes-meli-melo-en-cuisine\/\",\"name\":\"Livre M\u00e9li-M\u00e9lo en cuisine - SOLD OUT - Carole Equeter\",\"isPartOf\":{\"@id\":\"https:\/\/www.carole-equeter.com\/#website\"},\"primaryImageOfPage\":{\"@id\":\"https:\/\/www.carole-equeter.com\/produit\/livre-recettes-meli-melo-en-cuisine\/#primaryimage\"},\"image\":{\"@id\":\"https:\/\/www.carole-equeter.com\/produit\/livre-recettes-meli-melo-en-cuisine\/#primaryimage\"},\"thumbnailUrl\":\"https:\/\/www.carole-equeter.com\/wp-content\/uploads\/2025\/09\/carole-equeter-livre-meli-melo-en-cuisine.png\",\"datePublished\":\"2025-08-28T07:29:38+00:00\",\"dateModified\":\"2026-03-30T18:52:36+00:00\",\"breadcrumb\":{\"@id\":\"https:\/\/www.carole-equeter.com\/produit\/livre-recettes-meli-melo-en-cuisine\/#breadcrumb\"},\"inLanguage\":\"en-GB\",\"potentialAction\":[{\"@type\":\"ReadAction\",\"target\":[\"https:\/\/www.carole-equeter.com\/produit\/livre-recettes-meli-melo-en-cuisine\/\"]}]},{\"@type\":\"ImageObject\",\"inLanguage\":\"en-GB\",\"@id\":\"https:\/\/www.carole-equeter.com\/produit\/livre-recettes-meli-melo-en-cuisine\/#primaryimage\",\"url\":\"https:\/\/www.carole-equeter.com\/wp-content\/uploads\/2025\/09\/carole-equeter-livre-meli-melo-en-cuisine.png\",\"contentUrl\":\"https:\/\/www.carole-equeter.com\/wp-content\/uploads\/2025\/09\/carole-equeter-livre-meli-melo-en-cuisine.png\",\"width\":1600,\"height\":1600},{\"@type\":\"BreadcrumbList\",\"@id\":\"https:\/\/www.carole-equeter.com\/produit\/livre-recettes-meli-melo-en-cuisine\/#breadcrumb\",\"itemListElement\":[{\"@type\":\"ListItem\",\"position\":1,\"name\":\"Accueil\",\"item\":\"https:\/\/www.carole-equeter.com\/\"},{\"@type\":\"ListItem\",\"position\":2,\"name\":\"Boutique\",\"item\":\"https:\/\/www.carole-equeter.com\/boutique\/\"},{\"@type\":\"ListItem\",\"position\":3,\"name\":\"Livre M\u00e9li-M\u00e9lo en cuisine &#8211; SOLD OUT\"}]},{\"@type\":\"WebSite\",\"@id\":\"https:\/\/www.carole-equeter.com\/#website\",\"url\":\"https:\/\/www.carole-equeter.com\/\",\"name\":\"Carole Equeter\",\"description\":\"En cuisine avec Carole Equeter, \u2026 et une pinc\u00e9e de science\",\"publisher\":{\"@id\":\"https:\/\/www.carole-equeter.com\/#organization\"},\"potentialAction\":[{\"@type\":\"SearchAction\",\"target\":{\"@type\":\"EntryPoint\",\"urlTemplate\":\"https:\/\/www.carole-equeter.com\/?s={search_term_string}\"},\"query-input\":{\"@type\":\"PropertyValueSpecification\",\"valueRequired\":true,\"valueName\":\"search_term_string\"}}],\"inLanguage\":\"en-GB\"},{\"@type\":\"Organization\",\"@id\":\"https:\/\/www.carole-equeter.com\/#organization\",\"name\":\"Carole Equeter\",\"url\":\"https:\/\/www.carole-equeter.com\/\",\"logo\":{\"@type\":\"ImageObject\",\"inLanguage\":\"en-GB\",\"@id\":\"https:\/\/www.carole-equeter.com\/#\/schema\/logo\/image\/\",\"url\":\"https:\/\/www.carole-equeter.com\/wp-content\/uploads\/2025\/10\/favicon.png\",\"contentUrl\":\"https:\/\/www.carole-equeter.com\/wp-content\/uploads\/2025\/10\/favicon.png\",\"width\":512,\"height\":512,\"caption\":\"Carole Equeter\"},\"image\":{\"@id\":\"https:\/\/www.carole-equeter.com\/#\/schema\/logo\/image\/\"}}]}<\/script>\n<!-- \/ Yoast SEO plugin. -->","yoast_head_json":{"title":"Livre M\u00e9li-M\u00e9lo en cuisine - SOLD OUT - Carole Equeter","robots":{"index":"index","follow":"follow","max-snippet":"max-snippet:-1","max-image-preview":"max-image-preview:large","max-video-preview":"max-video-preview:-1"},"canonical":"https:\/\/www.carole-equeter.com\/en\/product\/livre-recettes-meli-melo-en-cuisine\/","og_locale":"en_GB","og_type":"article","og_title":"Livre M\u00e9li-M\u00e9lo en cuisine - SOLD OUT - Carole Equeter","og_description":"Simples sans \u00eatre simplistes, ses 40 recettes sont une invitation du fait-maison \u00e0 votre table au quotidien. Ses cinq chapitres y propose un m\u00e9li-m\u00e9lo de saveurs : petites saveurs sal\u00e9es, fast-food maison, plats, desserts et produits de boulangerie.","og_url":"https:\/\/www.carole-equeter.com\/en\/product\/livre-recettes-meli-melo-en-cuisine\/","og_site_name":"Carole Equeter","article_modified_time":"2026-03-30T18:52:36+00:00","og_image":[{"width":1024,"height":1024,"url":"https:\/\/www.carole-equeter.com\/wp-content\/uploads\/2025\/09\/carole-equeter-livre-meli-melo-en-cuisine-1024x1024.png","type":"image\/png"}],"twitter_card":"summary_large_image","twitter_misc":{"Estimated reading time":"1 minute"},"schema":{"@context":"https:\/\/schema.org","@graph":[{"@type":"WebPage","@id":"https:\/\/www.carole-equeter.com\/produit\/livre-recettes-meli-melo-en-cuisine\/","url":"https:\/\/www.carole-equeter.com\/produit\/livre-recettes-meli-melo-en-cuisine\/","name":"Livre M\u00e9li-M\u00e9lo en cuisine - SOLD OUT - Carole Equeter","isPartOf":{"@id":"https:\/\/www.carole-equeter.com\/#website"},"primaryImageOfPage":{"@id":"https:\/\/www.carole-equeter.com\/produit\/livre-recettes-meli-melo-en-cuisine\/#primaryimage"},"image":{"@id":"https:\/\/www.carole-equeter.com\/produit\/livre-recettes-meli-melo-en-cuisine\/#primaryimage"},"thumbnailUrl":"https:\/\/www.carole-equeter.com\/wp-content\/uploads\/2025\/09\/carole-equeter-livre-meli-melo-en-cuisine.png","datePublished":"2025-08-28T07:29:38+00:00","dateModified":"2026-03-30T18:52:36+00:00","breadcrumb":{"@id":"https:\/\/www.carole-equeter.com\/produit\/livre-recettes-meli-melo-en-cuisine\/#breadcrumb"},"inLanguage":"en-GB","potentialAction":[{"@type":"ReadAction","target":["https:\/\/www.carole-equeter.com\/produit\/livre-recettes-meli-melo-en-cuisine\/"]}]},{"@type":"ImageObject","inLanguage":"en-GB","@id":"https:\/\/www.carole-equeter.com\/produit\/livre-recettes-meli-melo-en-cuisine\/#primaryimage","url":"https:\/\/www.carole-equeter.com\/wp-content\/uploads\/2025\/09\/carole-equeter-livre-meli-melo-en-cuisine.png","contentUrl":"https:\/\/www.carole-equeter.com\/wp-content\/uploads\/2025\/09\/carole-equeter-livre-meli-melo-en-cuisine.png","width":1600,"height":1600},{"@type":"BreadcrumbList","@id":"https:\/\/www.carole-equeter.com\/produit\/livre-recettes-meli-melo-en-cuisine\/#breadcrumb","itemListElement":[{"@type":"ListItem","position":1,"name":"Accueil","item":"https:\/\/www.carole-equeter.com\/"},{"@type":"ListItem","position":2,"name":"Boutique","item":"https:\/\/www.carole-equeter.com\/boutique\/"},{"@type":"ListItem","position":3,"name":"Livre M\u00e9li-M\u00e9lo en cuisine &#8211; SOLD OUT"}]},{"@type":"WebSite","@id":"https:\/\/www.carole-equeter.com\/#website","url":"https:\/\/www.carole-equeter.com\/","name":"Carole Equeter","description":"En cuisine avec Carole Equeter, \u2026 et une pinc\u00e9e de science","publisher":{"@id":"https:\/\/www.carole-equeter.com\/#organization"},"potentialAction":[{"@type":"SearchAction","target":{"@type":"EntryPoint","urlTemplate":"https:\/\/www.carole-equeter.com\/?s={search_term_string}"},"query-input":{"@type":"PropertyValueSpecification","valueRequired":true,"valueName":"search_term_string"}}],"inLanguage":"en-GB"},{"@type":"Organization","@id":"https:\/\/www.carole-equeter.com\/#organization","name":"Carole Equeter","url":"https:\/\/www.carole-equeter.com\/","logo":{"@type":"ImageObject","inLanguage":"en-GB","@id":"https:\/\/www.carole-equeter.com\/#\/schema\/logo\/image\/","url":"https:\/\/www.carole-equeter.com\/wp-content\/uploads\/2025\/10\/favicon.png","contentUrl":"https:\/\/www.carole-equeter.com\/wp-content\/uploads\/2025\/10\/favicon.png","width":512,"height":512,"caption":"Carole Equeter"},"image":{"@id":"https:\/\/www.carole-equeter.com\/#\/schema\/logo\/image\/"}}]}},"_links":{"self":[{"href":"https:\/\/www.carole-equeter.com\/en\/wp-json\/wp\/v2\/product\/345","targetHints":{"allow":["GET"]}}],"collection":[{"href":"https:\/\/www.carole-equeter.com\/en\/wp-json\/wp\/v2\/product"}],"about":[{"href":"https:\/\/www.carole-equeter.com\/en\/wp-json\/wp\/v2\/types\/product"}],"wp:featuredmedia":[{"embeddable":true,"href":"https:\/\/www.carole-equeter.com\/en\/wp-json\/wp\/v2\/media\/653"}],"wp:attachment":[{"href":"https:\/\/www.carole-equeter.com\/en\/wp-json\/wp\/v2\/media?parent=345"}],"wp:term":[{"taxonomy":"product_brand","embeddable":true,"href":"https:\/\/www.carole-equeter.com\/en\/wp-json\/wp\/v2\/product_brand?post=345"},{"taxonomy":"product_cat","embeddable":true,"href":"https:\/\/www.carole-equeter.com\/en\/wp-json\/wp\/v2\/product_cat?post=345"},{"taxonomy":"product_tag","embeddable":true,"href":"https:\/\/www.carole-equeter.com\/en\/wp-json\/wp\/v2\/product_tag?post=345"},{"taxonomy":"mwb_booking_people","embeddable":true,"href":"https:\/\/www.carole-equeter.com\/en\/wp-json\/wp\/v2\/mwb_booking_people?post=345"},{"taxonomy":"mwb_booking_cost","embeddable":true,"href":"https:\/\/www.carole-equeter.com\/en\/wp-json\/wp\/v2\/mwb_booking_cost?post=345"},{"taxonomy":"mwb_booking_service","embeddable":true,"href":"https:\/\/www.carole-equeter.com\/en\/wp-json\/wp\/v2\/mwb_booking_service?post=345"}],"curies":[{"name":"wp","href":"https:\/\/api.w.org\/{rel}","templated":true}]}}