{"id":347,"date":"2025-08-28T07:39:51","date_gmt":"2025-08-28T07:39:51","guid":{"rendered":"https:\/\/carole.jaimonsite.be\/?post_type=product&#038;p=347"},"modified":"2025-10-22T16:29:54","modified_gmt":"2025-10-22T16:29:54","slug":"livre-recettes-pain-mie-cie","status":"publish","type":"product","link":"https:\/\/www.carole-equeter.com\/en\/product\/livre-recettes-pain-mie-cie\/","title":{"rendered":"Livre Pains, mie et Cie"},"content":{"rendered":"<p>Avec ce livre, d\u00e9couvrez comment r\u00e9aliser simplement et comme un v\u00e9ritable boulanger pains et viennoiseries. Gr\u00e2ce aux quatre chapitres, il y en aura pour tous les go\u00fbts et toutes les occasions. Autant d\u2019opportunit\u00e9s pour laisser entrer chez vous l\u2019odeur app\u00e9tissante du pain fra\u00eechement cuit.<br \/>\nCe deuxi\u00e8me volume de la collection \u00abUne pinc\u00e9e de science au quotidien\u00bb,<br \/>\nvous permet de cuisiner malin mais aussi de d\u00e9couvrir et comprendre la magie de la panification. De mani\u00e8re ludique, par pinc\u00e9es et au travers de huit carnets th\u00e9matiques, plus rien n\u2019aura de secret pour vous depuis le grain de bl\u00e9 jusqu\u2019au produit de boulangerie.<br \/>\nR\u00e9galez-vous!<\/p>\n<p>Docteur en Science, Carole Equeter saupoudre vos gestes quotidiens de ses pinc\u00e9es de science en toute simplicit\u00e9 pour un quotidien malin.<br \/>\nSp\u00e9cialiste de la meunerie, Caroline Dhaenens partage avec vous une passion et un savoir-faire acquis sur plusieurs g\u00e9n\u00e9rations.<\/p>\n<p><strong>Caract\u00e9ristiques techniques:<\/strong><br \/>\n40 recettes<br \/>\n4 chapitres:<br \/>\n&#8211; Tradition du fournil<br \/>\n&#8211; Pains d\u2019ailleurs<br \/>\n&#8211; D\u00e9jeuner sur l\u2019herbe<br \/>\n&#8211; Douces viennoiseries<br \/>\n8 carnets de science th\u00e9matiques<br \/>\n38 pinc\u00e9es de science<br \/>\n144 pages<br \/>\nFormat 20cm x 20 cm<\/p>\n<div id=\"ConnectiveDocSignExtentionInstalled\" data-extension-version=\"1.0.4\"><\/div>","protected":false},"excerpt":{"rendered":"<p>Avec ce livre, d\u00e9couvrez comment r\u00e9aliser simplement et comme un v\u00e9ritable boulanger pains et viennoiseries.<\/p>\n<div id=\"ConnectiveDocSignExtentionInstalled\" data-extension-version=\"1.0.4\"><\/div>","protected":false},"featured_media":654,"template":"","meta":{"_et_pb_use_builder":"","_et_pb_old_content":"","_et_gb_content_width":""},"product_brand":[],"product_cat":[20],"product_tag":[23,24],"mwb_booking_people":[],"mwb_booking_cost":[],"mwb_booking_service":[],"class_list":{"0":"post-347","1":"product","2":"type-product","3":"status-publish","4":"has-post-thumbnail","6":"product_cat-livres","7":"product_tag-livre","8":"product_tag-recette","9":"product_shipping_class-livre","11":"first","12":"instock","13":"taxable","14":"shipping-taxable","15":"purchasable","16":"product-type-simple"},"yoast_head":"<!-- This site is optimized with the Yoast SEO plugin v27.2 - https:\/\/yoast.com\/product\/yoast-seo-wordpress\/ -->\n<title>Livre Pains, mie et Cie - Carole Equeter<\/title>\n<meta name=\"description\" content=\"\u00c9veillez le petit boulanger qui sommeille en vous gr\u00e2ce au livre de Carole Equeter. Un ouvrage qui a d\u00e9j\u00e0 s\u00e9duit plusieurs milliers de lecteur.\" \/>\n<meta name=\"robots\" content=\"index, follow, max-snippet:-1, max-image-preview:large, max-video-preview:-1\" \/>\n<link rel=\"canonical\" href=\"https:\/\/www.carole-equeter.com\/en\/product\/livre-recettes-pain-mie-cie\/\" \/>\n<meta property=\"og:locale\" content=\"en_GB\" \/>\n<meta property=\"og:type\" content=\"article\" \/>\n<meta property=\"og:title\" content=\"Livre Pains, mie et Cie - Carole Equeter\" \/>\n<meta property=\"og:description\" content=\"\u00c9veillez le petit boulanger qui sommeille en vous gr\u00e2ce au livre de Carole Equeter. Un ouvrage qui a d\u00e9j\u00e0 s\u00e9duit plusieurs milliers de lecteur.\" \/>\n<meta property=\"og:url\" content=\"https:\/\/www.carole-equeter.com\/en\/product\/livre-recettes-pain-mie-cie\/\" \/>\n<meta property=\"og:site_name\" content=\"Carole Equeter\" \/>\n<meta property=\"article:modified_time\" content=\"2025-10-22T16:29:54+00:00\" \/>\n<meta property=\"og:image\" content=\"https:\/\/www.carole-equeter.com\/wp-content\/uploads\/2025\/09\/carole-equeter-livre-pains-mie-cie-1024x1024.png\" \/>\n\t<meta property=\"og:image:width\" content=\"1024\" \/>\n\t<meta property=\"og:image:height\" content=\"1024\" \/>\n\t<meta property=\"og:image:type\" content=\"image\/png\" \/>\n<meta name=\"twitter:card\" content=\"summary_large_image\" \/>\n<meta name=\"twitter:label1\" content=\"Estimated reading time\" \/>\n\t<meta name=\"twitter:data1\" content=\"2 minutes\" \/>\n<script type=\"application\/ld+json\" class=\"yoast-schema-graph\">{\"@context\":\"https:\/\/schema.org\",\"@graph\":[{\"@type\":\"WebPage\",\"@id\":\"https:\/\/www.carole-equeter.com\/produit\/livre-recettes-pain-mie-cie\/\",\"url\":\"https:\/\/www.carole-equeter.com\/produit\/livre-recettes-pain-mie-cie\/\",\"name\":\"Livre Pains, mie et Cie - Carole Equeter\",\"isPartOf\":{\"@id\":\"https:\/\/www.carole-equeter.com\/#website\"},\"primaryImageOfPage\":{\"@id\":\"https:\/\/www.carole-equeter.com\/produit\/livre-recettes-pain-mie-cie\/#primaryimage\"},\"image\":{\"@id\":\"https:\/\/www.carole-equeter.com\/produit\/livre-recettes-pain-mie-cie\/#primaryimage\"},\"thumbnailUrl\":\"https:\/\/www.carole-equeter.com\/wp-content\/uploads\/2025\/09\/carole-equeter-livre-pains-mie-cie.png\",\"datePublished\":\"2025-08-28T07:39:51+00:00\",\"dateModified\":\"2025-10-22T16:29:54+00:00\",\"description\":\"\u00c9veillez le petit boulanger qui sommeille en vous gr\u00e2ce au livre de Carole Equeter. Un ouvrage qui a d\u00e9j\u00e0 s\u00e9duit plusieurs milliers de lecteur.\",\"breadcrumb\":{\"@id\":\"https:\/\/www.carole-equeter.com\/produit\/livre-recettes-pain-mie-cie\/#breadcrumb\"},\"inLanguage\":\"en-GB\",\"potentialAction\":[{\"@type\":\"ReadAction\",\"target\":[\"https:\/\/www.carole-equeter.com\/produit\/livre-recettes-pain-mie-cie\/\"]}]},{\"@type\":\"ImageObject\",\"inLanguage\":\"en-GB\",\"@id\":\"https:\/\/www.carole-equeter.com\/produit\/livre-recettes-pain-mie-cie\/#primaryimage\",\"url\":\"https:\/\/www.carole-equeter.com\/wp-content\/uploads\/2025\/09\/carole-equeter-livre-pains-mie-cie.png\",\"contentUrl\":\"https:\/\/www.carole-equeter.com\/wp-content\/uploads\/2025\/09\/carole-equeter-livre-pains-mie-cie.png\",\"width\":1600,\"height\":1600},{\"@type\":\"BreadcrumbList\",\"@id\":\"https:\/\/www.carole-equeter.com\/produit\/livre-recettes-pain-mie-cie\/#breadcrumb\",\"itemListElement\":[{\"@type\":\"ListItem\",\"position\":1,\"name\":\"Accueil\",\"item\":\"https:\/\/www.carole-equeter.com\/\"},{\"@type\":\"ListItem\",\"position\":2,\"name\":\"Boutique\",\"item\":\"https:\/\/www.carole-equeter.com\/boutique\/\"},{\"@type\":\"ListItem\",\"position\":3,\"name\":\"Livre Pains, mie et Cie\"}]},{\"@type\":\"WebSite\",\"@id\":\"https:\/\/www.carole-equeter.com\/#website\",\"url\":\"https:\/\/www.carole-equeter.com\/\",\"name\":\"Carole Equeter\",\"description\":\"En cuisine avec Carole Equeter, \u2026 et une pinc\u00e9e de science\",\"publisher\":{\"@id\":\"https:\/\/www.carole-equeter.com\/#organization\"},\"potentialAction\":[{\"@type\":\"SearchAction\",\"target\":{\"@type\":\"EntryPoint\",\"urlTemplate\":\"https:\/\/www.carole-equeter.com\/?s={search_term_string}\"},\"query-input\":{\"@type\":\"PropertyValueSpecification\",\"valueRequired\":true,\"valueName\":\"search_term_string\"}}],\"inLanguage\":\"en-GB\"},{\"@type\":\"Organization\",\"@id\":\"https:\/\/www.carole-equeter.com\/#organization\",\"name\":\"Carole Equeter\",\"url\":\"https:\/\/www.carole-equeter.com\/\",\"logo\":{\"@type\":\"ImageObject\",\"inLanguage\":\"en-GB\",\"@id\":\"https:\/\/www.carole-equeter.com\/#\/schema\/logo\/image\/\",\"url\":\"https:\/\/www.carole-equeter.com\/wp-content\/uploads\/2025\/10\/favicon.png\",\"contentUrl\":\"https:\/\/www.carole-equeter.com\/wp-content\/uploads\/2025\/10\/favicon.png\",\"width\":512,\"height\":512,\"caption\":\"Carole Equeter\"},\"image\":{\"@id\":\"https:\/\/www.carole-equeter.com\/#\/schema\/logo\/image\/\"}}]}<\/script>\n<!-- \/ Yoast SEO plugin. -->","yoast_head_json":{"title":"Livre Pains, mie et Cie - Carole Equeter","description":"\u00c9veillez le petit boulanger qui sommeille en vous gr\u00e2ce au livre de Carole Equeter. Un ouvrage qui a d\u00e9j\u00e0 s\u00e9duit plusieurs milliers de lecteur.","robots":{"index":"index","follow":"follow","max-snippet":"max-snippet:-1","max-image-preview":"max-image-preview:large","max-video-preview":"max-video-preview:-1"},"canonical":"https:\/\/www.carole-equeter.com\/en\/product\/livre-recettes-pain-mie-cie\/","og_locale":"en_GB","og_type":"article","og_title":"Livre Pains, mie et Cie - Carole Equeter","og_description":"\u00c9veillez le petit boulanger qui sommeille en vous gr\u00e2ce au livre de Carole Equeter. Un ouvrage qui a d\u00e9j\u00e0 s\u00e9duit plusieurs milliers de lecteur.","og_url":"https:\/\/www.carole-equeter.com\/en\/product\/livre-recettes-pain-mie-cie\/","og_site_name":"Carole Equeter","article_modified_time":"2025-10-22T16:29:54+00:00","og_image":[{"width":1024,"height":1024,"url":"https:\/\/www.carole-equeter.com\/wp-content\/uploads\/2025\/09\/carole-equeter-livre-pains-mie-cie-1024x1024.png","type":"image\/png"}],"twitter_card":"summary_large_image","twitter_misc":{"Estimated reading time":"2 minutes"},"schema":{"@context":"https:\/\/schema.org","@graph":[{"@type":"WebPage","@id":"https:\/\/www.carole-equeter.com\/produit\/livre-recettes-pain-mie-cie\/","url":"https:\/\/www.carole-equeter.com\/produit\/livre-recettes-pain-mie-cie\/","name":"Livre Pains, mie et Cie - Carole Equeter","isPartOf":{"@id":"https:\/\/www.carole-equeter.com\/#website"},"primaryImageOfPage":{"@id":"https:\/\/www.carole-equeter.com\/produit\/livre-recettes-pain-mie-cie\/#primaryimage"},"image":{"@id":"https:\/\/www.carole-equeter.com\/produit\/livre-recettes-pain-mie-cie\/#primaryimage"},"thumbnailUrl":"https:\/\/www.carole-equeter.com\/wp-content\/uploads\/2025\/09\/carole-equeter-livre-pains-mie-cie.png","datePublished":"2025-08-28T07:39:51+00:00","dateModified":"2025-10-22T16:29:54+00:00","description":"\u00c9veillez le petit boulanger qui sommeille en vous gr\u00e2ce au livre de Carole Equeter. Un ouvrage qui a d\u00e9j\u00e0 s\u00e9duit plusieurs milliers de lecteur.","breadcrumb":{"@id":"https:\/\/www.carole-equeter.com\/produit\/livre-recettes-pain-mie-cie\/#breadcrumb"},"inLanguage":"en-GB","potentialAction":[{"@type":"ReadAction","target":["https:\/\/www.carole-equeter.com\/produit\/livre-recettes-pain-mie-cie\/"]}]},{"@type":"ImageObject","inLanguage":"en-GB","@id":"https:\/\/www.carole-equeter.com\/produit\/livre-recettes-pain-mie-cie\/#primaryimage","url":"https:\/\/www.carole-equeter.com\/wp-content\/uploads\/2025\/09\/carole-equeter-livre-pains-mie-cie.png","contentUrl":"https:\/\/www.carole-equeter.com\/wp-content\/uploads\/2025\/09\/carole-equeter-livre-pains-mie-cie.png","width":1600,"height":1600},{"@type":"BreadcrumbList","@id":"https:\/\/www.carole-equeter.com\/produit\/livre-recettes-pain-mie-cie\/#breadcrumb","itemListElement":[{"@type":"ListItem","position":1,"name":"Accueil","item":"https:\/\/www.carole-equeter.com\/"},{"@type":"ListItem","position":2,"name":"Boutique","item":"https:\/\/www.carole-equeter.com\/boutique\/"},{"@type":"ListItem","position":3,"name":"Livre Pains, mie et Cie"}]},{"@type":"WebSite","@id":"https:\/\/www.carole-equeter.com\/#website","url":"https:\/\/www.carole-equeter.com\/","name":"Carole Equeter","description":"En cuisine avec Carole Equeter, \u2026 et une pinc\u00e9e de science","publisher":{"@id":"https:\/\/www.carole-equeter.com\/#organization"},"potentialAction":[{"@type":"SearchAction","target":{"@type":"EntryPoint","urlTemplate":"https:\/\/www.carole-equeter.com\/?s={search_term_string}"},"query-input":{"@type":"PropertyValueSpecification","valueRequired":true,"valueName":"search_term_string"}}],"inLanguage":"en-GB"},{"@type":"Organization","@id":"https:\/\/www.carole-equeter.com\/#organization","name":"Carole Equeter","url":"https:\/\/www.carole-equeter.com\/","logo":{"@type":"ImageObject","inLanguage":"en-GB","@id":"https:\/\/www.carole-equeter.com\/#\/schema\/logo\/image\/","url":"https:\/\/www.carole-equeter.com\/wp-content\/uploads\/2025\/10\/favicon.png","contentUrl":"https:\/\/www.carole-equeter.com\/wp-content\/uploads\/2025\/10\/favicon.png","width":512,"height":512,"caption":"Carole Equeter"},"image":{"@id":"https:\/\/www.carole-equeter.com\/#\/schema\/logo\/image\/"}}]}},"_links":{"self":[{"href":"https:\/\/www.carole-equeter.com\/en\/wp-json\/wp\/v2\/product\/347","targetHints":{"allow":["GET"]}}],"collection":[{"href":"https:\/\/www.carole-equeter.com\/en\/wp-json\/wp\/v2\/product"}],"about":[{"href":"https:\/\/www.carole-equeter.com\/en\/wp-json\/wp\/v2\/types\/product"}],"wp:featuredmedia":[{"embeddable":true,"href":"https:\/\/www.carole-equeter.com\/en\/wp-json\/wp\/v2\/media\/654"}],"wp:attachment":[{"href":"https:\/\/www.carole-equeter.com\/en\/wp-json\/wp\/v2\/media?parent=347"}],"wp:term":[{"taxonomy":"product_brand","embeddable":true,"href":"https:\/\/www.carole-equeter.com\/en\/wp-json\/wp\/v2\/product_brand?post=347"},{"taxonomy":"product_cat","embeddable":true,"href":"https:\/\/www.carole-equeter.com\/en\/wp-json\/wp\/v2\/product_cat?post=347"},{"taxonomy":"product_tag","embeddable":true,"href":"https:\/\/www.carole-equeter.com\/en\/wp-json\/wp\/v2\/product_tag?post=347"},{"taxonomy":"mwb_booking_people","embeddable":true,"href":"https:\/\/www.carole-equeter.com\/en\/wp-json\/wp\/v2\/mwb_booking_people?post=347"},{"taxonomy":"mwb_booking_cost","embeddable":true,"href":"https:\/\/www.carole-equeter.com\/en\/wp-json\/wp\/v2\/mwb_booking_cost?post=347"},{"taxonomy":"mwb_booking_service","embeddable":true,"href":"https:\/\/www.carole-equeter.com\/en\/wp-json\/wp\/v2\/mwb_booking_service?post=347"}],"curies":[{"name":"wp","href":"https:\/\/api.w.org\/{rel}","templated":true}]}}