{"id":351,"date":"2025-08-28T07:43:29","date_gmt":"2025-08-28T07:43:29","guid":{"rendered":"https:\/\/carole.jaimonsite.be\/?post_type=product&#038;p=351"},"modified":"2025-10-23T13:27:04","modified_gmt":"2025-10-23T13:27:04","slug":"livre-tout-un-fromage","status":"publish","type":"product","link":"https:\/\/www.carole-equeter.com\/en\/product\/livre-tout-un-fromage\/","title":{"rendered":"Livre Tout un fromage ! &#8211; SOLD OUT"},"content":{"rendered":"<div align=\"left\"><em>Pr\u00e9face d&rsquo;Eric Boschman<\/em><\/div>\n<div><\/div>\n<div align=\"left\">Avec ce livre, invitez la tradition fromag\u00e8re dans votre cuisine tout en l\u00e9g\u00e8ret\u00e9.\u00a0 Gr\u00e2ce aux 40 recettes r\u00e9parties en\u00a0 quatre chapitres, d\u00e9couvrez ou red\u00e9couvrez la saveur des fromages dans des r\u00e9alisations simples et surprenantes.<\/div>\n<div><\/div>\n<div align=\"left\">Ce troisi\u00e8me volume de la collection \u00abUne pinc\u00e9e de science au quotidien\u00bb vous permettra de cuisiner malin, mais aussi de d\u00e9couvrir et comprendre la magie qui se cache au c\u0153ur du fromage. De mani\u00e8re ludique, par pinc\u00e9es et au travers huit carnets th\u00e9matiques (La production de lait, L\u2019\u0153uvre des microorganismes, L\u2019art de l\u2019affinage, Le fromage et l\u2019\u00e9quilibre alimentaire, Intol\u00e9rance et allergies, \u2026) plus rien n\u2019aura de secret pour vous depuis l\u2019\u00e9table jusqu\u2019\u00e0 votre assiette. Et parce que les plaisirs de la table passent aussi par le verre, suivez les conseils de Jacquy pour des accords tout en harmonie.<\/div>\n<div align=\"left\"><span style=\"color: #333333; font-size: 22px;\"><br \/>\nUn livre pour cuisiner malin<\/span><\/div>\n<div align=\"left\">\n<div><\/div>\n<div>Carole saupoudre de sa pinc\u00e9e de science les recettes afin d\u2019expliquer un de ses ingr\u00e9dients ou l\u2019alchimie de celle-ci.<\/div>\n<div align=\"left\">Gr\u00e2ce \u00e0 ce livre, vous trouverez r\u00e9ponses \u00e0 des questions telles que:<\/div>\n<div align=\"left\">Comment fabrique-t-on le fromage? D&rsquo;o\u00f9 viennent les trous dans le Gruy\u00e8re? Peut-on manger du fromage en cas d&rsquo;intol\u00e9rance au lactose? Qu&rsquo;apporte l&rsquo;affinage? Toutes les cro\u00fbtes peuvent-elles \u00eatre consomm\u00e9es?&#8230;<\/div>\n<div><\/div>\n<div align=\"left\">\u2022 40 recettes<\/div>\n<div align=\"left\">\u2022 4 chapitres<\/div>\n<div align=\"left\">\u00a0 \u00a0 \u00a0 \u00a0 Petits creux<\/div>\n<div align=\"left\">\u00a0 \u00a0 \u00a0 \u00a0 Sur le pouce<\/div>\n<div align=\"left\">\u00a0 \u00a0 \u00a0 \u00a0 A table!<\/div>\n<div align=\"left\">\u00a0 \u00a0 \u00a0 \u00a0 Encore une petite faim<\/div>\n<div align=\"left\">\u2022 8 carnets de science th\u00e9matiques<\/div>\n<div align=\"left\">\u2022 40 pinc\u00e9es de science<\/div>\n<\/div>\n<div id=\"ConnectiveDocSignExtentionInstalled\" data-extension-version=\"1.0.4\"><\/div>","protected":false},"excerpt":{"rendered":"<p>Avec ce livre, invitez la tradition fromag\u00e8re dans votre cuisine tout en l\u00e9g\u00e8ret\u00e9.<\/p>\n<div id=\"ConnectiveDocSignExtentionInstalled\" data-extension-version=\"1.0.4\"><\/div>","protected":false},"featured_media":659,"template":"","meta":{"_et_pb_use_builder":"","_et_pb_old_content":"","_et_gb_content_width":""},"product_brand":[],"product_cat":[20],"product_tag":[23,24],"mwb_booking_people":[],"mwb_booking_cost":[],"mwb_booking_service":[],"class_list":{"0":"post-351","1":"product","2":"type-product","3":"status-publish","4":"has-post-thumbnail","6":"product_cat-livres","7":"product_tag-livre","8":"product_tag-recette","9":"product_shipping_class-livre","11":"first","12":"outofstock","13":"taxable","14":"shipping-taxable","15":"purchasable","16":"product-type-simple"},"yoast_head":"<!-- This site is optimized with the Yoast SEO plugin v27.2 - https:\/\/yoast.com\/product\/yoast-seo-wordpress\/ -->\n<title>Livre Tout un fromage ! - SOLD OUT - Carole Equeter<\/title>\n<meta name=\"robots\" content=\"index, follow, max-snippet:-1, max-image-preview:large, max-video-preview:-1\" \/>\n<link rel=\"canonical\" href=\"https:\/\/www.carole-equeter.com\/en\/product\/livre-tout-un-fromage\/\" \/>\n<meta property=\"og:locale\" content=\"en_GB\" \/>\n<meta property=\"og:type\" content=\"article\" \/>\n<meta property=\"og:title\" content=\"Livre Tout un fromage ! - SOLD OUT - Carole Equeter\" \/>\n<meta property=\"og:description\" content=\"Avec ce livre, invitez la tradition fromag\u00e8re dans votre cuisine tout en l\u00e9g\u00e8ret\u00e9.\" \/>\n<meta property=\"og:url\" content=\"https:\/\/www.carole-equeter.com\/en\/product\/livre-tout-un-fromage\/\" \/>\n<meta property=\"og:site_name\" content=\"Carole Equeter\" \/>\n<meta property=\"article:modified_time\" content=\"2025-10-23T13:27:04+00:00\" \/>\n<meta property=\"og:image\" content=\"https:\/\/www.carole-equeter.com\/wp-content\/uploads\/2025\/09\/carole-equeter-livre-tout-un-fromage-1024x1024.png\" \/>\n\t<meta property=\"og:image:width\" content=\"1024\" \/>\n\t<meta property=\"og:image:height\" content=\"1024\" \/>\n\t<meta property=\"og:image:type\" content=\"image\/png\" \/>\n<meta name=\"twitter:card\" content=\"summary_large_image\" \/>\n<meta name=\"twitter:label1\" content=\"Estimated reading time\" \/>\n\t<meta name=\"twitter:data1\" content=\"2 minutes\" \/>\n<script type=\"application\/ld+json\" class=\"yoast-schema-graph\">{\"@context\":\"https:\/\/schema.org\",\"@graph\":[{\"@type\":\"WebPage\",\"@id\":\"https:\/\/www.carole-equeter.com\/produit\/livre-tout-un-fromage\/\",\"url\":\"https:\/\/www.carole-equeter.com\/produit\/livre-tout-un-fromage\/\",\"name\":\"Livre Tout un fromage ! - SOLD OUT - Carole Equeter\",\"isPartOf\":{\"@id\":\"https:\/\/www.carole-equeter.com\/#website\"},\"primaryImageOfPage\":{\"@id\":\"https:\/\/www.carole-equeter.com\/produit\/livre-tout-un-fromage\/#primaryimage\"},\"image\":{\"@id\":\"https:\/\/www.carole-equeter.com\/produit\/livre-tout-un-fromage\/#primaryimage\"},\"thumbnailUrl\":\"https:\/\/www.carole-equeter.com\/wp-content\/uploads\/2025\/09\/carole-equeter-livre-tout-un-fromage.png\",\"datePublished\":\"2025-08-28T07:43:29+00:00\",\"dateModified\":\"2025-10-23T13:27:04+00:00\",\"breadcrumb\":{\"@id\":\"https:\/\/www.carole-equeter.com\/produit\/livre-tout-un-fromage\/#breadcrumb\"},\"inLanguage\":\"en-GB\",\"potentialAction\":[{\"@type\":\"ReadAction\",\"target\":[\"https:\/\/www.carole-equeter.com\/produit\/livre-tout-un-fromage\/\"]}]},{\"@type\":\"ImageObject\",\"inLanguage\":\"en-GB\",\"@id\":\"https:\/\/www.carole-equeter.com\/produit\/livre-tout-un-fromage\/#primaryimage\",\"url\":\"https:\/\/www.carole-equeter.com\/wp-content\/uploads\/2025\/09\/carole-equeter-livre-tout-un-fromage.png\",\"contentUrl\":\"https:\/\/www.carole-equeter.com\/wp-content\/uploads\/2025\/09\/carole-equeter-livre-tout-un-fromage.png\",\"width\":1600,\"height\":1600},{\"@type\":\"BreadcrumbList\",\"@id\":\"https:\/\/www.carole-equeter.com\/produit\/livre-tout-un-fromage\/#breadcrumb\",\"itemListElement\":[{\"@type\":\"ListItem\",\"position\":1,\"name\":\"Accueil\",\"item\":\"https:\/\/www.carole-equeter.com\/\"},{\"@type\":\"ListItem\",\"position\":2,\"name\":\"Boutique\",\"item\":\"https:\/\/www.carole-equeter.com\/boutique\/\"},{\"@type\":\"ListItem\",\"position\":3,\"name\":\"Livre Tout un fromage ! &#8211; SOLD OUT\"}]},{\"@type\":\"WebSite\",\"@id\":\"https:\/\/www.carole-equeter.com\/#website\",\"url\":\"https:\/\/www.carole-equeter.com\/\",\"name\":\"Carole Equeter\",\"description\":\"En cuisine avec Carole Equeter, \u2026 et une pinc\u00e9e de science\",\"publisher\":{\"@id\":\"https:\/\/www.carole-equeter.com\/#organization\"},\"potentialAction\":[{\"@type\":\"SearchAction\",\"target\":{\"@type\":\"EntryPoint\",\"urlTemplate\":\"https:\/\/www.carole-equeter.com\/?s={search_term_string}\"},\"query-input\":{\"@type\":\"PropertyValueSpecification\",\"valueRequired\":true,\"valueName\":\"search_term_string\"}}],\"inLanguage\":\"en-GB\"},{\"@type\":\"Organization\",\"@id\":\"https:\/\/www.carole-equeter.com\/#organization\",\"name\":\"Carole Equeter\",\"url\":\"https:\/\/www.carole-equeter.com\/\",\"logo\":{\"@type\":\"ImageObject\",\"inLanguage\":\"en-GB\",\"@id\":\"https:\/\/www.carole-equeter.com\/#\/schema\/logo\/image\/\",\"url\":\"https:\/\/www.carole-equeter.com\/wp-content\/uploads\/2025\/10\/favicon.png\",\"contentUrl\":\"https:\/\/www.carole-equeter.com\/wp-content\/uploads\/2025\/10\/favicon.png\",\"width\":512,\"height\":512,\"caption\":\"Carole Equeter\"},\"image\":{\"@id\":\"https:\/\/www.carole-equeter.com\/#\/schema\/logo\/image\/\"}}]}<\/script>\n<!-- \/ Yoast SEO plugin. -->","yoast_head_json":{"title":"Livre Tout un fromage ! - SOLD OUT - Carole Equeter","robots":{"index":"index","follow":"follow","max-snippet":"max-snippet:-1","max-image-preview":"max-image-preview:large","max-video-preview":"max-video-preview:-1"},"canonical":"https:\/\/www.carole-equeter.com\/en\/product\/livre-tout-un-fromage\/","og_locale":"en_GB","og_type":"article","og_title":"Livre Tout un fromage ! - SOLD OUT - Carole Equeter","og_description":"Avec ce livre, invitez la tradition fromag\u00e8re dans votre cuisine tout en l\u00e9g\u00e8ret\u00e9.","og_url":"https:\/\/www.carole-equeter.com\/en\/product\/livre-tout-un-fromage\/","og_site_name":"Carole Equeter","article_modified_time":"2025-10-23T13:27:04+00:00","og_image":[{"width":1024,"height":1024,"url":"https:\/\/www.carole-equeter.com\/wp-content\/uploads\/2025\/09\/carole-equeter-livre-tout-un-fromage-1024x1024.png","type":"image\/png"}],"twitter_card":"summary_large_image","twitter_misc":{"Estimated reading time":"2 minutes"},"schema":{"@context":"https:\/\/schema.org","@graph":[{"@type":"WebPage","@id":"https:\/\/www.carole-equeter.com\/produit\/livre-tout-un-fromage\/","url":"https:\/\/www.carole-equeter.com\/produit\/livre-tout-un-fromage\/","name":"Livre Tout un fromage ! - SOLD OUT - Carole Equeter","isPartOf":{"@id":"https:\/\/www.carole-equeter.com\/#website"},"primaryImageOfPage":{"@id":"https:\/\/www.carole-equeter.com\/produit\/livre-tout-un-fromage\/#primaryimage"},"image":{"@id":"https:\/\/www.carole-equeter.com\/produit\/livre-tout-un-fromage\/#primaryimage"},"thumbnailUrl":"https:\/\/www.carole-equeter.com\/wp-content\/uploads\/2025\/09\/carole-equeter-livre-tout-un-fromage.png","datePublished":"2025-08-28T07:43:29+00:00","dateModified":"2025-10-23T13:27:04+00:00","breadcrumb":{"@id":"https:\/\/www.carole-equeter.com\/produit\/livre-tout-un-fromage\/#breadcrumb"},"inLanguage":"en-GB","potentialAction":[{"@type":"ReadAction","target":["https:\/\/www.carole-equeter.com\/produit\/livre-tout-un-fromage\/"]}]},{"@type":"ImageObject","inLanguage":"en-GB","@id":"https:\/\/www.carole-equeter.com\/produit\/livre-tout-un-fromage\/#primaryimage","url":"https:\/\/www.carole-equeter.com\/wp-content\/uploads\/2025\/09\/carole-equeter-livre-tout-un-fromage.png","contentUrl":"https:\/\/www.carole-equeter.com\/wp-content\/uploads\/2025\/09\/carole-equeter-livre-tout-un-fromage.png","width":1600,"height":1600},{"@type":"BreadcrumbList","@id":"https:\/\/www.carole-equeter.com\/produit\/livre-tout-un-fromage\/#breadcrumb","itemListElement":[{"@type":"ListItem","position":1,"name":"Accueil","item":"https:\/\/www.carole-equeter.com\/"},{"@type":"ListItem","position":2,"name":"Boutique","item":"https:\/\/www.carole-equeter.com\/boutique\/"},{"@type":"ListItem","position":3,"name":"Livre Tout un fromage ! &#8211; SOLD OUT"}]},{"@type":"WebSite","@id":"https:\/\/www.carole-equeter.com\/#website","url":"https:\/\/www.carole-equeter.com\/","name":"Carole Equeter","description":"En cuisine avec Carole Equeter, \u2026 et une pinc\u00e9e de science","publisher":{"@id":"https:\/\/www.carole-equeter.com\/#organization"},"potentialAction":[{"@type":"SearchAction","target":{"@type":"EntryPoint","urlTemplate":"https:\/\/www.carole-equeter.com\/?s={search_term_string}"},"query-input":{"@type":"PropertyValueSpecification","valueRequired":true,"valueName":"search_term_string"}}],"inLanguage":"en-GB"},{"@type":"Organization","@id":"https:\/\/www.carole-equeter.com\/#organization","name":"Carole Equeter","url":"https:\/\/www.carole-equeter.com\/","logo":{"@type":"ImageObject","inLanguage":"en-GB","@id":"https:\/\/www.carole-equeter.com\/#\/schema\/logo\/image\/","url":"https:\/\/www.carole-equeter.com\/wp-content\/uploads\/2025\/10\/favicon.png","contentUrl":"https:\/\/www.carole-equeter.com\/wp-content\/uploads\/2025\/10\/favicon.png","width":512,"height":512,"caption":"Carole Equeter"},"image":{"@id":"https:\/\/www.carole-equeter.com\/#\/schema\/logo\/image\/"}}]}},"_links":{"self":[{"href":"https:\/\/www.carole-equeter.com\/en\/wp-json\/wp\/v2\/product\/351","targetHints":{"allow":["GET"]}}],"collection":[{"href":"https:\/\/www.carole-equeter.com\/en\/wp-json\/wp\/v2\/product"}],"about":[{"href":"https:\/\/www.carole-equeter.com\/en\/wp-json\/wp\/v2\/types\/product"}],"wp:featuredmedia":[{"embeddable":true,"href":"https:\/\/www.carole-equeter.com\/en\/wp-json\/wp\/v2\/media\/659"}],"wp:attachment":[{"href":"https:\/\/www.carole-equeter.com\/en\/wp-json\/wp\/v2\/media?parent=351"}],"wp:term":[{"taxonomy":"product_brand","embeddable":true,"href":"https:\/\/www.carole-equeter.com\/en\/wp-json\/wp\/v2\/product_brand?post=351"},{"taxonomy":"product_cat","embeddable":true,"href":"https:\/\/www.carole-equeter.com\/en\/wp-json\/wp\/v2\/product_cat?post=351"},{"taxonomy":"product_tag","embeddable":true,"href":"https:\/\/www.carole-equeter.com\/en\/wp-json\/wp\/v2\/product_tag?post=351"},{"taxonomy":"mwb_booking_people","embeddable":true,"href":"https:\/\/www.carole-equeter.com\/en\/wp-json\/wp\/v2\/mwb_booking_people?post=351"},{"taxonomy":"mwb_booking_cost","embeddable":true,"href":"https:\/\/www.carole-equeter.com\/en\/wp-json\/wp\/v2\/mwb_booking_cost?post=351"},{"taxonomy":"mwb_booking_service","embeddable":true,"href":"https:\/\/www.carole-equeter.com\/en\/wp-json\/wp\/v2\/mwb_booking_service?post=351"}],"curies":[{"name":"wp","href":"https:\/\/api.w.org\/{rel}","templated":true}]}}