{"id":358,"date":"2025-08-28T08:42:43","date_gmt":"2025-08-28T08:42:43","guid":{"rendered":"https:\/\/carole.jaimonsite.be\/?post_type=product&#038;p=358"},"modified":"2026-03-02T16:44:36","modified_gmt":"2026-03-02T16:44:36","slug":"atelier-douceurs-dici-et-dailleurs","status":"publish","type":"product","link":"https:\/\/www.carole-equeter.com\/en\/product\/atelier-douceurs-dici-et-dailleurs\/","title":{"rendered":"Atelier \u00ab\u00a0Douceurs d&rsquo;ici et d&rsquo;ailleurs\u00a0\u00bb"},"content":{"rendered":"<div align=\"left\">Envie d\u2019un moment hors du temps, tout en sucre, douceur\u2026 et d\u00e9couvertes ?<\/div>\n<div align=\"left\">Cet atelier vous emm\u00e8ne en voyage gourmand \u00e0 travers des sp\u00e9cialit\u00e9s boulang\u00e8res sucr\u00e9es issues de diff\u00e9rentes r\u00e9gions. Un v\u00e9ritable tour de France (et de Belgique !) des douceurs qui font fondre petits et grands.<\/div>\n<div><\/div>\n<div align=\"left\">Au menu de ce nouvel atelier :<\/div>\n<ul>\n<li>Gaufres de Li\u00e8ge\u00a0\u2013 croustillantes \u00e0 l\u2019ext\u00e9rieur, moelleuses \u00e0 l\u2019int\u00e9rieur, au bon go\u00fbt de sucre perl\u00e9<\/li>\n<li>Tarte Trop\u00e9zienne\u00a0\u2013 une brioche l\u00e9g\u00e8re garnie d\u2019une cr\u00e8me onctueuse \u00e0 la fleur d\u2019oranger<\/li>\n<li>Bolus z\u00e9landais\u00a0\u2013 roul\u00e9s \u00e0 la cannelle typiques des Pays-Bas, riches en parfum et en g\u00e9n\u00e9rosit\u00e9<\/li>\n<li>Tarte Tatin\u00a0\u2013 l\u2019incontournable renversante aux pommes caram\u00e9lis\u00e9es<\/li>\n<\/ul>\n<div><\/div>\n<div align=\"left\">Comme toujours, je vous guiderai pas \u00e0 pas pour r\u00e9ussir chaque recette, tout en vous partageant mes pinc\u00e9es de science, mes astuces de pros et mes conseils de conservation ou de variantes.<\/div>\n<div><\/div>\n<div align=\"left\">Un atelier id\u00e9al pour les amateurs de douceurs, les curieux du go\u00fbt\u2026 et tous ceux qui aiment mettre la main \u00e0 la p\u00e2te dans la bonne humeur !<\/div>\n<div><\/div>\n<div align=\"left\">Anim\u00e9 par Carole Equeter, Docteur en sciences, Boulanger-P\u00e2tissier et Femme Passionn\u00e9e.<\/div>\n<div><\/div>\n<div align=\"left\">\u2139\ufe0f L\u2019inscription comprend :<br \/>\n\u2714\ufe0f Les mati\u00e8res premi\u00e8res<br \/>\n\u2714\ufe0f Les fichiers recettes d\u00e9taill\u00e9s<br \/>\n\u2714\ufe0f Les conseils personnalis\u00e9s de Carole<br \/>\n\u2714\ufe0f Un assortiment des douceurs r\u00e9alis\u00e9es durant l\u2019atelier<\/div>\n<div id=\"ConnectiveDocSignExtentionInstalled\" data-extension-version=\"1.0.4\"><\/div>","protected":false},"excerpt":{"rendered":"<p>&nbsp;<\/p>\n<div id=\"ConnectiveDocSignExtentionInstalled\" data-extension-version=\"1.0.4\"><\/div>","protected":false},"featured_media":962,"template":"","meta":{"_et_pb_use_builder":"","_et_pb_old_content":"","_et_gb_content_width":""},"product_brand":[],"product_cat":[26,21],"product_tag":[],"mwb_booking_people":[],"mwb_booking_cost":[],"mwb_booking_service":[],"class_list":{"0":"post-358","1":"product","2":"type-product","3":"status-publish","4":"has-post-thumbnail","6":"product_cat-booking","7":"product_cat-formations","9":"first","10":"instock","11":"virtual","12":"taxable","13":"purchasable","14":"product-type-mwb_booking"},"yoast_head":"<!-- This site is optimized with the Yoast SEO plugin v27.2 - https:\/\/yoast.com\/product\/yoast-seo-wordpress\/ -->\n<title>Atelier &quot;Douceurs d&#039;ici et d&#039;ailleurs&quot; - Carole Equeter<\/title>\n<meta name=\"robots\" content=\"index, follow, max-snippet:-1, max-image-preview:large, max-video-preview:-1\" \/>\n<link rel=\"canonical\" href=\"https:\/\/www.carole-equeter.com\/en\/product\/atelier-douceurs-dici-et-dailleurs\/\" \/>\n<meta property=\"og:locale\" content=\"en_GB\" \/>\n<meta property=\"og:type\" content=\"article\" \/>\n<meta property=\"og:title\" content=\"Atelier &quot;Douceurs d&#039;ici et d&#039;ailleurs&quot; - Carole Equeter\" \/>\n<meta property=\"og:description\" content=\"&nbsp;\" \/>\n<meta property=\"og:url\" content=\"https:\/\/www.carole-equeter.com\/en\/product\/atelier-douceurs-dici-et-dailleurs\/\" \/>\n<meta property=\"og:site_name\" content=\"Carole Equeter\" \/>\n<meta property=\"article:modified_time\" content=\"2026-03-02T16:44:36+00:00\" \/>\n<meta property=\"og:image\" content=\"https:\/\/www.carole-equeter.com\/wp-content\/uploads\/2025\/08\/carole-equeter-douceurs-ici-et-ailleurs-tarte-tropezienne-01.jpg\" \/>\n\t<meta property=\"og:image:width\" content=\"1848\" \/>\n\t<meta property=\"og:image:height\" content=\"1876\" \/>\n\t<meta property=\"og:image:type\" content=\"image\/jpeg\" \/>\n<meta name=\"twitter:card\" content=\"summary_large_image\" \/>\n<meta name=\"twitter:label1\" content=\"Estimated reading time\" \/>\n\t<meta name=\"twitter:data1\" content=\"2 minutes\" \/>\n<script type=\"application\/ld+json\" class=\"yoast-schema-graph\">{\"@context\":\"https:\/\/schema.org\",\"@graph\":[{\"@type\":\"WebPage\",\"@id\":\"https:\/\/www.carole-equeter.com\/en\/product\/atelier-douceurs-dici-et-dailleurs\/\",\"url\":\"https:\/\/www.carole-equeter.com\/en\/product\/atelier-douceurs-dici-et-dailleurs\/\",\"name\":\"Atelier \\\"Douceurs d'ici et d'ailleurs\\\" - Carole Equeter\",\"isPartOf\":{\"@id\":\"https:\/\/www.carole-equeter.com\/#website\"},\"primaryImageOfPage\":{\"@id\":\"https:\/\/www.carole-equeter.com\/en\/product\/atelier-douceurs-dici-et-dailleurs\/#primaryimage\"},\"image\":{\"@id\":\"https:\/\/www.carole-equeter.com\/en\/product\/atelier-douceurs-dici-et-dailleurs\/#primaryimage\"},\"thumbnailUrl\":\"https:\/\/www.carole-equeter.com\/wp-content\/uploads\/2025\/08\/carole-equeter-douceurs-ici-et-ailleurs-tarte-tropezienne-01.jpg\",\"datePublished\":\"2025-08-28T08:42:43+00:00\",\"dateModified\":\"2026-03-02T16:44:36+00:00\",\"breadcrumb\":{\"@id\":\"https:\/\/www.carole-equeter.com\/en\/product\/atelier-douceurs-dici-et-dailleurs\/#breadcrumb\"},\"inLanguage\":\"en-GB\",\"potentialAction\":[{\"@type\":\"ReadAction\",\"target\":[\"https:\/\/www.carole-equeter.com\/en\/product\/atelier-douceurs-dici-et-dailleurs\/\"]}]},{\"@type\":\"ImageObject\",\"inLanguage\":\"en-GB\",\"@id\":\"https:\/\/www.carole-equeter.com\/en\/product\/atelier-douceurs-dici-et-dailleurs\/#primaryimage\",\"url\":\"https:\/\/www.carole-equeter.com\/wp-content\/uploads\/2025\/08\/carole-equeter-douceurs-ici-et-ailleurs-tarte-tropezienne-01.jpg\",\"contentUrl\":\"https:\/\/www.carole-equeter.com\/wp-content\/uploads\/2025\/08\/carole-equeter-douceurs-ici-et-ailleurs-tarte-tropezienne-01.jpg\",\"width\":1848,\"height\":1876,\"caption\":\"Tarte trop\u00e9zienne\"},{\"@type\":\"BreadcrumbList\",\"@id\":\"https:\/\/www.carole-equeter.com\/en\/product\/atelier-douceurs-dici-et-dailleurs\/#breadcrumb\",\"itemListElement\":[{\"@type\":\"ListItem\",\"position\":1,\"name\":\"Accueil\",\"item\":\"https:\/\/www.carole-equeter.com\/\"},{\"@type\":\"ListItem\",\"position\":2,\"name\":\"Boutique\",\"item\":\"https:\/\/www.carole-equeter.com\/boutique\/\"},{\"@type\":\"ListItem\",\"position\":3,\"name\":\"Atelier \u00ab\u00a0Douceurs d&rsquo;ici et d&rsquo;ailleurs\u00a0\u00bb\"}]},{\"@type\":\"WebSite\",\"@id\":\"https:\/\/www.carole-equeter.com\/#website\",\"url\":\"https:\/\/www.carole-equeter.com\/\",\"name\":\"Carole Equeter\",\"description\":\"En cuisine avec Carole Equeter, \u2026 et une pinc\u00e9e de science\",\"publisher\":{\"@id\":\"https:\/\/www.carole-equeter.com\/#organization\"},\"potentialAction\":[{\"@type\":\"SearchAction\",\"target\":{\"@type\":\"EntryPoint\",\"urlTemplate\":\"https:\/\/www.carole-equeter.com\/?s={search_term_string}\"},\"query-input\":{\"@type\":\"PropertyValueSpecification\",\"valueRequired\":true,\"valueName\":\"search_term_string\"}}],\"inLanguage\":\"en-GB\"},{\"@type\":\"Organization\",\"@id\":\"https:\/\/www.carole-equeter.com\/#organization\",\"name\":\"Carole Equeter\",\"url\":\"https:\/\/www.carole-equeter.com\/\",\"logo\":{\"@type\":\"ImageObject\",\"inLanguage\":\"en-GB\",\"@id\":\"https:\/\/www.carole-equeter.com\/#\/schema\/logo\/image\/\",\"url\":\"https:\/\/www.carole-equeter.com\/wp-content\/uploads\/2025\/10\/favicon.png\",\"contentUrl\":\"https:\/\/www.carole-equeter.com\/wp-content\/uploads\/2025\/10\/favicon.png\",\"width\":512,\"height\":512,\"caption\":\"Carole Equeter\"},\"image\":{\"@id\":\"https:\/\/www.carole-equeter.com\/#\/schema\/logo\/image\/\"}}]}<\/script>\n<!-- \/ Yoast SEO plugin. -->","yoast_head_json":{"title":"Atelier \"Douceurs d'ici et d'ailleurs\" - Carole Equeter","robots":{"index":"index","follow":"follow","max-snippet":"max-snippet:-1","max-image-preview":"max-image-preview:large","max-video-preview":"max-video-preview:-1"},"canonical":"https:\/\/www.carole-equeter.com\/en\/product\/atelier-douceurs-dici-et-dailleurs\/","og_locale":"en_GB","og_type":"article","og_title":"Atelier \"Douceurs d'ici et d'ailleurs\" - Carole Equeter","og_description":"&nbsp;","og_url":"https:\/\/www.carole-equeter.com\/en\/product\/atelier-douceurs-dici-et-dailleurs\/","og_site_name":"Carole Equeter","article_modified_time":"2026-03-02T16:44:36+00:00","og_image":[{"width":1848,"height":1876,"url":"https:\/\/www.carole-equeter.com\/wp-content\/uploads\/2025\/08\/carole-equeter-douceurs-ici-et-ailleurs-tarte-tropezienne-01.jpg","type":"image\/jpeg"}],"twitter_card":"summary_large_image","twitter_misc":{"Estimated reading time":"2 minutes"},"schema":{"@context":"https:\/\/schema.org","@graph":[{"@type":"WebPage","@id":"https:\/\/www.carole-equeter.com\/en\/product\/atelier-douceurs-dici-et-dailleurs\/","url":"https:\/\/www.carole-equeter.com\/en\/product\/atelier-douceurs-dici-et-dailleurs\/","name":"Atelier \"Douceurs d'ici et d'ailleurs\" - Carole Equeter","isPartOf":{"@id":"https:\/\/www.carole-equeter.com\/#website"},"primaryImageOfPage":{"@id":"https:\/\/www.carole-equeter.com\/en\/product\/atelier-douceurs-dici-et-dailleurs\/#primaryimage"},"image":{"@id":"https:\/\/www.carole-equeter.com\/en\/product\/atelier-douceurs-dici-et-dailleurs\/#primaryimage"},"thumbnailUrl":"https:\/\/www.carole-equeter.com\/wp-content\/uploads\/2025\/08\/carole-equeter-douceurs-ici-et-ailleurs-tarte-tropezienne-01.jpg","datePublished":"2025-08-28T08:42:43+00:00","dateModified":"2026-03-02T16:44:36+00:00","breadcrumb":{"@id":"https:\/\/www.carole-equeter.com\/en\/product\/atelier-douceurs-dici-et-dailleurs\/#breadcrumb"},"inLanguage":"en-GB","potentialAction":[{"@type":"ReadAction","target":["https:\/\/www.carole-equeter.com\/en\/product\/atelier-douceurs-dici-et-dailleurs\/"]}]},{"@type":"ImageObject","inLanguage":"en-GB","@id":"https:\/\/www.carole-equeter.com\/en\/product\/atelier-douceurs-dici-et-dailleurs\/#primaryimage","url":"https:\/\/www.carole-equeter.com\/wp-content\/uploads\/2025\/08\/carole-equeter-douceurs-ici-et-ailleurs-tarte-tropezienne-01.jpg","contentUrl":"https:\/\/www.carole-equeter.com\/wp-content\/uploads\/2025\/08\/carole-equeter-douceurs-ici-et-ailleurs-tarte-tropezienne-01.jpg","width":1848,"height":1876,"caption":"Tarte trop\u00e9zienne"},{"@type":"BreadcrumbList","@id":"https:\/\/www.carole-equeter.com\/en\/product\/atelier-douceurs-dici-et-dailleurs\/#breadcrumb","itemListElement":[{"@type":"ListItem","position":1,"name":"Accueil","item":"https:\/\/www.carole-equeter.com\/"},{"@type":"ListItem","position":2,"name":"Boutique","item":"https:\/\/www.carole-equeter.com\/boutique\/"},{"@type":"ListItem","position":3,"name":"Atelier \u00ab\u00a0Douceurs d&rsquo;ici et d&rsquo;ailleurs\u00a0\u00bb"}]},{"@type":"WebSite","@id":"https:\/\/www.carole-equeter.com\/#website","url":"https:\/\/www.carole-equeter.com\/","name":"Carole Equeter","description":"En cuisine avec Carole Equeter, \u2026 et une pinc\u00e9e de science","publisher":{"@id":"https:\/\/www.carole-equeter.com\/#organization"},"potentialAction":[{"@type":"SearchAction","target":{"@type":"EntryPoint","urlTemplate":"https:\/\/www.carole-equeter.com\/?s={search_term_string}"},"query-input":{"@type":"PropertyValueSpecification","valueRequired":true,"valueName":"search_term_string"}}],"inLanguage":"en-GB"},{"@type":"Organization","@id":"https:\/\/www.carole-equeter.com\/#organization","name":"Carole Equeter","url":"https:\/\/www.carole-equeter.com\/","logo":{"@type":"ImageObject","inLanguage":"en-GB","@id":"https:\/\/www.carole-equeter.com\/#\/schema\/logo\/image\/","url":"https:\/\/www.carole-equeter.com\/wp-content\/uploads\/2025\/10\/favicon.png","contentUrl":"https:\/\/www.carole-equeter.com\/wp-content\/uploads\/2025\/10\/favicon.png","width":512,"height":512,"caption":"Carole Equeter"},"image":{"@id":"https:\/\/www.carole-equeter.com\/#\/schema\/logo\/image\/"}}]}},"_links":{"self":[{"href":"https:\/\/www.carole-equeter.com\/en\/wp-json\/wp\/v2\/product\/358","targetHints":{"allow":["GET"]}}],"collection":[{"href":"https:\/\/www.carole-equeter.com\/en\/wp-json\/wp\/v2\/product"}],"about":[{"href":"https:\/\/www.carole-equeter.com\/en\/wp-json\/wp\/v2\/types\/product"}],"wp:featuredmedia":[{"embeddable":true,"href":"https:\/\/www.carole-equeter.com\/en\/wp-json\/wp\/v2\/media\/962"}],"wp:attachment":[{"href":"https:\/\/www.carole-equeter.com\/en\/wp-json\/wp\/v2\/media?parent=358"}],"wp:term":[{"taxonomy":"product_brand","embeddable":true,"href":"https:\/\/www.carole-equeter.com\/en\/wp-json\/wp\/v2\/product_brand?post=358"},{"taxonomy":"product_cat","embeddable":true,"href":"https:\/\/www.carole-equeter.com\/en\/wp-json\/wp\/v2\/product_cat?post=358"},{"taxonomy":"product_tag","embeddable":true,"href":"https:\/\/www.carole-equeter.com\/en\/wp-json\/wp\/v2\/product_tag?post=358"},{"taxonomy":"mwb_booking_people","embeddable":true,"href":"https:\/\/www.carole-equeter.com\/en\/wp-json\/wp\/v2\/mwb_booking_people?post=358"},{"taxonomy":"mwb_booking_cost","embeddable":true,"href":"https:\/\/www.carole-equeter.com\/en\/wp-json\/wp\/v2\/mwb_booking_cost?post=358"},{"taxonomy":"mwb_booking_service","embeddable":true,"href":"https:\/\/www.carole-equeter.com\/en\/wp-json\/wp\/v2\/mwb_booking_service?post=358"}],"curies":[{"name":"wp","href":"https:\/\/api.w.org\/{rel}","templated":true}]}}