{"id":604,"date":"2025-09-25T08:18:12","date_gmt":"2025-09-25T08:18:12","guid":{"rendered":"https:\/\/carole.jaimonsite.be\/?post_type=product&#038;p=604"},"modified":"2026-04-27T10:16:03","modified_gmt":"2026-04-27T10:16:03","slug":"atelier-choux-mysteres-eclairs-gourmands","status":"publish","type":"product","link":"https:\/\/www.carole-equeter.com\/en\/product\/atelier-choux-mysteres-eclairs-gourmands\/","title":{"rendered":"Masterclass \u00ab\u00a0Choux Myst\u00e8re\u00a0\u00bb"},"content":{"rendered":"<p><strong>Croquez dans la magie des choux\u00a0<\/strong><\/p>\n<p>Imaginez le croustillant d\u2019un craquelin dor\u00e9 qui c\u00e8de sous la dent, r\u00e9v\u00e9lant une cr\u00e8me p\u00e2tissi\u00e8re onctueuse et parfum\u00e9e\u2026 qui fait p\u00e9tiller les yeux autant que les papilles. Voil\u00e0 ce que je vous propose de r\u00e9aliser dans cet atelier, o\u00f9 tradition, science et gourmandise s\u2019invitent \u00e0 votre table.<\/p>\n<p>Dans cet atelier, je vous d\u00e9voile tous les secrets pour r\u00e9ussir une p\u00e2te \u00e0 choux parfaite, y compris la r\u00e9alisation du craquelin. Nous r\u00e9aliserons \u00e9galement des garnitures onctueuses, et je vous guiderai pas \u00e0 pas dans le maniement de la poche \u00e0 douille.<\/p>\n<p>Avant de passer au pochage et aux cuissons, nous r\u00e9aliserons ensemble des <strong>cr\u00e8mes p\u00e2tissi\u00e8res traditionnelles<\/strong> \u2013 nature, chocolat et caf\u00e9 \u2013 bases indispensables pour sublimer vos cr\u00e9ations.<\/p>\n<p>Gr\u00e2ce \u00e0 mes explications scientifiques, vous comprendrez le r\u00f4le et l\u2019alchimie des ingr\u00e9dients. De quoi transformer vos choux et \u00e9clairs en v\u00e9ritables r\u00e9ussites gourmandes !<\/p>\n<p><strong>Au programme :<\/strong><\/p>\n<ul>\n<li>Comprendre le r\u00f4le des ingr\u00e9dients et l\u2019alchimie qui fait le succ\u00e8s d\u2019une p\u00e2te \u00e0 choux.<\/li>\n<li>Ma\u00eetriser pas \u00e0 pas la r\u00e9alisation des <strong>cr\u00e8mes p\u00e2tissi\u00e8res traditionnelles<\/strong> (nature, chocolat et caf\u00e9).<\/li>\n<li>Pr\u00e9parer une ganache au chocolat noir.<\/li>\n<li>Apprendre \u00e0 dompter la poche \u00e0 douille pour un pochage \u00e9l\u00e9gant et r\u00e9gulier.<\/li>\n<li>Recevoir des conseils personnalis\u00e9s adapt\u00e9s au niveau de chacun, dans une ambiance conviviale et chaleureuse.<\/li>\n<\/ul>\n<p><strong>Au menu de l\u2019atelier :<\/strong><\/p>\n<ul>\n<li>Petits choux garnis et recouverts de craquelin.<\/li>\n<li>Ganache et cr\u00e8mes p\u00e2tissi\u00e8re<\/li>\n<\/ul>\n<p>\ud83d\udc69\u200d\ud83d\udd2c <strong>Anim\u00e9 par Carole Equeter<\/strong>, Docteur en sciences, Boulanger-P\u00e2tissier et auteure de <em>\u00e9P\u00e2tissez-moi!<\/em>.<br \/>\nUn atelier unique qui allie rigueur scientifique, gestes techniques et convivialit\u00e9 pour r\u00e9ussir \u00e0 coup s\u00fbr vos choux et \u00e9clairs.<\/p>\n<p>\u2139\ufe0f <strong>L\u2019inscription comprend :<\/strong><br \/>\n\u2714\ufe0f Les mati\u00e8res premi\u00e8res<br \/>\n\u2714\ufe0f Les fichiers recettes d\u00e9taill\u00e9s<br \/>\n\u2714\ufe0f Les conseils personnalis\u00e9s de Carole<br \/>\n\u2714\ufe0f Un assortiment des choux et \u00e9clairs r\u00e9alis\u00e9s durant l\u2019atelier<\/p>\n<div id=\"ConnectiveDocSignExtentionInstalled\" data-extension-version=\"1.0.4\"><\/div>","protected":false},"excerpt":{"rendered":"<p>Imaginez le croustillant d\u2019un craquelin dor\u00e9 qui c\u00e8de sous la dent, r\u00e9v\u00e9lant une cr\u00e8me p\u00e2tissi\u00e8re onctueuse et parfum\u00e9e\u2026 ou l\u2019\u00e9l\u00e9gance d\u2019un \u00e9clair brillant et gourmand qui fait p\u00e9tiller les yeux autant que les papilles. Voil\u00e0 ce que je vous propose de r\u00e9aliser dans cet atelier, o\u00f9 tradition, science et gourmandise s\u2019invitent \u00e0 votre table.<\/p>\n<div id=\"ConnectiveDocSignExtentionInstalled\" data-extension-version=\"1.0.4\"><\/div>","protected":false},"featured_media":589,"template":"","meta":{"_et_pb_use_builder":"","_et_pb_old_content":"","_et_gb_content_width":""},"product_brand":[],"product_cat":[26,21],"product_tag":[],"mwb_booking_people":[],"mwb_booking_cost":[],"mwb_booking_service":[],"class_list":{"0":"post-604","1":"product","2":"type-product","3":"status-publish","4":"has-post-thumbnail","6":"product_cat-booking","7":"product_cat-formations","9":"first","10":"instock","11":"virtual","12":"taxable","13":"purchasable","14":"product-type-mwb_booking"},"yoast_head":"<!-- This site is optimized with the Yoast SEO plugin v27.2 - https:\/\/yoast.com\/product\/yoast-seo-wordpress\/ -->\n<title>Masterclass &quot;Choux Myst\u00e8re&quot; - Carole Equeter<\/title>\n<meta name=\"robots\" content=\"index, follow, max-snippet:-1, max-image-preview:large, max-video-preview:-1\" \/>\n<link rel=\"canonical\" href=\"https:\/\/www.carole-equeter.com\/en\/product\/atelier-choux-mysteres-eclairs-gourmands\/\" \/>\n<meta property=\"og:locale\" content=\"en_GB\" \/>\n<meta property=\"og:type\" content=\"article\" \/>\n<meta property=\"og:title\" content=\"Masterclass &quot;Choux Myst\u00e8re&quot; - Carole Equeter\" \/>\n<meta property=\"og:description\" content=\"Imaginez le croustillant d\u2019un craquelin dor\u00e9 qui c\u00e8de sous la dent, r\u00e9v\u00e9lant une cr\u00e8me p\u00e2tissi\u00e8re onctueuse et parfum\u00e9e\u2026 ou l\u2019\u00e9l\u00e9gance d\u2019un \u00e9clair brillant et gourmand qui fait p\u00e9tiller les yeux autant que les papilles. Voil\u00e0 ce que je vous propose de r\u00e9aliser dans cet atelier, o\u00f9 tradition, science et gourmandise s\u2019invitent \u00e0 votre table.\" \/>\n<meta property=\"og:url\" content=\"https:\/\/www.carole-equeter.com\/en\/product\/atelier-choux-mysteres-eclairs-gourmands\/\" \/>\n<meta property=\"og:site_name\" content=\"Carole Equeter\" \/>\n<meta property=\"article:modified_time\" content=\"2026-04-27T10:16:03+00:00\" \/>\n<meta property=\"og:image\" content=\"https:\/\/www.carole-equeter.com\/wp-content\/uploads\/2025\/09\/carole-equeter-atelier-choux-craquelin.jpg\" \/>\n\t<meta property=\"og:image:width\" content=\"1310\" \/>\n\t<meta property=\"og:image:height\" content=\"1324\" \/>\n\t<meta property=\"og:image:type\" content=\"image\/jpeg\" \/>\n<meta name=\"twitter:card\" content=\"summary_large_image\" \/>\n<meta name=\"twitter:label1\" content=\"Estimated reading time\" \/>\n\t<meta name=\"twitter:data1\" content=\"2 minutes\" \/>\n<script type=\"application\/ld+json\" class=\"yoast-schema-graph\">{\"@context\":\"https:\/\/schema.org\",\"@graph\":[{\"@type\":\"WebPage\",\"@id\":\"https:\/\/www.carole-equeter.com\/produit\/atelier-choux-mysteres-eclairs-gourmands\/\",\"url\":\"https:\/\/www.carole-equeter.com\/produit\/atelier-choux-mysteres-eclairs-gourmands\/\",\"name\":\"Masterclass \\\"Choux Myst\u00e8re\\\" - Carole Equeter\",\"isPartOf\":{\"@id\":\"https:\/\/www.carole-equeter.com\/en\/#website\"},\"primaryImageOfPage\":{\"@id\":\"https:\/\/www.carole-equeter.com\/produit\/atelier-choux-mysteres-eclairs-gourmands\/#primaryimage\"},\"image\":{\"@id\":\"https:\/\/www.carole-equeter.com\/produit\/atelier-choux-mysteres-eclairs-gourmands\/#primaryimage\"},\"thumbnailUrl\":\"https:\/\/www.carole-equeter.com\/wp-content\/uploads\/2025\/09\/carole-equeter-atelier-choux-craquelin.jpg\",\"datePublished\":\"2025-09-25T08:18:12+00:00\",\"dateModified\":\"2026-04-27T10:16:03+00:00\",\"breadcrumb\":{\"@id\":\"https:\/\/www.carole-equeter.com\/produit\/atelier-choux-mysteres-eclairs-gourmands\/#breadcrumb\"},\"inLanguage\":\"en-GB\",\"potentialAction\":[{\"@type\":\"ReadAction\",\"target\":[\"https:\/\/www.carole-equeter.com\/produit\/atelier-choux-mysteres-eclairs-gourmands\/\"]}]},{\"@type\":\"ImageObject\",\"inLanguage\":\"en-GB\",\"@id\":\"https:\/\/www.carole-equeter.com\/produit\/atelier-choux-mysteres-eclairs-gourmands\/#primaryimage\",\"url\":\"https:\/\/www.carole-equeter.com\/wp-content\/uploads\/2025\/09\/carole-equeter-atelier-choux-craquelin.jpg\",\"contentUrl\":\"https:\/\/www.carole-equeter.com\/wp-content\/uploads\/2025\/09\/carole-equeter-atelier-choux-craquelin.jpg\",\"width\":1310,\"height\":1324},{\"@type\":\"BreadcrumbList\",\"@id\":\"https:\/\/www.carole-equeter.com\/produit\/atelier-choux-mysteres-eclairs-gourmands\/#breadcrumb\",\"itemListElement\":[{\"@type\":\"ListItem\",\"position\":1,\"name\":\"Accueil\",\"item\":\"https:\/\/www.carole-equeter.com\/en\/\"},{\"@type\":\"ListItem\",\"position\":2,\"name\":\"Boutique\",\"item\":\"https:\/\/www.carole-equeter.com\/en\/boutique\/\"},{\"@type\":\"ListItem\",\"position\":3,\"name\":\"Masterclass \u00ab\u00a0Choux Myst\u00e8re\u00a0\u00bb\"}]},{\"@type\":\"WebSite\",\"@id\":\"https:\/\/www.carole-equeter.com\/en\/#website\",\"url\":\"https:\/\/www.carole-equeter.com\/en\/\",\"name\":\"Carole Equeter\",\"description\":\"En cuisine avec Carole Equeter, \u2026 et une pinc\u00e9e de science\",\"publisher\":{\"@id\":\"https:\/\/www.carole-equeter.com\/en\/#organization\"},\"potentialAction\":[{\"@type\":\"SearchAction\",\"target\":{\"@type\":\"EntryPoint\",\"urlTemplate\":\"https:\/\/www.carole-equeter.com\/en\/?s={search_term_string}\"},\"query-input\":{\"@type\":\"PropertyValueSpecification\",\"valueRequired\":true,\"valueName\":\"search_term_string\"}}],\"inLanguage\":\"en-GB\"},{\"@type\":\"Organization\",\"@id\":\"https:\/\/www.carole-equeter.com\/en\/#organization\",\"name\":\"Carole Equeter\",\"url\":\"https:\/\/www.carole-equeter.com\/en\/\",\"logo\":{\"@type\":\"ImageObject\",\"inLanguage\":\"en-GB\",\"@id\":\"https:\/\/www.carole-equeter.com\/en\/#\/schema\/logo\/image\/\",\"url\":\"https:\/\/www.carole-equeter.com\/wp-content\/uploads\/2025\/10\/favicon.png\",\"contentUrl\":\"https:\/\/www.carole-equeter.com\/wp-content\/uploads\/2025\/10\/favicon.png\",\"width\":512,\"height\":512,\"caption\":\"Carole Equeter\"},\"image\":{\"@id\":\"https:\/\/www.carole-equeter.com\/en\/#\/schema\/logo\/image\/\"}}]}<\/script>\n<!-- \/ Yoast SEO plugin. -->","yoast_head_json":{"title":"Masterclass \"Choux Myst\u00e8re\" - Carole Equeter","robots":{"index":"index","follow":"follow","max-snippet":"max-snippet:-1","max-image-preview":"max-image-preview:large","max-video-preview":"max-video-preview:-1"},"canonical":"https:\/\/www.carole-equeter.com\/en\/product\/atelier-choux-mysteres-eclairs-gourmands\/","og_locale":"en_GB","og_type":"article","og_title":"Masterclass \"Choux Myst\u00e8re\" - Carole Equeter","og_description":"Imaginez le croustillant d\u2019un craquelin dor\u00e9 qui c\u00e8de sous la dent, r\u00e9v\u00e9lant une cr\u00e8me p\u00e2tissi\u00e8re onctueuse et parfum\u00e9e\u2026 ou l\u2019\u00e9l\u00e9gance d\u2019un \u00e9clair brillant et gourmand qui fait p\u00e9tiller les yeux autant que les papilles. Voil\u00e0 ce que je vous propose de r\u00e9aliser dans cet atelier, o\u00f9 tradition, science et gourmandise s\u2019invitent \u00e0 votre table.","og_url":"https:\/\/www.carole-equeter.com\/en\/product\/atelier-choux-mysteres-eclairs-gourmands\/","og_site_name":"Carole Equeter","article_modified_time":"2026-04-27T10:16:03+00:00","og_image":[{"width":1310,"height":1324,"url":"https:\/\/www.carole-equeter.com\/wp-content\/uploads\/2025\/09\/carole-equeter-atelier-choux-craquelin.jpg","type":"image\/jpeg"}],"twitter_card":"summary_large_image","twitter_misc":{"Estimated reading time":"2 minutes"},"schema":{"@context":"https:\/\/schema.org","@graph":[{"@type":"WebPage","@id":"https:\/\/www.carole-equeter.com\/produit\/atelier-choux-mysteres-eclairs-gourmands\/","url":"https:\/\/www.carole-equeter.com\/produit\/atelier-choux-mysteres-eclairs-gourmands\/","name":"Masterclass \"Choux Myst\u00e8re\" - Carole Equeter","isPartOf":{"@id":"https:\/\/www.carole-equeter.com\/en\/#website"},"primaryImageOfPage":{"@id":"https:\/\/www.carole-equeter.com\/produit\/atelier-choux-mysteres-eclairs-gourmands\/#primaryimage"},"image":{"@id":"https:\/\/www.carole-equeter.com\/produit\/atelier-choux-mysteres-eclairs-gourmands\/#primaryimage"},"thumbnailUrl":"https:\/\/www.carole-equeter.com\/wp-content\/uploads\/2025\/09\/carole-equeter-atelier-choux-craquelin.jpg","datePublished":"2025-09-25T08:18:12+00:00","dateModified":"2026-04-27T10:16:03+00:00","breadcrumb":{"@id":"https:\/\/www.carole-equeter.com\/produit\/atelier-choux-mysteres-eclairs-gourmands\/#breadcrumb"},"inLanguage":"en-GB","potentialAction":[{"@type":"ReadAction","target":["https:\/\/www.carole-equeter.com\/produit\/atelier-choux-mysteres-eclairs-gourmands\/"]}]},{"@type":"ImageObject","inLanguage":"en-GB","@id":"https:\/\/www.carole-equeter.com\/produit\/atelier-choux-mysteres-eclairs-gourmands\/#primaryimage","url":"https:\/\/www.carole-equeter.com\/wp-content\/uploads\/2025\/09\/carole-equeter-atelier-choux-craquelin.jpg","contentUrl":"https:\/\/www.carole-equeter.com\/wp-content\/uploads\/2025\/09\/carole-equeter-atelier-choux-craquelin.jpg","width":1310,"height":1324},{"@type":"BreadcrumbList","@id":"https:\/\/www.carole-equeter.com\/produit\/atelier-choux-mysteres-eclairs-gourmands\/#breadcrumb","itemListElement":[{"@type":"ListItem","position":1,"name":"Accueil","item":"https:\/\/www.carole-equeter.com\/en\/"},{"@type":"ListItem","position":2,"name":"Boutique","item":"https:\/\/www.carole-equeter.com\/en\/boutique\/"},{"@type":"ListItem","position":3,"name":"Masterclass \u00ab\u00a0Choux Myst\u00e8re\u00a0\u00bb"}]},{"@type":"WebSite","@id":"https:\/\/www.carole-equeter.com\/en\/#website","url":"https:\/\/www.carole-equeter.com\/en\/","name":"Carole Equeter","description":"En cuisine avec Carole Equeter, \u2026 et une pinc\u00e9e de science","publisher":{"@id":"https:\/\/www.carole-equeter.com\/en\/#organization"},"potentialAction":[{"@type":"SearchAction","target":{"@type":"EntryPoint","urlTemplate":"https:\/\/www.carole-equeter.com\/en\/?s={search_term_string}"},"query-input":{"@type":"PropertyValueSpecification","valueRequired":true,"valueName":"search_term_string"}}],"inLanguage":"en-GB"},{"@type":"Organization","@id":"https:\/\/www.carole-equeter.com\/en\/#organization","name":"Carole Equeter","url":"https:\/\/www.carole-equeter.com\/en\/","logo":{"@type":"ImageObject","inLanguage":"en-GB","@id":"https:\/\/www.carole-equeter.com\/en\/#\/schema\/logo\/image\/","url":"https:\/\/www.carole-equeter.com\/wp-content\/uploads\/2025\/10\/favicon.png","contentUrl":"https:\/\/www.carole-equeter.com\/wp-content\/uploads\/2025\/10\/favicon.png","width":512,"height":512,"caption":"Carole Equeter"},"image":{"@id":"https:\/\/www.carole-equeter.com\/en\/#\/schema\/logo\/image\/"}}]}},"_links":{"self":[{"href":"https:\/\/www.carole-equeter.com\/en\/wp-json\/wp\/v2\/product\/604","targetHints":{"allow":["GET"]}}],"collection":[{"href":"https:\/\/www.carole-equeter.com\/en\/wp-json\/wp\/v2\/product"}],"about":[{"href":"https:\/\/www.carole-equeter.com\/en\/wp-json\/wp\/v2\/types\/product"}],"wp:featuredmedia":[{"embeddable":true,"href":"https:\/\/www.carole-equeter.com\/en\/wp-json\/wp\/v2\/media\/589"}],"wp:attachment":[{"href":"https:\/\/www.carole-equeter.com\/en\/wp-json\/wp\/v2\/media?parent=604"}],"wp:term":[{"taxonomy":"product_brand","embeddable":true,"href":"https:\/\/www.carole-equeter.com\/en\/wp-json\/wp\/v2\/product_brand?post=604"},{"taxonomy":"product_cat","embeddable":true,"href":"https:\/\/www.carole-equeter.com\/en\/wp-json\/wp\/v2\/product_cat?post=604"},{"taxonomy":"product_tag","embeddable":true,"href":"https:\/\/www.carole-equeter.com\/en\/wp-json\/wp\/v2\/product_tag?post=604"},{"taxonomy":"mwb_booking_people","embeddable":true,"href":"https:\/\/www.carole-equeter.com\/en\/wp-json\/wp\/v2\/mwb_booking_people?post=604"},{"taxonomy":"mwb_booking_cost","embeddable":true,"href":"https:\/\/www.carole-equeter.com\/en\/wp-json\/wp\/v2\/mwb_booking_cost?post=604"},{"taxonomy":"mwb_booking_service","embeddable":true,"href":"https:\/\/www.carole-equeter.com\/en\/wp-json\/wp\/v2\/mwb_booking_service?post=604"}],"curies":[{"name":"wp","href":"https:\/\/api.w.org\/{rel}","templated":true}]}}