{"id":608,"date":"2025-09-25T08:59:01","date_gmt":"2025-09-25T08:59:01","guid":{"rendered":"https:\/\/carole.jaimonsite.be\/?post_type=product&#038;p=608"},"modified":"2026-04-20T06:55:06","modified_gmt":"2026-04-20T06:55:06","slug":"atelier-les-petits-dejeuners-du-boulanger","status":"publish","type":"product","link":"https:\/\/www.carole-equeter.com\/en\/product\/atelier-les-petits-dejeuners-du-boulanger\/","title":{"rendered":"Atelier \u00ab\u00a0Petits-D\u00e9jeuners du Boulanger\u00a0\u00bb"},"content":{"rendered":"<div align=\"left\">\n<p><strong>Atelier \u00ab Les Petits-D\u00e9jeuners du Boulanger \u00bb<\/strong><\/p>\n<p><strong>Offrez-vous le luxe des petits-d\u00e9jeuners et go\u00fbters faits maison<\/strong><\/p>\n<p>Imaginez la table du matin garnie de brioches au beurre moelleuses, de cramiques dor\u00e9s et de petits pains aux p\u00e9pites de chocolat\u2026 un vrai festin digne des plus belles boulangeries artisanales, pr\u00e9par\u00e9 par vos propres mains.<\/p>\n<p>Dans cet atelier, Carole vous apprend \u00e0 r\u00e9aliser les grands classiques du petit-d\u00e9jeuner sucr\u00e9 \u2026 le tout saupoudr\u00e9 de sa <em>pinc\u00e9e de science<\/em> !<\/p>\n<p><strong>Au programme<\/strong> :<\/p>\n<ul>\n<li>Choisir et travailler les bons ingr\u00e9dients pour des r\u00e9alisations gouteuses et r\u00e9ussies.<\/li>\n<li>Acqu\u00e9rir ou perfectionner les gestes cl\u00e9s pour un p\u00e9trissage efficace et d\u2019une belle lev\u00e9e.<\/li>\n<li>Explorer diff\u00e9rentes techniques de cuisson adapt\u00e9es aux pains et brioches du matin.<\/li>\n<li>D\u00e9couvrir la magie des sciences qui explique le <em>pourquoi du comment<\/em>.<\/li>\n<li>Apprendre \u00e0 organiser vos fourn\u00e9es : congeler, r\u00e9chauffer et profiter de vos pr\u00e9parations quand vous le souhaitez.<\/li>\n<li>Recevoir des conseils personnalis\u00e9s, dans une ambiance conviviale, bienveillante et r\u00e9solument gourmande.<\/li>\n<\/ul>\n<p><strong>Au menu de l\u2019atelier<\/strong> :<\/p>\n<ul>\n<li>Petits pains aux p\u00e9pites de chocolat<\/li>\n<li>Cramique<\/li>\n<li>Mini-craquelins<\/li>\n<li>Brioches au beurre<\/li>\n<\/ul>\n<p>Anim\u00e9 par Carole Equeter, Docteur en sciences, Boulanger-P\u00e2tissier et auteure de plusieurs livres dont <em>Pains, mie &amp; Cie<\/em>.<br \/>\nUn atelier unique qui allie pratique, convivialit\u00e9 et science appliqu\u00e9e \u00e0 l\u2019art de la boulangerie sucr\u00e9e.<\/p>\n<p><strong>L\u2019inscription comprend<\/strong> :<br \/>\n\u2714\ufe0f Les mati\u00e8res premi\u00e8res<br \/>\n\u2714\ufe0f Les fichiers recettes d\u00e9taill\u00e9s<br \/>\n\u2714\ufe0f Les conseils personnalis\u00e9s de Carole<br \/>\n\u2714\ufe0f Un assortiment des gourmandises r\u00e9alis\u00e9es durant l\u2019atelier<\/p>\n<p>&nbsp;<\/p>\n<\/div>\n<div id=\"ConnectiveDocSignExtentionInstalled\" data-extension-version=\"1.0.4\"><\/div>","protected":false},"excerpt":{"rendered":"<p><strong>\u00c9veillez le petit boulanger qui est en vous<\/strong><\/p>\n<p>Que vous soyez d\u00e9butant curieux ou d\u00e9j\u00e0 passionn\u00e9 de pain, cet atelier est fait pour vous.<br \/>\nAvec Carole, reprenez les <strong>bases essentielles de la panification<\/strong> pour apprendre, progresser et surtout prendre plaisir \u00e0 cr\u00e9er\u2026 le tout saupoudr\u00e9 de sa <em>pinc\u00e9e de science<\/em> !<\/p>\n<div id=\"ConnectiveDocSignExtentionInstalled\" data-extension-version=\"1.0.4\"><\/div>","protected":false},"featured_media":889,"template":"","meta":{"_et_pb_use_builder":"","_et_pb_old_content":"","_et_gb_content_width":""},"product_brand":[],"product_cat":[26,21],"product_tag":[],"mwb_booking_people":[],"mwb_booking_cost":[],"mwb_booking_service":[],"class_list":{"0":"post-608","1":"product","2":"type-product","3":"status-publish","4":"has-post-thumbnail","6":"product_cat-booking","7":"product_cat-formations","9":"first","10":"instock","11":"virtual","12":"taxable","13":"purchasable","14":"product-type-mwb_booking"},"yoast_head":"<!-- This site is optimized with the Yoast SEO plugin v27.2 - https:\/\/yoast.com\/product\/yoast-seo-wordpress\/ -->\n<title>Atelier &quot;Petits-D\u00e9jeuners du Boulanger&quot; - Carole Equeter<\/title>\n<meta name=\"description\" content=\"Offrez-vous le luxe des petits-d\u00e9jeuners et go\u00fbters faits maison. Imaginez la table du matin garnie de brioches au beurre moelleuses, de cramiques dor\u00e9s et de petits pains aux p\u00e9pites de chocolat\u2026\" \/>\n<meta name=\"robots\" content=\"index, follow, max-snippet:-1, max-image-preview:large, max-video-preview:-1\" \/>\n<link rel=\"canonical\" href=\"https:\/\/www.carole-equeter.com\/en\/product\/atelier-les-petits-dejeuners-du-boulanger\/\" \/>\n<meta property=\"og:locale\" content=\"en_GB\" \/>\n<meta property=\"og:type\" content=\"article\" \/>\n<meta property=\"og:title\" content=\"Atelier &quot;Petits-D\u00e9jeuners du Boulanger&quot; - Carole Equeter\" \/>\n<meta property=\"og:description\" content=\"Offrez-vous le luxe des petits-d\u00e9jeuners et go\u00fbters faits maison. Imaginez la table du matin garnie de brioches au beurre moelleuses, de cramiques dor\u00e9s et de petits pains aux p\u00e9pites de chocolat\u2026\" \/>\n<meta property=\"og:url\" content=\"https:\/\/www.carole-equeter.com\/en\/product\/atelier-les-petits-dejeuners-du-boulanger\/\" \/>\n<meta property=\"og:site_name\" content=\"Carole Equeter\" \/>\n<meta property=\"article:modified_time\" content=\"2026-04-20T06:55:06+00:00\" \/>\n<meta property=\"og:image\" content=\"https:\/\/www.carole-equeter.com\/wp-content\/uploads\/2025\/09\/carole-equeter-atelier-dejeuners-07.jpg\" \/>\n\t<meta property=\"og:image:width\" content=\"1304\" \/>\n\t<meta property=\"og:image:height\" content=\"1298\" \/>\n\t<meta property=\"og:image:type\" content=\"image\/jpeg\" \/>\n<meta name=\"twitter:card\" content=\"summary_large_image\" \/>\n<meta name=\"twitter:label1\" content=\"Estimated reading time\" \/>\n\t<meta name=\"twitter:data1\" content=\"2 minutes\" \/>\n<script type=\"application\/ld+json\" class=\"yoast-schema-graph\">{\"@context\":\"https:\/\/schema.org\",\"@graph\":[{\"@type\":\"WebPage\",\"@id\":\"https:\/\/www.carole-equeter.com\/en\/product\/atelier-les-petits-dejeuners-du-boulanger\/\",\"url\":\"https:\/\/www.carole-equeter.com\/en\/product\/atelier-les-petits-dejeuners-du-boulanger\/\",\"name\":\"Atelier \\\"Petits-D\u00e9jeuners du Boulanger\\\" - Carole Equeter\",\"isPartOf\":{\"@id\":\"https:\/\/www.carole-equeter.com\/en\/#website\"},\"primaryImageOfPage\":{\"@id\":\"https:\/\/www.carole-equeter.com\/en\/product\/atelier-les-petits-dejeuners-du-boulanger\/#primaryimage\"},\"image\":{\"@id\":\"https:\/\/www.carole-equeter.com\/en\/product\/atelier-les-petits-dejeuners-du-boulanger\/#primaryimage\"},\"thumbnailUrl\":\"https:\/\/www.carole-equeter.com\/wp-content\/uploads\/2025\/09\/carole-equeter-atelier-dejeuners-07.jpg\",\"datePublished\":\"2025-09-25T08:59:01+00:00\",\"dateModified\":\"2026-04-20T06:55:06+00:00\",\"description\":\"Offrez-vous le luxe des petits-d\u00e9jeuners et go\u00fbters faits maison. Imaginez la table du matin garnie de brioches au beurre moelleuses, de cramiques dor\u00e9s et de petits pains aux p\u00e9pites de chocolat\u2026\",\"breadcrumb\":{\"@id\":\"https:\/\/www.carole-equeter.com\/en\/product\/atelier-les-petits-dejeuners-du-boulanger\/#breadcrumb\"},\"inLanguage\":\"en-GB\",\"potentialAction\":[{\"@type\":\"ReadAction\",\"target\":[\"https:\/\/www.carole-equeter.com\/en\/product\/atelier-les-petits-dejeuners-du-boulanger\/\"]}]},{\"@type\":\"ImageObject\",\"inLanguage\":\"en-GB\",\"@id\":\"https:\/\/www.carole-equeter.com\/en\/product\/atelier-les-petits-dejeuners-du-boulanger\/#primaryimage\",\"url\":\"https:\/\/www.carole-equeter.com\/wp-content\/uploads\/2025\/09\/carole-equeter-atelier-dejeuners-07.jpg\",\"contentUrl\":\"https:\/\/www.carole-equeter.com\/wp-content\/uploads\/2025\/09\/carole-equeter-atelier-dejeuners-07.jpg\",\"width\":1304,\"height\":1298,\"caption\":\"Craquelin\"},{\"@type\":\"BreadcrumbList\",\"@id\":\"https:\/\/www.carole-equeter.com\/en\/product\/atelier-les-petits-dejeuners-du-boulanger\/#breadcrumb\",\"itemListElement\":[{\"@type\":\"ListItem\",\"position\":1,\"name\":\"Accueil\",\"item\":\"https:\/\/www.carole-equeter.com\/en\/\"},{\"@type\":\"ListItem\",\"position\":2,\"name\":\"Boutique\",\"item\":\"https:\/\/www.carole-equeter.com\/en\/boutique\/\"},{\"@type\":\"ListItem\",\"position\":3,\"name\":\"Atelier \u00ab\u00a0Petits-D\u00e9jeuners du Boulanger\u00a0\u00bb\"}]},{\"@type\":\"WebSite\",\"@id\":\"https:\/\/www.carole-equeter.com\/en\/#website\",\"url\":\"https:\/\/www.carole-equeter.com\/en\/\",\"name\":\"Carole Equeter\",\"description\":\"En cuisine avec Carole Equeter, \u2026 et une pinc\u00e9e de science\",\"publisher\":{\"@id\":\"https:\/\/www.carole-equeter.com\/en\/#organization\"},\"potentialAction\":[{\"@type\":\"SearchAction\",\"target\":{\"@type\":\"EntryPoint\",\"urlTemplate\":\"https:\/\/www.carole-equeter.com\/en\/?s={search_term_string}\"},\"query-input\":{\"@type\":\"PropertyValueSpecification\",\"valueRequired\":true,\"valueName\":\"search_term_string\"}}],\"inLanguage\":\"en-GB\"},{\"@type\":\"Organization\",\"@id\":\"https:\/\/www.carole-equeter.com\/en\/#organization\",\"name\":\"Carole Equeter\",\"url\":\"https:\/\/www.carole-equeter.com\/en\/\",\"logo\":{\"@type\":\"ImageObject\",\"inLanguage\":\"en-GB\",\"@id\":\"https:\/\/www.carole-equeter.com\/en\/#\/schema\/logo\/image\/\",\"url\":\"https:\/\/www.carole-equeter.com\/wp-content\/uploads\/2025\/10\/favicon.png\",\"contentUrl\":\"https:\/\/www.carole-equeter.com\/wp-content\/uploads\/2025\/10\/favicon.png\",\"width\":512,\"height\":512,\"caption\":\"Carole Equeter\"},\"image\":{\"@id\":\"https:\/\/www.carole-equeter.com\/en\/#\/schema\/logo\/image\/\"}}]}<\/script>\n<!-- \/ Yoast SEO plugin. -->","yoast_head_json":{"title":"Atelier \"Petits-D\u00e9jeuners du Boulanger\" - Carole Equeter","description":"Offrez-vous le luxe des petits-d\u00e9jeuners et go\u00fbters faits maison. Imaginez la table du matin garnie de brioches au beurre moelleuses, de cramiques dor\u00e9s et de petits pains aux p\u00e9pites de chocolat\u2026","robots":{"index":"index","follow":"follow","max-snippet":"max-snippet:-1","max-image-preview":"max-image-preview:large","max-video-preview":"max-video-preview:-1"},"canonical":"https:\/\/www.carole-equeter.com\/en\/product\/atelier-les-petits-dejeuners-du-boulanger\/","og_locale":"en_GB","og_type":"article","og_title":"Atelier \"Petits-D\u00e9jeuners du Boulanger\" - Carole Equeter","og_description":"Offrez-vous le luxe des petits-d\u00e9jeuners et go\u00fbters faits maison. Imaginez la table du matin garnie de brioches au beurre moelleuses, de cramiques dor\u00e9s et de petits pains aux p\u00e9pites de chocolat\u2026","og_url":"https:\/\/www.carole-equeter.com\/en\/product\/atelier-les-petits-dejeuners-du-boulanger\/","og_site_name":"Carole Equeter","article_modified_time":"2026-04-20T06:55:06+00:00","og_image":[{"width":1304,"height":1298,"url":"https:\/\/www.carole-equeter.com\/wp-content\/uploads\/2025\/09\/carole-equeter-atelier-dejeuners-07.jpg","type":"image\/jpeg"}],"twitter_card":"summary_large_image","twitter_misc":{"Estimated reading time":"2 minutes"},"schema":{"@context":"https:\/\/schema.org","@graph":[{"@type":"WebPage","@id":"https:\/\/www.carole-equeter.com\/en\/product\/atelier-les-petits-dejeuners-du-boulanger\/","url":"https:\/\/www.carole-equeter.com\/en\/product\/atelier-les-petits-dejeuners-du-boulanger\/","name":"Atelier \"Petits-D\u00e9jeuners du Boulanger\" - Carole Equeter","isPartOf":{"@id":"https:\/\/www.carole-equeter.com\/en\/#website"},"primaryImageOfPage":{"@id":"https:\/\/www.carole-equeter.com\/en\/product\/atelier-les-petits-dejeuners-du-boulanger\/#primaryimage"},"image":{"@id":"https:\/\/www.carole-equeter.com\/en\/product\/atelier-les-petits-dejeuners-du-boulanger\/#primaryimage"},"thumbnailUrl":"https:\/\/www.carole-equeter.com\/wp-content\/uploads\/2025\/09\/carole-equeter-atelier-dejeuners-07.jpg","datePublished":"2025-09-25T08:59:01+00:00","dateModified":"2026-04-20T06:55:06+00:00","description":"Offrez-vous le luxe des petits-d\u00e9jeuners et go\u00fbters faits maison. Imaginez la table du matin garnie de brioches au beurre moelleuses, de cramiques dor\u00e9s et de petits pains aux p\u00e9pites de chocolat\u2026","breadcrumb":{"@id":"https:\/\/www.carole-equeter.com\/en\/product\/atelier-les-petits-dejeuners-du-boulanger\/#breadcrumb"},"inLanguage":"en-GB","potentialAction":[{"@type":"ReadAction","target":["https:\/\/www.carole-equeter.com\/en\/product\/atelier-les-petits-dejeuners-du-boulanger\/"]}]},{"@type":"ImageObject","inLanguage":"en-GB","@id":"https:\/\/www.carole-equeter.com\/en\/product\/atelier-les-petits-dejeuners-du-boulanger\/#primaryimage","url":"https:\/\/www.carole-equeter.com\/wp-content\/uploads\/2025\/09\/carole-equeter-atelier-dejeuners-07.jpg","contentUrl":"https:\/\/www.carole-equeter.com\/wp-content\/uploads\/2025\/09\/carole-equeter-atelier-dejeuners-07.jpg","width":1304,"height":1298,"caption":"Craquelin"},{"@type":"BreadcrumbList","@id":"https:\/\/www.carole-equeter.com\/en\/product\/atelier-les-petits-dejeuners-du-boulanger\/#breadcrumb","itemListElement":[{"@type":"ListItem","position":1,"name":"Accueil","item":"https:\/\/www.carole-equeter.com\/en\/"},{"@type":"ListItem","position":2,"name":"Boutique","item":"https:\/\/www.carole-equeter.com\/en\/boutique\/"},{"@type":"ListItem","position":3,"name":"Atelier \u00ab\u00a0Petits-D\u00e9jeuners du Boulanger\u00a0\u00bb"}]},{"@type":"WebSite","@id":"https:\/\/www.carole-equeter.com\/en\/#website","url":"https:\/\/www.carole-equeter.com\/en\/","name":"Carole Equeter","description":"En cuisine avec Carole Equeter, \u2026 et une pinc\u00e9e de science","publisher":{"@id":"https:\/\/www.carole-equeter.com\/en\/#organization"},"potentialAction":[{"@type":"SearchAction","target":{"@type":"EntryPoint","urlTemplate":"https:\/\/www.carole-equeter.com\/en\/?s={search_term_string}"},"query-input":{"@type":"PropertyValueSpecification","valueRequired":true,"valueName":"search_term_string"}}],"inLanguage":"en-GB"},{"@type":"Organization","@id":"https:\/\/www.carole-equeter.com\/en\/#organization","name":"Carole Equeter","url":"https:\/\/www.carole-equeter.com\/en\/","logo":{"@type":"ImageObject","inLanguage":"en-GB","@id":"https:\/\/www.carole-equeter.com\/en\/#\/schema\/logo\/image\/","url":"https:\/\/www.carole-equeter.com\/wp-content\/uploads\/2025\/10\/favicon.png","contentUrl":"https:\/\/www.carole-equeter.com\/wp-content\/uploads\/2025\/10\/favicon.png","width":512,"height":512,"caption":"Carole Equeter"},"image":{"@id":"https:\/\/www.carole-equeter.com\/en\/#\/schema\/logo\/image\/"}}]}},"_links":{"self":[{"href":"https:\/\/www.carole-equeter.com\/en\/wp-json\/wp\/v2\/product\/608","targetHints":{"allow":["GET"]}}],"collection":[{"href":"https:\/\/www.carole-equeter.com\/en\/wp-json\/wp\/v2\/product"}],"about":[{"href":"https:\/\/www.carole-equeter.com\/en\/wp-json\/wp\/v2\/types\/product"}],"wp:featuredmedia":[{"embeddable":true,"href":"https:\/\/www.carole-equeter.com\/en\/wp-json\/wp\/v2\/media\/889"}],"wp:attachment":[{"href":"https:\/\/www.carole-equeter.com\/en\/wp-json\/wp\/v2\/media?parent=608"}],"wp:term":[{"taxonomy":"product_brand","embeddable":true,"href":"https:\/\/www.carole-equeter.com\/en\/wp-json\/wp\/v2\/product_brand?post=608"},{"taxonomy":"product_cat","embeddable":true,"href":"https:\/\/www.carole-equeter.com\/en\/wp-json\/wp\/v2\/product_cat?post=608"},{"taxonomy":"product_tag","embeddable":true,"href":"https:\/\/www.carole-equeter.com\/en\/wp-json\/wp\/v2\/product_tag?post=608"},{"taxonomy":"mwb_booking_people","embeddable":true,"href":"https:\/\/www.carole-equeter.com\/en\/wp-json\/wp\/v2\/mwb_booking_people?post=608"},{"taxonomy":"mwb_booking_cost","embeddable":true,"href":"https:\/\/www.carole-equeter.com\/en\/wp-json\/wp\/v2\/mwb_booking_cost?post=608"},{"taxonomy":"mwb_booking_service","embeddable":true,"href":"https:\/\/www.carole-equeter.com\/en\/wp-json\/wp\/v2\/mwb_booking_service?post=608"}],"curies":[{"name":"wp","href":"https:\/\/api.w.org\/{rel}","templated":true}]}}