{"id":644,"date":"2025-09-25T09:38:51","date_gmt":"2025-09-25T09:38:51","guid":{"rendered":"https:\/\/carole.jaimonsite.be\/?post_type=product&#038;p=644"},"modified":"2025-10-06T14:36:43","modified_gmt":"2025-10-06T14:36:43","slug":"livre-epatissez-moi","status":"publish","type":"product","link":"https:\/\/www.carole-equeter.com\/en\/product\/livre-epatissez-moi\/","title":{"rendered":"Livre \u00e9P\u00e2tissez-moi!"},"content":{"rendered":"<div align=\"left\">\n<div align=\"left\">Avec ce livre, d\u00e9couvrez comment r\u00e9aliser 40 d\u00e9licieux desserts avec des recettes simples et sans artifices.<\/div>\n<div align=\"left\">Gr\u00e2ce aux quatre chapitres, Un moment de douceur, La part belle \u00e0 la gourmandise, Juste un petit quartier et<\/div>\n<div align=\"left\">Comme au bon vieux temps, il y en aura pour tous les go\u00fbts. Que ce soit pour les petites et grandes occasions,<\/div>\n<div align=\"left\">le temps d\u2019une pause ou garnir les bo\u00eetes \u00e0 collation, autant d\u2019opportunit\u00e9s de mettre le temps entre parenth\u00e8ses afin de savourer un moment de douceur.<\/div>\n<div><\/div>\n<div align=\"left\">Ce quatri\u00e8me volume de la collection \u00abUne pinc\u00e9e de science au quotidien\u00bb, vous permettra de cuisiner malin<\/div>\n<div align=\"left\">et de d\u00e9couvrir la magie de la p\u00e2tisserie \u00e0 la lueur de la science. De mani\u00e8re ludique, par pinc\u00e9es et au travers<\/div>\n<div align=\"left\">de huit carnets th\u00e9matiques (les diff\u00e9rents ingr\u00e9dients, l&rsquo;\u00e9quilibre alimentaire, le th\u00e9,&#8230;),\u00a0 plus rien n\u2019aura de secret<\/div>\n<div align=\"left\">pour vous depuis le poulailler jusqu\u2019\u00e0 l\u2019instant de gourmandise.<\/div>\n<div align=\"left\">\u00e9Patissez-vous!<\/div>\n<div><\/div>\n<div align=\"left\">Pr\u00e9face de\u00a0<a href=\"https:\/\/www.lessentieldejulien.com\/\">Julien Kaibeck<\/a>, chroniqueur TV et fondateur de la\u00a0<a href=\"https:\/\/www.slow-cosmetique.org\/\">Slow Cosm\u00e9tique<\/a><\/div>\n<\/div>","protected":false},"excerpt":{"rendered":"<p>Avec ce livre, d\u00e9couvrez comment r\u00e9aliser 40 d\u00e9licieux desserts avec des recettes simples et sans artifices. Gr\u00e2ce aux quatre chapitres, Un moment de douceur, La part belle \u00e0 la gourmandise, Juste un petit quartier et Comme au bon vieux temps, il y en aura pour tous les go\u00fbts. Que ce soit pour les petites et [&hellip;]<\/p>\n","protected":false},"featured_media":652,"template":"","meta":{"_et_pb_use_builder":"","_et_pb_old_content":"","_et_gb_content_width":""},"product_brand":[],"product_cat":[20],"product_tag":[23,24],"mwb_booking_people":[],"mwb_booking_cost":[],"mwb_booking_service":[],"class_list":{"0":"post-644","1":"product","2":"type-product","3":"status-publish","4":"has-post-thumbnail","6":"product_cat-livres","7":"product_tag-livre","8":"product_tag-recette","9":"product_shipping_class-livre","11":"first","12":"instock","13":"taxable","14":"shipping-taxable","15":"purchasable","16":"product-type-simple"},"yoast_head":"<!-- This site is optimized with the Yoast SEO plugin v27.2 - https:\/\/yoast.com\/product\/yoast-seo-wordpress\/ -->\n<title>Livre \u00e9P\u00e2tissez-moi! - Carole Equeter<\/title>\n<meta name=\"robots\" content=\"index, follow, max-snippet:-1, max-image-preview:large, max-video-preview:-1\" \/>\n<link rel=\"canonical\" href=\"https:\/\/www.carole-equeter.com\/en\/product\/livre-epatissez-moi\/\" \/>\n<meta property=\"og:locale\" content=\"en_GB\" \/>\n<meta property=\"og:type\" content=\"article\" \/>\n<meta property=\"og:title\" content=\"Livre \u00e9P\u00e2tissez-moi! - Carole Equeter\" \/>\n<meta property=\"og:description\" content=\"Avec ce livre, d\u00e9couvrez comment r\u00e9aliser 40 d\u00e9licieux desserts avec des recettes simples et sans artifices. Gr\u00e2ce aux quatre chapitres, Un moment de douceur, La part belle \u00e0 la gourmandise, Juste un petit quartier et Comme au bon vieux temps, il y en aura pour tous les go\u00fbts. Que ce soit pour les petites et [&hellip;]\" \/>\n<meta property=\"og:url\" content=\"https:\/\/www.carole-equeter.com\/en\/product\/livre-epatissez-moi\/\" \/>\n<meta property=\"og:site_name\" content=\"Carole Equeter\" \/>\n<meta property=\"article:modified_time\" content=\"2025-10-06T14:36:43+00:00\" \/>\n<meta property=\"og:image\" content=\"https:\/\/www.carole-equeter.com\/wp-content\/uploads\/2025\/09\/carole-equeter-livre-e-patissez-moi-1024x1024.png\" \/>\n\t<meta property=\"og:image:width\" content=\"1024\" \/>\n\t<meta property=\"og:image:height\" content=\"1024\" \/>\n\t<meta property=\"og:image:type\" content=\"image\/png\" \/>\n<meta name=\"twitter:card\" content=\"summary_large_image\" \/>\n<meta name=\"twitter:label1\" content=\"Estimated reading time\" \/>\n\t<meta name=\"twitter:data1\" content=\"1 minute\" \/>\n<script type=\"application\/ld+json\" class=\"yoast-schema-graph\">{\"@context\":\"https:\/\/schema.org\",\"@graph\":[{\"@type\":\"WebPage\",\"@id\":\"https:\/\/www.carole-equeter.com\/produit\/livre-epatissez-moi\/\",\"url\":\"https:\/\/www.carole-equeter.com\/produit\/livre-epatissez-moi\/\",\"name\":\"Livre \u00e9P\u00e2tissez-moi! - Carole Equeter\",\"isPartOf\":{\"@id\":\"https:\/\/www.carole-equeter.com\/#website\"},\"primaryImageOfPage\":{\"@id\":\"https:\/\/www.carole-equeter.com\/produit\/livre-epatissez-moi\/#primaryimage\"},\"image\":{\"@id\":\"https:\/\/www.carole-equeter.com\/produit\/livre-epatissez-moi\/#primaryimage\"},\"thumbnailUrl\":\"https:\/\/www.carole-equeter.com\/wp-content\/uploads\/2025\/09\/carole-equeter-livre-e-patissez-moi.png\",\"datePublished\":\"2025-09-25T09:38:51+00:00\",\"dateModified\":\"2025-10-06T14:36:43+00:00\",\"breadcrumb\":{\"@id\":\"https:\/\/www.carole-equeter.com\/produit\/livre-epatissez-moi\/#breadcrumb\"},\"inLanguage\":\"en-GB\",\"potentialAction\":[{\"@type\":\"ReadAction\",\"target\":[\"https:\/\/www.carole-equeter.com\/produit\/livre-epatissez-moi\/\"]}]},{\"@type\":\"ImageObject\",\"inLanguage\":\"en-GB\",\"@id\":\"https:\/\/www.carole-equeter.com\/produit\/livre-epatissez-moi\/#primaryimage\",\"url\":\"https:\/\/www.carole-equeter.com\/wp-content\/uploads\/2025\/09\/carole-equeter-livre-e-patissez-moi.png\",\"contentUrl\":\"https:\/\/www.carole-equeter.com\/wp-content\/uploads\/2025\/09\/carole-equeter-livre-e-patissez-moi.png\",\"width\":1600,\"height\":1600},{\"@type\":\"BreadcrumbList\",\"@id\":\"https:\/\/www.carole-equeter.com\/produit\/livre-epatissez-moi\/#breadcrumb\",\"itemListElement\":[{\"@type\":\"ListItem\",\"position\":1,\"name\":\"Accueil\",\"item\":\"https:\/\/www.carole-equeter.com\/\"},{\"@type\":\"ListItem\",\"position\":2,\"name\":\"Boutique\",\"item\":\"https:\/\/www.carole-equeter.com\/boutique\/\"},{\"@type\":\"ListItem\",\"position\":3,\"name\":\"Livre \u00e9P\u00e2tissez-moi!\"}]},{\"@type\":\"WebSite\",\"@id\":\"https:\/\/www.carole-equeter.com\/#website\",\"url\":\"https:\/\/www.carole-equeter.com\/\",\"name\":\"Carole Equeter\",\"description\":\"En cuisine avec Carole Equeter, \u2026 et une pinc\u00e9e de science\",\"publisher\":{\"@id\":\"https:\/\/www.carole-equeter.com\/#organization\"},\"potentialAction\":[{\"@type\":\"SearchAction\",\"target\":{\"@type\":\"EntryPoint\",\"urlTemplate\":\"https:\/\/www.carole-equeter.com\/?s={search_term_string}\"},\"query-input\":{\"@type\":\"PropertyValueSpecification\",\"valueRequired\":true,\"valueName\":\"search_term_string\"}}],\"inLanguage\":\"en-GB\"},{\"@type\":\"Organization\",\"@id\":\"https:\/\/www.carole-equeter.com\/#organization\",\"name\":\"Carole Equeter\",\"url\":\"https:\/\/www.carole-equeter.com\/\",\"logo\":{\"@type\":\"ImageObject\",\"inLanguage\":\"en-GB\",\"@id\":\"https:\/\/www.carole-equeter.com\/#\/schema\/logo\/image\/\",\"url\":\"https:\/\/www.carole-equeter.com\/wp-content\/uploads\/2025\/10\/favicon.png\",\"contentUrl\":\"https:\/\/www.carole-equeter.com\/wp-content\/uploads\/2025\/10\/favicon.png\",\"width\":512,\"height\":512,\"caption\":\"Carole Equeter\"},\"image\":{\"@id\":\"https:\/\/www.carole-equeter.com\/#\/schema\/logo\/image\/\"}}]}<\/script>\n<!-- \/ Yoast SEO plugin. -->","yoast_head_json":{"title":"Livre \u00e9P\u00e2tissez-moi! - Carole Equeter","robots":{"index":"index","follow":"follow","max-snippet":"max-snippet:-1","max-image-preview":"max-image-preview:large","max-video-preview":"max-video-preview:-1"},"canonical":"https:\/\/www.carole-equeter.com\/en\/product\/livre-epatissez-moi\/","og_locale":"en_GB","og_type":"article","og_title":"Livre \u00e9P\u00e2tissez-moi! - Carole Equeter","og_description":"Avec ce livre, d\u00e9couvrez comment r\u00e9aliser 40 d\u00e9licieux desserts avec des recettes simples et sans artifices. Gr\u00e2ce aux quatre chapitres, Un moment de douceur, La part belle \u00e0 la gourmandise, Juste un petit quartier et Comme au bon vieux temps, il y en aura pour tous les go\u00fbts. Que ce soit pour les petites et [&hellip;]","og_url":"https:\/\/www.carole-equeter.com\/en\/product\/livre-epatissez-moi\/","og_site_name":"Carole Equeter","article_modified_time":"2025-10-06T14:36:43+00:00","og_image":[{"width":1024,"height":1024,"url":"https:\/\/www.carole-equeter.com\/wp-content\/uploads\/2025\/09\/carole-equeter-livre-e-patissez-moi-1024x1024.png","type":"image\/png"}],"twitter_card":"summary_large_image","twitter_misc":{"Estimated reading time":"1 minute"},"schema":{"@context":"https:\/\/schema.org","@graph":[{"@type":"WebPage","@id":"https:\/\/www.carole-equeter.com\/produit\/livre-epatissez-moi\/","url":"https:\/\/www.carole-equeter.com\/produit\/livre-epatissez-moi\/","name":"Livre \u00e9P\u00e2tissez-moi! - Carole Equeter","isPartOf":{"@id":"https:\/\/www.carole-equeter.com\/#website"},"primaryImageOfPage":{"@id":"https:\/\/www.carole-equeter.com\/produit\/livre-epatissez-moi\/#primaryimage"},"image":{"@id":"https:\/\/www.carole-equeter.com\/produit\/livre-epatissez-moi\/#primaryimage"},"thumbnailUrl":"https:\/\/www.carole-equeter.com\/wp-content\/uploads\/2025\/09\/carole-equeter-livre-e-patissez-moi.png","datePublished":"2025-09-25T09:38:51+00:00","dateModified":"2025-10-06T14:36:43+00:00","breadcrumb":{"@id":"https:\/\/www.carole-equeter.com\/produit\/livre-epatissez-moi\/#breadcrumb"},"inLanguage":"en-GB","potentialAction":[{"@type":"ReadAction","target":["https:\/\/www.carole-equeter.com\/produit\/livre-epatissez-moi\/"]}]},{"@type":"ImageObject","inLanguage":"en-GB","@id":"https:\/\/www.carole-equeter.com\/produit\/livre-epatissez-moi\/#primaryimage","url":"https:\/\/www.carole-equeter.com\/wp-content\/uploads\/2025\/09\/carole-equeter-livre-e-patissez-moi.png","contentUrl":"https:\/\/www.carole-equeter.com\/wp-content\/uploads\/2025\/09\/carole-equeter-livre-e-patissez-moi.png","width":1600,"height":1600},{"@type":"BreadcrumbList","@id":"https:\/\/www.carole-equeter.com\/produit\/livre-epatissez-moi\/#breadcrumb","itemListElement":[{"@type":"ListItem","position":1,"name":"Accueil","item":"https:\/\/www.carole-equeter.com\/"},{"@type":"ListItem","position":2,"name":"Boutique","item":"https:\/\/www.carole-equeter.com\/boutique\/"},{"@type":"ListItem","position":3,"name":"Livre \u00e9P\u00e2tissez-moi!"}]},{"@type":"WebSite","@id":"https:\/\/www.carole-equeter.com\/#website","url":"https:\/\/www.carole-equeter.com\/","name":"Carole Equeter","description":"En cuisine avec Carole Equeter, \u2026 et une pinc\u00e9e de science","publisher":{"@id":"https:\/\/www.carole-equeter.com\/#organization"},"potentialAction":[{"@type":"SearchAction","target":{"@type":"EntryPoint","urlTemplate":"https:\/\/www.carole-equeter.com\/?s={search_term_string}"},"query-input":{"@type":"PropertyValueSpecification","valueRequired":true,"valueName":"search_term_string"}}],"inLanguage":"en-GB"},{"@type":"Organization","@id":"https:\/\/www.carole-equeter.com\/#organization","name":"Carole Equeter","url":"https:\/\/www.carole-equeter.com\/","logo":{"@type":"ImageObject","inLanguage":"en-GB","@id":"https:\/\/www.carole-equeter.com\/#\/schema\/logo\/image\/","url":"https:\/\/www.carole-equeter.com\/wp-content\/uploads\/2025\/10\/favicon.png","contentUrl":"https:\/\/www.carole-equeter.com\/wp-content\/uploads\/2025\/10\/favicon.png","width":512,"height":512,"caption":"Carole Equeter"},"image":{"@id":"https:\/\/www.carole-equeter.com\/#\/schema\/logo\/image\/"}}]}},"_links":{"self":[{"href":"https:\/\/www.carole-equeter.com\/en\/wp-json\/wp\/v2\/product\/644","targetHints":{"allow":["GET"]}}],"collection":[{"href":"https:\/\/www.carole-equeter.com\/en\/wp-json\/wp\/v2\/product"}],"about":[{"href":"https:\/\/www.carole-equeter.com\/en\/wp-json\/wp\/v2\/types\/product"}],"wp:featuredmedia":[{"embeddable":true,"href":"https:\/\/www.carole-equeter.com\/en\/wp-json\/wp\/v2\/media\/652"}],"wp:attachment":[{"href":"https:\/\/www.carole-equeter.com\/en\/wp-json\/wp\/v2\/media?parent=644"}],"wp:term":[{"taxonomy":"product_brand","embeddable":true,"href":"https:\/\/www.carole-equeter.com\/en\/wp-json\/wp\/v2\/product_brand?post=644"},{"taxonomy":"product_cat","embeddable":true,"href":"https:\/\/www.carole-equeter.com\/en\/wp-json\/wp\/v2\/product_cat?post=644"},{"taxonomy":"product_tag","embeddable":true,"href":"https:\/\/www.carole-equeter.com\/en\/wp-json\/wp\/v2\/product_tag?post=644"},{"taxonomy":"mwb_booking_people","embeddable":true,"href":"https:\/\/www.carole-equeter.com\/en\/wp-json\/wp\/v2\/mwb_booking_people?post=644"},{"taxonomy":"mwb_booking_cost","embeddable":true,"href":"https:\/\/www.carole-equeter.com\/en\/wp-json\/wp\/v2\/mwb_booking_cost?post=644"},{"taxonomy":"mwb_booking_service","embeddable":true,"href":"https:\/\/www.carole-equeter.com\/en\/wp-json\/wp\/v2\/mwb_booking_service?post=644"}],"curies":[{"name":"wp","href":"https:\/\/api.w.org\/{rel}","templated":true}]}}