{"id":893,"date":"2025-10-06T13:52:45","date_gmt":"2025-10-06T13:52:45","guid":{"rendered":"https:\/\/www.carole-equeter.com\/?post_type=product&#038;p=893"},"modified":"2025-10-07T07:30:19","modified_gmt":"2025-10-07T07:30:19","slug":"set-tablier-de-cuisine-et-calot","status":"publish","type":"product","link":"https:\/\/www.carole-equeter.com\/en\/product\/set-tablier-de-cuisine-et-calot\/","title":{"rendered":"Cooking Apron"},"content":{"rendered":"<div align=\"left\">\n<div align=\"left\">\n<p><strong>Professional-Quality Cooking Apron <\/strong><\/p>\n<p class=\"translation-block\">Apportez une allure <strong>classe et \u00e9l\u00e9gante en cuisine<\/strong> avec ce tablier sobre, pratique et r\u00e9sistant, con\u00e7u pour vous accompagner dans toutes vos cr\u00e9ations gourmandes !<br>\r\nDesign exclusif : impression sur la poitrine <em>\u00ab En cuisine avec Carole Equeter\u2026 et sa pinc\u00e9e de science \u00bb<\/em> et une illustration originale m\u00ealant <strong>Carole en cuisine<\/strong> et <strong>Carole scientifique<\/strong>.<\/p>\n<p><strong>Features :<\/strong><\/p>\n<ul>\n<li class=\"translation-block\">\u2022\tPolycotton 2-point fabric (65% polyester \u2013 35% cotton): durable and comfortable to wear<\/li>\n<li class=\"translation-block\">\u2022\tWashable at 60\u00b0C, tumble dryer- and iron-friendly<\/li>\n<li class=\"translation-block\">\u2022\tTwo front pockets for easy access to your utensils<\/li>\n<li class=\"translation-block\">\u2022\tMade in Belgium \u2014 a mark of quality and durability<\/li>\n<li class=\"translation-block\">\u2022\tAdjustable neck strap with three sturdy press studs for optimal comfort<\/li>\n<li>\u2022\tSuitable for all body types, from petite to plus size<\/li>\n<li class=\"translation-block\">\u2022\tDimensions: top bib width 29 cm \u2013 total length 94 cm<\/li>\n<\/ul>\n<p class=\"translation-block\">Whether you're an aspiring chef or an experienced food lover, this apron offers a professional, elegant look \u2014 and is tough enough for frequent washing.<\/p>\n<\/div>\n<\/div>\n<div id=\"ConnectiveDocSignExtentionInstalled\" data-extension-version=\"1.0.4\"><\/div>","protected":false},"excerpt":{"rendered":"<p class=\"translation-block\">Whether you're an aspiring chef or an experienced food lover, this apron offers a professional, elegant look \u2014 and is tough enough for frequent washing.<\/p>\n<div id=\"ConnectiveDocSignExtentionInstalled\" data-extension-version=\"1.0.4\"><\/div>","protected":false},"featured_media":894,"template":"","meta":{"_et_pb_use_builder":"","_et_pb_old_content":"","_et_gb_content_width":""},"product_brand":[],"product_cat":[22],"product_tag":[23,24],"mwb_booking_people":[],"mwb_booking_cost":[],"mwb_booking_service":[],"class_list":{"0":"post-893","1":"product","2":"type-product","3":"status-publish","4":"has-post-thumbnail","6":"product_cat-goodies","7":"product_tag-livre","8":"product_tag-recette","9":"product_shipping_class-tablier","11":"first","12":"instock","13":"taxable","14":"shipping-taxable","15":"purchasable","16":"product-type-simple"},"yoast_head":"<!-- This site is optimized with the Yoast SEO plugin v27.2 - https:\/\/yoast.com\/product\/yoast-seo-wordpress\/ -->\n<title>Tablier de cuisine - Carole Equeter<\/title>\n<meta name=\"robots\" content=\"index, follow, max-snippet:-1, max-image-preview:large, max-video-preview:-1\" \/>\n<link rel=\"canonical\" href=\"https:\/\/www.carole-equeter.com\/en\/product\/set-tablier-de-cuisine-et-calot\/\" \/>\n<meta property=\"og:locale\" content=\"en_GB\" \/>\n<meta property=\"og:type\" content=\"article\" \/>\n<meta property=\"og:title\" content=\"Tablier de cuisine - Carole Equeter\" \/>\n<meta property=\"og:description\" content=\"Que vous soyez un chef en herbe ou un passionn\u00e9 confirm\u00e9, ce tablier vous donnera une allure pro et \u00e9l\u00e9gante, tout en restant ultra-pratique pour vos lavages intensifs.\" \/>\n<meta property=\"og:url\" content=\"https:\/\/www.carole-equeter.com\/en\/product\/set-tablier-de-cuisine-et-calot\/\" \/>\n<meta property=\"og:site_name\" content=\"Carole Equeter\" \/>\n<meta property=\"article:modified_time\" content=\"2025-10-07T07:30:19+00:00\" \/>\n<meta property=\"og:image\" content=\"https:\/\/www.carole-equeter.com\/wp-content\/uploads\/2025\/10\/carole-equeter-tablier-de-cuisine.jpg\" \/>\n\t<meta property=\"og:image:width\" content=\"2048\" \/>\n\t<meta property=\"og:image:height\" content=\"2048\" \/>\n\t<meta property=\"og:image:type\" content=\"image\/jpeg\" \/>\n<meta name=\"twitter:card\" content=\"summary_large_image\" \/>\n<meta name=\"twitter:label1\" content=\"Estimated reading time\" \/>\n\t<meta name=\"twitter:data1\" content=\"1 minute\" \/>\n<script type=\"application\/ld+json\" class=\"yoast-schema-graph\">{\"@context\":\"https:\/\/schema.org\",\"@graph\":[{\"@type\":\"WebPage\",\"@id\":\"https:\/\/www.carole-equeter.com\/produit\/set-tablier-de-cuisine-et-calot\/\",\"url\":\"https:\/\/www.carole-equeter.com\/produit\/set-tablier-de-cuisine-et-calot\/\",\"name\":\"Tablier de cuisine - Carole Equeter\",\"isPartOf\":{\"@id\":\"https:\/\/www.carole-equeter.com\/#website\"},\"primaryImageOfPage\":{\"@id\":\"https:\/\/www.carole-equeter.com\/produit\/set-tablier-de-cuisine-et-calot\/#primaryimage\"},\"image\":{\"@id\":\"https:\/\/www.carole-equeter.com\/produit\/set-tablier-de-cuisine-et-calot\/#primaryimage\"},\"thumbnailUrl\":\"https:\/\/www.carole-equeter.com\/wp-content\/uploads\/2025\/10\/carole-equeter-tablier-de-cuisine.jpg\",\"datePublished\":\"2025-10-06T13:52:45+00:00\",\"dateModified\":\"2025-10-07T07:30:19+00:00\",\"breadcrumb\":{\"@id\":\"https:\/\/www.carole-equeter.com\/produit\/set-tablier-de-cuisine-et-calot\/#breadcrumb\"},\"inLanguage\":\"en-GB\",\"potentialAction\":[{\"@type\":\"ReadAction\",\"target\":[\"https:\/\/www.carole-equeter.com\/produit\/set-tablier-de-cuisine-et-calot\/\"]}]},{\"@type\":\"ImageObject\",\"inLanguage\":\"en-GB\",\"@id\":\"https:\/\/www.carole-equeter.com\/produit\/set-tablier-de-cuisine-et-calot\/#primaryimage\",\"url\":\"https:\/\/www.carole-equeter.com\/wp-content\/uploads\/2025\/10\/carole-equeter-tablier-de-cuisine.jpg\",\"contentUrl\":\"https:\/\/www.carole-equeter.com\/wp-content\/uploads\/2025\/10\/carole-equeter-tablier-de-cuisine.jpg\",\"width\":2048,\"height\":2048},{\"@type\":\"BreadcrumbList\",\"@id\":\"https:\/\/www.carole-equeter.com\/produit\/set-tablier-de-cuisine-et-calot\/#breadcrumb\",\"itemListElement\":[{\"@type\":\"ListItem\",\"position\":1,\"name\":\"Accueil\",\"item\":\"https:\/\/www.carole-equeter.com\/\"},{\"@type\":\"ListItem\",\"position\":2,\"name\":\"Boutique\",\"item\":\"https:\/\/www.carole-equeter.com\/boutique\/\"},{\"@type\":\"ListItem\",\"position\":3,\"name\":\"Tablier de cuisine\"}]},{\"@type\":\"WebSite\",\"@id\":\"https:\/\/www.carole-equeter.com\/#website\",\"url\":\"https:\/\/www.carole-equeter.com\/\",\"name\":\"Carole Equeter\",\"description\":\"En cuisine avec Carole Equeter, \u2026 et une pinc\u00e9e de science\",\"publisher\":{\"@id\":\"https:\/\/www.carole-equeter.com\/#organization\"},\"potentialAction\":[{\"@type\":\"SearchAction\",\"target\":{\"@type\":\"EntryPoint\",\"urlTemplate\":\"https:\/\/www.carole-equeter.com\/?s={search_term_string}\"},\"query-input\":{\"@type\":\"PropertyValueSpecification\",\"valueRequired\":true,\"valueName\":\"search_term_string\"}}],\"inLanguage\":\"en-GB\"},{\"@type\":\"Organization\",\"@id\":\"https:\/\/www.carole-equeter.com\/#organization\",\"name\":\"Carole Equeter\",\"url\":\"https:\/\/www.carole-equeter.com\/\",\"logo\":{\"@type\":\"ImageObject\",\"inLanguage\":\"en-GB\",\"@id\":\"https:\/\/www.carole-equeter.com\/#\/schema\/logo\/image\/\",\"url\":\"https:\/\/www.carole-equeter.com\/wp-content\/uploads\/2025\/10\/favicon.png\",\"contentUrl\":\"https:\/\/www.carole-equeter.com\/wp-content\/uploads\/2025\/10\/favicon.png\",\"width\":512,\"height\":512,\"caption\":\"Carole Equeter\"},\"image\":{\"@id\":\"https:\/\/www.carole-equeter.com\/#\/schema\/logo\/image\/\"}}]}<\/script>\n<!-- \/ Yoast SEO plugin. -->","yoast_head_json":{"title":"Tablier de cuisine - Carole Equeter","robots":{"index":"index","follow":"follow","max-snippet":"max-snippet:-1","max-image-preview":"max-image-preview:large","max-video-preview":"max-video-preview:-1"},"canonical":"https:\/\/www.carole-equeter.com\/en\/product\/set-tablier-de-cuisine-et-calot\/","og_locale":"en_GB","og_type":"article","og_title":"Tablier de cuisine - Carole Equeter","og_description":"Que vous soyez un chef en herbe ou un passionn\u00e9 confirm\u00e9, ce tablier vous donnera une allure pro et \u00e9l\u00e9gante, tout en restant ultra-pratique pour vos lavages intensifs.","og_url":"https:\/\/www.carole-equeter.com\/en\/product\/set-tablier-de-cuisine-et-calot\/","og_site_name":"Carole Equeter","article_modified_time":"2025-10-07T07:30:19+00:00","og_image":[{"width":2048,"height":2048,"url":"https:\/\/www.carole-equeter.com\/wp-content\/uploads\/2025\/10\/carole-equeter-tablier-de-cuisine.jpg","type":"image\/jpeg"}],"twitter_card":"summary_large_image","twitter_misc":{"Estimated reading time":"1 minute"},"schema":{"@context":"https:\/\/schema.org","@graph":[{"@type":"WebPage","@id":"https:\/\/www.carole-equeter.com\/produit\/set-tablier-de-cuisine-et-calot\/","url":"https:\/\/www.carole-equeter.com\/produit\/set-tablier-de-cuisine-et-calot\/","name":"Tablier de cuisine - Carole Equeter","isPartOf":{"@id":"https:\/\/www.carole-equeter.com\/#website"},"primaryImageOfPage":{"@id":"https:\/\/www.carole-equeter.com\/produit\/set-tablier-de-cuisine-et-calot\/#primaryimage"},"image":{"@id":"https:\/\/www.carole-equeter.com\/produit\/set-tablier-de-cuisine-et-calot\/#primaryimage"},"thumbnailUrl":"https:\/\/www.carole-equeter.com\/wp-content\/uploads\/2025\/10\/carole-equeter-tablier-de-cuisine.jpg","datePublished":"2025-10-06T13:52:45+00:00","dateModified":"2025-10-07T07:30:19+00:00","breadcrumb":{"@id":"https:\/\/www.carole-equeter.com\/produit\/set-tablier-de-cuisine-et-calot\/#breadcrumb"},"inLanguage":"en-GB","potentialAction":[{"@type":"ReadAction","target":["https:\/\/www.carole-equeter.com\/produit\/set-tablier-de-cuisine-et-calot\/"]}]},{"@type":"ImageObject","inLanguage":"en-GB","@id":"https:\/\/www.carole-equeter.com\/produit\/set-tablier-de-cuisine-et-calot\/#primaryimage","url":"https:\/\/www.carole-equeter.com\/wp-content\/uploads\/2025\/10\/carole-equeter-tablier-de-cuisine.jpg","contentUrl":"https:\/\/www.carole-equeter.com\/wp-content\/uploads\/2025\/10\/carole-equeter-tablier-de-cuisine.jpg","width":2048,"height":2048},{"@type":"BreadcrumbList","@id":"https:\/\/www.carole-equeter.com\/produit\/set-tablier-de-cuisine-et-calot\/#breadcrumb","itemListElement":[{"@type":"ListItem","position":1,"name":"Accueil","item":"https:\/\/www.carole-equeter.com\/"},{"@type":"ListItem","position":2,"name":"Boutique","item":"https:\/\/www.carole-equeter.com\/boutique\/"},{"@type":"ListItem","position":3,"name":"Tablier de cuisine"}]},{"@type":"WebSite","@id":"https:\/\/www.carole-equeter.com\/#website","url":"https:\/\/www.carole-equeter.com\/","name":"Carole Equeter","description":"En cuisine avec Carole Equeter, \u2026 et une pinc\u00e9e de science","publisher":{"@id":"https:\/\/www.carole-equeter.com\/#organization"},"potentialAction":[{"@type":"SearchAction","target":{"@type":"EntryPoint","urlTemplate":"https:\/\/www.carole-equeter.com\/?s={search_term_string}"},"query-input":{"@type":"PropertyValueSpecification","valueRequired":true,"valueName":"search_term_string"}}],"inLanguage":"en-GB"},{"@type":"Organization","@id":"https:\/\/www.carole-equeter.com\/#organization","name":"Carole Equeter","url":"https:\/\/www.carole-equeter.com\/","logo":{"@type":"ImageObject","inLanguage":"en-GB","@id":"https:\/\/www.carole-equeter.com\/#\/schema\/logo\/image\/","url":"https:\/\/www.carole-equeter.com\/wp-content\/uploads\/2025\/10\/favicon.png","contentUrl":"https:\/\/www.carole-equeter.com\/wp-content\/uploads\/2025\/10\/favicon.png","width":512,"height":512,"caption":"Carole Equeter"},"image":{"@id":"https:\/\/www.carole-equeter.com\/#\/schema\/logo\/image\/"}}]}},"_links":{"self":[{"href":"https:\/\/www.carole-equeter.com\/en\/wp-json\/wp\/v2\/product\/893","targetHints":{"allow":["GET"]}}],"collection":[{"href":"https:\/\/www.carole-equeter.com\/en\/wp-json\/wp\/v2\/product"}],"about":[{"href":"https:\/\/www.carole-equeter.com\/en\/wp-json\/wp\/v2\/types\/product"}],"wp:featuredmedia":[{"embeddable":true,"href":"https:\/\/www.carole-equeter.com\/en\/wp-json\/wp\/v2\/media\/894"}],"wp:attachment":[{"href":"https:\/\/www.carole-equeter.com\/en\/wp-json\/wp\/v2\/media?parent=893"}],"wp:term":[{"taxonomy":"product_brand","embeddable":true,"href":"https:\/\/www.carole-equeter.com\/en\/wp-json\/wp\/v2\/product_brand?post=893"},{"taxonomy":"product_cat","embeddable":true,"href":"https:\/\/www.carole-equeter.com\/en\/wp-json\/wp\/v2\/product_cat?post=893"},{"taxonomy":"product_tag","embeddable":true,"href":"https:\/\/www.carole-equeter.com\/en\/wp-json\/wp\/v2\/product_tag?post=893"},{"taxonomy":"mwb_booking_people","embeddable":true,"href":"https:\/\/www.carole-equeter.com\/en\/wp-json\/wp\/v2\/mwb_booking_people?post=893"},{"taxonomy":"mwb_booking_cost","embeddable":true,"href":"https:\/\/www.carole-equeter.com\/en\/wp-json\/wp\/v2\/mwb_booking_cost?post=893"},{"taxonomy":"mwb_booking_service","embeddable":true,"href":"https:\/\/www.carole-equeter.com\/en\/wp-json\/wp\/v2\/mwb_booking_service?post=893"}],"curies":[{"name":"wp","href":"https:\/\/api.w.org\/{rel}","templated":true}]}}