{"id":905,"date":"2025-10-06T15:23:25","date_gmt":"2025-10-06T15:23:25","guid":{"rendered":"https:\/\/www.carole-equeter.com\/?post_type=product&#038;p=905"},"modified":"2026-03-16T11:28:03","modified_gmt":"2026-03-16T11:28:03","slug":"atelier-saveurs-ditalie","status":"publish","type":"product","link":"https:\/\/www.carole-equeter.com\/en\/product\/atelier-saveurs-ditalie\/","title":{"rendered":"Atelier \u00ab\u00a0Saveurs d&rsquo;Italie\u00a0\u00bb"},"content":{"rendered":"<div align=\"left\">\n<p><strong>Atelier \u00ab Saveurs d\u2019Italie \u00bb<\/strong><\/p>\n<p><strong>Un voyage gourmand au c\u0153ur de la cucina italiana<\/strong><\/p>\n<p>Pour cet atelier, Carole vous emm\u00e8ne \u00e0 la d\u00e9couverte des plaisirs de la botte, qui raviront petits et grands, familles et amis, et ce, en toute saison. Venez \u00e9veiller vos sens et partager un moment convivial autour des incontournables de la gastronomie italienne, avec bien s\u00fbr une pinc\u00e9e de science pour comprendre le pourquoi du comment !<\/p>\n<p><strong>Au programme :<\/strong><\/p>\n<ul>\n<li>D\u00e9couvrir les produits embl\u00e9matiques de la cuisine italienne : farine \u00ab doppio zero \u00bb, semoule de bl\u00e9 dur, huile d\u2019olive\u2026<br \/>\n\u2022 Fabriquer des p\u00e2tes fra\u00eeches int\u00e9grant l\u2019huile d\u2019olive<br \/>\n\u2022 Explorer les secrets des diff\u00e9rentes pr\u00e9parations italiennes, du pain aux pizzas<br \/>\n\u2022 Recevoir des conseils personnalis\u00e9s pour r\u00e9ussir vos recettes \u00e0 la maison<br \/>\n\u2022 Comprendre les petits trucs et astuces qui font toute la diff\u00e9rence gr\u00e2ce aux explications de Carole<\/li>\n<\/ul>\n<p><strong>Au menu de l\u2019atelier :<\/strong><\/p>\n<ul>\n<li>Pizzas<\/li>\n<li>Ciabatta<\/li>\n<li>Focaccia<\/li>\n<li>Grisini<\/li>\n<\/ul>\n<p><strong>Anim\u00e9 par Carole Equeter<\/strong>, Docteur en sciences, Boulanger-P\u00e2tissier et Femme Passionn\u00e9e.<br \/>\nUn atelier unique qui allie pratique, convivialit\u00e9 et science appliqu\u00e9e \u00e0 l\u2019art de la cucina italiana.<\/p>\n<p>\u2139\ufe0f <strong>L\u2019inscription comprend :<\/strong><br \/>\n\u2714\ufe0f Les mati\u00e8res premi\u00e8res<br \/>\n\u2714\ufe0f Les fiches d\u00e9taill\u00e9es des recettes de l\u2019atelier<br \/>\n\u2714\ufe0f Les conseils personnalis\u00e9s de Carole<br \/>\n\u2714\ufe0f Un assortiment des pr\u00e9parations r\u00e9alis\u00e9es durant l\u2019atelier<br \/>\n\u2714\ufe0f Une d\u00e9gustation conviviale de pizza, de ciabatta garnie et de grisini sur place<\/p>\n<\/div>\n<div id=\"ConnectiveDocSignExtentionInstalled\" data-extension-version=\"1.0.4\"><\/div>","protected":false},"excerpt":{"rendered":"<p>&nbsp;<\/p>\n<div id=\"ConnectiveDocSignExtentionInstalled\" data-extension-version=\"1.0.4\"><\/div>","protected":false},"featured_media":926,"template":"","meta":{"_et_pb_use_builder":"","_et_pb_old_content":"","_et_gb_content_width":""},"product_brand":[],"product_cat":[26,21],"product_tag":[],"mwb_booking_people":[],"mwb_booking_cost":[],"mwb_booking_service":[],"class_list":{"0":"post-905","1":"product","2":"type-product","3":"status-publish","4":"has-post-thumbnail","6":"product_cat-booking","7":"product_cat-formations","9":"first","10":"instock","11":"virtual","12":"taxable","13":"purchasable","14":"product-type-mwb_booking"},"yoast_head":"<!-- This site is optimized with the Yoast SEO plugin v27.2 - https:\/\/yoast.com\/product\/yoast-seo-wordpress\/ -->\n<title>Atelier &quot;Saveurs d&#039;Italie&quot; - Carole Equeter<\/title>\n<meta name=\"robots\" content=\"index, follow, max-snippet:-1, max-image-preview:large, max-video-preview:-1\" \/>\n<link rel=\"canonical\" href=\"https:\/\/www.carole-equeter.com\/en\/product\/atelier-saveurs-ditalie\/\" \/>\n<meta property=\"og:locale\" content=\"en_GB\" \/>\n<meta property=\"og:type\" content=\"article\" \/>\n<meta property=\"og:title\" content=\"Atelier &quot;Saveurs d&#039;Italie&quot; - Carole Equeter\" \/>\n<meta property=\"og:description\" content=\"&nbsp;\" \/>\n<meta property=\"og:url\" content=\"https:\/\/www.carole-equeter.com\/en\/product\/atelier-saveurs-ditalie\/\" \/>\n<meta property=\"og:site_name\" content=\"Carole Equeter\" \/>\n<meta property=\"article:modified_time\" content=\"2026-03-16T11:28:03+00:00\" \/>\n<meta property=\"og:image\" content=\"https:\/\/www.carole-equeter.com\/wp-content\/uploads\/2025\/10\/carole-equeter-atelier-italie-01.jpg\" \/>\n\t<meta property=\"og:image:width\" content=\"1282\" \/>\n\t<meta property=\"og:image:height\" content=\"1316\" \/>\n\t<meta property=\"og:image:type\" content=\"image\/jpeg\" \/>\n<meta name=\"twitter:card\" content=\"summary_large_image\" \/>\n<meta name=\"twitter:label1\" content=\"Estimated reading time\" \/>\n\t<meta name=\"twitter:data1\" content=\"2 minutes\" \/>\n<script type=\"application\/ld+json\" class=\"yoast-schema-graph\">{\"@context\":\"https:\/\/schema.org\",\"@graph\":[{\"@type\":\"WebPage\",\"@id\":\"https:\/\/www.carole-equeter.com\/produit\/atelier-saveurs-ditalie\/\",\"url\":\"https:\/\/www.carole-equeter.com\/produit\/atelier-saveurs-ditalie\/\",\"name\":\"Atelier \\\"Saveurs d'Italie\\\" - Carole Equeter\",\"isPartOf\":{\"@id\":\"https:\/\/www.carole-equeter.com\/#website\"},\"primaryImageOfPage\":{\"@id\":\"https:\/\/www.carole-equeter.com\/produit\/atelier-saveurs-ditalie\/#primaryimage\"},\"image\":{\"@id\":\"https:\/\/www.carole-equeter.com\/produit\/atelier-saveurs-ditalie\/#primaryimage\"},\"thumbnailUrl\":\"https:\/\/www.carole-equeter.com\/wp-content\/uploads\/2025\/10\/carole-equeter-atelier-italie-01.jpg\",\"datePublished\":\"2025-10-06T15:23:25+00:00\",\"dateModified\":\"2026-03-16T11:28:03+00:00\",\"breadcrumb\":{\"@id\":\"https:\/\/www.carole-equeter.com\/produit\/atelier-saveurs-ditalie\/#breadcrumb\"},\"inLanguage\":\"en-GB\",\"potentialAction\":[{\"@type\":\"ReadAction\",\"target\":[\"https:\/\/www.carole-equeter.com\/produit\/atelier-saveurs-ditalie\/\"]}]},{\"@type\":\"ImageObject\",\"inLanguage\":\"en-GB\",\"@id\":\"https:\/\/www.carole-equeter.com\/produit\/atelier-saveurs-ditalie\/#primaryimage\",\"url\":\"https:\/\/www.carole-equeter.com\/wp-content\/uploads\/2025\/10\/carole-equeter-atelier-italie-01.jpg\",\"contentUrl\":\"https:\/\/www.carole-equeter.com\/wp-content\/uploads\/2025\/10\/carole-equeter-atelier-italie-01.jpg\",\"width\":1282,\"height\":1316,\"caption\":\"Pizza blanche\"},{\"@type\":\"BreadcrumbList\",\"@id\":\"https:\/\/www.carole-equeter.com\/produit\/atelier-saveurs-ditalie\/#breadcrumb\",\"itemListElement\":[{\"@type\":\"ListItem\",\"position\":1,\"name\":\"Accueil\",\"item\":\"https:\/\/www.carole-equeter.com\/\"},{\"@type\":\"ListItem\",\"position\":2,\"name\":\"Boutique\",\"item\":\"https:\/\/www.carole-equeter.com\/boutique\/\"},{\"@type\":\"ListItem\",\"position\":3,\"name\":\"Atelier \u00ab\u00a0Saveurs d&rsquo;Italie\u00a0\u00bb\"}]},{\"@type\":\"WebSite\",\"@id\":\"https:\/\/www.carole-equeter.com\/#website\",\"url\":\"https:\/\/www.carole-equeter.com\/\",\"name\":\"Carole Equeter\",\"description\":\"En cuisine avec Carole Equeter, \u2026 et une pinc\u00e9e de science\",\"publisher\":{\"@id\":\"https:\/\/www.carole-equeter.com\/#organization\"},\"potentialAction\":[{\"@type\":\"SearchAction\",\"target\":{\"@type\":\"EntryPoint\",\"urlTemplate\":\"https:\/\/www.carole-equeter.com\/?s={search_term_string}\"},\"query-input\":{\"@type\":\"PropertyValueSpecification\",\"valueRequired\":true,\"valueName\":\"search_term_string\"}}],\"inLanguage\":\"en-GB\"},{\"@type\":\"Organization\",\"@id\":\"https:\/\/www.carole-equeter.com\/#organization\",\"name\":\"Carole Equeter\",\"url\":\"https:\/\/www.carole-equeter.com\/\",\"logo\":{\"@type\":\"ImageObject\",\"inLanguage\":\"en-GB\",\"@id\":\"https:\/\/www.carole-equeter.com\/#\/schema\/logo\/image\/\",\"url\":\"https:\/\/www.carole-equeter.com\/wp-content\/uploads\/2025\/10\/favicon.png\",\"contentUrl\":\"https:\/\/www.carole-equeter.com\/wp-content\/uploads\/2025\/10\/favicon.png\",\"width\":512,\"height\":512,\"caption\":\"Carole Equeter\"},\"image\":{\"@id\":\"https:\/\/www.carole-equeter.com\/#\/schema\/logo\/image\/\"}}]}<\/script>\n<!-- \/ Yoast SEO plugin. -->","yoast_head_json":{"title":"Atelier \"Saveurs d'Italie\" - Carole Equeter","robots":{"index":"index","follow":"follow","max-snippet":"max-snippet:-1","max-image-preview":"max-image-preview:large","max-video-preview":"max-video-preview:-1"},"canonical":"https:\/\/www.carole-equeter.com\/en\/product\/atelier-saveurs-ditalie\/","og_locale":"en_GB","og_type":"article","og_title":"Atelier \"Saveurs d'Italie\" - Carole Equeter","og_description":"&nbsp;","og_url":"https:\/\/www.carole-equeter.com\/en\/product\/atelier-saveurs-ditalie\/","og_site_name":"Carole Equeter","article_modified_time":"2026-03-16T11:28:03+00:00","og_image":[{"width":1282,"height":1316,"url":"https:\/\/www.carole-equeter.com\/wp-content\/uploads\/2025\/10\/carole-equeter-atelier-italie-01.jpg","type":"image\/jpeg"}],"twitter_card":"summary_large_image","twitter_misc":{"Estimated reading time":"2 minutes"},"schema":{"@context":"https:\/\/schema.org","@graph":[{"@type":"WebPage","@id":"https:\/\/www.carole-equeter.com\/produit\/atelier-saveurs-ditalie\/","url":"https:\/\/www.carole-equeter.com\/produit\/atelier-saveurs-ditalie\/","name":"Atelier \"Saveurs d'Italie\" - Carole Equeter","isPartOf":{"@id":"https:\/\/www.carole-equeter.com\/#website"},"primaryImageOfPage":{"@id":"https:\/\/www.carole-equeter.com\/produit\/atelier-saveurs-ditalie\/#primaryimage"},"image":{"@id":"https:\/\/www.carole-equeter.com\/produit\/atelier-saveurs-ditalie\/#primaryimage"},"thumbnailUrl":"https:\/\/www.carole-equeter.com\/wp-content\/uploads\/2025\/10\/carole-equeter-atelier-italie-01.jpg","datePublished":"2025-10-06T15:23:25+00:00","dateModified":"2026-03-16T11:28:03+00:00","breadcrumb":{"@id":"https:\/\/www.carole-equeter.com\/produit\/atelier-saveurs-ditalie\/#breadcrumb"},"inLanguage":"en-GB","potentialAction":[{"@type":"ReadAction","target":["https:\/\/www.carole-equeter.com\/produit\/atelier-saveurs-ditalie\/"]}]},{"@type":"ImageObject","inLanguage":"en-GB","@id":"https:\/\/www.carole-equeter.com\/produit\/atelier-saveurs-ditalie\/#primaryimage","url":"https:\/\/www.carole-equeter.com\/wp-content\/uploads\/2025\/10\/carole-equeter-atelier-italie-01.jpg","contentUrl":"https:\/\/www.carole-equeter.com\/wp-content\/uploads\/2025\/10\/carole-equeter-atelier-italie-01.jpg","width":1282,"height":1316,"caption":"Pizza blanche"},{"@type":"BreadcrumbList","@id":"https:\/\/www.carole-equeter.com\/produit\/atelier-saveurs-ditalie\/#breadcrumb","itemListElement":[{"@type":"ListItem","position":1,"name":"Accueil","item":"https:\/\/www.carole-equeter.com\/"},{"@type":"ListItem","position":2,"name":"Boutique","item":"https:\/\/www.carole-equeter.com\/boutique\/"},{"@type":"ListItem","position":3,"name":"Atelier \u00ab\u00a0Saveurs d&rsquo;Italie\u00a0\u00bb"}]},{"@type":"WebSite","@id":"https:\/\/www.carole-equeter.com\/#website","url":"https:\/\/www.carole-equeter.com\/","name":"Carole Equeter","description":"En cuisine avec Carole Equeter, \u2026 et une pinc\u00e9e de science","publisher":{"@id":"https:\/\/www.carole-equeter.com\/#organization"},"potentialAction":[{"@type":"SearchAction","target":{"@type":"EntryPoint","urlTemplate":"https:\/\/www.carole-equeter.com\/?s={search_term_string}"},"query-input":{"@type":"PropertyValueSpecification","valueRequired":true,"valueName":"search_term_string"}}],"inLanguage":"en-GB"},{"@type":"Organization","@id":"https:\/\/www.carole-equeter.com\/#organization","name":"Carole Equeter","url":"https:\/\/www.carole-equeter.com\/","logo":{"@type":"ImageObject","inLanguage":"en-GB","@id":"https:\/\/www.carole-equeter.com\/#\/schema\/logo\/image\/","url":"https:\/\/www.carole-equeter.com\/wp-content\/uploads\/2025\/10\/favicon.png","contentUrl":"https:\/\/www.carole-equeter.com\/wp-content\/uploads\/2025\/10\/favicon.png","width":512,"height":512,"caption":"Carole Equeter"},"image":{"@id":"https:\/\/www.carole-equeter.com\/#\/schema\/logo\/image\/"}}]}},"_links":{"self":[{"href":"https:\/\/www.carole-equeter.com\/en\/wp-json\/wp\/v2\/product\/905","targetHints":{"allow":["GET"]}}],"collection":[{"href":"https:\/\/www.carole-equeter.com\/en\/wp-json\/wp\/v2\/product"}],"about":[{"href":"https:\/\/www.carole-equeter.com\/en\/wp-json\/wp\/v2\/types\/product"}],"wp:featuredmedia":[{"embeddable":true,"href":"https:\/\/www.carole-equeter.com\/en\/wp-json\/wp\/v2\/media\/926"}],"wp:attachment":[{"href":"https:\/\/www.carole-equeter.com\/en\/wp-json\/wp\/v2\/media?parent=905"}],"wp:term":[{"taxonomy":"product_brand","embeddable":true,"href":"https:\/\/www.carole-equeter.com\/en\/wp-json\/wp\/v2\/product_brand?post=905"},{"taxonomy":"product_cat","embeddable":true,"href":"https:\/\/www.carole-equeter.com\/en\/wp-json\/wp\/v2\/product_cat?post=905"},{"taxonomy":"product_tag","embeddable":true,"href":"https:\/\/www.carole-equeter.com\/en\/wp-json\/wp\/v2\/product_tag?post=905"},{"taxonomy":"mwb_booking_people","embeddable":true,"href":"https:\/\/www.carole-equeter.com\/en\/wp-json\/wp\/v2\/mwb_booking_people?post=905"},{"taxonomy":"mwb_booking_cost","embeddable":true,"href":"https:\/\/www.carole-equeter.com\/en\/wp-json\/wp\/v2\/mwb_booking_cost?post=905"},{"taxonomy":"mwb_booking_service","embeddable":true,"href":"https:\/\/www.carole-equeter.com\/en\/wp-json\/wp\/v2\/mwb_booking_service?post=905"}],"curies":[{"name":"wp","href":"https:\/\/api.w.org\/{rel}","templated":true}]}}