{"id":939,"date":"2025-10-07T07:30:38","date_gmt":"2025-10-07T07:30:38","guid":{"rendered":"https:\/\/www.carole-equeter.com\/?post_type=product&#038;p=939"},"modified":"2025-10-07T07:34:59","modified_gmt":"2025-10-07T07:34:59","slug":"calot","status":"publish","type":"product","link":"https:\/\/www.carole-equeter.com\/en\/product\/calot\/","title":{"rendered":"Chef's Hat"},"content":{"rendered":"<div align=\"left\">\n<div align=\"left\">\n<p><strong>Chef\u2019s Hat \u2013 Professional Look &amp; Optimised Hygiene <\/strong><strong>\ud83d\udc68\u200d\ud83c\udf73\ud83d\udc69\u200d\ud83c\udf73<\/strong><\/p>\n<p class=\"translation-block\">Complete your chef\u2019s outfit with this practical and stylish kitchen hat, designed for intensive use. Not only does it give you a professional and polished appearance, it also helps maintain high hygiene standards while you cook.<\/p>\n<p><strong>Features :<\/strong><\/p>\n<ul>\n<li class=\"translation-block\">\u2022\t100% polyester: lightweight, durable and comfortable to wear<\/li>\n<li class=\"translation-block\">\u2022\tPerfectly suited for professional and intensive use<\/li>\n<li class=\"translation-block\">\u2022\tWashable at 40\u00b0C, quick-drying, no ironing needed<\/li>\n<li class=\"translation-block\">\u2022\tAdjustable fit with velcro closure at the back for a customised feel<\/li>\n<li>\u2022\tEasy care: comes out of the wash almost dry<\/li>\n<\/ul>\n<p>Design sobre et \u00e9l\u00e9gant qui compl\u00e8te \u00e0 merveille le tablier de cuisine \u00ab <em>En cuisine avec Carole Equeter\u2026 et sa pinc\u00e9e de science<\/em> \u00bb.<\/p>\n<p class=\"translation-block\">Avec ce calot, vous misez sur la praticit\u00e9, l\u2019\u00e9l\u00e9gance et l\u2019hygi\u00e8ne : la combinaison parfaite pour cuisiner comme un vrai pro !<\/p>\n<\/div>\n<\/div>\n<div id=\"ConnectiveDocSignExtentionInstalled\" data-extension-version=\"1.0.4\"><\/div>","protected":false},"excerpt":{"rendered":"<p class=\"translation-block\">Avec ce calot, vous misez sur la praticit\u00e9, l\u2019\u00e9l\u00e9gance et l\u2019hygi\u00e8ne : la combinaison parfaite pour cuisiner comme un vrai pro !<\/p>\n<div id=\"ConnectiveDocSignExtentionInstalled\" data-extension-version=\"1.0.4\"><\/div>","protected":false},"featured_media":940,"template":"","meta":{"_et_pb_use_builder":"","_et_pb_old_content":"","_et_gb_content_width":""},"product_brand":[],"product_cat":[22],"product_tag":[23,24],"mwb_booking_people":[],"mwb_booking_cost":[],"mwb_booking_service":[],"class_list":{"0":"post-939","1":"product","2":"type-product","3":"status-publish","4":"has-post-thumbnail","6":"product_cat-goodies","7":"product_tag-livre","8":"product_tag-recette","9":"product_shipping_class-tablier","11":"first","12":"instock","13":"taxable","14":"shipping-taxable","15":"purchasable","16":"product-type-simple"},"yoast_head":"<!-- This site is optimized with the Yoast SEO plugin v27.2 - https:\/\/yoast.com\/product\/yoast-seo-wordpress\/ -->\n<title>Calot - Carole Equeter<\/title>\n<meta name=\"robots\" content=\"index, follow, max-snippet:-1, max-image-preview:large, max-video-preview:-1\" \/>\n<link rel=\"canonical\" href=\"https:\/\/www.carole-equeter.com\/en\/product\/calot\/\" \/>\n<meta property=\"og:locale\" content=\"en_GB\" \/>\n<meta property=\"og:type\" content=\"article\" \/>\n<meta property=\"og:title\" content=\"Calot - Carole Equeter\" \/>\n<meta property=\"og:description\" content=\"Avec ce calot, vous misez sur la praticit\u00e9, l\u2019\u00e9l\u00e9gance et l\u2019hygi\u00e8ne : la combinaison parfaite pour cuisiner comme un vrai pro !\" \/>\n<meta property=\"og:url\" content=\"https:\/\/www.carole-equeter.com\/en\/product\/calot\/\" \/>\n<meta property=\"og:site_name\" content=\"Carole Equeter\" \/>\n<meta property=\"article:modified_time\" content=\"2025-10-07T07:34:59+00:00\" \/>\n<meta property=\"og:image\" content=\"https:\/\/www.carole-equeter.com\/wp-content\/uploads\/2025\/10\/carole-equeter-calot-1.jpg\" \/>\n\t<meta property=\"og:image:width\" content=\"2048\" \/>\n\t<meta property=\"og:image:height\" content=\"2020\" \/>\n\t<meta property=\"og:image:type\" content=\"image\/jpeg\" \/>\n<meta name=\"twitter:card\" content=\"summary_large_image\" \/>\n<meta name=\"twitter:label1\" content=\"Estimated reading time\" \/>\n\t<meta name=\"twitter:data1\" content=\"1 minute\" \/>\n<script type=\"application\/ld+json\" class=\"yoast-schema-graph\">{\"@context\":\"https:\/\/schema.org\",\"@graph\":[{\"@type\":\"WebPage\",\"@id\":\"https:\/\/www.carole-equeter.com\/produit\/calot\/\",\"url\":\"https:\/\/www.carole-equeter.com\/produit\/calot\/\",\"name\":\"Calot - Carole Equeter\",\"isPartOf\":{\"@id\":\"https:\/\/www.carole-equeter.com\/#website\"},\"primaryImageOfPage\":{\"@id\":\"https:\/\/www.carole-equeter.com\/produit\/calot\/#primaryimage\"},\"image\":{\"@id\":\"https:\/\/www.carole-equeter.com\/produit\/calot\/#primaryimage\"},\"thumbnailUrl\":\"https:\/\/www.carole-equeter.com\/wp-content\/uploads\/2025\/10\/carole-equeter-calot-1.jpg\",\"datePublished\":\"2025-10-07T07:30:38+00:00\",\"dateModified\":\"2025-10-07T07:34:59+00:00\",\"breadcrumb\":{\"@id\":\"https:\/\/www.carole-equeter.com\/produit\/calot\/#breadcrumb\"},\"inLanguage\":\"en-GB\",\"potentialAction\":[{\"@type\":\"ReadAction\",\"target\":[\"https:\/\/www.carole-equeter.com\/produit\/calot\/\"]}]},{\"@type\":\"ImageObject\",\"inLanguage\":\"en-GB\",\"@id\":\"https:\/\/www.carole-equeter.com\/produit\/calot\/#primaryimage\",\"url\":\"https:\/\/www.carole-equeter.com\/wp-content\/uploads\/2025\/10\/carole-equeter-calot-1.jpg\",\"contentUrl\":\"https:\/\/www.carole-equeter.com\/wp-content\/uploads\/2025\/10\/carole-equeter-calot-1.jpg\",\"width\":2048,\"height\":2020,\"caption\":\"calot\"},{\"@type\":\"BreadcrumbList\",\"@id\":\"https:\/\/www.carole-equeter.com\/produit\/calot\/#breadcrumb\",\"itemListElement\":[{\"@type\":\"ListItem\",\"position\":1,\"name\":\"Accueil\",\"item\":\"https:\/\/www.carole-equeter.com\/\"},{\"@type\":\"ListItem\",\"position\":2,\"name\":\"Boutique\",\"item\":\"https:\/\/www.carole-equeter.com\/boutique\/\"},{\"@type\":\"ListItem\",\"position\":3,\"name\":\"Calot\"}]},{\"@type\":\"WebSite\",\"@id\":\"https:\/\/www.carole-equeter.com\/#website\",\"url\":\"https:\/\/www.carole-equeter.com\/\",\"name\":\"Carole Equeter\",\"description\":\"En cuisine avec Carole Equeter, \u2026 et une pinc\u00e9e de science\",\"publisher\":{\"@id\":\"https:\/\/www.carole-equeter.com\/#organization\"},\"potentialAction\":[{\"@type\":\"SearchAction\",\"target\":{\"@type\":\"EntryPoint\",\"urlTemplate\":\"https:\/\/www.carole-equeter.com\/?s={search_term_string}\"},\"query-input\":{\"@type\":\"PropertyValueSpecification\",\"valueRequired\":true,\"valueName\":\"search_term_string\"}}],\"inLanguage\":\"en-GB\"},{\"@type\":\"Organization\",\"@id\":\"https:\/\/www.carole-equeter.com\/#organization\",\"name\":\"Carole Equeter\",\"url\":\"https:\/\/www.carole-equeter.com\/\",\"logo\":{\"@type\":\"ImageObject\",\"inLanguage\":\"en-GB\",\"@id\":\"https:\/\/www.carole-equeter.com\/#\/schema\/logo\/image\/\",\"url\":\"https:\/\/www.carole-equeter.com\/wp-content\/uploads\/2025\/10\/favicon.png\",\"contentUrl\":\"https:\/\/www.carole-equeter.com\/wp-content\/uploads\/2025\/10\/favicon.png\",\"width\":512,\"height\":512,\"caption\":\"Carole Equeter\"},\"image\":{\"@id\":\"https:\/\/www.carole-equeter.com\/#\/schema\/logo\/image\/\"}}]}<\/script>\n<!-- \/ Yoast SEO plugin. -->","yoast_head_json":{"title":"Calot - Carole Equeter","robots":{"index":"index","follow":"follow","max-snippet":"max-snippet:-1","max-image-preview":"max-image-preview:large","max-video-preview":"max-video-preview:-1"},"canonical":"https:\/\/www.carole-equeter.com\/en\/product\/calot\/","og_locale":"en_GB","og_type":"article","og_title":"Calot - Carole Equeter","og_description":"Avec ce calot, vous misez sur la praticit\u00e9, l\u2019\u00e9l\u00e9gance et l\u2019hygi\u00e8ne : la combinaison parfaite pour cuisiner comme un vrai pro !","og_url":"https:\/\/www.carole-equeter.com\/en\/product\/calot\/","og_site_name":"Carole Equeter","article_modified_time":"2025-10-07T07:34:59+00:00","og_image":[{"width":2048,"height":2020,"url":"https:\/\/www.carole-equeter.com\/wp-content\/uploads\/2025\/10\/carole-equeter-calot-1.jpg","type":"image\/jpeg"}],"twitter_card":"summary_large_image","twitter_misc":{"Estimated reading time":"1 minute"},"schema":{"@context":"https:\/\/schema.org","@graph":[{"@type":"WebPage","@id":"https:\/\/www.carole-equeter.com\/produit\/calot\/","url":"https:\/\/www.carole-equeter.com\/produit\/calot\/","name":"Calot - Carole Equeter","isPartOf":{"@id":"https:\/\/www.carole-equeter.com\/#website"},"primaryImageOfPage":{"@id":"https:\/\/www.carole-equeter.com\/produit\/calot\/#primaryimage"},"image":{"@id":"https:\/\/www.carole-equeter.com\/produit\/calot\/#primaryimage"},"thumbnailUrl":"https:\/\/www.carole-equeter.com\/wp-content\/uploads\/2025\/10\/carole-equeter-calot-1.jpg","datePublished":"2025-10-07T07:30:38+00:00","dateModified":"2025-10-07T07:34:59+00:00","breadcrumb":{"@id":"https:\/\/www.carole-equeter.com\/produit\/calot\/#breadcrumb"},"inLanguage":"en-GB","potentialAction":[{"@type":"ReadAction","target":["https:\/\/www.carole-equeter.com\/produit\/calot\/"]}]},{"@type":"ImageObject","inLanguage":"en-GB","@id":"https:\/\/www.carole-equeter.com\/produit\/calot\/#primaryimage","url":"https:\/\/www.carole-equeter.com\/wp-content\/uploads\/2025\/10\/carole-equeter-calot-1.jpg","contentUrl":"https:\/\/www.carole-equeter.com\/wp-content\/uploads\/2025\/10\/carole-equeter-calot-1.jpg","width":2048,"height":2020,"caption":"calot"},{"@type":"BreadcrumbList","@id":"https:\/\/www.carole-equeter.com\/produit\/calot\/#breadcrumb","itemListElement":[{"@type":"ListItem","position":1,"name":"Accueil","item":"https:\/\/www.carole-equeter.com\/"},{"@type":"ListItem","position":2,"name":"Boutique","item":"https:\/\/www.carole-equeter.com\/boutique\/"},{"@type":"ListItem","position":3,"name":"Calot"}]},{"@type":"WebSite","@id":"https:\/\/www.carole-equeter.com\/#website","url":"https:\/\/www.carole-equeter.com\/","name":"Carole Equeter","description":"En cuisine avec Carole Equeter, \u2026 et une pinc\u00e9e de science","publisher":{"@id":"https:\/\/www.carole-equeter.com\/#organization"},"potentialAction":[{"@type":"SearchAction","target":{"@type":"EntryPoint","urlTemplate":"https:\/\/www.carole-equeter.com\/?s={search_term_string}"},"query-input":{"@type":"PropertyValueSpecification","valueRequired":true,"valueName":"search_term_string"}}],"inLanguage":"en-GB"},{"@type":"Organization","@id":"https:\/\/www.carole-equeter.com\/#organization","name":"Carole Equeter","url":"https:\/\/www.carole-equeter.com\/","logo":{"@type":"ImageObject","inLanguage":"en-GB","@id":"https:\/\/www.carole-equeter.com\/#\/schema\/logo\/image\/","url":"https:\/\/www.carole-equeter.com\/wp-content\/uploads\/2025\/10\/favicon.png","contentUrl":"https:\/\/www.carole-equeter.com\/wp-content\/uploads\/2025\/10\/favicon.png","width":512,"height":512,"caption":"Carole Equeter"},"image":{"@id":"https:\/\/www.carole-equeter.com\/#\/schema\/logo\/image\/"}}]}},"_links":{"self":[{"href":"https:\/\/www.carole-equeter.com\/en\/wp-json\/wp\/v2\/product\/939","targetHints":{"allow":["GET"]}}],"collection":[{"href":"https:\/\/www.carole-equeter.com\/en\/wp-json\/wp\/v2\/product"}],"about":[{"href":"https:\/\/www.carole-equeter.com\/en\/wp-json\/wp\/v2\/types\/product"}],"wp:featuredmedia":[{"embeddable":true,"href":"https:\/\/www.carole-equeter.com\/en\/wp-json\/wp\/v2\/media\/940"}],"wp:attachment":[{"href":"https:\/\/www.carole-equeter.com\/en\/wp-json\/wp\/v2\/media?parent=939"}],"wp:term":[{"taxonomy":"product_brand","embeddable":true,"href":"https:\/\/www.carole-equeter.com\/en\/wp-json\/wp\/v2\/product_brand?post=939"},{"taxonomy":"product_cat","embeddable":true,"href":"https:\/\/www.carole-equeter.com\/en\/wp-json\/wp\/v2\/product_cat?post=939"},{"taxonomy":"product_tag","embeddable":true,"href":"https:\/\/www.carole-equeter.com\/en\/wp-json\/wp\/v2\/product_tag?post=939"},{"taxonomy":"mwb_booking_people","embeddable":true,"href":"https:\/\/www.carole-equeter.com\/en\/wp-json\/wp\/v2\/mwb_booking_people?post=939"},{"taxonomy":"mwb_booking_cost","embeddable":true,"href":"https:\/\/www.carole-equeter.com\/en\/wp-json\/wp\/v2\/mwb_booking_cost?post=939"},{"taxonomy":"mwb_booking_service","embeddable":true,"href":"https:\/\/www.carole-equeter.com\/en\/wp-json\/wp\/v2\/mwb_booking_service?post=939"}],"curies":[{"name":"wp","href":"https:\/\/api.w.org\/{rel}","templated":true}]}}