{"id":965,"date":"2025-10-07T09:24:09","date_gmt":"2025-10-07T09:24:09","guid":{"rendered":"https:\/\/www.carole-equeter.com\/?post_type=product&#038;p=965"},"modified":"2026-04-09T09:19:05","modified_gmt":"2026-04-09T09:19:05","slug":"cheque-cadeau","status":"publish","type":"product","link":"https:\/\/www.carole-equeter.com\/en\/product\/cheque-cadeau\/","title":{"rendered":"Gift-Voucher"},"content":{"rendered":"<div align=\"left\">\n<div align=\"left\">\n<p><strong>Envie d\u2019offrir bien plus qu\u2019un simple cadeau ?<\/strong><br \/>\nOffrez un moment culinaire unique, convivial et saupoudr\u00e9 de pinc\u00e9es de science.<br \/>\nAvec les ch\u00e8ques cadeaux des ateliers de Carole, la personne \u00e0 qui vous l\u2019offrez choisit elle-m\u00eame la date* qui lui convient et me contacte par mail pour r\u00e9server sa place.<\/p>\n<p class=\"translation-block\"><strong>Gift vouchers can be personalised!<\/strong><br>\nAnd for an extra-special present, you can combine the voucher with one of my books, a matching apron or chef\u2019s hat, or even a bread bag.<br>\nJust drop me an email, and I\u2019ll create a tailor-made gift package for you.<\/p>\n<p>* Validit\u00e9 de 1 an apr\u00e8s la date d&rsquo;\u00e9mission<\/p>\n<\/div>\n<\/div>\n<div id=\"ConnectiveDocSignExtentionInstalled\" data-extension-version=\"1.0.4\"><\/div>","protected":false},"excerpt":{"rendered":"<p>Offrez un <strong>moment culinaire unique, convivial et saupoudr\u00e9 de pinc\u00e9es de science<\/strong>.<\/p>\n<div id=\"ConnectiveDocSignExtentionInstalled\" data-extension-version=\"1.0.4\"><\/div>","protected":false},"featured_media":966,"template":"","meta":{"_et_pb_use_builder":"","_et_pb_old_content":"","_et_gb_content_width":""},"product_brand":[],"product_cat":[49],"product_tag":[56],"mwb_booking_people":[],"mwb_booking_cost":[],"mwb_booking_service":[],"class_list":{"0":"post-965","1":"product","2":"type-product","3":"status-publish","4":"has-post-thumbnail","6":"product_cat-services","7":"product_tag-atelier","8":"product_shipping_class-livre","10":"first","11":"instock","12":"taxable","13":"shipping-taxable","14":"purchasable","15":"product-type-simple"},"yoast_head":"<!-- This site is optimized with the Yoast SEO plugin v27.2 - https:\/\/yoast.com\/product\/yoast-seo-wordpress\/ -->\n<title>Ch\u00e8que-cadeau - Carole Equeter<\/title>\n<meta name=\"description\" content=\"Envie d\u2019offrir bien plus qu\u2019un simple cadeau? Offrez un moment culinaire unique, convivial et saupoudr\u00e9 de pinc\u00e9es de science.\" \/>\n<meta name=\"robots\" content=\"index, follow, max-snippet:-1, max-image-preview:large, max-video-preview:-1\" \/>\n<link rel=\"canonical\" href=\"https:\/\/www.carole-equeter.com\/en\/product\/cheque-cadeau\/\" \/>\n<meta property=\"og:locale\" content=\"en_GB\" \/>\n<meta property=\"og:type\" content=\"article\" \/>\n<meta property=\"og:title\" content=\"Ch\u00e8que-cadeau - Carole Equeter\" \/>\n<meta property=\"og:description\" content=\"Envie d\u2019offrir bien plus qu\u2019un simple cadeau? Offrez un moment culinaire unique, convivial et saupoudr\u00e9 de pinc\u00e9es de science.\" \/>\n<meta property=\"og:url\" content=\"https:\/\/www.carole-equeter.com\/en\/product\/cheque-cadeau\/\" \/>\n<meta property=\"og:site_name\" content=\"Carole Equeter\" \/>\n<meta property=\"article:modified_time\" content=\"2026-04-09T09:19:05+00:00\" \/>\n<meta property=\"og:image\" content=\"https:\/\/www.carole-equeter.com\/wp-content\/uploads\/2025\/10\/Cheque-cadeau.jpg\" \/>\n\t<meta property=\"og:image:width\" content=\"2048\" \/>\n\t<meta property=\"og:image:height\" content=\"2048\" \/>\n\t<meta property=\"og:image:type\" content=\"image\/jpeg\" \/>\n<meta name=\"twitter:card\" content=\"summary_large_image\" \/>\n<meta name=\"twitter:label1\" content=\"Estimated reading time\" \/>\n\t<meta name=\"twitter:data1\" content=\"1 minute\" \/>\n<script type=\"application\/ld+json\" class=\"yoast-schema-graph\">{\"@context\":\"https:\/\/schema.org\",\"@graph\":[{\"@type\":\"WebPage\",\"@id\":\"https:\/\/www.carole-equeter.com\/produit\/cheque-cadeau\/\",\"url\":\"https:\/\/www.carole-equeter.com\/produit\/cheque-cadeau\/\",\"name\":\"Ch\u00e8que-cadeau - Carole Equeter\",\"isPartOf\":{\"@id\":\"https:\/\/www.carole-equeter.com\/#website\"},\"primaryImageOfPage\":{\"@id\":\"https:\/\/www.carole-equeter.com\/produit\/cheque-cadeau\/#primaryimage\"},\"image\":{\"@id\":\"https:\/\/www.carole-equeter.com\/produit\/cheque-cadeau\/#primaryimage\"},\"thumbnailUrl\":\"https:\/\/www.carole-equeter.com\/wp-content\/uploads\/2025\/10\/Cheque-cadeau.jpg\",\"datePublished\":\"2025-10-07T09:24:09+00:00\",\"dateModified\":\"2026-04-09T09:19:05+00:00\",\"description\":\"Envie d\u2019offrir bien plus qu\u2019un simple cadeau? Offrez un moment culinaire unique, convivial et saupoudr\u00e9 de pinc\u00e9es de science.\",\"breadcrumb\":{\"@id\":\"https:\/\/www.carole-equeter.com\/produit\/cheque-cadeau\/#breadcrumb\"},\"inLanguage\":\"en-GB\",\"potentialAction\":[{\"@type\":\"ReadAction\",\"target\":[\"https:\/\/www.carole-equeter.com\/produit\/cheque-cadeau\/\"]}]},{\"@type\":\"ImageObject\",\"inLanguage\":\"en-GB\",\"@id\":\"https:\/\/www.carole-equeter.com\/produit\/cheque-cadeau\/#primaryimage\",\"url\":\"https:\/\/www.carole-equeter.com\/wp-content\/uploads\/2025\/10\/Cheque-cadeau.jpg\",\"contentUrl\":\"https:\/\/www.carole-equeter.com\/wp-content\/uploads\/2025\/10\/Cheque-cadeau.jpg\",\"width\":2048,\"height\":2048,\"caption\":\"Ch\u00e8que-cadeau\"},{\"@type\":\"BreadcrumbList\",\"@id\":\"https:\/\/www.carole-equeter.com\/produit\/cheque-cadeau\/#breadcrumb\",\"itemListElement\":[{\"@type\":\"ListItem\",\"position\":1,\"name\":\"Accueil\",\"item\":\"https:\/\/www.carole-equeter.com\/\"},{\"@type\":\"ListItem\",\"position\":2,\"name\":\"Boutique\",\"item\":\"https:\/\/www.carole-equeter.com\/boutique\/\"},{\"@type\":\"ListItem\",\"position\":3,\"name\":\"Ch\u00e8que-cadeau\"}]},{\"@type\":\"WebSite\",\"@id\":\"https:\/\/www.carole-equeter.com\/#website\",\"url\":\"https:\/\/www.carole-equeter.com\/\",\"name\":\"Carole Equeter\",\"description\":\"En cuisine avec Carole Equeter, \u2026 et une pinc\u00e9e de science\",\"publisher\":{\"@id\":\"https:\/\/www.carole-equeter.com\/#organization\"},\"potentialAction\":[{\"@type\":\"SearchAction\",\"target\":{\"@type\":\"EntryPoint\",\"urlTemplate\":\"https:\/\/www.carole-equeter.com\/?s={search_term_string}\"},\"query-input\":{\"@type\":\"PropertyValueSpecification\",\"valueRequired\":true,\"valueName\":\"search_term_string\"}}],\"inLanguage\":\"en-GB\"},{\"@type\":\"Organization\",\"@id\":\"https:\/\/www.carole-equeter.com\/#organization\",\"name\":\"Carole Equeter\",\"url\":\"https:\/\/www.carole-equeter.com\/\",\"logo\":{\"@type\":\"ImageObject\",\"inLanguage\":\"en-GB\",\"@id\":\"https:\/\/www.carole-equeter.com\/#\/schema\/logo\/image\/\",\"url\":\"https:\/\/www.carole-equeter.com\/wp-content\/uploads\/2025\/10\/favicon.png\",\"contentUrl\":\"https:\/\/www.carole-equeter.com\/wp-content\/uploads\/2025\/10\/favicon.png\",\"width\":512,\"height\":512,\"caption\":\"Carole Equeter\"},\"image\":{\"@id\":\"https:\/\/www.carole-equeter.com\/#\/schema\/logo\/image\/\"}}]}<\/script>\n<!-- \/ Yoast SEO plugin. -->","yoast_head_json":{"title":"Ch\u00e8que-cadeau - Carole Equeter","description":"Envie d\u2019offrir bien plus qu\u2019un simple cadeau? Offrez un moment culinaire unique, convivial et saupoudr\u00e9 de pinc\u00e9es de science.","robots":{"index":"index","follow":"follow","max-snippet":"max-snippet:-1","max-image-preview":"max-image-preview:large","max-video-preview":"max-video-preview:-1"},"canonical":"https:\/\/www.carole-equeter.com\/en\/product\/cheque-cadeau\/","og_locale":"en_GB","og_type":"article","og_title":"Ch\u00e8que-cadeau - Carole Equeter","og_description":"Envie d\u2019offrir bien plus qu\u2019un simple cadeau? Offrez un moment culinaire unique, convivial et saupoudr\u00e9 de pinc\u00e9es de science.","og_url":"https:\/\/www.carole-equeter.com\/en\/product\/cheque-cadeau\/","og_site_name":"Carole Equeter","article_modified_time":"2026-04-09T09:19:05+00:00","og_image":[{"width":2048,"height":2048,"url":"https:\/\/www.carole-equeter.com\/wp-content\/uploads\/2025\/10\/Cheque-cadeau.jpg","type":"image\/jpeg"}],"twitter_card":"summary_large_image","twitter_misc":{"Estimated reading time":"1 minute"},"schema":{"@context":"https:\/\/schema.org","@graph":[{"@type":"WebPage","@id":"https:\/\/www.carole-equeter.com\/produit\/cheque-cadeau\/","url":"https:\/\/www.carole-equeter.com\/produit\/cheque-cadeau\/","name":"Ch\u00e8que-cadeau - Carole Equeter","isPartOf":{"@id":"https:\/\/www.carole-equeter.com\/#website"},"primaryImageOfPage":{"@id":"https:\/\/www.carole-equeter.com\/produit\/cheque-cadeau\/#primaryimage"},"image":{"@id":"https:\/\/www.carole-equeter.com\/produit\/cheque-cadeau\/#primaryimage"},"thumbnailUrl":"https:\/\/www.carole-equeter.com\/wp-content\/uploads\/2025\/10\/Cheque-cadeau.jpg","datePublished":"2025-10-07T09:24:09+00:00","dateModified":"2026-04-09T09:19:05+00:00","description":"Envie d\u2019offrir bien plus qu\u2019un simple cadeau? Offrez un moment culinaire unique, convivial et saupoudr\u00e9 de pinc\u00e9es de science.","breadcrumb":{"@id":"https:\/\/www.carole-equeter.com\/produit\/cheque-cadeau\/#breadcrumb"},"inLanguage":"en-GB","potentialAction":[{"@type":"ReadAction","target":["https:\/\/www.carole-equeter.com\/produit\/cheque-cadeau\/"]}]},{"@type":"ImageObject","inLanguage":"en-GB","@id":"https:\/\/www.carole-equeter.com\/produit\/cheque-cadeau\/#primaryimage","url":"https:\/\/www.carole-equeter.com\/wp-content\/uploads\/2025\/10\/Cheque-cadeau.jpg","contentUrl":"https:\/\/www.carole-equeter.com\/wp-content\/uploads\/2025\/10\/Cheque-cadeau.jpg","width":2048,"height":2048,"caption":"Ch\u00e8que-cadeau"},{"@type":"BreadcrumbList","@id":"https:\/\/www.carole-equeter.com\/produit\/cheque-cadeau\/#breadcrumb","itemListElement":[{"@type":"ListItem","position":1,"name":"Accueil","item":"https:\/\/www.carole-equeter.com\/"},{"@type":"ListItem","position":2,"name":"Boutique","item":"https:\/\/www.carole-equeter.com\/boutique\/"},{"@type":"ListItem","position":3,"name":"Ch\u00e8que-cadeau"}]},{"@type":"WebSite","@id":"https:\/\/www.carole-equeter.com\/#website","url":"https:\/\/www.carole-equeter.com\/","name":"Carole Equeter","description":"En cuisine avec Carole Equeter, \u2026 et une pinc\u00e9e de science","publisher":{"@id":"https:\/\/www.carole-equeter.com\/#organization"},"potentialAction":[{"@type":"SearchAction","target":{"@type":"EntryPoint","urlTemplate":"https:\/\/www.carole-equeter.com\/?s={search_term_string}"},"query-input":{"@type":"PropertyValueSpecification","valueRequired":true,"valueName":"search_term_string"}}],"inLanguage":"en-GB"},{"@type":"Organization","@id":"https:\/\/www.carole-equeter.com\/#organization","name":"Carole Equeter","url":"https:\/\/www.carole-equeter.com\/","logo":{"@type":"ImageObject","inLanguage":"en-GB","@id":"https:\/\/www.carole-equeter.com\/#\/schema\/logo\/image\/","url":"https:\/\/www.carole-equeter.com\/wp-content\/uploads\/2025\/10\/favicon.png","contentUrl":"https:\/\/www.carole-equeter.com\/wp-content\/uploads\/2025\/10\/favicon.png","width":512,"height":512,"caption":"Carole Equeter"},"image":{"@id":"https:\/\/www.carole-equeter.com\/#\/schema\/logo\/image\/"}}]}},"_links":{"self":[{"href":"https:\/\/www.carole-equeter.com\/en\/wp-json\/wp\/v2\/product\/965","targetHints":{"allow":["GET"]}}],"collection":[{"href":"https:\/\/www.carole-equeter.com\/en\/wp-json\/wp\/v2\/product"}],"about":[{"href":"https:\/\/www.carole-equeter.com\/en\/wp-json\/wp\/v2\/types\/product"}],"wp:featuredmedia":[{"embeddable":true,"href":"https:\/\/www.carole-equeter.com\/en\/wp-json\/wp\/v2\/media\/966"}],"wp:attachment":[{"href":"https:\/\/www.carole-equeter.com\/en\/wp-json\/wp\/v2\/media?parent=965"}],"wp:term":[{"taxonomy":"product_brand","embeddable":true,"href":"https:\/\/www.carole-equeter.com\/en\/wp-json\/wp\/v2\/product_brand?post=965"},{"taxonomy":"product_cat","embeddable":true,"href":"https:\/\/www.carole-equeter.com\/en\/wp-json\/wp\/v2\/product_cat?post=965"},{"taxonomy":"product_tag","embeddable":true,"href":"https:\/\/www.carole-equeter.com\/en\/wp-json\/wp\/v2\/product_tag?post=965"},{"taxonomy":"mwb_booking_people","embeddable":true,"href":"https:\/\/www.carole-equeter.com\/en\/wp-json\/wp\/v2\/mwb_booking_people?post=965"},{"taxonomy":"mwb_booking_cost","embeddable":true,"href":"https:\/\/www.carole-equeter.com\/en\/wp-json\/wp\/v2\/mwb_booking_cost?post=965"},{"taxonomy":"mwb_booking_service","embeddable":true,"href":"https:\/\/www.carole-equeter.com\/en\/wp-json\/wp\/v2\/mwb_booking_service?post=965"}],"curies":[{"name":"wp","href":"https:\/\/api.w.org\/{rel}","templated":true}]}}